{"id":82385,"date":"2021-12-01T12:35:29","date_gmt":"2021-12-01T11:35:29","guid":{"rendered":"https:\/\/hempking.eu\/pl\/?post_type=product&#038;p=82385"},"modified":"2022-12-01T15:52:40","modified_gmt":"2022-12-01T14:52:40","slug":"zestaw-olej-cbd-1-raw-susz-konopny-cbd-cbda","status":"publish","type":"product","link":"https:\/\/dev.hempking.eu\/pl\/zestaw-olej-cbd-1-raw-susz-konopny-cbd-cbda\/","title":{"rendered":"Zestaw: Olej CBD 1% + CBDA, CBC, CBGA, CBG, CBDV, CBN RAW + susz konopny CBD\/CBDA z fitosk\u0142adnikami"},"content":{"rendered":"<h2>Olejek konopny CBD z naturalnie\u00a0wyst\u0119puj\u0105cymi fitosk\u0142adnikami 1% oraz susz konopny 40g!<\/h2>\n<p>Zestaw idealny dla tych, kt\u00f3rzy jeszcze nigdy nie mieli styczno\u015bci z produktami konopnymi! Olejek konopny 1% RAW to niskie st\u0119\u017cenie fitosk\u0142adnik\u00f3w, kt\u00f3re \u015bwietnie si\u0119 sprawdzi na samym pocz\u0105tku konopnej drogi jako suplement lub jako sk\u0142adnik domowej piel\u0119gnacji sk\u00f3ry! Mo\u017cna go dodawa\u0107 do kosmetyk\u00f3w lub nak\u0142ada\u0107 bezpo\u015brednio na sk\u00f3r\u0119 czy ko\u0144c\u00f3wki w\u0142os\u00f3w. Z kolei susz konopny to \u015bwietna, zio\u0142owa herbatka o \u0142agodnym smaku, kt\u00f3ra przypadnie do gustu nawet tym z delikatnymi kubkami smakowymi! Podaruj komu\u015b bliskiemu zdrowy prezent i zaskocz go wyj\u0105tkowymi produktami!<\/p>\n<h2><strong>Zestaw olejku konopnego 1% i suszu konopnego<\/strong><\/h2>\n<p><a href=\"https:\/\/dev.hempking.eu\/pl\/olej-cbd-1-raw-10ml\/\"><strong>Olej konopny 1% fitosk\u0142adnik\u00f3w RAW:\u00a0<\/strong><\/a><\/p>\n<ul>\n<li>zawiera 100 mg\u00a0 wysokiej jako\u015bci fitosk\u0142adnika z konopi,<\/li>\n<li>oraz pe\u0142ne spektrum pozosta\u0142ych naturalnych fitosk\u0142adnik\u00f3w (CBD, CBDA, CBC, CBGA, CBG, CBDV, CBN),<\/li>\n<li>w jednej kropli znajduje si\u0119 0,5 mg fitosk\u0142adnika,<\/li>\n<li>wspiera odporno\u015b\u0107,<\/li>\n<li>pomaga regulowa\u0107 cholesterol i tr\u00f3jglicerydy,<\/li>\n<li>wspiera sk\u00f3r\u0119 od wewn\u0105trz i zewn\u0105trz,<\/li>\n<li>wspiera uk\u0142ad sercowo-naczyniowy,<\/li>\n<li>urozmaica diet\u0119 o dodatkowe kwasy omega 3-6-9.<\/li>\n<\/ul>\n<p><strong>Pojemno\u015b\u0107: 10 ml\u00a0<\/strong><\/p>\n<ul>\n<li><a href=\"https:\/\/dev.hempking.eu\/wp-content\/certificates\/1-CBD-Oil-Biodio-CLO-399_21.pdf\">Badanie oleju konopnego 1% na st\u0119\u017cenie naturalnie wyst\u0119pujacych fitokannabinoid\u00f3w<\/a><\/li>\n<li><a href=\"https:\/\/dev.hempking.eu\/wp-content\/certificates\/badania-pestycydy.pdf\">Badanie oleju konopnego 1% na obecno\u015b\u0107 pestycyd\u00f3w<\/a><\/li>\n<li><a href=\"https:\/\/dev.hempking.eu\/wp-content\/certificates\/badanie-metale-ciezkie.pdf\">Badanie oleju konopnego 1% na obecno\u015b\u0107 metali ci\u0119\u017ckich<\/a><\/li>\n<li><a href=\"https:\/\/dev.hempking.eu\/wp-content\/certificates\/badanie-drozdze-plesnie.pdf\">Badanie na obecno\u015b\u0107 dro\u017cd\u017cy i ple\u015bni w oleju konopnym HempKing<\/a><\/li>\n<\/ul>\n<p>&nbsp;<\/p>\n<p><a href=\"https:\/\/dev.hempking.eu\/pl\/herbatki-konopne\/\"><strong>Susz konopny CBD\/CBDA z pozosta\u0142ymi fitosk\u0142adnikami:\u00a0<\/strong><\/a><\/p>\n<ul>\n<li>r\u0119cznie zbierany i sortowany,<\/li>\n<li>zawiera fitosk\u0142adniki (CBD, CBDA, CBC, CBGA, CBG, CBDV, CBN)<\/li>\n<li>przebadany na mikrobiologi\u0119, pestycydy,<\/li>\n<li>suszony w naturalny spos\u00f3b,<\/li>\n<li>idealny do parzenia herbatek, napar\u00f3w, k\u0105pieli zio\u0142owych czy jako dodatek do da\u0144,<\/li>\n<\/ul>\n<p><strong>Waga: 40 g<\/strong><\/p>\n<ul>\n<li><a href=\"https:\/\/dev.hempking.eu\/wp-content\/certificates\/2021.01.04_Biodio_CLS_2839_20.pdf\">Badanie na st\u0119\u017cenie fitokannabinoid\u00f3w w suszu konopnym<\/a><\/li>\n<li><a href=\"https:\/\/dev.hempking.eu\/wp-content\/certificates\/susz-cbd-biodio-jars.pdf\">Badanie na obecno\u015b\u0107 metali ci\u0119\u017ckich<\/a><\/li>\n<li><a href=\"https:\/\/dev.hempking.eu\/wp-content\/certificates\/susz-cbd-biodio-jars2.pdf\">Badanie na obecno\u015b\u0107 dro\u017cd\u017cy i ple\u015bni<\/a><\/li>\n<li><\/li>\n<\/ul>\n<p><strong>Wszystkie badania znajdziesz tutaj:\u00a0<a href=\"https:\/\/dev.hempking.eu\/pl\/atesty-i-certyfikaty\/\">Atesty i Certyfikaty<\/a>.<\/strong><\/p>\n<p><a href=\"https:\/\/dev.hempking.eu\/pl\/wp-content\/uploads\/sites\/2\/2020\/07\/warunki4-1.jpg\"><img loading=\"lazy\" decoding=\"async\" class=\"alignnone wp-image-104414 size-full\" src=\"https:\/\/dev.hempking.eu\/pl\/wp-content\/uploads\/sites\/2\/2020\/07\/warunki4-1.jpg\" alt=\"o\u015bwiadczenia CBD w UE\" width=\"755\" height=\"353\" srcset=\"https:\/\/dev.hempking.eu\/pl\/wp-content\/uploads\/sites\/2\/2020\/07\/warunki4-1.jpg 755w, https:\/\/dev.hempking.eu\/pl\/wp-content\/uploads\/sites\/2\/2020\/07\/warunki4-1-640x299.jpg 640w, https:\/\/dev.hempking.eu\/pl\/wp-content\/uploads\/sites\/2\/2020\/07\/warunki4-1-400x187.jpg 400w\" sizes=\"auto, (max-width: 755px) 100vw, 755px\" \/><\/a><\/p>\n<p><a href=\"https:\/\/dev.hempking.eu\/pl\/wp-content\/uploads\/sites\/2\/2020\/07\/warunki_4.jpg\"><img loading=\"lazy\" decoding=\"async\" class=\"alignnone size-full wp-image-100623\" src=\"https:\/\/dev.hempking.eu\/pl\/wp-content\/uploads\/sites\/2\/2020\/07\/warunki_4.jpg\" alt=\"fito sk\u0142adniki novel food\" width=\"755\" height=\"237\" srcset=\"https:\/\/dev.hempking.eu\/pl\/wp-content\/uploads\/sites\/2\/2020\/07\/warunki_4.jpg 755w, https:\/\/dev.hempking.eu\/pl\/wp-content\/uploads\/sites\/2\/2020\/07\/warunki_4-640x201.jpg 640w, https:\/\/dev.hempking.eu\/pl\/wp-content\/uploads\/sites\/2\/2020\/07\/warunki_4-400x126.jpg 400w\" sizes=\"auto, (max-width: 755px) 100vw, 755px\" \/><\/a><\/p>\n","protected":false},"excerpt":{"rendered":"<h2><strong>Zestaw sk\u0142ada si\u0119 z:\u00a0<\/strong><\/h2>\n<ul>\n<li><a href=\"https:\/\/dev.hempking.eu\/pl\/olej-konopny-1-raw-10ml\/\" target=\"_blank\" rel=\"noopener\">Olej konopny 1% fitosk\u0142adnik\u00f3w RAW<\/a> &#8211; 10 ml &#8211; <strong>34.90<\/strong> <strong>z\u0142<\/strong><\/li>\n<li><a href=\"https:\/\/dev.hempking.eu\/pl\/susz-konopny-cbd-cbda-2-4-40g\/\" target=\"_blank\" rel=\"noopener\">Susz konopny CBD\/CBDA z fitosk\u0142adnikami<\/a> &#8211; 40 g &#8211; <strong>30<\/strong> <strong>z\u0142<\/strong><\/li>\n<\/ul>\n<p><strong>Kupuj\u0105c zestaw oszcz\u0119dzasz 23%!<\/strong><\/p>\n<p><strong>Badania znajdziesz tutaj: <a href=\"https:\/\/dev.hempking.eu\/pl\/atesty-i-certyfikaty\/\">Atesty i Certyfikaty)<\/a><\/strong><\/p>\n","protected":false},"featured_media":115916,"template":"","meta":{"_acf_changed":false},"product_cat":[37,32,33],"product_tag":[],"class_list":{"0":"post-82385","1":"product","2":"type-product","3":"status-publish","4":"has-post-thumbnail","6":"product_cat-olej-cbd-1","7":"product_cat-susz-konopny-cbd","8":"product_cat-zestawy","10":"first","11":"instock","12":"sale","13":"shipping-taxable","14":"purchasable","15":"product-type-simple"},"acf":[],"yoast_head":"<!-- This site is optimized with the Yoast SEO Premium plugin v23.4 (Yoast SEO v24.0) - https:\/\/yoast.com\/wordpress\/plugins\/seo\/ -->\n<title>Zestaw: Olej CBD 1% + CBDA, CBC, CBGA, CBG, CBDV, CBN RAW + susz konopny CBD\/CBDA z fitosk\u0142adnikami - Hemp King<\/title>\n<meta name=\"description\" content=\"Zobacz \u261b Zestaw: Olej CBD 1% + CBDA, CBC, CBGA, CBG, CBDV, CBN RAW + susz konopny CBD\/CBDA z fitosk\u0142adnikami w konopnym sklepie HempKing \u2705100% naturalne \u2705 Zadbaj z nami o swoj\u0105 diet\u0119!\" \/>\n<link rel=\"canonical\" href=\"https:\/\/dev.hempking.eu\/pl\/zestaw-olej-cbd-1-raw-susz-konopny-cbd-cbda\/\" \/>\n<meta property=\"og:locale\" content=\"pl_PL\" \/>\n<meta property=\"og:type\" content=\"article\" \/>\n<meta property=\"og:title\" content=\"Zestaw: Olej CBD 1% + CBDA, CBC, CBGA, CBG, CBDV, CBN RAW + susz konopny CBD\/CBDA z fitosk\u0142adnikami\" \/>\n<meta property=\"og:description\" content=\"Zobacz \u261b Zestaw: Olej CBD 1% + CBDA, CBC, CBGA, CBG, CBDV, CBN RAW + susz konopny CBD\/CBDA z fitosk\u0142adnikami w konopnym sklepie HempKing \u2705100% naturalne \u2705 Zadbaj z nami o swoj\u0105 diet\u0119!\" \/>\n<meta property=\"og:url\" content=\"https:\/\/dev.hempking.eu\/pl\/zestaw-olej-cbd-1-raw-susz-konopny-cbd-cbda\/\" \/>\n<meta property=\"og:site_name\" content=\"Hemp King\" \/>\n<meta property=\"article:publisher\" content=\"https:\/\/www.facebook.com\/hempkingpoland\" \/>\n<meta property=\"article:modified_time\" content=\"2022-12-01T14:52:40+00:00\" \/>\n<meta property=\"og:image\" content=\"https:\/\/dev.hempking.eu\/pl\/wp-content\/uploads\/sites\/2\/2021\/12\/Projekt-bez-tytulu-15.png\" \/>\n\t<meta property=\"og:image:width\" content=\"1000\" \/>\n\t<meta property=\"og:image:height\" content=\"1000\" \/>\n\t<meta property=\"og:image:type\" content=\"image\/png\" \/>\n<meta name=\"twitter:card\" content=\"summary_large_image\" \/>\n<meta name=\"twitter:site\" content=\"@hempkingeu\" \/>\n<meta name=\"twitter:label1\" content=\"Price\" \/>\n\t<meta name=\"twitter:data1\" content=\"49.90&nbsp;&#122;&#322;\" \/>\n\t<meta name=\"twitter:label2\" content=\"Availability\" \/>\n\t<meta name=\"twitter:data2\" content=\"In stock\" \/>\n<script type=\"application\/ld+json\" class=\"yoast-schema-graph\">{\"@context\":\"https:\/\/schema.org\",\"@graph\":[{\"@type\":\"WebPage\",\"@id\":\"https:\/\/dev.hempking.eu\/pl\/zestaw-olej-cbd-1-raw-susz-konopny-cbd-cbda\/\",\"url\":\"https:\/\/dev.hempking.eu\/pl\/zestaw-olej-cbd-1-raw-susz-konopny-cbd-cbda\/\",\"name\":\"Zestaw: Olej CBD 1% + CBDA, CBC, CBGA, CBG, CBDV, CBN RAW + susz konopny CBD\/CBDA z fitosk\u0142adnikami - Hemp King\",\"isPartOf\":{\"@id\":\"https:\/\/dev.hempking.eu\/pl\/#website\"},\"primaryImageOfPage\":{\"@id\":\"https:\/\/dev.hempking.eu\/pl\/zestaw-olej-cbd-1-raw-susz-konopny-cbd-cbda\/#primaryimage\"},\"image\":{\"@id\":\"https:\/\/dev.hempking.eu\/pl\/zestaw-olej-cbd-1-raw-susz-konopny-cbd-cbda\/#primaryimage\"},\"thumbnailUrl\":\"https:\/\/dev.hempking.eu\/pl\/wp-content\/uploads\/sites\/2\/2021\/12\/Projekt-bez-tytulu-15.png\",\"datePublished\":\"2021-12-01T11:35:29+00:00\",\"dateModified\":\"2022-12-01T14:52:40+00:00\",\"description\":\"Zobacz \u261b Zestaw: Olej CBD 1% + CBDA, CBC, CBGA, CBG, CBDV, CBN RAW + susz konopny CBD\/CBDA z fitosk\u0142adnikami w konopnym sklepie HempKing \u2705100% naturalne \u2705 Zadbaj z nami o swoj\u0105 diet\u0119!\",\"breadcrumb\":{\"@id\":\"https:\/\/dev.hempking.eu\/pl\/zestaw-olej-cbd-1-raw-susz-konopny-cbd-cbda\/#breadcrumb\"},\"inLanguage\":\"pl-PL\",\"potentialAction\":[{\"@type\":\"ReadAction\",\"target\":[\"https:\/\/dev.hempking.eu\/pl\/zestaw-olej-cbd-1-raw-susz-konopny-cbd-cbda\/\"]}]},{\"@type\":\"ImageObject\",\"inLanguage\":\"pl-PL\",\"@id\":\"https:\/\/dev.hempking.eu\/pl\/zestaw-olej-cbd-1-raw-susz-konopny-cbd-cbda\/#primaryimage\",\"url\":\"https:\/\/dev.hempking.eu\/pl\/wp-content\/uploads\/sites\/2\/2021\/12\/Projekt-bez-tytulu-15.png\",\"contentUrl\":\"https:\/\/dev.hempking.eu\/pl\/wp-content\/uploads\/sites\/2\/2021\/12\/Projekt-bez-tytulu-15.png\",\"width\":1000,\"height\":1000,\"caption\":\"zestaw olejek CBD raw susz CBD\"},{\"@type\":\"BreadcrumbList\",\"@id\":\"https:\/\/dev.hempking.eu\/pl\/zestaw-olej-cbd-1-raw-susz-konopny-cbd-cbda\/#breadcrumb\",\"itemListElement\":[{\"@type\":\"ListItem\",\"position\":1,\"name\":\"Home\",\"item\":\"https:\/\/dev.hempking.eu\/pl\/\"},{\"@type\":\"ListItem\",\"position\":2,\"name\":\"Sklep\",\"item\":\"https:\/\/dev.hempking.eu\/pl\/shop\/\"},{\"@type\":\"ListItem\",\"position\":3,\"name\":\"Zestawy\",\"item\":\"https:\/\/dev.hempking.eu\/pl\/zestawy\/\"},{\"@type\":\"ListItem\",\"position\":4,\"name\":\"Zestaw: Olej CBD 1% + CBDA, CBC, CBGA, CBG, CBDV, CBN RAW + susz konopny CBD\/CBDA z fitosk\u0142adnikami\"}]},{\"@type\":\"WebSite\",\"@id\":\"https:\/\/dev.hempking.eu\/pl\/#website\",\"url\":\"https:\/\/dev.hempking.eu\/pl\/\",\"name\":\"Hemp King\",\"description\":\"\",\"publisher\":{\"@id\":\"https:\/\/dev.hempking.eu\/pl\/#organization\"},\"potentialAction\":[{\"@type\":\"SearchAction\",\"target\":{\"@type\":\"EntryPoint\",\"urlTemplate\":\"https:\/\/dev.hempking.eu\/pl\/?s={search_term_string}\"},\"query-input\":{\"@type\":\"PropertyValueSpecification\",\"valueRequired\":true,\"valueName\":\"search_term_string\"}}],\"inLanguage\":\"pl-PL\"},{\"@type\":\"Organization\",\"@id\":\"https:\/\/dev.hempking.eu\/pl\/#organization\",\"name\":\"Hemp King\",\"url\":\"https:\/\/dev.hempking.eu\/pl\/\",\"logo\":{\"@type\":\"ImageObject\",\"inLanguage\":\"pl-PL\",\"@id\":\"https:\/\/dev.hempking.eu\/pl\/#\/schema\/logo\/image\/\",\"url\":\"https:\/\/dev.hempking.eu\/pl\/wp-content\/uploads\/sites\/2\/2020\/05\/hempking.png\",\"contentUrl\":\"https:\/\/dev.hempking.eu\/pl\/wp-content\/uploads\/sites\/2\/2020\/05\/hempking.png\",\"width\":148,\"height\":91,\"caption\":\"Hemp King\"},\"image\":{\"@id\":\"https:\/\/dev.hempking.eu\/pl\/#\/schema\/logo\/image\/\"},\"sameAs\":[\"https:\/\/www.facebook.com\/hempkingpoland\",\"https:\/\/x.com\/hempkingeu\",\"https:\/\/www.instagram.com\/hempkingeu\/\",\"https:\/\/www.linkedin.com\/company\/hempking-eu\/mycompany\/\",\"https:\/\/pl.pinterest.com\/hempkingeu\/\",\"https:\/\/www.youtube.com\/channel\/UCUkeZA1fj4hSZfoYm0WpZ7w\"]}]}<\/script>\n<meta property=\"product:price:amount\" content=\"49.90\" \/>\n<meta property=\"product:price:currency\" content=\"PLN\" \/>\n<meta property=\"og:availability\" content=\"instock\" \/>\n<meta property=\"product:availability\" content=\"instock\" \/>\n<meta property=\"product:condition\" content=\"new\" \/>\n<!-- \/ Yoast SEO Premium plugin. -->","yoast_head_json":{"title":"Zestaw: Olej CBD 1% + CBDA, CBC, CBGA, CBG, CBDV, CBN RAW + susz konopny CBD\/CBDA z fitosk\u0142adnikami - Hemp King","description":"Zobacz \u261b Zestaw: Olej CBD 1% + CBDA, CBC, CBGA, CBG, CBDV, CBN RAW + susz konopny CBD\/CBDA z fitosk\u0142adnikami w konopnym sklepie HempKing \u2705100% naturalne \u2705 Zadbaj z nami o swoj\u0105 diet\u0119!","canonical":"https:\/\/dev.hempking.eu\/pl\/zestaw-olej-cbd-1-raw-susz-konopny-cbd-cbda\/","og_locale":"pl_PL","og_type":"article","og_title":"Zestaw: Olej CBD 1% + CBDA, CBC, CBGA, CBG, CBDV, CBN RAW + susz konopny CBD\/CBDA z fitosk\u0142adnikami","og_description":"Zobacz \u261b Zestaw: Olej CBD 1% + CBDA, CBC, CBGA, CBG, CBDV, CBN RAW + susz konopny CBD\/CBDA z fitosk\u0142adnikami w konopnym sklepie HempKing \u2705100% naturalne \u2705 Zadbaj z nami o swoj\u0105 diet\u0119!","og_url":"https:\/\/dev.hempking.eu\/pl\/zestaw-olej-cbd-1-raw-susz-konopny-cbd-cbda\/","og_site_name":"Hemp King","article_publisher":"https:\/\/www.facebook.com\/hempkingpoland","article_modified_time":"2022-12-01T14:52:40+00:00","og_image":[{"width":1000,"height":1000,"url":"https:\/\/dev.hempking.eu\/pl\/wp-content\/uploads\/sites\/2\/2021\/12\/Projekt-bez-tytulu-15.png","type":"image\/png"}],"twitter_card":"summary_large_image","twitter_site":"@hempkingeu","twitter_misc":{"Price":"49.90&nbsp;&#122;&#322;","Availability":"In stock"},"schema":{"@context":"https:\/\/schema.org","@graph":[{"@type":"WebPage","@id":"https:\/\/dev.hempking.eu\/pl\/zestaw-olej-cbd-1-raw-susz-konopny-cbd-cbda\/","url":"https:\/\/dev.hempking.eu\/pl\/zestaw-olej-cbd-1-raw-susz-konopny-cbd-cbda\/","name":"Zestaw: Olej CBD 1% + CBDA, CBC, CBGA, CBG, CBDV, CBN RAW + susz konopny CBD\/CBDA z fitosk\u0142adnikami - Hemp King","isPartOf":{"@id":"https:\/\/dev.hempking.eu\/pl\/#website"},"primaryImageOfPage":{"@id":"https:\/\/dev.hempking.eu\/pl\/zestaw-olej-cbd-1-raw-susz-konopny-cbd-cbda\/#primaryimage"},"image":{"@id":"https:\/\/dev.hempking.eu\/pl\/zestaw-olej-cbd-1-raw-susz-konopny-cbd-cbda\/#primaryimage"},"thumbnailUrl":"https:\/\/dev.hempking.eu\/pl\/wp-content\/uploads\/sites\/2\/2021\/12\/Projekt-bez-tytulu-15.png","datePublished":"2021-12-01T11:35:29+00:00","dateModified":"2022-12-01T14:52:40+00:00","description":"Zobacz \u261b Zestaw: Olej CBD 1% + CBDA, CBC, CBGA, CBG, CBDV, CBN RAW + susz konopny CBD\/CBDA z fitosk\u0142adnikami w konopnym sklepie HempKing \u2705100% naturalne \u2705 Zadbaj z nami o swoj\u0105 diet\u0119!","breadcrumb":{"@id":"https:\/\/dev.hempking.eu\/pl\/zestaw-olej-cbd-1-raw-susz-konopny-cbd-cbda\/#breadcrumb"},"inLanguage":"pl-PL","potentialAction":[{"@type":"ReadAction","target":["https:\/\/dev.hempking.eu\/pl\/zestaw-olej-cbd-1-raw-susz-konopny-cbd-cbda\/"]}]},{"@type":"ImageObject","inLanguage":"pl-PL","@id":"https:\/\/dev.hempking.eu\/pl\/zestaw-olej-cbd-1-raw-susz-konopny-cbd-cbda\/#primaryimage","url":"https:\/\/dev.hempking.eu\/pl\/wp-content\/uploads\/sites\/2\/2021\/12\/Projekt-bez-tytulu-15.png","contentUrl":"https:\/\/dev.hempking.eu\/pl\/wp-content\/uploads\/sites\/2\/2021\/12\/Projekt-bez-tytulu-15.png","width":1000,"height":1000,"caption":"zestaw olejek CBD raw susz CBD"},{"@type":"BreadcrumbList","@id":"https:\/\/dev.hempking.eu\/pl\/zestaw-olej-cbd-1-raw-susz-konopny-cbd-cbda\/#breadcrumb","itemListElement":[{"@type":"ListItem","position":1,"name":"Home","item":"https:\/\/dev.hempking.eu\/pl\/"},{"@type":"ListItem","position":2,"name":"Sklep","item":"https:\/\/dev.hempking.eu\/pl\/shop\/"},{"@type":"ListItem","position":3,"name":"Zestawy","item":"https:\/\/dev.hempking.eu\/pl\/zestawy\/"},{"@type":"ListItem","position":4,"name":"Zestaw: Olej CBD 1% + CBDA, CBC, CBGA, CBG, CBDV, CBN RAW + susz konopny CBD\/CBDA z fitosk\u0142adnikami"}]},{"@type":"WebSite","@id":"https:\/\/dev.hempking.eu\/pl\/#website","url":"https:\/\/dev.hempking.eu\/pl\/","name":"Hemp King","description":"","publisher":{"@id":"https:\/\/dev.hempking.eu\/pl\/#organization"},"potentialAction":[{"@type":"SearchAction","target":{"@type":"EntryPoint","urlTemplate":"https:\/\/dev.hempking.eu\/pl\/?s={search_term_string}"},"query-input":{"@type":"PropertyValueSpecification","valueRequired":true,"valueName":"search_term_string"}}],"inLanguage":"pl-PL"},{"@type":"Organization","@id":"https:\/\/dev.hempking.eu\/pl\/#organization","name":"Hemp King","url":"https:\/\/dev.hempking.eu\/pl\/","logo":{"@type":"ImageObject","inLanguage":"pl-PL","@id":"https:\/\/dev.hempking.eu\/pl\/#\/schema\/logo\/image\/","url":"https:\/\/dev.hempking.eu\/pl\/wp-content\/uploads\/sites\/2\/2020\/05\/hempking.png","contentUrl":"https:\/\/dev.hempking.eu\/pl\/wp-content\/uploads\/sites\/2\/2020\/05\/hempking.png","width":148,"height":91,"caption":"Hemp King"},"image":{"@id":"https:\/\/dev.hempking.eu\/pl\/#\/schema\/logo\/image\/"},"sameAs":["https:\/\/www.facebook.com\/hempkingpoland","https:\/\/x.com\/hempkingeu","https:\/\/www.instagram.com\/hempkingeu\/","https:\/\/www.linkedin.com\/company\/hempking-eu\/mycompany\/","https:\/\/pl.pinterest.com\/hempkingeu\/","https:\/\/www.youtube.com\/channel\/UCUkeZA1fj4hSZfoYm0WpZ7w"]}]},"product_price_amount":"49.90","product_price_currency":"PLN","og_availability":"instock","product_availability":"instock","product_condition":"new"},"_links":{"self":[{"href":"https:\/\/dev.hempking.eu\/pl\/wp-json\/wp\/v2\/product\/82385","targetHints":{"allow":["GET"]}}],"collection":[{"href":"https:\/\/dev.hempking.eu\/pl\/wp-json\/wp\/v2\/product"}],"about":[{"href":"https:\/\/dev.hempking.eu\/pl\/wp-json\/wp\/v2\/types\/product"}],"wp:featuredmedia":[{"embeddable":true,"href":"https:\/\/dev.hempking.eu\/pl\/wp-json\/wp\/v2\/media\/115916"}],"wp:attachment":[{"href":"https:\/\/dev.hempking.eu\/pl\/wp-json\/wp\/v2\/media?parent=82385"}],"wp:term":[{"taxonomy":"product_cat","embeddable":true,"href":"https:\/\/dev.hempking.eu\/pl\/wp-json\/wp\/v2\/product_cat?post=82385"},{"taxonomy":"product_tag","embeddable":true,"href":"https:\/\/dev.hempking.eu\/pl\/wp-json\/wp\/v2\/product_tag?post=82385"}],"curies":[{"name":"wp","href":"https:\/\/api.w.org\/{rel}","templated":true}]}}