{"id":82395,"date":"2021-12-01T13:16:35","date_gmt":"2021-12-01T12:16:35","guid":{"rendered":"https:\/\/hempking.eu\/pl\/?post_type=product&#038;p=82395"},"modified":"2023-04-24T09:52:58","modified_gmt":"2023-04-24T07:52:58","slug":"zestaw-bio-bialko-konopne-banan-bio-bialko-konopne-kakao","status":"publish","type":"product","link":"https:\/\/dev.hempking.eu\/pl\/zestaw-bio-bialko-konopne-banan-bio-bialko-konopne-kakao\/","title":{"rendered":"Zestaw: Bio bia\u0142ko konopne banan + bio bia\u0142ko konopne kakao"},"content":{"rendered":"<h2><strong>Bio bia\u0142ko konopne bananowe i bio bia\u0142ko konopne kakaowe<\/strong><\/h2>\n<p>Zestaw dw\u00f3ch bio bia\u0142ek konopnych z bio dodatkami: bananem i kakao! To \u015bwietny prezent dla tych, kt\u00f3rzy lubi\u0105 ciekawe produkty spo\u017cywcze, dbaj\u0105 o swoj\u0105 diet\u0119, s\u0105 na diecie ro\u015blinnej lub po prostu lubi\u0105 pr\u00f3bowa\u0107 nowo\u015bci! Bia\u0142ko konopne jest \u015bwietnym dodatkiem do da\u0144 na s\u0142odko: nale\u015bnik\u00f3w, placuszk\u00f3w, ciast i ciasteczek, owsianek czy koktajli. Mo\u017cna z nimi przyrz\u0105dzi\u0107 pyszne desery takie jak gofry. A jednocze\u015bnie zwi\u0119kszy\u0107 ilo\u015b\u0107 spo\u017cywanego bia\u0142ka ro\u015blinnego i b\u0142onnika w naszej diecie w naturalny spos\u00f3b!<\/p>\n<p>&nbsp;<\/p>\n<p>&nbsp;<\/p>\n","protected":false},"excerpt":{"rendered":"<h2><strong>Zestaw zawiera:\u00a0<\/strong><\/h2>\n<ul>\n<li><a href=\"https:\/\/dev.hempking.eu\/pl\/bio-bialko-konopne-kakaowe-250g\/\" target=\"_blank\" rel=\"noopener\">Bio bia\u0142ko konopne &#8211; kakao &#8211; 250 g<\/a><\/li>\n<li><a href=\"https:\/\/dev.hempking.eu\/pl\/bio-bialko-konopne-bananowe-250g\/\" target=\"_blank\" rel=\"noopener\">Bio bia\u0142ko konopne &#8211; banan &#8211; 250 g<\/a><\/li>\n<\/ul>\n<p>Pe\u0142na cena obu bia\u0142ek konopnych to 37.50 z\u0142 &#8211; <strong>kupuj\u0105c zestaw oszcz\u0119dzasz 30%!<\/strong><\/p>\n","protected":false},"featured_media":82410,"template":"","meta":{"_acf_changed":false},"product_cat":[27,117,33],"product_tag":[],"class_list":{"0":"post-82395","1":"product","2":"type-product","3":"status-publish","4":"has-post-thumbnail","6":"product_cat-bialko-konopne","7":"product_cat-bialko-roslinne","8":"product_cat-zestawy","10":"first","11":"instock","12":"sale","13":"shipping-taxable","14":"purchasable","15":"product-type-simple"},"acf":[],"yoast_head":"<!-- This site is optimized with the Yoast SEO Premium plugin v23.4 (Yoast SEO v24.0) - https:\/\/yoast.com\/wordpress\/plugins\/seo\/ -->\n<title>Bia\u0142ko konopne banan i kakao Hempking<\/title>\n<meta name=\"description\" content=\"Zobacz \u261b Zestaw: Bio bia\u0142ko konopne banan + bio bia\u0142ko konopne kakao w konopnym sklepie HempKing \u2705100% naturalne \u2705 Zadbaj z nami o swoj\u0105 diet\u0119!\" \/>\n<link rel=\"canonical\" href=\"https:\/\/dev.hempking.eu\/pl\/zestaw-bio-bialko-konopne-banan-bio-bialko-konopne-kakao\/\" \/>\n<meta property=\"og:locale\" content=\"pl_PL\" \/>\n<meta property=\"og:type\" content=\"article\" \/>\n<meta property=\"og:title\" content=\"Zestaw: Bio bia\u0142ko konopne banan + bio bia\u0142ko konopne kakao\" \/>\n<meta property=\"og:description\" content=\"Zobacz \u261b Zestaw: Bio bia\u0142ko konopne banan + bio bia\u0142ko konopne kakao w konopnym sklepie HempKing \u2705100% naturalne \u2705 Zadbaj z nami o swoj\u0105 diet\u0119!\" \/>\n<meta property=\"og:url\" content=\"https:\/\/dev.hempking.eu\/pl\/zestaw-bio-bialko-konopne-banan-bio-bialko-konopne-kakao\/\" \/>\n<meta property=\"og:site_name\" content=\"Hemp King\" \/>\n<meta property=\"article:publisher\" content=\"https:\/\/www.facebook.com\/hempkingpoland\" \/>\n<meta property=\"article:modified_time\" content=\"2023-04-24T07:52:58+00:00\" \/>\n<meta property=\"og:image\" content=\"https:\/\/dev.hempking.eu\/pl\/wp-content\/uploads\/sites\/2\/2021\/12\/zestaw_kakao_banan.jpg\" \/>\n\t<meta property=\"og:image:width\" content=\"1000\" \/>\n\t<meta property=\"og:image:height\" content=\"1000\" \/>\n\t<meta property=\"og:image:type\" content=\"image\/jpeg\" \/>\n<meta name=\"twitter:card\" content=\"summary_large_image\" \/>\n<meta name=\"twitter:site\" content=\"@hempkingeu\" \/>\n<meta name=\"twitter:label1\" content=\"Price\" \/>\n\t<meta name=\"twitter:data1\" content=\"52.50&nbsp;&#122;&#322;\" \/>\n\t<meta name=\"twitter:label2\" content=\"Availability\" \/>\n\t<meta name=\"twitter:data2\" content=\"In stock\" \/>\n<script type=\"application\/ld+json\" class=\"yoast-schema-graph\">{\"@context\":\"https:\/\/schema.org\",\"@graph\":[{\"@type\":\"WebPage\",\"@id\":\"https:\/\/dev.hempking.eu\/pl\/zestaw-bio-bialko-konopne-banan-bio-bialko-konopne-kakao\/\",\"url\":\"https:\/\/dev.hempking.eu\/pl\/zestaw-bio-bialko-konopne-banan-bio-bialko-konopne-kakao\/\",\"name\":\"Bia\u0142ko konopne banan i kakao Hempking\",\"isPartOf\":{\"@id\":\"https:\/\/dev.hempking.eu\/pl\/#website\"},\"primaryImageOfPage\":{\"@id\":\"https:\/\/dev.hempking.eu\/pl\/zestaw-bio-bialko-konopne-banan-bio-bialko-konopne-kakao\/#primaryimage\"},\"image\":{\"@id\":\"https:\/\/dev.hempking.eu\/pl\/zestaw-bio-bialko-konopne-banan-bio-bialko-konopne-kakao\/#primaryimage\"},\"thumbnailUrl\":\"https:\/\/dev.hempking.eu\/pl\/wp-content\/uploads\/sites\/2\/2021\/12\/zestaw_kakao_banan.jpg\",\"datePublished\":\"2021-12-01T12:16:35+00:00\",\"dateModified\":\"2023-04-24T07:52:58+00:00\",\"description\":\"Zobacz \u261b Zestaw: Bio bia\u0142ko konopne banan + bio bia\u0142ko konopne kakao w konopnym sklepie HempKing \u2705100% naturalne \u2705 Zadbaj z nami o swoj\u0105 diet\u0119!\",\"breadcrumb\":{\"@id\":\"https:\/\/dev.hempking.eu\/pl\/zestaw-bio-bialko-konopne-banan-bio-bialko-konopne-kakao\/#breadcrumb\"},\"inLanguage\":\"pl-PL\",\"potentialAction\":[{\"@type\":\"ReadAction\",\"target\":[\"https:\/\/dev.hempking.eu\/pl\/zestaw-bio-bialko-konopne-banan-bio-bialko-konopne-kakao\/\"]}]},{\"@type\":\"ImageObject\",\"inLanguage\":\"pl-PL\",\"@id\":\"https:\/\/dev.hempking.eu\/pl\/zestaw-bio-bialko-konopne-banan-bio-bialko-konopne-kakao\/#primaryimage\",\"url\":\"https:\/\/dev.hempking.eu\/pl\/wp-content\/uploads\/sites\/2\/2021\/12\/zestaw_kakao_banan.jpg\",\"contentUrl\":\"https:\/\/dev.hempking.eu\/pl\/wp-content\/uploads\/sites\/2\/2021\/12\/zestaw_kakao_banan.jpg\",\"width\":1000,\"height\":1000,\"caption\":\"bia\u0142ko banan i bia\u0142ko kakao\"},{\"@type\":\"BreadcrumbList\",\"@id\":\"https:\/\/dev.hempking.eu\/pl\/zestaw-bio-bialko-konopne-banan-bio-bialko-konopne-kakao\/#breadcrumb\",\"itemListElement\":[{\"@type\":\"ListItem\",\"position\":1,\"name\":\"Home\",\"item\":\"https:\/\/dev.hempking.eu\/pl\/\"},{\"@type\":\"ListItem\",\"position\":2,\"name\":\"Sklep\",\"item\":\"https:\/\/dev.hempking.eu\/pl\/shop\/\"},{\"@type\":\"ListItem\",\"position\":3,\"name\":\"Zestawy\",\"item\":\"https:\/\/dev.hempking.eu\/pl\/zestawy\/\"},{\"@type\":\"ListItem\",\"position\":4,\"name\":\"Zestaw: Bio bia\u0142ko konopne banan + bio bia\u0142ko konopne kakao\"}]},{\"@type\":\"WebSite\",\"@id\":\"https:\/\/dev.hempking.eu\/pl\/#website\",\"url\":\"https:\/\/dev.hempking.eu\/pl\/\",\"name\":\"Hemp King\",\"description\":\"\",\"publisher\":{\"@id\":\"https:\/\/dev.hempking.eu\/pl\/#organization\"},\"potentialAction\":[{\"@type\":\"SearchAction\",\"target\":{\"@type\":\"EntryPoint\",\"urlTemplate\":\"https:\/\/dev.hempking.eu\/pl\/?s={search_term_string}\"},\"query-input\":{\"@type\":\"PropertyValueSpecification\",\"valueRequired\":true,\"valueName\":\"search_term_string\"}}],\"inLanguage\":\"pl-PL\"},{\"@type\":\"Organization\",\"@id\":\"https:\/\/dev.hempking.eu\/pl\/#organization\",\"name\":\"Hemp King\",\"url\":\"https:\/\/dev.hempking.eu\/pl\/\",\"logo\":{\"@type\":\"ImageObject\",\"inLanguage\":\"pl-PL\",\"@id\":\"https:\/\/dev.hempking.eu\/pl\/#\/schema\/logo\/image\/\",\"url\":\"https:\/\/dev.hempking.eu\/pl\/wp-content\/uploads\/sites\/2\/2020\/05\/hempking.png\",\"contentUrl\":\"https:\/\/dev.hempking.eu\/pl\/wp-content\/uploads\/sites\/2\/2020\/05\/hempking.png\",\"width\":148,\"height\":91,\"caption\":\"Hemp King\"},\"image\":{\"@id\":\"https:\/\/dev.hempking.eu\/pl\/#\/schema\/logo\/image\/\"},\"sameAs\":[\"https:\/\/www.facebook.com\/hempkingpoland\",\"https:\/\/x.com\/hempkingeu\",\"https:\/\/www.instagram.com\/hempkingeu\/\",\"https:\/\/www.linkedin.com\/company\/hempking-eu\/mycompany\/\",\"https:\/\/pl.pinterest.com\/hempkingeu\/\",\"https:\/\/www.youtube.com\/channel\/UCUkeZA1fj4hSZfoYm0WpZ7w\"]}]}<\/script>\n<meta property=\"product:price:amount\" content=\"52.50\" \/>\n<meta property=\"product:price:currency\" content=\"PLN\" \/>\n<meta property=\"og:availability\" content=\"instock\" \/>\n<meta property=\"product:availability\" content=\"instock\" \/>\n<meta property=\"product:condition\" content=\"new\" \/>\n<!-- \/ Yoast SEO Premium plugin. -->","yoast_head_json":{"title":"Bia\u0142ko konopne banan i kakao Hempking","description":"Zobacz \u261b Zestaw: Bio bia\u0142ko konopne banan + bio bia\u0142ko konopne kakao w konopnym sklepie HempKing \u2705100% naturalne \u2705 Zadbaj z nami o swoj\u0105 diet\u0119!","canonical":"https:\/\/dev.hempking.eu\/pl\/zestaw-bio-bialko-konopne-banan-bio-bialko-konopne-kakao\/","og_locale":"pl_PL","og_type":"article","og_title":"Zestaw: Bio bia\u0142ko konopne banan + bio bia\u0142ko konopne kakao","og_description":"Zobacz \u261b Zestaw: Bio bia\u0142ko konopne banan + bio bia\u0142ko konopne kakao w konopnym sklepie HempKing \u2705100% naturalne \u2705 Zadbaj z nami o swoj\u0105 diet\u0119!","og_url":"https:\/\/dev.hempking.eu\/pl\/zestaw-bio-bialko-konopne-banan-bio-bialko-konopne-kakao\/","og_site_name":"Hemp King","article_publisher":"https:\/\/www.facebook.com\/hempkingpoland","article_modified_time":"2023-04-24T07:52:58+00:00","og_image":[{"width":1000,"height":1000,"url":"https:\/\/dev.hempking.eu\/pl\/wp-content\/uploads\/sites\/2\/2021\/12\/zestaw_kakao_banan.jpg","type":"image\/jpeg"}],"twitter_card":"summary_large_image","twitter_site":"@hempkingeu","twitter_misc":{"Price":"52.50&nbsp;&#122;&#322;","Availability":"In stock"},"schema":{"@context":"https:\/\/schema.org","@graph":[{"@type":"WebPage","@id":"https:\/\/dev.hempking.eu\/pl\/zestaw-bio-bialko-konopne-banan-bio-bialko-konopne-kakao\/","url":"https:\/\/dev.hempking.eu\/pl\/zestaw-bio-bialko-konopne-banan-bio-bialko-konopne-kakao\/","name":"Bia\u0142ko konopne banan i kakao Hempking","isPartOf":{"@id":"https:\/\/dev.hempking.eu\/pl\/#website"},"primaryImageOfPage":{"@id":"https:\/\/dev.hempking.eu\/pl\/zestaw-bio-bialko-konopne-banan-bio-bialko-konopne-kakao\/#primaryimage"},"image":{"@id":"https:\/\/dev.hempking.eu\/pl\/zestaw-bio-bialko-konopne-banan-bio-bialko-konopne-kakao\/#primaryimage"},"thumbnailUrl":"https:\/\/dev.hempking.eu\/pl\/wp-content\/uploads\/sites\/2\/2021\/12\/zestaw_kakao_banan.jpg","datePublished":"2021-12-01T12:16:35+00:00","dateModified":"2023-04-24T07:52:58+00:00","description":"Zobacz \u261b Zestaw: Bio bia\u0142ko konopne banan + bio bia\u0142ko konopne kakao w konopnym sklepie HempKing \u2705100% naturalne \u2705 Zadbaj z nami o swoj\u0105 diet\u0119!","breadcrumb":{"@id":"https:\/\/dev.hempking.eu\/pl\/zestaw-bio-bialko-konopne-banan-bio-bialko-konopne-kakao\/#breadcrumb"},"inLanguage":"pl-PL","potentialAction":[{"@type":"ReadAction","target":["https:\/\/dev.hempking.eu\/pl\/zestaw-bio-bialko-konopne-banan-bio-bialko-konopne-kakao\/"]}]},{"@type":"ImageObject","inLanguage":"pl-PL","@id":"https:\/\/dev.hempking.eu\/pl\/zestaw-bio-bialko-konopne-banan-bio-bialko-konopne-kakao\/#primaryimage","url":"https:\/\/dev.hempking.eu\/pl\/wp-content\/uploads\/sites\/2\/2021\/12\/zestaw_kakao_banan.jpg","contentUrl":"https:\/\/dev.hempking.eu\/pl\/wp-content\/uploads\/sites\/2\/2021\/12\/zestaw_kakao_banan.jpg","width":1000,"height":1000,"caption":"bia\u0142ko banan i bia\u0142ko kakao"},{"@type":"BreadcrumbList","@id":"https:\/\/dev.hempking.eu\/pl\/zestaw-bio-bialko-konopne-banan-bio-bialko-konopne-kakao\/#breadcrumb","itemListElement":[{"@type":"ListItem","position":1,"name":"Home","item":"https:\/\/dev.hempking.eu\/pl\/"},{"@type":"ListItem","position":2,"name":"Sklep","item":"https:\/\/dev.hempking.eu\/pl\/shop\/"},{"@type":"ListItem","position":3,"name":"Zestawy","item":"https:\/\/dev.hempking.eu\/pl\/zestawy\/"},{"@type":"ListItem","position":4,"name":"Zestaw: Bio bia\u0142ko konopne banan + bio bia\u0142ko konopne kakao"}]},{"@type":"WebSite","@id":"https:\/\/dev.hempking.eu\/pl\/#website","url":"https:\/\/dev.hempking.eu\/pl\/","name":"Hemp King","description":"","publisher":{"@id":"https:\/\/dev.hempking.eu\/pl\/#organization"},"potentialAction":[{"@type":"SearchAction","target":{"@type":"EntryPoint","urlTemplate":"https:\/\/dev.hempking.eu\/pl\/?s={search_term_string}"},"query-input":{"@type":"PropertyValueSpecification","valueRequired":true,"valueName":"search_term_string"}}],"inLanguage":"pl-PL"},{"@type":"Organization","@id":"https:\/\/dev.hempking.eu\/pl\/#organization","name":"Hemp King","url":"https:\/\/dev.hempking.eu\/pl\/","logo":{"@type":"ImageObject","inLanguage":"pl-PL","@id":"https:\/\/dev.hempking.eu\/pl\/#\/schema\/logo\/image\/","url":"https:\/\/dev.hempking.eu\/pl\/wp-content\/uploads\/sites\/2\/2020\/05\/hempking.png","contentUrl":"https:\/\/dev.hempking.eu\/pl\/wp-content\/uploads\/sites\/2\/2020\/05\/hempking.png","width":148,"height":91,"caption":"Hemp King"},"image":{"@id":"https:\/\/dev.hempking.eu\/pl\/#\/schema\/logo\/image\/"},"sameAs":["https:\/\/www.facebook.com\/hempkingpoland","https:\/\/x.com\/hempkingeu","https:\/\/www.instagram.com\/hempkingeu\/","https:\/\/www.linkedin.com\/company\/hempking-eu\/mycompany\/","https:\/\/pl.pinterest.com\/hempkingeu\/","https:\/\/www.youtube.com\/channel\/UCUkeZA1fj4hSZfoYm0WpZ7w"]}]},"product_price_amount":"52.50","product_price_currency":"PLN","og_availability":"instock","product_availability":"instock","product_condition":"new"},"_links":{"self":[{"href":"https:\/\/dev.hempking.eu\/pl\/wp-json\/wp\/v2\/product\/82395","targetHints":{"allow":["GET"]}}],"collection":[{"href":"https:\/\/dev.hempking.eu\/pl\/wp-json\/wp\/v2\/product"}],"about":[{"href":"https:\/\/dev.hempking.eu\/pl\/wp-json\/wp\/v2\/types\/product"}],"wp:featuredmedia":[{"embeddable":true,"href":"https:\/\/dev.hempking.eu\/pl\/wp-json\/wp\/v2\/media\/82410"}],"wp:attachment":[{"href":"https:\/\/dev.hempking.eu\/pl\/wp-json\/wp\/v2\/media?parent=82395"}],"wp:term":[{"taxonomy":"product_cat","embeddable":true,"href":"https:\/\/dev.hempking.eu\/pl\/wp-json\/wp\/v2\/product_cat?post=82395"},{"taxonomy":"product_tag","embeddable":true,"href":"https:\/\/dev.hempking.eu\/pl\/wp-json\/wp\/v2\/product_tag?post=82395"}],"curies":[{"name":"wp","href":"https:\/\/api.w.org\/{rel}","templated":true}]}}