{"id":82426,"date":"2021-12-01T14:27:26","date_gmt":"2021-12-01T13:27:26","guid":{"rendered":"https:\/\/hempking.eu\/pl\/?post_type=product&#038;p=82426"},"modified":"2022-11-25T15:16:19","modified_gmt":"2022-11-25T14:16:19","slug":"zestaw-olej-cbd-5-herbatka-witalnosc","status":"publish","type":"product","link":"https:\/\/dev.hempking.eu\/pl\/zestaw-olej-cbd-5-herbatka-witalnosc\/","title":{"rendered":"Zestaw: Olej konopny CBD 5% + CBDA, CBC, CBGA, CBG, CBDV, CBN + herbatka Witalno\u015b\u0107"},"content":{"rendered":"<h2><strong>Olej konopny 5% Natural oraz herbatka konopna Witalno\u015b\u0107<\/strong><\/h2>\n<p>Zestaw skomponowany specjalnie z my\u015bl\u0105 o osobach, kt\u00f3re kochaj\u0105 naturalne formy wsparcia swojego organizmu. Olejek konopny o 5% st\u0119\u017ceniu z naturalnymi fitosk\u0142anikami to jeden z naszych bestseller\u00f3w w dziedzinie suplement\u00f3w konopnych. Ceniony za liczne w\u0142a\u015bciwo\u015bci oraz naturalne sk\u0142adniki. Doceniony <a href=\"https:\/\/goldencannabis.pl\/gc0312021\/\">certyfikatem Golden Cannabis<\/a>! Z kolei herbatka konopna na witalno\u015b\u0107 to kompozycja konopi i zi\u00f3\u0142, kt\u00f3ra ma za zadanie nie tylko pysznie smakowa\u0107, ale te\u017c wspiera\u0107 Tw\u00f3j organizm w zakresie energii do dzia\u0142ania!<\/p>\n<h2><strong>Zestaw herbatki i olejku z fitosk\u0142adnikami<\/strong><\/h2>\n<p><a href=\"https:\/\/dev.hempking.eu\/pl\/olej-cbd-natural-5-500mg-10ml\/\"><strong>Olej konopny 5% Natural:<\/strong><\/a><\/p>\n<ul>\n<li>olej konopny wspiera odporno\u015b\u0107,<\/li>\n<li>pomaga regulowa\u0107 st\u0119\u017cenie cholesterolu i tr\u00f3jgliceryd\u00f3w we krwi,<\/li>\n<li>wspiera uk\u0142ad kr\u0105\u017cenia i serce,<\/li>\n<li>dostarcza wa\u017cnych dla organizmu nienasyconych kwas\u00f3w t\u0142uszczowych,<\/li>\n<li>dostarcza pe\u0142nego spektrum fitosk\u0142adnik\u00f3w <strong>CBD, CBDA, CBC, CBGA, CBG, CBDV, CBN<\/strong>,<\/li>\n<li>zawiera 500 mg fitosk\u0142adnika,<\/li>\n<li>jedna kropla to 2,5 mg fitosk\u0142adnika.<\/li>\n<\/ul>\n<p><strong>Pojemno\u015b\u0107: 10 ml\u00a0<\/strong><\/p>\n<p><a href=\"https:\/\/dev.hempking.eu\/pl\/herbatka-konopna-na-witalnosc-i-energie-40g\/\"><strong>Herbatka konopna Witalno\u015b\u0107:\u00a0<\/strong><\/a><\/p>\n<ul>\n<li>zawiera konopie, hibiskus, moring\u0119, imbir, cynamon i kurkum\u0119,<\/li>\n<li>suszona naturalnymi metodami,<\/li>\n<li>w eleganckiej tubie idealnej na prezent,<\/li>\n<li>hibiskus wspiera witalno\u015b\u0107,<\/li>\n<li>moringa wp\u0142ywa na metabolizm glukozy,<\/li>\n<li>imbir pomaga utrzyma\u0107 prawid\u0142owy poziom cukru we krwi,<\/li>\n<li>kurkuma wspiera odporno\u015b\u0107!<\/li>\n<\/ul>\n<p><strong>Waga: 40 g<\/strong><\/p>\n<p><a href=\"https:\/\/dev.hempking.eu\/pl\/wp-content\/uploads\/sites\/2\/2020\/07\/warunki4-1.jpg\"><img loading=\"lazy\" decoding=\"async\" class=\"alignnone wp-image-104414 size-full\" src=\"https:\/\/dev.hempking.eu\/pl\/wp-content\/uploads\/sites\/2\/2020\/07\/warunki4-1.jpg\" alt=\"o\u015bwiadczenia CBD w UE\" width=\"755\" height=\"353\" srcset=\"https:\/\/dev.hempking.eu\/pl\/wp-content\/uploads\/sites\/2\/2020\/07\/warunki4-1.jpg 755w, https:\/\/dev.hempking.eu\/pl\/wp-content\/uploads\/sites\/2\/2020\/07\/warunki4-1-640x299.jpg 640w, https:\/\/dev.hempking.eu\/pl\/wp-content\/uploads\/sites\/2\/2020\/07\/warunki4-1-400x187.jpg 400w\" sizes=\"auto, (max-width: 755px) 100vw, 755px\" \/><\/a><\/p>\n<p><a href=\"https:\/\/dev.hempking.eu\/pl\/wp-content\/uploads\/sites\/2\/2020\/07\/warunki_4.jpg\"><img loading=\"lazy\" decoding=\"async\" class=\"alignnone size-full wp-image-100623\" src=\"https:\/\/dev.hempking.eu\/pl\/wp-content\/uploads\/sites\/2\/2020\/07\/warunki_4.jpg\" alt=\"fito sk\u0142adniki novel food\" width=\"755\" height=\"237\" srcset=\"https:\/\/dev.hempking.eu\/pl\/wp-content\/uploads\/sites\/2\/2020\/07\/warunki_4.jpg 755w, https:\/\/dev.hempking.eu\/pl\/wp-content\/uploads\/sites\/2\/2020\/07\/warunki_4-640x201.jpg 640w, https:\/\/dev.hempking.eu\/pl\/wp-content\/uploads\/sites\/2\/2020\/07\/warunki_4-400x126.jpg 400w\" sizes=\"auto, (max-width: 755px) 100vw, 755px\" \/><\/a><\/p>\n","protected":false},"excerpt":{"rendered":"<h2><strong>Zestaw zawiera:\u00a0<\/strong><\/h2>\n<ul>\n<li><a href=\"https:\/\/dev.hempking.eu\/pl\/olej-cbd-natural-5-500mg-10ml\/\" target=\"_blank\" rel=\"noopener\">Olej konopny 5% Natural<\/a> &#8211; 10 ml &#8211; <strong>109<\/strong> <strong>z\u0142<\/strong><\/li>\n<li><a href=\"https:\/\/dev.hempking.eu\/pl\/herbatka-konopna-na-witalnosc-i-energie-40g\/\" target=\"_blank\" rel=\"noopener\">Herbatka konopna Witalno\u015b\u0107<\/a> &#8211; 40 g &#8211; <strong>36.90<\/strong> <strong>z\u0142<\/strong><\/li>\n<\/ul>\n<p><strong>Kupuj\u0105c zestaw oszcz\u0119dzasz 18%!<\/strong><\/p>\n<h3>Olej konopny 5% &#8211; informacje<\/h3>\n<ul>\n<li>olej konopny 5% natural zawiera <strong>CBD, CBDA, CBC, CBGA, CBG, CBDV, CBN &#8211; czyli fitosk\u0142adniki naturalnie wyst\u0119puj\u0105ce w przyrodzie\u00a0<\/strong><\/li>\n<li><a href=\"https:\/\/dev.hempking.eu\/wp-content\/certificates\/2021.07.27-Biodio-2178-21.pdf\">badania na zawarto\u015b\u0107 fitosk\u0142adnik\u00f3w w olejku konopnych 5%<\/a><\/li>\n<\/ul>\n","protected":false},"featured_media":114771,"template":"","meta":{"_acf_changed":false},"product_cat":[38,26,33],"product_tag":[],"class_list":{"0":"post-82426","1":"product","2":"type-product","3":"status-publish","4":"has-post-thumbnail","6":"product_cat-olej-cbd-5","7":"product_cat-herbatki-konopne","8":"product_cat-zestawy","10":"first","11":"instock","12":"sale","13":"shipping-taxable","14":"purchasable","15":"product-type-simple"},"acf":[],"yoast_head":"<!-- This site is optimized with the Yoast SEO Premium plugin v23.4 (Yoast SEO v24.0) - https:\/\/yoast.com\/wordpress\/plugins\/seo\/ -->\n<title>Zestaw: Olej konopny CBD 5% + CBDA, CBC, CBGA, CBG, CBDV, CBN + herbatka Witalno\u015b\u0107 - Hemp King<\/title>\n<meta name=\"description\" content=\"Zobacz \u261b Zestaw: Olej konopny CBD 5% + CBDA, CBC, CBGA, CBG, CBDV, CBN + herbatka Witalno\u015b\u0107 w konopnym sklepie HempKing \u2705100% naturalne \u2705 Zadbaj z nami o swoj\u0105 diet\u0119!\" \/>\n<link rel=\"canonical\" href=\"https:\/\/dev.hempking.eu\/pl\/olej-cbd\/\" \/>\n<meta property=\"og:locale\" content=\"pl_PL\" \/>\n<meta property=\"og:type\" content=\"article\" \/>\n<meta property=\"og:title\" content=\"Zestaw: Olej konopny CBD 5% + CBDA, CBC, CBGA, CBG, CBDV, CBN + herbatka Witalno\u015b\u0107\" \/>\n<meta property=\"og:description\" content=\"Zobacz \u261b Zestaw: Olej konopny CBD 5% + CBDA, CBC, CBGA, CBG, CBDV, CBN + herbatka Witalno\u015b\u0107 w konopnym sklepie HempKing \u2705100% naturalne \u2705 Zadbaj z nami o swoj\u0105 diet\u0119!\" \/>\n<meta property=\"og:url\" content=\"https:\/\/dev.hempking.eu\/pl\/olej-cbd\/\" \/>\n<meta property=\"og:site_name\" content=\"Hemp King\" \/>\n<meta property=\"article:publisher\" content=\"https:\/\/www.facebook.com\/hempkingpoland\" \/>\n<meta property=\"article:modified_time\" content=\"2022-11-25T14:16:19+00:00\" \/>\n<meta property=\"og:image\" content=\"https:\/\/dev.hempking.eu\/pl\/wp-content\/uploads\/sites\/2\/2021\/12\/Projekt-bez-tytulu-12.png\" \/>\n\t<meta property=\"og:image:width\" content=\"1000\" \/>\n\t<meta property=\"og:image:height\" content=\"1000\" \/>\n\t<meta property=\"og:image:type\" content=\"image\/png\" \/>\n<meta name=\"twitter:card\" content=\"summary_large_image\" \/>\n<meta name=\"twitter:site\" content=\"@hempkingeu\" \/>\n<meta name=\"twitter:label1\" content=\"Price\" \/>\n\t<meta name=\"twitter:data1\" content=\"119.90&nbsp;&#122;&#322;\" \/>\n\t<meta name=\"twitter:label2\" content=\"Availability\" \/>\n\t<meta name=\"twitter:data2\" content=\"In stock\" \/>\n<script type=\"application\/ld+json\" class=\"yoast-schema-graph\">{\"@context\":\"https:\/\/schema.org\",\"@graph\":[{\"@type\":\"WebPage\",\"@id\":\"https:\/\/dev.hempking.eu\/pl\/zestaw-olej-cbd-5-herbatka-witalnosc\/\",\"url\":\"https:\/\/dev.hempking.eu\/pl\/olej-cbd\/\",\"name\":\"Zestaw: Olej konopny CBD 5% + CBDA, CBC, CBGA, CBG, CBDV, CBN + herbatka Witalno\u015b\u0107 - Hemp King\",\"isPartOf\":{\"@id\":\"https:\/\/dev.hempking.eu\/pl\/#website\"},\"primaryImageOfPage\":{\"@id\":\"https:\/\/dev.hempking.eu\/pl\/olej-cbd\/#primaryimage\"},\"image\":{\"@id\":\"https:\/\/dev.hempking.eu\/pl\/olej-cbd\/#primaryimage\"},\"thumbnailUrl\":\"https:\/\/dev.hempking.eu\/pl\/wp-content\/uploads\/sites\/2\/2021\/12\/Projekt-bez-tytulu-12.png\",\"datePublished\":\"2021-12-01T13:27:26+00:00\",\"dateModified\":\"2022-11-25T14:16:19+00:00\",\"description\":\"Zobacz \u261b Zestaw: Olej konopny CBD 5% + CBDA, CBC, CBGA, CBG, CBDV, CBN + herbatka Witalno\u015b\u0107 w konopnym sklepie HempKing \u2705100% naturalne \u2705 Zadbaj z nami o swoj\u0105 diet\u0119!\",\"breadcrumb\":{\"@id\":\"https:\/\/dev.hempking.eu\/pl\/olej-cbd\/#breadcrumb\"},\"inLanguage\":\"pl-PL\",\"potentialAction\":[{\"@type\":\"ReadAction\",\"target\":[\"https:\/\/dev.hempking.eu\/pl\/olej-cbd\/\"]}]},{\"@type\":\"ImageObject\",\"inLanguage\":\"pl-PL\",\"@id\":\"https:\/\/dev.hempking.eu\/pl\/olej-cbd\/#primaryimage\",\"url\":\"https:\/\/dev.hempking.eu\/pl\/wp-content\/uploads\/sites\/2\/2021\/12\/Projekt-bez-tytulu-12.png\",\"contentUrl\":\"https:\/\/dev.hempking.eu\/pl\/wp-content\/uploads\/sites\/2\/2021\/12\/Projekt-bez-tytulu-12.png\",\"width\":1000,\"height\":1000,\"caption\":\"olej cbd natural herbatka witalno\u015b\u0107\"},{\"@type\":\"BreadcrumbList\",\"@id\":\"https:\/\/dev.hempking.eu\/pl\/olej-cbd\/#breadcrumb\",\"itemListElement\":[{\"@type\":\"ListItem\",\"position\":1,\"name\":\"Home\",\"item\":\"https:\/\/dev.hempking.eu\/pl\/\"},{\"@type\":\"ListItem\",\"position\":2,\"name\":\"Sklep\",\"item\":\"https:\/\/dev.hempking.eu\/pl\/shop\/\"},{\"@type\":\"ListItem\",\"position\":3,\"name\":\"Zestawy\",\"item\":\"https:\/\/dev.hempking.eu\/pl\/zestawy\/\"},{\"@type\":\"ListItem\",\"position\":4,\"name\":\"Zestaw: Olej konopny CBD 5% + CBDA, CBC, CBGA, CBG, CBDV, CBN + herbatka Witalno\u015b\u0107\"}]},{\"@type\":\"WebSite\",\"@id\":\"https:\/\/dev.hempking.eu\/pl\/#website\",\"url\":\"https:\/\/dev.hempking.eu\/pl\/\",\"name\":\"Hemp King\",\"description\":\"\",\"publisher\":{\"@id\":\"https:\/\/dev.hempking.eu\/pl\/#organization\"},\"potentialAction\":[{\"@type\":\"SearchAction\",\"target\":{\"@type\":\"EntryPoint\",\"urlTemplate\":\"https:\/\/dev.hempking.eu\/pl\/?s={search_term_string}\"},\"query-input\":{\"@type\":\"PropertyValueSpecification\",\"valueRequired\":true,\"valueName\":\"search_term_string\"}}],\"inLanguage\":\"pl-PL\"},{\"@type\":\"Organization\",\"@id\":\"https:\/\/dev.hempking.eu\/pl\/#organization\",\"name\":\"Hemp King\",\"url\":\"https:\/\/dev.hempking.eu\/pl\/\",\"logo\":{\"@type\":\"ImageObject\",\"inLanguage\":\"pl-PL\",\"@id\":\"https:\/\/dev.hempking.eu\/pl\/#\/schema\/logo\/image\/\",\"url\":\"https:\/\/dev.hempking.eu\/pl\/wp-content\/uploads\/sites\/2\/2020\/05\/hempking.png\",\"contentUrl\":\"https:\/\/dev.hempking.eu\/pl\/wp-content\/uploads\/sites\/2\/2020\/05\/hempking.png\",\"width\":148,\"height\":91,\"caption\":\"Hemp King\"},\"image\":{\"@id\":\"https:\/\/dev.hempking.eu\/pl\/#\/schema\/logo\/image\/\"},\"sameAs\":[\"https:\/\/www.facebook.com\/hempkingpoland\",\"https:\/\/x.com\/hempkingeu\",\"https:\/\/www.instagram.com\/hempkingeu\/\",\"https:\/\/www.linkedin.com\/company\/hempking-eu\/mycompany\/\",\"https:\/\/pl.pinterest.com\/hempkingeu\/\",\"https:\/\/www.youtube.com\/channel\/UCUkeZA1fj4hSZfoYm0WpZ7w\"]}]}<\/script>\n<meta property=\"product:price:amount\" content=\"119.90\" \/>\n<meta property=\"product:price:currency\" content=\"PLN\" \/>\n<meta property=\"og:availability\" content=\"instock\" \/>\n<meta property=\"product:availability\" content=\"instock\" \/>\n<meta property=\"product:condition\" content=\"new\" \/>\n<!-- \/ Yoast SEO Premium plugin. -->","yoast_head_json":{"title":"Zestaw: Olej konopny CBD 5% + CBDA, CBC, CBGA, CBG, CBDV, CBN + herbatka Witalno\u015b\u0107 - Hemp King","description":"Zobacz \u261b Zestaw: Olej konopny CBD 5% + CBDA, CBC, CBGA, CBG, CBDV, CBN + herbatka Witalno\u015b\u0107 w konopnym sklepie HempKing \u2705100% naturalne \u2705 Zadbaj z nami o swoj\u0105 diet\u0119!","canonical":"https:\/\/dev.hempking.eu\/pl\/olej-cbd\/","og_locale":"pl_PL","og_type":"article","og_title":"Zestaw: Olej konopny CBD 5% + CBDA, CBC, CBGA, CBG, CBDV, CBN + herbatka Witalno\u015b\u0107","og_description":"Zobacz \u261b Zestaw: Olej konopny CBD 5% + CBDA, CBC, CBGA, CBG, CBDV, CBN + herbatka Witalno\u015b\u0107 w konopnym sklepie HempKing \u2705100% naturalne \u2705 Zadbaj z nami o swoj\u0105 diet\u0119!","og_url":"https:\/\/dev.hempking.eu\/pl\/olej-cbd\/","og_site_name":"Hemp King","article_publisher":"https:\/\/www.facebook.com\/hempkingpoland","article_modified_time":"2022-11-25T14:16:19+00:00","og_image":[{"width":1000,"height":1000,"url":"https:\/\/dev.hempking.eu\/pl\/wp-content\/uploads\/sites\/2\/2021\/12\/Projekt-bez-tytulu-12.png","type":"image\/png"}],"twitter_card":"summary_large_image","twitter_site":"@hempkingeu","twitter_misc":{"Price":"119.90&nbsp;&#122;&#322;","Availability":"In stock"},"schema":{"@context":"https:\/\/schema.org","@graph":[{"@type":"WebPage","@id":"https:\/\/dev.hempking.eu\/pl\/zestaw-olej-cbd-5-herbatka-witalnosc\/","url":"https:\/\/dev.hempking.eu\/pl\/olej-cbd\/","name":"Zestaw: Olej konopny CBD 5% + CBDA, CBC, CBGA, CBG, CBDV, CBN + herbatka Witalno\u015b\u0107 - Hemp King","isPartOf":{"@id":"https:\/\/dev.hempking.eu\/pl\/#website"},"primaryImageOfPage":{"@id":"https:\/\/dev.hempking.eu\/pl\/olej-cbd\/#primaryimage"},"image":{"@id":"https:\/\/dev.hempking.eu\/pl\/olej-cbd\/#primaryimage"},"thumbnailUrl":"https:\/\/dev.hempking.eu\/pl\/wp-content\/uploads\/sites\/2\/2021\/12\/Projekt-bez-tytulu-12.png","datePublished":"2021-12-01T13:27:26+00:00","dateModified":"2022-11-25T14:16:19+00:00","description":"Zobacz \u261b Zestaw: Olej konopny CBD 5% + CBDA, CBC, CBGA, CBG, CBDV, CBN + herbatka Witalno\u015b\u0107 w konopnym sklepie HempKing \u2705100% naturalne \u2705 Zadbaj z nami o swoj\u0105 diet\u0119!","breadcrumb":{"@id":"https:\/\/dev.hempking.eu\/pl\/olej-cbd\/#breadcrumb"},"inLanguage":"pl-PL","potentialAction":[{"@type":"ReadAction","target":["https:\/\/dev.hempking.eu\/pl\/olej-cbd\/"]}]},{"@type":"ImageObject","inLanguage":"pl-PL","@id":"https:\/\/dev.hempking.eu\/pl\/olej-cbd\/#primaryimage","url":"https:\/\/dev.hempking.eu\/pl\/wp-content\/uploads\/sites\/2\/2021\/12\/Projekt-bez-tytulu-12.png","contentUrl":"https:\/\/dev.hempking.eu\/pl\/wp-content\/uploads\/sites\/2\/2021\/12\/Projekt-bez-tytulu-12.png","width":1000,"height":1000,"caption":"olej cbd natural herbatka witalno\u015b\u0107"},{"@type":"BreadcrumbList","@id":"https:\/\/dev.hempking.eu\/pl\/olej-cbd\/#breadcrumb","itemListElement":[{"@type":"ListItem","position":1,"name":"Home","item":"https:\/\/dev.hempking.eu\/pl\/"},{"@type":"ListItem","position":2,"name":"Sklep","item":"https:\/\/dev.hempking.eu\/pl\/shop\/"},{"@type":"ListItem","position":3,"name":"Zestawy","item":"https:\/\/dev.hempking.eu\/pl\/zestawy\/"},{"@type":"ListItem","position":4,"name":"Zestaw: Olej konopny CBD 5% + CBDA, CBC, CBGA, CBG, CBDV, CBN + herbatka Witalno\u015b\u0107"}]},{"@type":"WebSite","@id":"https:\/\/dev.hempking.eu\/pl\/#website","url":"https:\/\/dev.hempking.eu\/pl\/","name":"Hemp King","description":"","publisher":{"@id":"https:\/\/dev.hempking.eu\/pl\/#organization"},"potentialAction":[{"@type":"SearchAction","target":{"@type":"EntryPoint","urlTemplate":"https:\/\/dev.hempking.eu\/pl\/?s={search_term_string}"},"query-input":{"@type":"PropertyValueSpecification","valueRequired":true,"valueName":"search_term_string"}}],"inLanguage":"pl-PL"},{"@type":"Organization","@id":"https:\/\/dev.hempking.eu\/pl\/#organization","name":"Hemp King","url":"https:\/\/dev.hempking.eu\/pl\/","logo":{"@type":"ImageObject","inLanguage":"pl-PL","@id":"https:\/\/dev.hempking.eu\/pl\/#\/schema\/logo\/image\/","url":"https:\/\/dev.hempking.eu\/pl\/wp-content\/uploads\/sites\/2\/2020\/05\/hempking.png","contentUrl":"https:\/\/dev.hempking.eu\/pl\/wp-content\/uploads\/sites\/2\/2020\/05\/hempking.png","width":148,"height":91,"caption":"Hemp King"},"image":{"@id":"https:\/\/dev.hempking.eu\/pl\/#\/schema\/logo\/image\/"},"sameAs":["https:\/\/www.facebook.com\/hempkingpoland","https:\/\/x.com\/hempkingeu","https:\/\/www.instagram.com\/hempkingeu\/","https:\/\/www.linkedin.com\/company\/hempking-eu\/mycompany\/","https:\/\/pl.pinterest.com\/hempkingeu\/","https:\/\/www.youtube.com\/channel\/UCUkeZA1fj4hSZfoYm0WpZ7w"]}]},"product_price_amount":"119.90","product_price_currency":"PLN","og_availability":"instock","product_availability":"instock","product_condition":"new"},"_links":{"self":[{"href":"https:\/\/dev.hempking.eu\/pl\/wp-json\/wp\/v2\/product\/82426","targetHints":{"allow":["GET"]}}],"collection":[{"href":"https:\/\/dev.hempking.eu\/pl\/wp-json\/wp\/v2\/product"}],"about":[{"href":"https:\/\/dev.hempking.eu\/pl\/wp-json\/wp\/v2\/types\/product"}],"wp:featuredmedia":[{"embeddable":true,"href":"https:\/\/dev.hempking.eu\/pl\/wp-json\/wp\/v2\/media\/114771"}],"wp:attachment":[{"href":"https:\/\/dev.hempking.eu\/pl\/wp-json\/wp\/v2\/media?parent=82426"}],"wp:term":[{"taxonomy":"product_cat","embeddable":true,"href":"https:\/\/dev.hempking.eu\/pl\/wp-json\/wp\/v2\/product_cat?post=82426"},{"taxonomy":"product_tag","embeddable":true,"href":"https:\/\/dev.hempking.eu\/pl\/wp-json\/wp\/v2\/product_tag?post=82426"}],"curies":[{"name":"wp","href":"https:\/\/api.w.org\/{rel}","templated":true}]}}