{"id":82441,"date":"2021-12-01T15:09:34","date_gmt":"2021-12-01T14:09:34","guid":{"rendered":"https:\/\/hempking.eu\/pl\/?post_type=product&#038;p=82441"},"modified":"2023-03-14T09:27:42","modified_gmt":"2023-03-14T08:27:42","slug":"zestaw-dezodorant-w-kremie-ylang-ylang-masc-cbd-salve-50-ml","status":"publish","type":"product","link":"https:\/\/dev.hempking.eu\/pl\/zestaw-dezodorant-w-kremie-ylang-ylang-masc-cbd-salve-50-ml\/","title":{"rendered":"Zestaw: Dezodorant w kremie Ylang Ylang + Ma\u015b\u0107 CBD Salve 50 ml"},"content":{"rendered":"<h2><strong>Naturalny dezodorant w kremie o zapachu kwiat\u00f3w Ylang Ylang oraz ma\u015b\u0107 CBD Salve 50 ml <\/strong><\/h2>\n<p>Zestaw dw\u00f3ch bestsellerowych naturalnych kosmetyk\u00f3w konopnych z CBD! Dezodorant w bardzo kr\u00f3tkim czasie po swojej premierze w naszym sklepie zyska\u0142 grono fanek! Jego kremowa konsystencja i skuteczno\u015b\u0107 w dzia\u0142aniu sprawiaj\u0105, \u017ce jest ch\u0119tnie wybierany. To alternatywa dla innych dezodorant\u00f3w, ze 100% naturalnym sk\u0142adem! Z kolei ma\u015b\u0107 CBD to tzw. opatrunek w ma\u015bci. Idealna nawet dla wra\u017cliwej sk\u00f3ry, jest produktem, kt\u00f3ry ka\u017cdy z nas powinien mie\u0107 w domu!<\/p>\n<h2><strong>Zestaw dw\u00f3ch bestsellerowych kosmetyk\u00f3w<\/strong><\/h2>\n<p><a href=\"https:\/\/dev.hempking.eu\/pl\/naturalny-dezodorant-konopny-z-cbd-o-zapachu-wanilii-i-kwiatow-ylang-ylang\/\"><strong><img loading=\"lazy\" decoding=\"async\" class=\"alignleft wp-image-74198\" src=\"https:\/\/dev.hempking.eu\/pl\/wp-content\/uploads\/sites\/2\/2020\/07\/dezodorant-naturalny-YLANG-3-scaled.jpg\" alt=\"dezodorant naturalny YLANG YLANG otwarty\" width=\"250\" height=\"250\" \/>Dezodorant konopny z CBD o zapachu wanilii i kwiat\u00f3w Ylang Ylang:<\/strong><\/a><\/p>\n<ul>\n<li>zawiera skuteczn\u0105 mieszank\u0119: sod\u0119, tapiok\u0119, olej kokosowy i glink\u0119 porcelanow\u0105, kt\u00f3re poch\u0142aniaj\u0105 pot,<\/li>\n<li>w sk\u0142adzie znajdziesz mas\u0142a i oleje, kt\u00f3re \u0142agodz\u0105 sk\u00f3r\u0119 pod pachami,<\/li>\n<li>sw\u00f3j pi\u0119kny i orientalny zapach zawdzi\u0119cza tylko naturalnym sk\u0142adnikom,<\/li>\n<li>przyjemny w nak\u0142adaniu, nie brudzi ubra\u0144,<\/li>\n<\/ul>\n<p><strong>Waga: 65 g<\/strong><\/p>\n<p>&nbsp;<\/p>\n<p>&nbsp;<\/p>\n<p><a href=\"https:\/\/dev.hempking.eu\/pl\/masc-cbd-salve-1-50ml\/\"><strong><img loading=\"lazy\" decoding=\"async\" class=\"alignleft wp-image-91524\" src=\"https:\/\/dev.hempking.eu\/pl\/wp-content\/uploads\/sites\/2\/2021\/08\/CBD-salve-50-ml-3-1.jpg\" alt=\"CBD-salve-50-ml-3-(1)\" width=\"250\" height=\"250\" \/>Ma\u015b\u0107 CBD Salve:<\/strong><\/a><\/p>\n<ul>\n<li>ma\u015b\u0107 konopna z certyfikowanym ekstraktem CBD,<\/li>\n<li>idealna dla sk\u00f3ry wra\u017cliwej, alergicznej, sk\u0142onnej do niedoskona\u0142o\u015bci,<\/li>\n<li>bezpieczna nawet dla dzieci od 3 r.\u017c.!<\/li>\n<li>w 100% naturalny sk\u0142ad,<\/li>\n<li>bogata w mas\u0142a i oleje, dzi\u0119ki czemu \u015bwietnie piel\u0119gnuje sk\u00f3r\u0119,<\/li>\n<li>mog\u0105 j\u0105 stosowa\u0107 alergicy.<\/li>\n<\/ul>\n<p><strong>Pojemno\u015b\u0107: 50 ml<\/strong><\/p>\n<p>&nbsp;<\/p>\n<p><a href=\"https:\/\/dev.hempking.eu\/pl\/wp-content\/uploads\/sites\/2\/2021\/08\/warunki3-2.jpg\"><img loading=\"lazy\" decoding=\"async\" class=\"alignnone size-full wp-image-89186\" src=\"https:\/\/dev.hempking.eu\/pl\/wp-content\/uploads\/sites\/2\/2021\/08\/warunki3-2.jpg\" alt=\"warunki3 (2)\" width=\"755\" height=\"102\" srcset=\"https:\/\/dev.hempking.eu\/pl\/wp-content\/uploads\/sites\/2\/2021\/08\/warunki3-2.jpg 755w, https:\/\/dev.hempking.eu\/pl\/wp-content\/uploads\/sites\/2\/2021\/08\/warunki3-2-640x86.jpg 640w, https:\/\/dev.hempking.eu\/pl\/wp-content\/uploads\/sites\/2\/2021\/08\/warunki3-2-400x54.jpg 400w\" sizes=\"auto, (max-width: 755px) 100vw, 755px\" \/><\/a><\/p>\n","protected":false},"excerpt":{"rendered":"<h2>Zestaw zawiera:<\/h2>\n<ul>\n<li><a href=\"https:\/\/dev.hempking.eu\/pl\/naturalny-dezodorant-konopny-z-cbd-o-zapachu-wanilii-i-kwiatow-ylang-ylang\/\" target=\"_blank\" rel=\"noopener\">Dezodorant konopny w kremie z CBD o zapachu wanilii i kwiat\u00f3w Ylang Ylang<\/a> &#8211; 65 g &#8211; <strong>50.90<\/strong> <strong>z\u0142<\/strong><\/li>\n<li><a href=\"https:\/\/dev.hempking.eu\/pl\/masc-cbd-salve-1-50ml\/\" target=\"_blank\" rel=\"noopener\">Ma\u015b\u0107 CBD Salve<\/a> &#8211; 50 ml &#8211; <strong>63.90<\/strong> <strong>z\u0142<\/strong><\/li>\n<\/ul>\n<p><strong>Kupuj\u0105c zestaw oszcz\u0119dzasz a\u017c 20%!<\/strong><\/p>\n","protected":false},"featured_media":114753,"template":"","meta":{"_acf_changed":false},"product_cat":[108,106,33,150],"product_tag":[],"class_list":{"0":"post-82441","1":"product","2":"type-product","3":"status-publish","4":"has-post-thumbnail","6":"product_cat-dezodorant-z-konopi","7":"product_cat-masc-konopna","8":"product_cat-zestawy","9":"product_cat-zestawy-dla-kobiet","11":"first","12":"instock","13":"sale","14":"shipping-taxable","15":"purchasable","16":"product-type-simple"},"acf":[],"yoast_head":"<!-- This site is optimized with the Yoast SEO Premium plugin v23.4 (Yoast SEO v24.0) - https:\/\/yoast.com\/wordpress\/plugins\/seo\/ -->\n<title>Zestaw: Dezodorant w kremie Ylang Ylang + Ma\u015b\u0107 CBD Salve 50 ml - Hemp King<\/title>\n<meta name=\"description\" content=\"Zobacz \u261b Zestaw: Dezodorant w kremie Ylang Ylang + Ma\u015b\u0107 CBD Salve 50 ml w konopnym sklepie HempKing \u2705100% naturalne \u2705 Zadbaj z nami o swoj\u0105 diet\u0119!\" \/>\n<link rel=\"canonical\" href=\"https:\/\/dev.hempking.eu\/pl\/naturalny-dezodorant-konopny-z-cbd-o-zapachu-wanilii-i-kwiatow-ylang-ylang\/\" \/>\n<meta property=\"og:locale\" content=\"pl_PL\" \/>\n<meta property=\"og:type\" content=\"article\" \/>\n<meta property=\"og:title\" content=\"Zestaw: Dezodorant w kremie Ylang Ylang + Ma\u015b\u0107 CBD Salve 50 ml\" \/>\n<meta property=\"og:description\" content=\"Zobacz \u261b Zestaw: Dezodorant w kremie Ylang Ylang + Ma\u015b\u0107 CBD Salve 50 ml w konopnym sklepie HempKing \u2705100% naturalne \u2705 Zadbaj z nami o swoj\u0105 diet\u0119!\" \/>\n<meta property=\"og:url\" content=\"https:\/\/dev.hempking.eu\/pl\/naturalny-dezodorant-konopny-z-cbd-o-zapachu-wanilii-i-kwiatow-ylang-ylang\/\" \/>\n<meta property=\"og:site_name\" content=\"Hemp King\" \/>\n<meta property=\"article:publisher\" content=\"https:\/\/www.facebook.com\/hempkingpoland\" \/>\n<meta property=\"article:modified_time\" content=\"2023-03-14T08:27:42+00:00\" \/>\n<meta property=\"og:image\" content=\"https:\/\/dev.hempking.eu\/pl\/wp-content\/uploads\/sites\/2\/2021\/12\/Projekt-bez-tytulu-11.png\" \/>\n\t<meta property=\"og:image:width\" content=\"1000\" \/>\n\t<meta property=\"og:image:height\" content=\"1000\" \/>\n\t<meta property=\"og:image:type\" content=\"image\/png\" \/>\n<meta name=\"twitter:card\" content=\"summary_large_image\" \/>\n<meta name=\"twitter:site\" content=\"@hempkingeu\" \/>\n<meta name=\"twitter:label1\" content=\"Price\" \/>\n\t<meta name=\"twitter:data1\" content=\"91.84&nbsp;&#122;&#322;\" \/>\n\t<meta name=\"twitter:label2\" content=\"Availability\" \/>\n\t<meta name=\"twitter:data2\" content=\"In stock\" \/>\n<script type=\"application\/ld+json\" class=\"yoast-schema-graph\">{\"@context\":\"https:\/\/schema.org\",\"@graph\":[{\"@type\":\"WebPage\",\"@id\":\"https:\/\/dev.hempking.eu\/pl\/zestaw-dezodorant-w-kremie-ylang-ylang-masc-cbd-salve-50-ml\/\",\"url\":\"https:\/\/dev.hempking.eu\/pl\/naturalny-dezodorant-konopny-z-cbd-o-zapachu-wanilii-i-kwiatow-ylang-ylang\/\",\"name\":\"Zestaw: Dezodorant w kremie Ylang Ylang + Ma\u015b\u0107 CBD Salve 50 ml - Hemp King\",\"isPartOf\":{\"@id\":\"https:\/\/dev.hempking.eu\/pl\/#website\"},\"primaryImageOfPage\":{\"@id\":\"https:\/\/dev.hempking.eu\/pl\/naturalny-dezodorant-konopny-z-cbd-o-zapachu-wanilii-i-kwiatow-ylang-ylang\/#primaryimage\"},\"image\":{\"@id\":\"https:\/\/dev.hempking.eu\/pl\/naturalny-dezodorant-konopny-z-cbd-o-zapachu-wanilii-i-kwiatow-ylang-ylang\/#primaryimage\"},\"thumbnailUrl\":\"https:\/\/dev.hempking.eu\/pl\/wp-content\/uploads\/sites\/2\/2021\/12\/Projekt-bez-tytulu-11.png\",\"datePublished\":\"2021-12-01T14:09:34+00:00\",\"dateModified\":\"2023-03-14T08:27:42+00:00\",\"description\":\"Zobacz \u261b Zestaw: Dezodorant w kremie Ylang Ylang + Ma\u015b\u0107 CBD Salve 50 ml w konopnym sklepie HempKing \u2705100% naturalne \u2705 Zadbaj z nami o swoj\u0105 diet\u0119!\",\"breadcrumb\":{\"@id\":\"https:\/\/dev.hempking.eu\/pl\/naturalny-dezodorant-konopny-z-cbd-o-zapachu-wanilii-i-kwiatow-ylang-ylang\/#breadcrumb\"},\"inLanguage\":\"pl-PL\",\"potentialAction\":[{\"@type\":\"ReadAction\",\"target\":[\"https:\/\/dev.hempking.eu\/pl\/naturalny-dezodorant-konopny-z-cbd-o-zapachu-wanilii-i-kwiatow-ylang-ylang\/\"]}]},{\"@type\":\"ImageObject\",\"inLanguage\":\"pl-PL\",\"@id\":\"https:\/\/dev.hempking.eu\/pl\/naturalny-dezodorant-konopny-z-cbd-o-zapachu-wanilii-i-kwiatow-ylang-ylang\/#primaryimage\",\"url\":\"https:\/\/dev.hempking.eu\/pl\/wp-content\/uploads\/sites\/2\/2021\/12\/Projekt-bez-tytulu-11.png\",\"contentUrl\":\"https:\/\/dev.hempking.eu\/pl\/wp-content\/uploads\/sites\/2\/2021\/12\/Projekt-bez-tytulu-11.png\",\"width\":1000,\"height\":1000,\"caption\":\"salve 50 ml i dezodorant ylang ylang\"},{\"@type\":\"BreadcrumbList\",\"@id\":\"https:\/\/dev.hempking.eu\/pl\/naturalny-dezodorant-konopny-z-cbd-o-zapachu-wanilii-i-kwiatow-ylang-ylang\/#breadcrumb\",\"itemListElement\":[{\"@type\":\"ListItem\",\"position\":1,\"name\":\"Home\",\"item\":\"https:\/\/dev.hempking.eu\/pl\/\"},{\"@type\":\"ListItem\",\"position\":2,\"name\":\"Sklep\",\"item\":\"https:\/\/dev.hempking.eu\/pl\/shop\/\"},{\"@type\":\"ListItem\",\"position\":3,\"name\":\"Zestawy\",\"item\":\"https:\/\/dev.hempking.eu\/pl\/zestawy\/\"},{\"@type\":\"ListItem\",\"position\":4,\"name\":\"Zestaw: Dezodorant w kremie Ylang Ylang + Ma\u015b\u0107 CBD Salve 50 ml\"}]},{\"@type\":\"WebSite\",\"@id\":\"https:\/\/dev.hempking.eu\/pl\/#website\",\"url\":\"https:\/\/dev.hempking.eu\/pl\/\",\"name\":\"Hemp King\",\"description\":\"\",\"publisher\":{\"@id\":\"https:\/\/dev.hempking.eu\/pl\/#organization\"},\"potentialAction\":[{\"@type\":\"SearchAction\",\"target\":{\"@type\":\"EntryPoint\",\"urlTemplate\":\"https:\/\/dev.hempking.eu\/pl\/?s={search_term_string}\"},\"query-input\":{\"@type\":\"PropertyValueSpecification\",\"valueRequired\":true,\"valueName\":\"search_term_string\"}}],\"inLanguage\":\"pl-PL\"},{\"@type\":\"Organization\",\"@id\":\"https:\/\/dev.hempking.eu\/pl\/#organization\",\"name\":\"Hemp King\",\"url\":\"https:\/\/dev.hempking.eu\/pl\/\",\"logo\":{\"@type\":\"ImageObject\",\"inLanguage\":\"pl-PL\",\"@id\":\"https:\/\/dev.hempking.eu\/pl\/#\/schema\/logo\/image\/\",\"url\":\"https:\/\/dev.hempking.eu\/pl\/wp-content\/uploads\/sites\/2\/2020\/05\/hempking.png\",\"contentUrl\":\"https:\/\/dev.hempking.eu\/pl\/wp-content\/uploads\/sites\/2\/2020\/05\/hempking.png\",\"width\":148,\"height\":91,\"caption\":\"Hemp King\"},\"image\":{\"@id\":\"https:\/\/dev.hempking.eu\/pl\/#\/schema\/logo\/image\/\"},\"sameAs\":[\"https:\/\/www.facebook.com\/hempkingpoland\",\"https:\/\/x.com\/hempkingeu\",\"https:\/\/www.instagram.com\/hempkingeu\/\",\"https:\/\/www.linkedin.com\/company\/hempking-eu\/mycompany\/\",\"https:\/\/pl.pinterest.com\/hempkingeu\/\",\"https:\/\/www.youtube.com\/channel\/UCUkeZA1fj4hSZfoYm0WpZ7w\"]}]}<\/script>\n<meta property=\"product:price:amount\" content=\"91.84\" \/>\n<meta property=\"product:price:currency\" content=\"PLN\" \/>\n<meta property=\"og:availability\" content=\"instock\" \/>\n<meta property=\"product:availability\" content=\"instock\" \/>\n<meta property=\"product:condition\" content=\"new\" \/>\n<!-- \/ Yoast SEO Premium plugin. -->","yoast_head_json":{"title":"Zestaw: Dezodorant w kremie Ylang Ylang + Ma\u015b\u0107 CBD Salve 50 ml - Hemp King","description":"Zobacz \u261b Zestaw: Dezodorant w kremie Ylang Ylang + Ma\u015b\u0107 CBD Salve 50 ml w konopnym sklepie HempKing \u2705100% naturalne \u2705 Zadbaj z nami o swoj\u0105 diet\u0119!","canonical":"https:\/\/dev.hempking.eu\/pl\/naturalny-dezodorant-konopny-z-cbd-o-zapachu-wanilii-i-kwiatow-ylang-ylang\/","og_locale":"pl_PL","og_type":"article","og_title":"Zestaw: Dezodorant w kremie Ylang Ylang + Ma\u015b\u0107 CBD Salve 50 ml","og_description":"Zobacz \u261b Zestaw: Dezodorant w kremie Ylang Ylang + Ma\u015b\u0107 CBD Salve 50 ml w konopnym sklepie HempKing \u2705100% naturalne \u2705 Zadbaj z nami o swoj\u0105 diet\u0119!","og_url":"https:\/\/dev.hempking.eu\/pl\/naturalny-dezodorant-konopny-z-cbd-o-zapachu-wanilii-i-kwiatow-ylang-ylang\/","og_site_name":"Hemp King","article_publisher":"https:\/\/www.facebook.com\/hempkingpoland","article_modified_time":"2023-03-14T08:27:42+00:00","og_image":[{"width":1000,"height":1000,"url":"https:\/\/dev.hempking.eu\/pl\/wp-content\/uploads\/sites\/2\/2021\/12\/Projekt-bez-tytulu-11.png","type":"image\/png"}],"twitter_card":"summary_large_image","twitter_site":"@hempkingeu","twitter_misc":{"Price":"91.84&nbsp;&#122;&#322;","Availability":"In stock"},"schema":{"@context":"https:\/\/schema.org","@graph":[{"@type":"WebPage","@id":"https:\/\/dev.hempking.eu\/pl\/zestaw-dezodorant-w-kremie-ylang-ylang-masc-cbd-salve-50-ml\/","url":"https:\/\/dev.hempking.eu\/pl\/naturalny-dezodorant-konopny-z-cbd-o-zapachu-wanilii-i-kwiatow-ylang-ylang\/","name":"Zestaw: Dezodorant w kremie Ylang Ylang + Ma\u015b\u0107 CBD Salve 50 ml - Hemp King","isPartOf":{"@id":"https:\/\/dev.hempking.eu\/pl\/#website"},"primaryImageOfPage":{"@id":"https:\/\/dev.hempking.eu\/pl\/naturalny-dezodorant-konopny-z-cbd-o-zapachu-wanilii-i-kwiatow-ylang-ylang\/#primaryimage"},"image":{"@id":"https:\/\/dev.hempking.eu\/pl\/naturalny-dezodorant-konopny-z-cbd-o-zapachu-wanilii-i-kwiatow-ylang-ylang\/#primaryimage"},"thumbnailUrl":"https:\/\/dev.hempking.eu\/pl\/wp-content\/uploads\/sites\/2\/2021\/12\/Projekt-bez-tytulu-11.png","datePublished":"2021-12-01T14:09:34+00:00","dateModified":"2023-03-14T08:27:42+00:00","description":"Zobacz \u261b Zestaw: Dezodorant w kremie Ylang Ylang + Ma\u015b\u0107 CBD Salve 50 ml w konopnym sklepie HempKing \u2705100% naturalne \u2705 Zadbaj z nami o swoj\u0105 diet\u0119!","breadcrumb":{"@id":"https:\/\/dev.hempking.eu\/pl\/naturalny-dezodorant-konopny-z-cbd-o-zapachu-wanilii-i-kwiatow-ylang-ylang\/#breadcrumb"},"inLanguage":"pl-PL","potentialAction":[{"@type":"ReadAction","target":["https:\/\/dev.hempking.eu\/pl\/naturalny-dezodorant-konopny-z-cbd-o-zapachu-wanilii-i-kwiatow-ylang-ylang\/"]}]},{"@type":"ImageObject","inLanguage":"pl-PL","@id":"https:\/\/dev.hempking.eu\/pl\/naturalny-dezodorant-konopny-z-cbd-o-zapachu-wanilii-i-kwiatow-ylang-ylang\/#primaryimage","url":"https:\/\/dev.hempking.eu\/pl\/wp-content\/uploads\/sites\/2\/2021\/12\/Projekt-bez-tytulu-11.png","contentUrl":"https:\/\/dev.hempking.eu\/pl\/wp-content\/uploads\/sites\/2\/2021\/12\/Projekt-bez-tytulu-11.png","width":1000,"height":1000,"caption":"salve 50 ml i dezodorant ylang ylang"},{"@type":"BreadcrumbList","@id":"https:\/\/dev.hempking.eu\/pl\/naturalny-dezodorant-konopny-z-cbd-o-zapachu-wanilii-i-kwiatow-ylang-ylang\/#breadcrumb","itemListElement":[{"@type":"ListItem","position":1,"name":"Home","item":"https:\/\/dev.hempking.eu\/pl\/"},{"@type":"ListItem","position":2,"name":"Sklep","item":"https:\/\/dev.hempking.eu\/pl\/shop\/"},{"@type":"ListItem","position":3,"name":"Zestawy","item":"https:\/\/dev.hempking.eu\/pl\/zestawy\/"},{"@type":"ListItem","position":4,"name":"Zestaw: Dezodorant w kremie Ylang Ylang + Ma\u015b\u0107 CBD Salve 50 ml"}]},{"@type":"WebSite","@id":"https:\/\/dev.hempking.eu\/pl\/#website","url":"https:\/\/dev.hempking.eu\/pl\/","name":"Hemp King","description":"","publisher":{"@id":"https:\/\/dev.hempking.eu\/pl\/#organization"},"potentialAction":[{"@type":"SearchAction","target":{"@type":"EntryPoint","urlTemplate":"https:\/\/dev.hempking.eu\/pl\/?s={search_term_string}"},"query-input":{"@type":"PropertyValueSpecification","valueRequired":true,"valueName":"search_term_string"}}],"inLanguage":"pl-PL"},{"@type":"Organization","@id":"https:\/\/dev.hempking.eu\/pl\/#organization","name":"Hemp King","url":"https:\/\/dev.hempking.eu\/pl\/","logo":{"@type":"ImageObject","inLanguage":"pl-PL","@id":"https:\/\/dev.hempking.eu\/pl\/#\/schema\/logo\/image\/","url":"https:\/\/dev.hempking.eu\/pl\/wp-content\/uploads\/sites\/2\/2020\/05\/hempking.png","contentUrl":"https:\/\/dev.hempking.eu\/pl\/wp-content\/uploads\/sites\/2\/2020\/05\/hempking.png","width":148,"height":91,"caption":"Hemp King"},"image":{"@id":"https:\/\/dev.hempking.eu\/pl\/#\/schema\/logo\/image\/"},"sameAs":["https:\/\/www.facebook.com\/hempkingpoland","https:\/\/x.com\/hempkingeu","https:\/\/www.instagram.com\/hempkingeu\/","https:\/\/www.linkedin.com\/company\/hempking-eu\/mycompany\/","https:\/\/pl.pinterest.com\/hempkingeu\/","https:\/\/www.youtube.com\/channel\/UCUkeZA1fj4hSZfoYm0WpZ7w"]}]},"product_price_amount":"91.84","product_price_currency":"PLN","og_availability":"instock","product_availability":"instock","product_condition":"new"},"_links":{"self":[{"href":"https:\/\/dev.hempking.eu\/pl\/wp-json\/wp\/v2\/product\/82441","targetHints":{"allow":["GET"]}}],"collection":[{"href":"https:\/\/dev.hempking.eu\/pl\/wp-json\/wp\/v2\/product"}],"about":[{"href":"https:\/\/dev.hempking.eu\/pl\/wp-json\/wp\/v2\/types\/product"}],"wp:featuredmedia":[{"embeddable":true,"href":"https:\/\/dev.hempking.eu\/pl\/wp-json\/wp\/v2\/media\/114753"}],"wp:attachment":[{"href":"https:\/\/dev.hempking.eu\/pl\/wp-json\/wp\/v2\/media?parent=82441"}],"wp:term":[{"taxonomy":"product_cat","embeddable":true,"href":"https:\/\/dev.hempking.eu\/pl\/wp-json\/wp\/v2\/product_cat?post=82441"},{"taxonomy":"product_tag","embeddable":true,"href":"https:\/\/dev.hempking.eu\/pl\/wp-json\/wp\/v2\/product_tag?post=82441"}],"curies":[{"name":"wp","href":"https:\/\/api.w.org\/{rel}","templated":true}]}}