{"id":83416,"date":"2021-12-08T16:10:54","date_gmt":"2021-12-08T15:10:54","guid":{"rendered":"https:\/\/hempking.eu\/pl\/?post_type=product&#038;p=83416"},"modified":"2023-04-18T13:35:06","modified_gmt":"2023-04-18T11:35:06","slug":"witamina-d3-forte-z-lanoliny-w-kroplach-w-oleju-konopnym-30-ml","status":"publish","type":"product","link":"https:\/\/dev.hempking.eu\/pl\/witamina-d3-forte-z-lanoliny-w-kroplach-w-oleju-konopnym-30-ml\/","title":{"rendered":"Witamina D3 Forte z lanoliny w kroplach w bio oleju konopnym - 30 ml"},"content":{"rendered":"<h2 style=\"text-align: justify;\"><span style=\"font-weight: 400;\">Witamina D3 Forte z lanoliny w kroplach w bio oleju konopnym &#8211; 30 ml<\/span><\/h2>\n<p style=\"text-align: justify;\"><span style=\"font-weight: 400;\">Witamina D3 to jedna z najwa\u017cniejszych witamin w naszym \u017cyciu. Odpowiada za szereg proces\u00f3w zachodz\u0105cych w naszym organizmie, a jej niedobory s\u0105 do\u015b\u0107 mocno odczuwalne. Dodatkowo w naszym po\u0142o\u017ceniu geograficznym naturalnie pozyskiwa\u0107 j\u0105 ze s\u0142o\u0144ca mo\u017cemy tylko w okre\u015blonych dniach w roku, wy\u0142\u0105cznie po spe\u0142nieniu szeregu wymog\u00f3w. Na szcz\u0119\u015bcie mo\u017cemy j\u0105 dostarcza\u0107 sobie przy pomocy wysokiej jako\u015bci suplementu, jakim jest <\/span><b>witamina D3 w oleju<\/b><span style=\"font-weight: 400;\">!\u00a0<\/span><\/p>\n<p style=\"text-align: justify;\"><b>Witamina D3 w kroplach<\/b><span style=\"font-weight: 400;\"> to <\/span><b>naturalna witamina<\/b><span style=\"font-weight: 400;\"> pozyskiwana z lanoliny, jest odpowiednia dla wegetarian i bardzo wydajna. Dla dodatkowych w\u0142a\u015bciwo\u015bci i trwa\u0142o\u015bci, witamin\u0119 D3 z lanoliny rozpu\u015bcili\u015bmy w ekologicznym oleju konopnym, z dodatkiem naturalnej substancji konserwuj\u0105cej &#8211; witamin\u0105 E!\u00a0<\/span><\/p>\n<p style=\"text-align: justify;\"><span style=\"font-weight: 400;\">Ten produkt ma bardzo wysok\u0105 bioaktywno\u015b\u0107, czyli poziom wch\u0142aniania si\u0119 do organizmu. Dzi\u0119ki temu mo\u017cesz czerpa\u0107 z porcji tej naturalnej witaminy jak najwi\u0119cej si\u0119 da! To przemy\u015blana kompozycja wysokiej jako\u015bci naturalnych sk\u0142adnik\u00f3w, kt\u00f3ra szybko zyska\u0142a wierne grono u\u017cytkownik\u00f3w.\u00a0<\/span><\/p>\n<h2 style=\"text-align: justify;\"><span style=\"font-weight: 400;\">Dlaczego witamina D3 w oleju konopnym?<\/span><\/h2>\n<p style=\"text-align: justify;\"><b>Witamina D3 w kroplach <\/b><span style=\"font-weight: 400;\">to witamina, kt\u00f3r\u0105 rozpu\u015bcili\u015bmy w BIO oleju konopnym. Dlaczego? Poniewa\u017c dzi\u0119ki temu zyskuje kolejne w\u0142a\u015bciwo\u015bci, a jej wch\u0142anianie si\u0119 zwi\u0119ksza! Witamina D3 to witamina rozpuszczalna w t\u0142uszczach, zatem powinno spo\u017cywa\u0107 si\u0119 j\u0105 wraz ze zdrowymi t\u0142uszczami. Jednym z takich zdrowych t\u0142uszczy jest w\u0142a\u015bnie olej konopny, kt\u00f3ry zawiera w \u015bwietnych proporcjach kwasy t\u0142uszczowe omega-3 i omega-6 &#8211; niezb\u0119dne nienasycone kwasy t\u0142uszczowe, kt\u00f3rych nasz organizm potrzebuje do prawid\u0142owego funkcjonowania!\u00a0<\/span><\/p>\n<h2 style=\"text-align: justify;\">Kto poleca witamin\u0119 D3 forte w oleju konopnym HempKing?<\/h2>\n<p style=\"text-align: justify;\">Polecaj\u0105 nas:<\/p>\n<p style=\"text-align: justify;\"><a href=\"https:\/\/www.instagram.com\/jemyzglowa\/\">@jemyzglowa<\/a><br \/>\n<a href=\"https:\/\/www.instagram.com\/p\/Cbpt9HfsLk9\/\">https:\/\/www.instagram.com\/p\/Cbpt9HfsLk9\/<\/a><\/p>\n<p style=\"text-align: justify;\"><a href=\"https:\/\/www.instagram.com\/madzik_86_\/\">@madzik_86_<\/a><br \/>\n<a href=\"https:\/\/www.instagram.com\/p\/CberrU0jCLz\/\">https:\/\/www.instagram.com\/p\/CberrU0jCLz\/<\/a><\/p>\n<p style=\"text-align: justify;\"><a href=\"https:\/\/www.instagram.com\/marluu98\/\">@marluu98<\/a><br \/>\n<a href=\"https:\/\/www.instagram.com\/p\/CbazJgrMhBL\/\">https:\/\/www.instagram.com\/p\/CbazJgrMhBL\/<\/a><\/p>\n<p style=\"text-align: justify;\"><a href=\"https:\/\/dev.hempking.eu\/pl\/wp-content\/uploads\/sites\/2\/2020\/07\/warunki4.jpg\"><img loading=\"lazy\" decoding=\"async\" class=\"alignnone wp-image-101812 size-full\" src=\"https:\/\/dev.hempking.eu\/pl\/wp-content\/uploads\/sites\/2\/2020\/07\/warunki4.jpg\" alt=\"o\u015bwiadczenia w UE\" width=\"755\" height=\"353\" srcset=\"https:\/\/dev.hempking.eu\/pl\/wp-content\/uploads\/sites\/2\/2020\/07\/warunki4.jpg 755w, https:\/\/dev.hempking.eu\/pl\/wp-content\/uploads\/sites\/2\/2020\/07\/warunki4-640x299.jpg 640w, https:\/\/dev.hempking.eu\/pl\/wp-content\/uploads\/sites\/2\/2020\/07\/warunki4-400x187.jpg 400w\" sizes=\"auto, (max-width: 755px) 100vw, 755px\" \/><\/a><\/p>\n","protected":false},"excerpt":{"rendered":"<h2><b>Witamina D3 Forte z lanoliny:\u00a0<\/b><\/h2>\n<ul>\n<li style=\"font-weight: 400;\"><span style=\"font-weight: 400;\">1 porcja zawiera 2000 IU naturalnej witaminy D3\u00a0<\/span><\/li>\n<li style=\"font-weight: 400;\"><span style=\"font-weight: 400;\">opakowanie zawiera 600 porcji<\/span><\/li>\n<li style=\"font-weight: 400;\"><span style=\"font-weight: 400;\">rozpuszczona w organicznym oleju konopnym dla lepszego przyswajania i dodatkowych w\u0142a\u015bciwo\u015bci\u00a0<\/span><\/li>\n<li style=\"font-weight: 400;\"><span style=\"font-weight: 400;\">bezglutenowa, bez laktozy, bez barwnik\u00f3w i sztucznych konserwant\u00f3w<\/span><\/li>\n<li style=\"font-weight: 400;\"><span style=\"font-weight: 400;\">odpowiednia dla wegetarian<\/span><\/li>\n<\/ul>\n<p>&nbsp;<\/p>\n<p>&nbsp;<\/p>\n<p><b>Pojemno\u015b\u0107: 30 ml<\/b><\/p>\n","protected":false},"featured_media":91780,"template":"","meta":{"_acf_changed":false},"product_cat":[408,96,116],"product_tag":[],"class_list":{"0":"post-83416","1":"product","2":"type-product","3":"status-publish","4":"has-post-thumbnail","6":"product_cat-witaminy","7":"product_cat-suplementy","8":"product_cat-witaminy-w-oleju-konopnym","10":"first","11":"instock","12":"shipping-taxable","13":"purchasable","14":"product-type-simple"},"acf":[],"yoast_head":"<!-- This site is optimized with the Yoast SEO Premium plugin v23.4 (Yoast SEO v24.0) - https:\/\/yoast.com\/wordpress\/plugins\/seo\/ -->\n<title>Witamina D3 z lanolin\u0105 w oleju konopnym HempKing<\/title>\n<meta name=\"description\" content=\"Witamina D3 w oleju konopnym. Naturalne wsparcie odporno\u015bci i regeneracji!\u00a0 Zadbaj z nami o swoj\u0105 diet\u0119! Kup teraz na hempking.eu!\" \/>\n<link rel=\"canonical\" href=\"https:\/\/dev.hempking.eu\/pl\/witamina-d3-forte-z-lanoliny-w-kroplach-w-oleju-konopnym-30-ml\/\" \/>\n<meta property=\"og:locale\" content=\"pl_PL\" \/>\n<meta property=\"og:type\" content=\"article\" \/>\n<meta property=\"og:title\" content=\"Witamina D3 Forte z lanoliny w kroplach w bio oleju konopnym - 30 ml\" \/>\n<meta property=\"og:description\" content=\"Witamina D3 w oleju konopnym. Naturalne wsparcie odporno\u015bci i regeneracji!\u00a0 Zadbaj z nami o swoj\u0105 diet\u0119! Kup teraz na hempking.eu!\" \/>\n<meta property=\"og:url\" content=\"https:\/\/dev.hempking.eu\/pl\/witamina-d3-forte-z-lanoliny-w-kroplach-w-oleju-konopnym-30-ml\/\" \/>\n<meta property=\"og:site_name\" content=\"Hemp King\" \/>\n<meta property=\"article:publisher\" content=\"https:\/\/www.facebook.com\/hempkingpoland\" \/>\n<meta property=\"article:modified_time\" content=\"2023-04-18T11:35:06+00:00\" \/>\n<meta property=\"og:image\" content=\"https:\/\/dev.hempking.eu\/pl\/wp-content\/uploads\/sites\/2\/2021\/12\/olejek_witaminy_d3.jpg\" \/>\n\t<meta property=\"og:image:width\" content=\"1000\" \/>\n\t<meta property=\"og:image:height\" content=\"1000\" \/>\n\t<meta property=\"og:image:type\" content=\"image\/jpeg\" \/>\n<meta name=\"twitter:card\" content=\"summary_large_image\" \/>\n<meta name=\"twitter:site\" content=\"@hempkingeu\" \/>\n<meta name=\"twitter:label1\" content=\"Price\" \/>\n\t<meta name=\"twitter:data1\" content=\"30.90&nbsp;&#122;&#322;\" \/>\n\t<meta name=\"twitter:label2\" content=\"Availability\" \/>\n\t<meta name=\"twitter:data2\" content=\"In stock\" \/>\n<script type=\"application\/ld+json\" class=\"yoast-schema-graph\">{\"@context\":\"https:\/\/schema.org\",\"@graph\":[{\"@type\":\"WebPage\",\"@id\":\"https:\/\/dev.hempking.eu\/pl\/witamina-d3-forte-z-lanoliny-w-kroplach-w-oleju-konopnym-30-ml\/\",\"url\":\"https:\/\/dev.hempking.eu\/pl\/witamina-d3-forte-z-lanoliny-w-kroplach-w-oleju-konopnym-30-ml\/\",\"name\":\"Witamina D3 z lanolin\u0105 w oleju konopnym HempKing\",\"isPartOf\":{\"@id\":\"https:\/\/dev.hempking.eu\/pl\/#website\"},\"primaryImageOfPage\":{\"@id\":\"https:\/\/dev.hempking.eu\/pl\/witamina-d3-forte-z-lanoliny-w-kroplach-w-oleju-konopnym-30-ml\/#primaryimage\"},\"image\":{\"@id\":\"https:\/\/dev.hempking.eu\/pl\/witamina-d3-forte-z-lanoliny-w-kroplach-w-oleju-konopnym-30-ml\/#primaryimage\"},\"thumbnailUrl\":\"https:\/\/dev.hempking.eu\/pl\/wp-content\/uploads\/sites\/2\/2021\/12\/olejek_witaminy_d3.jpg\",\"datePublished\":\"2021-12-08T15:10:54+00:00\",\"dateModified\":\"2023-04-18T11:35:06+00:00\",\"description\":\"Witamina D3 w oleju konopnym. Naturalne wsparcie odporno\u015bci i regeneracji!\u00a0 Zadbaj z nami o swoj\u0105 diet\u0119! Kup teraz na hempking.eu!\",\"breadcrumb\":{\"@id\":\"https:\/\/dev.hempking.eu\/pl\/witamina-d3-forte-z-lanoliny-w-kroplach-w-oleju-konopnym-30-ml\/#breadcrumb\"},\"inLanguage\":\"pl-PL\",\"potentialAction\":[{\"@type\":\"ReadAction\",\"target\":[\"https:\/\/dev.hempking.eu\/pl\/witamina-d3-forte-z-lanoliny-w-kroplach-w-oleju-konopnym-30-ml\/\"]}]},{\"@type\":\"ImageObject\",\"inLanguage\":\"pl-PL\",\"@id\":\"https:\/\/dev.hempking.eu\/pl\/witamina-d3-forte-z-lanoliny-w-kroplach-w-oleju-konopnym-30-ml\/#primaryimage\",\"url\":\"https:\/\/dev.hempking.eu\/pl\/wp-content\/uploads\/sites\/2\/2021\/12\/olejek_witaminy_d3.jpg\",\"contentUrl\":\"https:\/\/dev.hempking.eu\/pl\/wp-content\/uploads\/sites\/2\/2021\/12\/olejek_witaminy_d3.jpg\",\"width\":1000,\"height\":1000,\"caption\":\"witamina D3 forte w oleju konopnym 4000 UI\"},{\"@type\":\"BreadcrumbList\",\"@id\":\"https:\/\/dev.hempking.eu\/pl\/witamina-d3-forte-z-lanoliny-w-kroplach-w-oleju-konopnym-30-ml\/#breadcrumb\",\"itemListElement\":[{\"@type\":\"ListItem\",\"position\":1,\"name\":\"Home\",\"item\":\"https:\/\/dev.hempking.eu\/pl\/\"},{\"@type\":\"ListItem\",\"position\":2,\"name\":\"Sklep\",\"item\":\"https:\/\/dev.hempking.eu\/pl\/shop\/\"},{\"@type\":\"ListItem\",\"position\":3,\"name\":\"Suplementy\",\"item\":\"https:\/\/dev.hempking.eu\/pl\/suplementy\/\"},{\"@type\":\"ListItem\",\"position\":4,\"name\":\"Witaminy\",\"item\":\"https:\/\/dev.hempking.eu\/pl\/witaminy\/\"},{\"@type\":\"ListItem\",\"position\":5,\"name\":\"Witamina D3 Forte z lanoliny w kroplach w bio oleju konopnym - 30 ml\"}]},{\"@type\":\"WebSite\",\"@id\":\"https:\/\/dev.hempking.eu\/pl\/#website\",\"url\":\"https:\/\/dev.hempking.eu\/pl\/\",\"name\":\"Hemp King\",\"description\":\"\",\"publisher\":{\"@id\":\"https:\/\/dev.hempking.eu\/pl\/#organization\"},\"potentialAction\":[{\"@type\":\"SearchAction\",\"target\":{\"@type\":\"EntryPoint\",\"urlTemplate\":\"https:\/\/dev.hempking.eu\/pl\/?s={search_term_string}\"},\"query-input\":{\"@type\":\"PropertyValueSpecification\",\"valueRequired\":true,\"valueName\":\"search_term_string\"}}],\"inLanguage\":\"pl-PL\"},{\"@type\":\"Organization\",\"@id\":\"https:\/\/dev.hempking.eu\/pl\/#organization\",\"name\":\"Hemp King\",\"url\":\"https:\/\/dev.hempking.eu\/pl\/\",\"logo\":{\"@type\":\"ImageObject\",\"inLanguage\":\"pl-PL\",\"@id\":\"https:\/\/dev.hempking.eu\/pl\/#\/schema\/logo\/image\/\",\"url\":\"https:\/\/dev.hempking.eu\/pl\/wp-content\/uploads\/sites\/2\/2020\/05\/hempking.png\",\"contentUrl\":\"https:\/\/dev.hempking.eu\/pl\/wp-content\/uploads\/sites\/2\/2020\/05\/hempking.png\",\"width\":148,\"height\":91,\"caption\":\"Hemp King\"},\"image\":{\"@id\":\"https:\/\/dev.hempking.eu\/pl\/#\/schema\/logo\/image\/\"},\"sameAs\":[\"https:\/\/www.facebook.com\/hempkingpoland\",\"https:\/\/x.com\/hempkingeu\",\"https:\/\/www.instagram.com\/hempkingeu\/\",\"https:\/\/www.linkedin.com\/company\/hempking-eu\/mycompany\/\",\"https:\/\/pl.pinterest.com\/hempkingeu\/\",\"https:\/\/www.youtube.com\/channel\/UCUkeZA1fj4hSZfoYm0WpZ7w\"]}]}<\/script>\n<meta property=\"product:price:amount\" content=\"30.90\" \/>\n<meta property=\"product:price:currency\" content=\"PLN\" \/>\n<meta property=\"og:availability\" content=\"instock\" \/>\n<meta property=\"product:availability\" content=\"instock\" \/>\n<meta property=\"product:condition\" content=\"new\" \/>\n<!-- \/ Yoast SEO Premium plugin. -->","yoast_head_json":{"title":"Witamina D3 z lanolin\u0105 w oleju konopnym HempKing","description":"Witamina D3 w oleju konopnym. Naturalne wsparcie odporno\u015bci i regeneracji!\u00a0 Zadbaj z nami o swoj\u0105 diet\u0119! Kup teraz na hempking.eu!","canonical":"https:\/\/dev.hempking.eu\/pl\/witamina-d3-forte-z-lanoliny-w-kroplach-w-oleju-konopnym-30-ml\/","og_locale":"pl_PL","og_type":"article","og_title":"Witamina D3 Forte z lanoliny w kroplach w bio oleju konopnym - 30 ml","og_description":"Witamina D3 w oleju konopnym. Naturalne wsparcie odporno\u015bci i regeneracji!\u00a0 Zadbaj z nami o swoj\u0105 diet\u0119! Kup teraz na hempking.eu!","og_url":"https:\/\/dev.hempking.eu\/pl\/witamina-d3-forte-z-lanoliny-w-kroplach-w-oleju-konopnym-30-ml\/","og_site_name":"Hemp King","article_publisher":"https:\/\/www.facebook.com\/hempkingpoland","article_modified_time":"2023-04-18T11:35:06+00:00","og_image":[{"width":1000,"height":1000,"url":"https:\/\/dev.hempking.eu\/pl\/wp-content\/uploads\/sites\/2\/2021\/12\/olejek_witaminy_d3.jpg","type":"image\/jpeg"}],"twitter_card":"summary_large_image","twitter_site":"@hempkingeu","twitter_misc":{"Price":"30.90&nbsp;&#122;&#322;","Availability":"In stock"},"schema":{"@context":"https:\/\/schema.org","@graph":[{"@type":"WebPage","@id":"https:\/\/dev.hempking.eu\/pl\/witamina-d3-forte-z-lanoliny-w-kroplach-w-oleju-konopnym-30-ml\/","url":"https:\/\/dev.hempking.eu\/pl\/witamina-d3-forte-z-lanoliny-w-kroplach-w-oleju-konopnym-30-ml\/","name":"Witamina D3 z lanolin\u0105 w oleju konopnym HempKing","isPartOf":{"@id":"https:\/\/dev.hempking.eu\/pl\/#website"},"primaryImageOfPage":{"@id":"https:\/\/dev.hempking.eu\/pl\/witamina-d3-forte-z-lanoliny-w-kroplach-w-oleju-konopnym-30-ml\/#primaryimage"},"image":{"@id":"https:\/\/dev.hempking.eu\/pl\/witamina-d3-forte-z-lanoliny-w-kroplach-w-oleju-konopnym-30-ml\/#primaryimage"},"thumbnailUrl":"https:\/\/dev.hempking.eu\/pl\/wp-content\/uploads\/sites\/2\/2021\/12\/olejek_witaminy_d3.jpg","datePublished":"2021-12-08T15:10:54+00:00","dateModified":"2023-04-18T11:35:06+00:00","description":"Witamina D3 w oleju konopnym. Naturalne wsparcie odporno\u015bci i regeneracji!\u00a0 Zadbaj z nami o swoj\u0105 diet\u0119! Kup teraz na hempking.eu!","breadcrumb":{"@id":"https:\/\/dev.hempking.eu\/pl\/witamina-d3-forte-z-lanoliny-w-kroplach-w-oleju-konopnym-30-ml\/#breadcrumb"},"inLanguage":"pl-PL","potentialAction":[{"@type":"ReadAction","target":["https:\/\/dev.hempking.eu\/pl\/witamina-d3-forte-z-lanoliny-w-kroplach-w-oleju-konopnym-30-ml\/"]}]},{"@type":"ImageObject","inLanguage":"pl-PL","@id":"https:\/\/dev.hempking.eu\/pl\/witamina-d3-forte-z-lanoliny-w-kroplach-w-oleju-konopnym-30-ml\/#primaryimage","url":"https:\/\/dev.hempking.eu\/pl\/wp-content\/uploads\/sites\/2\/2021\/12\/olejek_witaminy_d3.jpg","contentUrl":"https:\/\/dev.hempking.eu\/pl\/wp-content\/uploads\/sites\/2\/2021\/12\/olejek_witaminy_d3.jpg","width":1000,"height":1000,"caption":"witamina D3 forte w oleju konopnym 4000 UI"},{"@type":"BreadcrumbList","@id":"https:\/\/dev.hempking.eu\/pl\/witamina-d3-forte-z-lanoliny-w-kroplach-w-oleju-konopnym-30-ml\/#breadcrumb","itemListElement":[{"@type":"ListItem","position":1,"name":"Home","item":"https:\/\/dev.hempking.eu\/pl\/"},{"@type":"ListItem","position":2,"name":"Sklep","item":"https:\/\/dev.hempking.eu\/pl\/shop\/"},{"@type":"ListItem","position":3,"name":"Suplementy","item":"https:\/\/dev.hempking.eu\/pl\/suplementy\/"},{"@type":"ListItem","position":4,"name":"Witaminy","item":"https:\/\/dev.hempking.eu\/pl\/witaminy\/"},{"@type":"ListItem","position":5,"name":"Witamina D3 Forte z lanoliny w kroplach w bio oleju konopnym - 30 ml"}]},{"@type":"WebSite","@id":"https:\/\/dev.hempking.eu\/pl\/#website","url":"https:\/\/dev.hempking.eu\/pl\/","name":"Hemp King","description":"","publisher":{"@id":"https:\/\/dev.hempking.eu\/pl\/#organization"},"potentialAction":[{"@type":"SearchAction","target":{"@type":"EntryPoint","urlTemplate":"https:\/\/dev.hempking.eu\/pl\/?s={search_term_string}"},"query-input":{"@type":"PropertyValueSpecification","valueRequired":true,"valueName":"search_term_string"}}],"inLanguage":"pl-PL"},{"@type":"Organization","@id":"https:\/\/dev.hempking.eu\/pl\/#organization","name":"Hemp King","url":"https:\/\/dev.hempking.eu\/pl\/","logo":{"@type":"ImageObject","inLanguage":"pl-PL","@id":"https:\/\/dev.hempking.eu\/pl\/#\/schema\/logo\/image\/","url":"https:\/\/dev.hempking.eu\/pl\/wp-content\/uploads\/sites\/2\/2020\/05\/hempking.png","contentUrl":"https:\/\/dev.hempking.eu\/pl\/wp-content\/uploads\/sites\/2\/2020\/05\/hempking.png","width":148,"height":91,"caption":"Hemp King"},"image":{"@id":"https:\/\/dev.hempking.eu\/pl\/#\/schema\/logo\/image\/"},"sameAs":["https:\/\/www.facebook.com\/hempkingpoland","https:\/\/x.com\/hempkingeu","https:\/\/www.instagram.com\/hempkingeu\/","https:\/\/www.linkedin.com\/company\/hempking-eu\/mycompany\/","https:\/\/pl.pinterest.com\/hempkingeu\/","https:\/\/www.youtube.com\/channel\/UCUkeZA1fj4hSZfoYm0WpZ7w"]}]},"product_price_amount":"30.90","product_price_currency":"PLN","og_availability":"instock","product_availability":"instock","product_condition":"new"},"_links":{"self":[{"href":"https:\/\/dev.hempking.eu\/pl\/wp-json\/wp\/v2\/product\/83416","targetHints":{"allow":["GET"]}}],"collection":[{"href":"https:\/\/dev.hempking.eu\/pl\/wp-json\/wp\/v2\/product"}],"about":[{"href":"https:\/\/dev.hempking.eu\/pl\/wp-json\/wp\/v2\/types\/product"}],"wp:featuredmedia":[{"embeddable":true,"href":"https:\/\/dev.hempking.eu\/pl\/wp-json\/wp\/v2\/media\/91780"}],"wp:attachment":[{"href":"https:\/\/dev.hempking.eu\/pl\/wp-json\/wp\/v2\/media?parent=83416"}],"wp:term":[{"taxonomy":"product_cat","embeddable":true,"href":"https:\/\/dev.hempking.eu\/pl\/wp-json\/wp\/v2\/product_cat?post=83416"},{"taxonomy":"product_tag","embeddable":true,"href":"https:\/\/dev.hempking.eu\/pl\/wp-json\/wp\/v2\/product_tag?post=83416"}],"curies":[{"name":"wp","href":"https:\/\/api.w.org\/{rel}","templated":true}]}}