{"id":83424,"date":"2021-12-08T16:31:14","date_gmt":"2021-12-08T15:31:14","guid":{"rendered":"https:\/\/hempking.eu\/pl\/?post_type=product&#038;p=83424"},"modified":"2023-04-18T13:35:30","modified_gmt":"2023-04-18T11:35:30","slug":"witamina-d3-k2-mk7-w-kroplach-w-oleju-konopnym-30-ml","status":"publish","type":"product","link":"https:\/\/dev.hempking.eu\/pl\/witamina-d3-k2-mk7-w-kroplach-w-oleju-konopnym-30-ml\/","title":{"rendered":"Witamina D3 + K2 MK7 w kroplach w bio oleju konopnym - 30 ml HempKing"},"content":{"rendered":"<h2 style=\"text-align: justify;\"><span style=\"font-weight: 400;\">Witamina D3 + K2 MK7 w kroplach w bio oleju konopnym &#8211; 30 ml<\/span><\/h2>\n<p style=\"text-align: justify;\"><span style=\"font-weight: 400;\">Duo witaminowe, kt\u00f3re jest nieroz\u0142\u0105czne. Mowa o naturalnej witaminie D3 z lanoliny oraz witaminie K2, w opatentowanej formule VitaMK7\u00ae firmy Gnosis S.p.A. <\/span><b>Wit D3 K2<\/b><span style=\"font-weight: 400;\"> to jedna z najpopularniejszych witamin na rynku, bardzo cz\u0119sto suplementowana. Dlatego warto postawi\u0107 w tym wypadku na wysok\u0105 jako\u015b\u0107, naturalne sk\u0142adniki i du\u017c\u0105 biodost\u0119pno\u015b\u0107, czyli wch\u0142anianie. Tym w\u0142a\u015bnie odznacza si\u0119 nasza <\/span><b>witamina D3 plus K2. <\/b><span style=\"font-weight: 400;\">Zastosowana witamina K2 jest w formie K2 MK7 &#8211; VitaMK7\u00ae. To przebadana bardzo wysoko przyswajalna formu\u0142a ten witaminy, kt\u00f3ra powstaje w trakcie naturalnej fermentacji soi &#8211; tzw. Natto. To tradycyjne danie japo\u0144skie. Z kolei witamina D3, kt\u00f3rej u\u017cyli\u015bmy, to naturalna forma tej witaminy, powstaj\u0105ca z lanoliny. Lanolina to naturalna substancja wydzielana przez gruczo\u0142y na sk\u00f3rze owiec, znajduj\u0105ca si\u0119 na ich we\u0142nie. To substancja przypominaj\u0105ca wosk. Jest naturalnym \u017ar\u00f3d\u0142em niezb\u0119dnej nam witaminy D3!\u00a0<\/span><\/p>\n<p style=\"text-align: justify;\"><b>Witamina D3 + K2 <\/b><span style=\"font-weight: 400;\">w kroplach, to wydajny produkt, kt\u00f3ry pomo\u017ce Ci w utrzymaniu prawid\u0142owego poziomu witaminy D3 we krwi. Witamina D3 to przede wszystkim wsparcie Twojej naturalnej odporno\u015bci, ale tak\u017ce szereg korzy\u015bci wspieraj\u0105cych prawid\u0142owe dzia\u0142anie organizmu, dobre samopoczucie i profilaktyka wielu chor\u00f3b!<\/span><\/p>\n<p style=\"text-align: justify;\"><span style=\"font-weight: 400;\">Je\u015bli szukasz <\/span><b>wit D3 K2<\/b><span style=\"font-weight: 400;\"> to jeste\u015b w odpowiednim miejscu, by kupi\u0107 jej bioaktywn\u0105 naturaln\u0105 wersj\u0119 o czystym sk\u0142adzie, bez glutenu, laktozy i zb\u0119dnych dodatk\u00f3w, wspart\u0105 w\u0142a\u015bciwo\u015bciami oleju konopnego! Dlaczego wybrali\u015bmy w\u0142a\u015bnie ten olej?<\/span><\/p>\n<h2 style=\"text-align: justify;\"><span style=\"font-weight: 400;\">Dlaczego witaminy rozpu\u015bcili\u015bmy w oleju konopnym?<\/span><\/h2>\n<p style=\"text-align: justify;\"><span style=\"font-weight: 400;\">Olej konopny to jeden ze sk\u0142adnik\u00f3w, kt\u00f3ry przewija si\u0119 prawie w ka\u017cdym produkcie naszej marki Hempking. Ma szereg cennych w\u0142a\u015bciwo\u015bci, o kt\u00f3rych mo\u017cesz przeczyta\u0107 poni\u017cej. To wszystko za spraw\u0105 swojego sk\u0142adu. Zawiera cenne kwasy omega-3 i omega-6 w idealnych dla ludzkiego organizmu proporcjach. Dzi\u0119ki temu jest niezwykle cennym dodatkiem do ka\u017cdej zbilansowanej diety i jest w stanie sprawi\u0107, \u017ce spo\u017cywane produkty nabieraj\u0105 nie tylko wyj\u0105tkowego smaku, ale tak\u017ce zyskuj\u0105 dodatkowe dzia\u0142anie na korzy\u015b\u0107 naszego samopoczucia! <\/span><\/p>\n","protected":false},"excerpt":{"rendered":"<h2><b>Witamina D3+K2MK7:<\/b><\/h2>\n<ul>\n<li style=\"font-weight: 400;\" aria-level=\"1\"><span style=\"font-weight: 400;\">opatentowana forma VitaMK7<\/span><span style=\"font-weight: 400;\">\u00ae<\/span><\/li>\n<li style=\"font-weight: 400;\" aria-level=\"1\"><span style=\"font-weight: 400;\">produkt bezpieczny dla wegetarian<\/span><\/li>\n<li style=\"font-weight: 400;\" aria-level=\"1\"><span style=\"font-weight: 400;\">nie zawiera glutenu, laktozy ani sztucznych sk\u0142adnik\u00f3w<\/span><\/li>\n<li style=\"font-weight: 400;\" aria-level=\"1\"><span style=\"font-weight: 400;\">100% natury<\/span><\/li>\n<li style=\"font-weight: 400;\" aria-level=\"1\"><span style=\"font-weight: 400;\">600 porcji w butelce (120 dni u\u017cywania)<\/span><\/li>\n<\/ul>\n<p><b>Pojemno\u015b\u0107: 30 ml<\/b><\/p>\n","protected":false},"featured_media":91782,"template":"","meta":{"_acf_changed":false},"product_cat":[408,96,116],"product_tag":[],"class_list":{"0":"post-83424","1":"product","2":"type-product","3":"status-publish","4":"has-post-thumbnail","6":"product_cat-witaminy","7":"product_cat-suplementy","8":"product_cat-witaminy-w-oleju-konopnym","10":"first","11":"instock","12":"shipping-taxable","13":"purchasable","14":"product-type-simple"},"acf":[],"yoast_head":"<!-- This site is optimized with the Yoast SEO Premium plugin v23.4 (Yoast SEO v24.0) - https:\/\/yoast.com\/wordpress\/plugins\/seo\/ -->\n<title>Witamina D3 + K2 MK7 w oleju konopnym 30 ml - HempKing<\/title>\n<meta name=\"description\" content=\"Witamina D3 + K2 MK7 w kroplach w oleju konopnym. Buteleczka zawiera a\u017c 600 sugerowanych dziennych porcji suplementu. Sprawd\u017a teraz!\" \/>\n<link rel=\"canonical\" href=\"https:\/\/dev.hempking.eu\/pl\/witamina-d3-k2-mk7-w-kroplach-w-oleju-konopnym-30-ml\/\" \/>\n<meta property=\"og:locale\" content=\"pl_PL\" \/>\n<meta property=\"og:type\" content=\"article\" \/>\n<meta property=\"og:title\" content=\"Witamina D3 + K2 MK7 w kroplach w bio oleju konopnym - 30 ml HempKing\" \/>\n<meta property=\"og:description\" content=\"Witamina D3 + K2 MK7 w kroplach w oleju konopnym. Buteleczka zawiera a\u017c 600 sugerowanych dziennych porcji suplementu. Sprawd\u017a teraz!\" \/>\n<meta property=\"og:url\" content=\"https:\/\/dev.hempking.eu\/pl\/witamina-d3-k2-mk7-w-kroplach-w-oleju-konopnym-30-ml\/\" \/>\n<meta property=\"og:site_name\" content=\"Hemp King\" \/>\n<meta property=\"article:publisher\" content=\"https:\/\/www.facebook.com\/hempkingpoland\" \/>\n<meta property=\"article:modified_time\" content=\"2023-04-18T11:35:30+00:00\" \/>\n<meta property=\"og:image\" content=\"https:\/\/dev.hempking.eu\/pl\/wp-content\/uploads\/sites\/2\/2021\/12\/olejek_witaminy_d3_k2mk7.jpg\" \/>\n\t<meta property=\"og:image:width\" content=\"1000\" \/>\n\t<meta property=\"og:image:height\" content=\"1000\" \/>\n\t<meta property=\"og:image:type\" content=\"image\/jpeg\" \/>\n<meta name=\"twitter:card\" content=\"summary_large_image\" \/>\n<meta name=\"twitter:site\" content=\"@hempkingeu\" \/>\n<meta name=\"twitter:label1\" content=\"Price\" \/>\n\t<meta name=\"twitter:data1\" content=\"64.90&nbsp;&#122;&#322;\" \/>\n\t<meta name=\"twitter:label2\" content=\"Availability\" \/>\n\t<meta name=\"twitter:data2\" content=\"In stock\" \/>\n<script type=\"application\/ld+json\" class=\"yoast-schema-graph\">{\"@context\":\"https:\/\/schema.org\",\"@graph\":[{\"@type\":\"WebPage\",\"@id\":\"https:\/\/dev.hempking.eu\/pl\/witamina-d3-k2-mk7-w-kroplach-w-oleju-konopnym-30-ml\/\",\"url\":\"https:\/\/dev.hempking.eu\/pl\/witamina-d3-k2-mk7-w-kroplach-w-oleju-konopnym-30-ml\/\",\"name\":\"Witamina D3 + K2 MK7 w oleju konopnym 30 ml - HempKing\",\"isPartOf\":{\"@id\":\"https:\/\/dev.hempking.eu\/pl\/#website\"},\"primaryImageOfPage\":{\"@id\":\"https:\/\/dev.hempking.eu\/pl\/witamina-d3-k2-mk7-w-kroplach-w-oleju-konopnym-30-ml\/#primaryimage\"},\"image\":{\"@id\":\"https:\/\/dev.hempking.eu\/pl\/witamina-d3-k2-mk7-w-kroplach-w-oleju-konopnym-30-ml\/#primaryimage\"},\"thumbnailUrl\":\"https:\/\/dev.hempking.eu\/pl\/wp-content\/uploads\/sites\/2\/2021\/12\/olejek_witaminy_d3_k2mk7.jpg\",\"datePublished\":\"2021-12-08T15:31:14+00:00\",\"dateModified\":\"2023-04-18T11:35:30+00:00\",\"description\":\"Witamina D3 + K2 MK7 w kroplach w oleju konopnym. Buteleczka zawiera a\u017c 600 sugerowanych dziennych porcji suplementu. Sprawd\u017a teraz!\",\"breadcrumb\":{\"@id\":\"https:\/\/dev.hempking.eu\/pl\/witamina-d3-k2-mk7-w-kroplach-w-oleju-konopnym-30-ml\/#breadcrumb\"},\"inLanguage\":\"pl-PL\",\"potentialAction\":[{\"@type\":\"ReadAction\",\"target\":[\"https:\/\/dev.hempking.eu\/pl\/witamina-d3-k2-mk7-w-kroplach-w-oleju-konopnym-30-ml\/\"]}]},{\"@type\":\"ImageObject\",\"inLanguage\":\"pl-PL\",\"@id\":\"https:\/\/dev.hempking.eu\/pl\/witamina-d3-k2-mk7-w-kroplach-w-oleju-konopnym-30-ml\/#primaryimage\",\"url\":\"https:\/\/dev.hempking.eu\/pl\/wp-content\/uploads\/sites\/2\/2021\/12\/olejek_witaminy_d3_k2mk7.jpg\",\"contentUrl\":\"https:\/\/dev.hempking.eu\/pl\/wp-content\/uploads\/sites\/2\/2021\/12\/olejek_witaminy_d3_k2mk7.jpg\",\"width\":1000,\"height\":1000,\"caption\":\"witamina D3, K2, Mk7 w oleju konopnym\"},{\"@type\":\"BreadcrumbList\",\"@id\":\"https:\/\/dev.hempking.eu\/pl\/witamina-d3-k2-mk7-w-kroplach-w-oleju-konopnym-30-ml\/#breadcrumb\",\"itemListElement\":[{\"@type\":\"ListItem\",\"position\":1,\"name\":\"Home\",\"item\":\"https:\/\/dev.hempking.eu\/pl\/\"},{\"@type\":\"ListItem\",\"position\":2,\"name\":\"Sklep\",\"item\":\"https:\/\/dev.hempking.eu\/pl\/shop\/\"},{\"@type\":\"ListItem\",\"position\":3,\"name\":\"Suplementy\",\"item\":\"https:\/\/dev.hempking.eu\/pl\/suplementy\/\"},{\"@type\":\"ListItem\",\"position\":4,\"name\":\"Witaminy\",\"item\":\"https:\/\/dev.hempking.eu\/pl\/witaminy\/\"},{\"@type\":\"ListItem\",\"position\":5,\"name\":\"Witamina D3 + K2 MK7 w kroplach w bio oleju konopnym - 30 ml HempKing\"}]},{\"@type\":\"WebSite\",\"@id\":\"https:\/\/dev.hempking.eu\/pl\/#website\",\"url\":\"https:\/\/dev.hempking.eu\/pl\/\",\"name\":\"Hemp King\",\"description\":\"\",\"publisher\":{\"@id\":\"https:\/\/dev.hempking.eu\/pl\/#organization\"},\"potentialAction\":[{\"@type\":\"SearchAction\",\"target\":{\"@type\":\"EntryPoint\",\"urlTemplate\":\"https:\/\/dev.hempking.eu\/pl\/?s={search_term_string}\"},\"query-input\":{\"@type\":\"PropertyValueSpecification\",\"valueRequired\":true,\"valueName\":\"search_term_string\"}}],\"inLanguage\":\"pl-PL\"},{\"@type\":\"Organization\",\"@id\":\"https:\/\/dev.hempking.eu\/pl\/#organization\",\"name\":\"Hemp King\",\"url\":\"https:\/\/dev.hempking.eu\/pl\/\",\"logo\":{\"@type\":\"ImageObject\",\"inLanguage\":\"pl-PL\",\"@id\":\"https:\/\/dev.hempking.eu\/pl\/#\/schema\/logo\/image\/\",\"url\":\"https:\/\/dev.hempking.eu\/pl\/wp-content\/uploads\/sites\/2\/2020\/05\/hempking.png\",\"contentUrl\":\"https:\/\/dev.hempking.eu\/pl\/wp-content\/uploads\/sites\/2\/2020\/05\/hempking.png\",\"width\":148,\"height\":91,\"caption\":\"Hemp King\"},\"image\":{\"@id\":\"https:\/\/dev.hempking.eu\/pl\/#\/schema\/logo\/image\/\"},\"sameAs\":[\"https:\/\/www.facebook.com\/hempkingpoland\",\"https:\/\/x.com\/hempkingeu\",\"https:\/\/www.instagram.com\/hempkingeu\/\",\"https:\/\/www.linkedin.com\/company\/hempking-eu\/mycompany\/\",\"https:\/\/pl.pinterest.com\/hempkingeu\/\",\"https:\/\/www.youtube.com\/channel\/UCUkeZA1fj4hSZfoYm0WpZ7w\"]}]}<\/script>\n<meta property=\"product:price:amount\" content=\"64.90\" \/>\n<meta property=\"product:price:currency\" content=\"PLN\" \/>\n<meta property=\"og:availability\" content=\"instock\" \/>\n<meta property=\"product:availability\" content=\"instock\" \/>\n<meta property=\"product:condition\" content=\"new\" \/>\n<!-- \/ Yoast SEO Premium plugin. -->","yoast_head_json":{"title":"Witamina D3 + K2 MK7 w oleju konopnym 30 ml - HempKing","description":"Witamina D3 + K2 MK7 w kroplach w oleju konopnym. Buteleczka zawiera a\u017c 600 sugerowanych dziennych porcji suplementu. Sprawd\u017a teraz!","canonical":"https:\/\/dev.hempking.eu\/pl\/witamina-d3-k2-mk7-w-kroplach-w-oleju-konopnym-30-ml\/","og_locale":"pl_PL","og_type":"article","og_title":"Witamina D3 + K2 MK7 w kroplach w bio oleju konopnym - 30 ml HempKing","og_description":"Witamina D3 + K2 MK7 w kroplach w oleju konopnym. Buteleczka zawiera a\u017c 600 sugerowanych dziennych porcji suplementu. Sprawd\u017a teraz!","og_url":"https:\/\/dev.hempking.eu\/pl\/witamina-d3-k2-mk7-w-kroplach-w-oleju-konopnym-30-ml\/","og_site_name":"Hemp King","article_publisher":"https:\/\/www.facebook.com\/hempkingpoland","article_modified_time":"2023-04-18T11:35:30+00:00","og_image":[{"width":1000,"height":1000,"url":"https:\/\/dev.hempking.eu\/pl\/wp-content\/uploads\/sites\/2\/2021\/12\/olejek_witaminy_d3_k2mk7.jpg","type":"image\/jpeg"}],"twitter_card":"summary_large_image","twitter_site":"@hempkingeu","twitter_misc":{"Price":"64.90&nbsp;&#122;&#322;","Availability":"In stock"},"schema":{"@context":"https:\/\/schema.org","@graph":[{"@type":"WebPage","@id":"https:\/\/dev.hempking.eu\/pl\/witamina-d3-k2-mk7-w-kroplach-w-oleju-konopnym-30-ml\/","url":"https:\/\/dev.hempking.eu\/pl\/witamina-d3-k2-mk7-w-kroplach-w-oleju-konopnym-30-ml\/","name":"Witamina D3 + K2 MK7 w oleju konopnym 30 ml - HempKing","isPartOf":{"@id":"https:\/\/dev.hempking.eu\/pl\/#website"},"primaryImageOfPage":{"@id":"https:\/\/dev.hempking.eu\/pl\/witamina-d3-k2-mk7-w-kroplach-w-oleju-konopnym-30-ml\/#primaryimage"},"image":{"@id":"https:\/\/dev.hempking.eu\/pl\/witamina-d3-k2-mk7-w-kroplach-w-oleju-konopnym-30-ml\/#primaryimage"},"thumbnailUrl":"https:\/\/dev.hempking.eu\/pl\/wp-content\/uploads\/sites\/2\/2021\/12\/olejek_witaminy_d3_k2mk7.jpg","datePublished":"2021-12-08T15:31:14+00:00","dateModified":"2023-04-18T11:35:30+00:00","description":"Witamina D3 + K2 MK7 w kroplach w oleju konopnym. Buteleczka zawiera a\u017c 600 sugerowanych dziennych porcji suplementu. Sprawd\u017a teraz!","breadcrumb":{"@id":"https:\/\/dev.hempking.eu\/pl\/witamina-d3-k2-mk7-w-kroplach-w-oleju-konopnym-30-ml\/#breadcrumb"},"inLanguage":"pl-PL","potentialAction":[{"@type":"ReadAction","target":["https:\/\/dev.hempking.eu\/pl\/witamina-d3-k2-mk7-w-kroplach-w-oleju-konopnym-30-ml\/"]}]},{"@type":"ImageObject","inLanguage":"pl-PL","@id":"https:\/\/dev.hempking.eu\/pl\/witamina-d3-k2-mk7-w-kroplach-w-oleju-konopnym-30-ml\/#primaryimage","url":"https:\/\/dev.hempking.eu\/pl\/wp-content\/uploads\/sites\/2\/2021\/12\/olejek_witaminy_d3_k2mk7.jpg","contentUrl":"https:\/\/dev.hempking.eu\/pl\/wp-content\/uploads\/sites\/2\/2021\/12\/olejek_witaminy_d3_k2mk7.jpg","width":1000,"height":1000,"caption":"witamina D3, K2, Mk7 w oleju konopnym"},{"@type":"BreadcrumbList","@id":"https:\/\/dev.hempking.eu\/pl\/witamina-d3-k2-mk7-w-kroplach-w-oleju-konopnym-30-ml\/#breadcrumb","itemListElement":[{"@type":"ListItem","position":1,"name":"Home","item":"https:\/\/dev.hempking.eu\/pl\/"},{"@type":"ListItem","position":2,"name":"Sklep","item":"https:\/\/dev.hempking.eu\/pl\/shop\/"},{"@type":"ListItem","position":3,"name":"Suplementy","item":"https:\/\/dev.hempking.eu\/pl\/suplementy\/"},{"@type":"ListItem","position":4,"name":"Witaminy","item":"https:\/\/dev.hempking.eu\/pl\/witaminy\/"},{"@type":"ListItem","position":5,"name":"Witamina D3 + K2 MK7 w kroplach w bio oleju konopnym - 30 ml HempKing"}]},{"@type":"WebSite","@id":"https:\/\/dev.hempking.eu\/pl\/#website","url":"https:\/\/dev.hempking.eu\/pl\/","name":"Hemp King","description":"","publisher":{"@id":"https:\/\/dev.hempking.eu\/pl\/#organization"},"potentialAction":[{"@type":"SearchAction","target":{"@type":"EntryPoint","urlTemplate":"https:\/\/dev.hempking.eu\/pl\/?s={search_term_string}"},"query-input":{"@type":"PropertyValueSpecification","valueRequired":true,"valueName":"search_term_string"}}],"inLanguage":"pl-PL"},{"@type":"Organization","@id":"https:\/\/dev.hempking.eu\/pl\/#organization","name":"Hemp King","url":"https:\/\/dev.hempking.eu\/pl\/","logo":{"@type":"ImageObject","inLanguage":"pl-PL","@id":"https:\/\/dev.hempking.eu\/pl\/#\/schema\/logo\/image\/","url":"https:\/\/dev.hempking.eu\/pl\/wp-content\/uploads\/sites\/2\/2020\/05\/hempking.png","contentUrl":"https:\/\/dev.hempking.eu\/pl\/wp-content\/uploads\/sites\/2\/2020\/05\/hempking.png","width":148,"height":91,"caption":"Hemp King"},"image":{"@id":"https:\/\/dev.hempking.eu\/pl\/#\/schema\/logo\/image\/"},"sameAs":["https:\/\/www.facebook.com\/hempkingpoland","https:\/\/x.com\/hempkingeu","https:\/\/www.instagram.com\/hempkingeu\/","https:\/\/www.linkedin.com\/company\/hempking-eu\/mycompany\/","https:\/\/pl.pinterest.com\/hempkingeu\/","https:\/\/www.youtube.com\/channel\/UCUkeZA1fj4hSZfoYm0WpZ7w"]}]},"product_price_amount":"64.90","product_price_currency":"PLN","og_availability":"instock","product_availability":"instock","product_condition":"new"},"_links":{"self":[{"href":"https:\/\/dev.hempking.eu\/pl\/wp-json\/wp\/v2\/product\/83424","targetHints":{"allow":["GET"]}}],"collection":[{"href":"https:\/\/dev.hempking.eu\/pl\/wp-json\/wp\/v2\/product"}],"about":[{"href":"https:\/\/dev.hempking.eu\/pl\/wp-json\/wp\/v2\/types\/product"}],"wp:featuredmedia":[{"embeddable":true,"href":"https:\/\/dev.hempking.eu\/pl\/wp-json\/wp\/v2\/media\/91782"}],"wp:attachment":[{"href":"https:\/\/dev.hempking.eu\/pl\/wp-json\/wp\/v2\/media?parent=83424"}],"wp:term":[{"taxonomy":"product_cat","embeddable":true,"href":"https:\/\/dev.hempking.eu\/pl\/wp-json\/wp\/v2\/product_cat?post=83424"},{"taxonomy":"product_tag","embeddable":true,"href":"https:\/\/dev.hempking.eu\/pl\/wp-json\/wp\/v2\/product_tag?post=83424"}],"curies":[{"name":"wp","href":"https:\/\/api.w.org\/{rel}","templated":true}]}}