{"id":83425,"date":"2021-12-08T16:36:44","date_gmt":"2021-12-08T15:36:44","guid":{"rendered":"https:\/\/hempking.eu\/pl\/?post_type=product&#038;p=83425"},"modified":"2023-05-23T09:59:14","modified_gmt":"2023-05-23T07:59:14","slug":"witamina-e-complex-full-spectrum-w-kroplach-w-oleju-konopnym-30-ml","status":"publish","type":"product","link":"https:\/\/dev.hempking.eu\/pl\/witamina-e-complex-full-spectrum-w-kroplach-w-oleju-konopnym-30-ml\/","title":{"rendered":"Witamina E Complex, Full Spectrum w kroplach w bio oleju konopnym - 30 ml"},"content":{"rendered":"<h2 style=\"text-align: justify\"><span style=\"font-weight: 400\">Witamina E Complex, Full Spectrum w kroplach w bio oleju konopnym &#8211; 30 ml<\/span><\/h2>\n<p style=\"text-align: justify\"><span style=\"font-weight: 400\">Wysoko bioaktywna naturalna <\/span><b>witamina E<\/b><span style=\"font-weight: 400\"> w kroplach, w bio oleju konopnym! Swoj\u0105 bioaktywno\u015b\u0107 (czyli wysokie wch\u0142anianie si\u0119 w organizmie) zawdzi\u0119cza wyj\u0105tkowej formule EVNol SupraBio\u2122. Zawiera pe\u0142ne ca\u0142kowite spektrum tokotrienoli i tokoferoli. <\/span><b>Witamina E EVNol<\/b><span style=\"font-weight: 400\">\u2122 to opatentowana formu\u0142a, kt\u00f3ra sprawia, \u017ce ca\u0142y kompleks substancji wch\u0142ania si\u0119 a\u017c 300% lepiej do organizmu ni\u017c inne! Dzi\u0119ki temu nagromadzenie tych cennych sk\u0142adnik\u00f3w w naszym organizmie jest wi\u0119ksze. Tokoferole i tokotrienole w pe\u0142nym spektrum w formule EVNol SupraBio\u2122 s\u0105 wydobywane z owoc\u00f3w palmy gwinejskiej. Ta <\/span><b>witamina E<\/b><span style=\"font-weight: 400\"> ma bardzo wysok\u0105 biodost\u0119pno\u015b\u0107 i jest skutecznym suplementem! Jak wyj\u0105tkowy sk\u0142ad ma ta <\/span><b>witamina E? Na co<\/b><span style=\"font-weight: 400\"> sk\u0142ada si\u0119 jej pe\u0142na struktura? Poza wspomnianymi tokoferolami i tokotrienolami zawiera tak\u017ce takie substancje jak skwalen ro\u015blinny, fitosterole czy koenzym Q10, a tak\u017ce mieszanin\u0119 karotenoid\u00f3w. <\/span><b>Witamina E EVNol<\/b><span style=\"font-weight: 400\">\u2122 jest witamin\u0105 full spectrum, posiada bardzo korzystny stosunek alfa-, beta-, gamma- i delta-tokotrienoli &#8211; jeden z najlepszych, jakie wyst\u0119puj\u0105 w naturze!\u00a0<\/span><\/p>\n<p style=\"text-align: justify\"><span style=\"font-weight: 400\">Witamina E zwana jest silnym antyoksydantem, zw\u0142aszcza w tak dobrze wch\u0142anialnej formie. Ten produkt wystarcza na d\u0142ugi czas stosowania &#8211; zawiera oko\u0142o 120 gotowych do spo\u017cycia porcji! Zatem wystarcza na a\u017c 120 dni stosowania produktu! Nie zawiera \u017cadnych zb\u0119dnych dodatk\u00f3w takich jak barwniki, aromaty, wype\u0142niacze, sztuczne dodatki. Jest w 100% naturalna, wega\u0144ska i ma \u015bwietn\u0105 biodost\u0119pno\u015b\u0107! <\/span><b>Witamina E, <\/b><span style=\"font-weight: 400\">czyli witamina rozpuszczalna w t\u0142uszczu, zosta\u0142a zmieszana z wyj\u0105tkowym no\u015bnikiem, jakim jest bio olej konopny, czyli olej z nasion konopi, z certyfikatem ekologicznym.\u00a0<\/span><\/p>\n<h3 style=\"text-align: justify\"><span style=\"font-weight: 400\">Dlaczego witamin\u0119 K2 rozpu\u015bcili\u015bmy w oleju konopnym?<\/span><\/h3>\n<p style=\"text-align: justify\"><span style=\"font-weight: 400\">Olej konopny jest wa\u017cnym sk\u0142adnikiem suplement\u00f3w Hempking. Najwa\u017cniejsz\u0105 cech\u0105, kt\u00f3ra przemawia za zastosowaniem w\u0142a\u015bnie tego oleju ro\u015blinnego do rozpuszczenia w nim witaminy E, jest jego cenne spektrum dzia\u0142ania na ludzki organizm. Jest doskona\u0142ym sk\u0142adnikiem ka\u017cdej dobrze zbilansowanej diety, za spraw\u0105 swoich w\u0142a\u015bciwo\u015bci, o kt\u00f3rym opowiadamy w zak\u0142adce \u201cDzia\u0142anie\u201d! \u0141\u0105czy przyjemne z po\u017cytecznym, poniewa\u017c nadaje produktowi r\u00f3wnie\u017c ciekawego, przyjemnego smaku &#8211; przypominaj\u0105cego smak orzeszk\u00f3w lub s\u0142onecznika.\u00a0<\/span><\/p>\n","protected":false},"excerpt":{"rendered":"<h2><strong>Witamina E Complex:\u00a0<\/strong><\/h2>\n<ul>\n<li style=\"font-weight: 400\"><span style=\"font-weight: 400\">bezglutenowa i bez laktozy witamina E,\u00a0<\/span><\/li>\n<li style=\"font-weight: 400\"><span style=\"font-weight: 400\">produkt odpowiedni dla wegetarian oraz wegan<\/span><\/li>\n<li style=\"font-weight: 400\"><span style=\"font-weight: 400\">nie zawiera barwnik\u00f3w i konserwant\u00f3w,\u00a0<\/span><\/li>\n<li style=\"font-weight: 400\"><span style=\"font-weight: 400\">opatentowany kompleks tokotrienoli i tokoferoli palmowych,<\/span><\/li>\n<li style=\"font-weight: 400\"><span style=\"font-weight: 400\">600 porcji w jednej butelce\u00a0<\/span><\/li>\n<li>wystarcza na 120 dni suplementacji<\/li>\n<\/ul>\n<p><b>Pojemno\u015b\u0107: 30 ml<\/b><\/p>\n","protected":false},"featured_media":91785,"template":"","meta":{"_acf_changed":false},"product_cat":[408,96,116],"product_tag":[],"class_list":{"0":"post-83425","1":"product","2":"type-product","3":"status-publish","4":"has-post-thumbnail","6":"product_cat-witaminy","7":"product_cat-suplementy","8":"product_cat-witaminy-w-oleju-konopnym","10":"first","11":"outofstock","12":"shipping-taxable","13":"purchasable","14":"product-type-simple"},"acf":[],"yoast_head":"<!-- This site is optimized with the Yoast SEO Premium plugin v23.4 (Yoast SEO v24.0) - https:\/\/yoast.com\/wordpress\/plugins\/seo\/ -->\n<title>Witamina E kompleks\u00a0 z olejowca gwinejskiego EVNol\u2122 HempKing<\/title>\n<meta name=\"description\" content=\"Witamina E kompleks\u00a0 z olejowca gwinejskiego EVNol\u2122. EVNol SupraBio\u2122 to opatentowany kompleks naturalnej witaminy E. Sprawd\u017a!\" \/>\n<link rel=\"canonical\" href=\"https:\/\/dev.hempking.eu\/pl\/witamina-e-complex-full-spectrum-w-kroplach-w-oleju-konopnym-30-ml\/\" \/>\n<meta property=\"og:locale\" content=\"pl_PL\" \/>\n<meta property=\"og:type\" content=\"article\" \/>\n<meta property=\"og:title\" content=\"Witamina E Complex, Full Spectrum w kroplach w bio oleju konopnym - 30 ml\" \/>\n<meta property=\"og:description\" content=\"Witamina E kompleks\u00a0 z olejowca gwinejskiego EVNol\u2122. EVNol SupraBio\u2122 to opatentowany kompleks naturalnej witaminy E. Sprawd\u017a!\" \/>\n<meta property=\"og:url\" content=\"https:\/\/dev.hempking.eu\/pl\/witamina-e-complex-full-spectrum-w-kroplach-w-oleju-konopnym-30-ml\/\" \/>\n<meta property=\"og:site_name\" content=\"Hemp King\" \/>\n<meta property=\"article:publisher\" content=\"https:\/\/www.facebook.com\/hempkingpoland\" \/>\n<meta property=\"article:modified_time\" content=\"2023-05-23T07:59:14+00:00\" \/>\n<meta property=\"og:image\" content=\"https:\/\/dev.hempking.eu\/pl\/wp-content\/uploads\/sites\/2\/2021\/12\/olejek_witaminy_e.jpg\" \/>\n\t<meta property=\"og:image:width\" content=\"1000\" \/>\n\t<meta property=\"og:image:height\" content=\"1000\" \/>\n\t<meta property=\"og:image:type\" content=\"image\/jpeg\" \/>\n<meta name=\"twitter:card\" content=\"summary_large_image\" \/>\n<meta name=\"twitter:site\" content=\"@hempkingeu\" \/>\n<meta name=\"twitter:label1\" content=\"Price\" \/>\n\t<meta name=\"twitter:data1\" content=\"89.90&nbsp;&#122;&#322;\" \/>\n\t<meta name=\"twitter:label2\" content=\"Availability\" \/>\n\t<meta name=\"twitter:data2\" content=\"Out of stock\" \/>\n<script type=\"application\/ld+json\" class=\"yoast-schema-graph\">{\"@context\":\"https:\/\/schema.org\",\"@graph\":[{\"@type\":\"WebPage\",\"@id\":\"https:\/\/dev.hempking.eu\/pl\/witamina-e-complex-full-spectrum-w-kroplach-w-oleju-konopnym-30-ml\/\",\"url\":\"https:\/\/dev.hempking.eu\/pl\/witamina-e-complex-full-spectrum-w-kroplach-w-oleju-konopnym-30-ml\/\",\"name\":\"Witamina E kompleks\u00a0 z olejowca gwinejskiego EVNol\u2122 HempKing\",\"isPartOf\":{\"@id\":\"https:\/\/dev.hempking.eu\/pl\/#website\"},\"primaryImageOfPage\":{\"@id\":\"https:\/\/dev.hempking.eu\/pl\/witamina-e-complex-full-spectrum-w-kroplach-w-oleju-konopnym-30-ml\/#primaryimage\"},\"image\":{\"@id\":\"https:\/\/dev.hempking.eu\/pl\/witamina-e-complex-full-spectrum-w-kroplach-w-oleju-konopnym-30-ml\/#primaryimage\"},\"thumbnailUrl\":\"https:\/\/dev.hempking.eu\/pl\/wp-content\/uploads\/sites\/2\/2021\/12\/olejek_witaminy_e.jpg\",\"datePublished\":\"2021-12-08T15:36:44+00:00\",\"dateModified\":\"2023-05-23T07:59:14+00:00\",\"description\":\"Witamina E kompleks\u00a0 z olejowca gwinejskiego EVNol\u2122. EVNol SupraBio\u2122 to opatentowany kompleks naturalnej witaminy E. Sprawd\u017a!\",\"breadcrumb\":{\"@id\":\"https:\/\/dev.hempking.eu\/pl\/witamina-e-complex-full-spectrum-w-kroplach-w-oleju-konopnym-30-ml\/#breadcrumb\"},\"inLanguage\":\"pl-PL\",\"potentialAction\":[{\"@type\":\"ReadAction\",\"target\":[\"https:\/\/dev.hempking.eu\/pl\/witamina-e-complex-full-spectrum-w-kroplach-w-oleju-konopnym-30-ml\/\"]}]},{\"@type\":\"ImageObject\",\"inLanguage\":\"pl-PL\",\"@id\":\"https:\/\/dev.hempking.eu\/pl\/witamina-e-complex-full-spectrum-w-kroplach-w-oleju-konopnym-30-ml\/#primaryimage\",\"url\":\"https:\/\/dev.hempking.eu\/pl\/wp-content\/uploads\/sites\/2\/2021\/12\/olejek_witaminy_e.jpg\",\"contentUrl\":\"https:\/\/dev.hempking.eu\/pl\/wp-content\/uploads\/sites\/2\/2021\/12\/olejek_witaminy_e.jpg\",\"width\":1000,\"height\":1000,\"caption\":\"Witamina E w oleju konopnym\"},{\"@type\":\"BreadcrumbList\",\"@id\":\"https:\/\/dev.hempking.eu\/pl\/witamina-e-complex-full-spectrum-w-kroplach-w-oleju-konopnym-30-ml\/#breadcrumb\",\"itemListElement\":[{\"@type\":\"ListItem\",\"position\":1,\"name\":\"Home\",\"item\":\"https:\/\/dev.hempking.eu\/pl\/\"},{\"@type\":\"ListItem\",\"position\":2,\"name\":\"Sklep\",\"item\":\"https:\/\/dev.hempking.eu\/pl\/shop\/\"},{\"@type\":\"ListItem\",\"position\":3,\"name\":\"Witaminy i minera\u0142y\",\"item\":\"https:\/\/dev.hempking.eu\/pl\/witaminy-i-mineraly\/\"},{\"@type\":\"ListItem\",\"position\":4,\"name\":\"Witaminy\",\"item\":\"https:\/\/dev.hempking.eu\/pl\/witaminy\/\"},{\"@type\":\"ListItem\",\"position\":5,\"name\":\"Witamina E Complex, Full Spectrum w kroplach w bio oleju konopnym - 30 ml\"}]},{\"@type\":\"WebSite\",\"@id\":\"https:\/\/dev.hempking.eu\/pl\/#website\",\"url\":\"https:\/\/dev.hempking.eu\/pl\/\",\"name\":\"Hemp King\",\"description\":\"\",\"publisher\":{\"@id\":\"https:\/\/dev.hempking.eu\/pl\/#organization\"},\"potentialAction\":[{\"@type\":\"SearchAction\",\"target\":{\"@type\":\"EntryPoint\",\"urlTemplate\":\"https:\/\/dev.hempking.eu\/pl\/?s={search_term_string}\"},\"query-input\":{\"@type\":\"PropertyValueSpecification\",\"valueRequired\":true,\"valueName\":\"search_term_string\"}}],\"inLanguage\":\"pl-PL\"},{\"@type\":\"Organization\",\"@id\":\"https:\/\/dev.hempking.eu\/pl\/#organization\",\"name\":\"Hemp King\",\"url\":\"https:\/\/dev.hempking.eu\/pl\/\",\"logo\":{\"@type\":\"ImageObject\",\"inLanguage\":\"pl-PL\",\"@id\":\"https:\/\/dev.hempking.eu\/pl\/#\/schema\/logo\/image\/\",\"url\":\"https:\/\/dev.hempking.eu\/pl\/wp-content\/uploads\/sites\/2\/2020\/05\/hempking.png\",\"contentUrl\":\"https:\/\/dev.hempking.eu\/pl\/wp-content\/uploads\/sites\/2\/2020\/05\/hempking.png\",\"width\":148,\"height\":91,\"caption\":\"Hemp King\"},\"image\":{\"@id\":\"https:\/\/dev.hempking.eu\/pl\/#\/schema\/logo\/image\/\"},\"sameAs\":[\"https:\/\/www.facebook.com\/hempkingpoland\",\"https:\/\/x.com\/hempkingeu\",\"https:\/\/www.instagram.com\/hempkingeu\/\",\"https:\/\/www.linkedin.com\/company\/hempking-eu\/mycompany\/\",\"https:\/\/pl.pinterest.com\/hempkingeu\/\",\"https:\/\/www.youtube.com\/channel\/UCUkeZA1fj4hSZfoYm0WpZ7w\"]}]}<\/script>\n<meta property=\"product:price:amount\" content=\"89.90\" \/>\n<meta property=\"product:price:currency\" content=\"PLN\" \/>\n<meta property=\"og:availability\" content=\"out of stock\" \/>\n<meta property=\"product:availability\" content=\"out of stock\" \/>\n<meta property=\"product:condition\" content=\"new\" \/>\n<!-- \/ Yoast SEO Premium plugin. -->","yoast_head_json":{"title":"Witamina E kompleks\u00a0 z olejowca gwinejskiego EVNol\u2122 HempKing","description":"Witamina E kompleks\u00a0 z olejowca gwinejskiego EVNol\u2122. EVNol SupraBio\u2122 to opatentowany kompleks naturalnej witaminy E. Sprawd\u017a!","canonical":"https:\/\/dev.hempking.eu\/pl\/witamina-e-complex-full-spectrum-w-kroplach-w-oleju-konopnym-30-ml\/","og_locale":"pl_PL","og_type":"article","og_title":"Witamina E Complex, Full Spectrum w kroplach w bio oleju konopnym - 30 ml","og_description":"Witamina E kompleks\u00a0 z olejowca gwinejskiego EVNol\u2122. EVNol SupraBio\u2122 to opatentowany kompleks naturalnej witaminy E. Sprawd\u017a!","og_url":"https:\/\/dev.hempking.eu\/pl\/witamina-e-complex-full-spectrum-w-kroplach-w-oleju-konopnym-30-ml\/","og_site_name":"Hemp King","article_publisher":"https:\/\/www.facebook.com\/hempkingpoland","article_modified_time":"2023-05-23T07:59:14+00:00","og_image":[{"width":1000,"height":1000,"url":"https:\/\/dev.hempking.eu\/pl\/wp-content\/uploads\/sites\/2\/2021\/12\/olejek_witaminy_e.jpg","type":"image\/jpeg"}],"twitter_card":"summary_large_image","twitter_site":"@hempkingeu","twitter_misc":{"Price":"89.90&nbsp;&#122;&#322;","Availability":"Out of stock"},"schema":{"@context":"https:\/\/schema.org","@graph":[{"@type":"WebPage","@id":"https:\/\/dev.hempking.eu\/pl\/witamina-e-complex-full-spectrum-w-kroplach-w-oleju-konopnym-30-ml\/","url":"https:\/\/dev.hempking.eu\/pl\/witamina-e-complex-full-spectrum-w-kroplach-w-oleju-konopnym-30-ml\/","name":"Witamina E kompleks\u00a0 z olejowca gwinejskiego EVNol\u2122 HempKing","isPartOf":{"@id":"https:\/\/dev.hempking.eu\/pl\/#website"},"primaryImageOfPage":{"@id":"https:\/\/dev.hempking.eu\/pl\/witamina-e-complex-full-spectrum-w-kroplach-w-oleju-konopnym-30-ml\/#primaryimage"},"image":{"@id":"https:\/\/dev.hempking.eu\/pl\/witamina-e-complex-full-spectrum-w-kroplach-w-oleju-konopnym-30-ml\/#primaryimage"},"thumbnailUrl":"https:\/\/dev.hempking.eu\/pl\/wp-content\/uploads\/sites\/2\/2021\/12\/olejek_witaminy_e.jpg","datePublished":"2021-12-08T15:36:44+00:00","dateModified":"2023-05-23T07:59:14+00:00","description":"Witamina E kompleks\u00a0 z olejowca gwinejskiego EVNol\u2122. EVNol SupraBio\u2122 to opatentowany kompleks naturalnej witaminy E. Sprawd\u017a!","breadcrumb":{"@id":"https:\/\/dev.hempking.eu\/pl\/witamina-e-complex-full-spectrum-w-kroplach-w-oleju-konopnym-30-ml\/#breadcrumb"},"inLanguage":"pl-PL","potentialAction":[{"@type":"ReadAction","target":["https:\/\/dev.hempking.eu\/pl\/witamina-e-complex-full-spectrum-w-kroplach-w-oleju-konopnym-30-ml\/"]}]},{"@type":"ImageObject","inLanguage":"pl-PL","@id":"https:\/\/dev.hempking.eu\/pl\/witamina-e-complex-full-spectrum-w-kroplach-w-oleju-konopnym-30-ml\/#primaryimage","url":"https:\/\/dev.hempking.eu\/pl\/wp-content\/uploads\/sites\/2\/2021\/12\/olejek_witaminy_e.jpg","contentUrl":"https:\/\/dev.hempking.eu\/pl\/wp-content\/uploads\/sites\/2\/2021\/12\/olejek_witaminy_e.jpg","width":1000,"height":1000,"caption":"Witamina E w oleju konopnym"},{"@type":"BreadcrumbList","@id":"https:\/\/dev.hempking.eu\/pl\/witamina-e-complex-full-spectrum-w-kroplach-w-oleju-konopnym-30-ml\/#breadcrumb","itemListElement":[{"@type":"ListItem","position":1,"name":"Home","item":"https:\/\/dev.hempking.eu\/pl\/"},{"@type":"ListItem","position":2,"name":"Sklep","item":"https:\/\/dev.hempking.eu\/pl\/shop\/"},{"@type":"ListItem","position":3,"name":"Witaminy i minera\u0142y","item":"https:\/\/dev.hempking.eu\/pl\/witaminy-i-mineraly\/"},{"@type":"ListItem","position":4,"name":"Witaminy","item":"https:\/\/dev.hempking.eu\/pl\/witaminy\/"},{"@type":"ListItem","position":5,"name":"Witamina E Complex, Full Spectrum w kroplach w bio oleju konopnym - 30 ml"}]},{"@type":"WebSite","@id":"https:\/\/dev.hempking.eu\/pl\/#website","url":"https:\/\/dev.hempking.eu\/pl\/","name":"Hemp King","description":"","publisher":{"@id":"https:\/\/dev.hempking.eu\/pl\/#organization"},"potentialAction":[{"@type":"SearchAction","target":{"@type":"EntryPoint","urlTemplate":"https:\/\/dev.hempking.eu\/pl\/?s={search_term_string}"},"query-input":{"@type":"PropertyValueSpecification","valueRequired":true,"valueName":"search_term_string"}}],"inLanguage":"pl-PL"},{"@type":"Organization","@id":"https:\/\/dev.hempking.eu\/pl\/#organization","name":"Hemp King","url":"https:\/\/dev.hempking.eu\/pl\/","logo":{"@type":"ImageObject","inLanguage":"pl-PL","@id":"https:\/\/dev.hempking.eu\/pl\/#\/schema\/logo\/image\/","url":"https:\/\/dev.hempking.eu\/pl\/wp-content\/uploads\/sites\/2\/2020\/05\/hempking.png","contentUrl":"https:\/\/dev.hempking.eu\/pl\/wp-content\/uploads\/sites\/2\/2020\/05\/hempking.png","width":148,"height":91,"caption":"Hemp King"},"image":{"@id":"https:\/\/dev.hempking.eu\/pl\/#\/schema\/logo\/image\/"},"sameAs":["https:\/\/www.facebook.com\/hempkingpoland","https:\/\/x.com\/hempkingeu","https:\/\/www.instagram.com\/hempkingeu\/","https:\/\/www.linkedin.com\/company\/hempking-eu\/mycompany\/","https:\/\/pl.pinterest.com\/hempkingeu\/","https:\/\/www.youtube.com\/channel\/UCUkeZA1fj4hSZfoYm0WpZ7w"]}]},"product_price_amount":"89.90","product_price_currency":"PLN","og_availability":"out of stock","product_availability":"out of stock","product_condition":"new"},"_links":{"self":[{"href":"https:\/\/dev.hempking.eu\/pl\/wp-json\/wp\/v2\/product\/83425","targetHints":{"allow":["GET"]}}],"collection":[{"href":"https:\/\/dev.hempking.eu\/pl\/wp-json\/wp\/v2\/product"}],"about":[{"href":"https:\/\/dev.hempking.eu\/pl\/wp-json\/wp\/v2\/types\/product"}],"wp:featuredmedia":[{"embeddable":true,"href":"https:\/\/dev.hempking.eu\/pl\/wp-json\/wp\/v2\/media\/91785"}],"wp:attachment":[{"href":"https:\/\/dev.hempking.eu\/pl\/wp-json\/wp\/v2\/media?parent=83425"}],"wp:term":[{"taxonomy":"product_cat","embeddable":true,"href":"https:\/\/dev.hempking.eu\/pl\/wp-json\/wp\/v2\/product_cat?post=83425"},{"taxonomy":"product_tag","embeddable":true,"href":"https:\/\/dev.hempking.eu\/pl\/wp-json\/wp\/v2\/product_tag?post=83425"}],"curies":[{"name":"wp","href":"https:\/\/api.w.org\/{rel}","templated":true}]}}