{"id":83426,"date":"2021-12-08T16:42:29","date_gmt":"2021-12-08T15:42:29","guid":{"rendered":"https:\/\/hempking.eu\/pl\/?post_type=product&#038;p=83426"},"modified":"2023-04-18T13:34:47","modified_gmt":"2023-04-18T11:34:47","slug":"naturalna-witamina-k2-mk7-w-oleju-konopnym-30-ml","status":"publish","type":"product","link":"https:\/\/dev.hempking.eu\/pl\/naturalna-witamina-k2-mk7-w-oleju-konopnym-30-ml\/","title":{"rendered":"Witamina K2 MK7 w bio oleju konopnym - 30 ml"},"content":{"rendered":"<h2 style=\"text-align: justify;\"><span style=\"font-weight: 400;\">Witamina K2 MK7 w kroplach w bio oleju konopnym &#8211; 30 ml<\/span><\/h2>\n<p style=\"text-align: justify;\"><span style=\"font-weight: 400;\">Wyj\u0105tkowa, z du\u017c\u0105 biodost\u0119pno\u015bci\u0105 opatentowana formu\u0142a witaminy K z fermentacji bakterii Bacillus Subtillis Natto VitaMK7\u00ae to witamina <\/span><b>K2MK7<\/b><span style=\"font-weight: 400;\"> w kroplach, z wygodn\u0105 pompk\u0105 do dozowania porcji suplementu diety. Wykorzystana w tym produkcie formu\u0142a VitaMK7\u00ae sprawia, \u017ce nasza <\/span><b>witamina K2 MK7 <\/b><span style=\"font-weight: 400;\">jest odpowiednia dla wegan i wegetarian. W jej sk\u0142adzie znajdziesz czyst\u0105 witamin\u0119 <\/span><b>K2MK7 <\/b><span style=\"font-weight: 400;\">z Natto, czyli potrawy powsta\u0142ej w fermentowanej soi. Witamin\u0119 <\/span><b>K2 MK7 <\/b><span style=\"font-weight: 400;\">rozpu\u015bcili\u015bmy w oleju konopnym ekologicznego pochodzenia, co potwierdza stosowny certyfikat. Nie znajdziesz w tym produkcie absolutnie \u017cadnych niepotrzebnych dodatk\u00f3w, takich jak barwniki, aromaty, wype\u0142niacze czy inne sztuczne sk\u0142adniki. To 100% natury, bez glutenu i bez laktozy. Mo\u017ce Ci pos\u0142u\u017cy\u0107 jako dodatek do stosowanej witaminy D3 lub w innych celach suplementacyjnych! Ta <\/span><b>witamina K2 MK7 <\/b><span style=\"font-weight: 400;\">ma udowodnione dzia\u0142anie, zaopiniowane przez Europejsk\u0105 Agencj\u0119 ds. \u017bywno\u015bci (EFSA). Jest wolna od alergen\u00f3w takich jak soja, gluten czy laktoza, czy od GMO! Bacillus Subtillis Natto to bakterie, kt\u00f3re s\u0105 szczepem wywo\u0142uj\u0105cym fermentacj\u0119 soi w procesie przygotowywania tradycyjnej japo\u0144skiej potrawy Natto. Za ich pomoc\u0105 uzyskuje si\u0119 czyst\u0105, naturaln\u0105 witamin\u0119 <\/span><b>K2 MK7<\/b><span style=\"font-weight: 400;\">. Ca\u0142e to dobro z opatentowanej, wysoko przyswajalnej formu\u0142y tej witaminy rozpu\u015bcili\u015bmy w ekologicznym oleju konopnym z czystych upraw, wolnych od pestycyd\u00f3w, herbicyd\u00f3w, metali ci\u0119\u017ckich oraz GMO.\u00a0<\/span><\/p>\n<h2 style=\"text-align: justify;\"><span style=\"font-weight: 400;\">Dlaczego witamin\u0119 K2 rozpu\u015bcili\u015bmy w oleju konopnym?<\/span><\/h2>\n<p style=\"text-align: justify;\"><span style=\"font-weight: 400;\">Produkty Hempking to produkty konopne. Wszystko dlatego, \u017ce wierzymy, \u017ce konopie to wyj\u0105tkowa ro\u015blina przysz\u0142o\u015bci! Nie tylko dobrze wp\u0142ywa na \u015brodowisko, ale ma wiele cennych zastosowa\u0144 i w\u0142a\u015bciwo\u015bci dla cz\u0142owieka (ale i dla zwierz\u0105t!). Dlatego tworz\u0105c nasz\u0105 seri\u0119 witamin rozpuszczalnych w t\u0142uszczach od razu wiedzieli\u015bmy, \u017ce b\u0119d\u0105 rozpuszczone w oleju konopnym, do tego w jego ekologicznej wersji. Bio olej konopny to bogactwo kwas\u00f3w omega-3 i omega-6 w idealnych proporcjach, kt\u00f3re sprawiaj\u0105, \u017ce ten t\u0142uszcz ro\u015blinny ma ca\u0142e mn\u00f3stwo korzy\u015bci dla Twojego zdrowia i diety. To jeden z nielicznych tak zdrowych t\u0142uszcz\u00f3w ro\u015blinnych. Stanowi idealne uzupe\u0142nienie dzia\u0142ania witaminy K2 Mk7.<\/span><\/p>\n","protected":false},"excerpt":{"rendered":"<h2><strong>Olej konopny z K2MK7:<\/strong><\/h2>\n<ul>\n<li style=\"font-weight: 400;\" aria-level=\"1\"><span style=\"font-weight: 400;\">opatentowana formu\u0142a witaminy K z fermentacji bakterii Bacillus Subtillis Natto vitaMK7<\/span><span style=\"font-weight: 400;\">\u00ae<\/span><\/li>\n<li style=\"font-weight: 400;\" aria-level=\"1\"><span style=\"font-weight: 400;\">100% naturalna witamina K2 z bio olejem konopnym<\/span><\/li>\n<li style=\"font-weight: 400;\" aria-level=\"1\"><span style=\"font-weight: 400;\">nie zawiera laktozy, glutenu czy sztucznych konserwant\u00f3w i barwnik\u00f3w<\/span><\/li>\n<li style=\"font-weight: 400;\" aria-level=\"1\"><span style=\"font-weight: 400;\">suplement, kt\u00f3ry mog\u0105 stosowa\u0107 osoby na diecie ro\u015blinnej: weganie i wegetarianie\u00a0<\/span><\/li>\n<li style=\"font-weight: 400;\" aria-level=\"1\"><span style=\"font-weight: 400;\">600 porcji produktu i wystarcza na 120 dni<\/span><\/li>\n<\/ul>\n<p><b>Pojemno\u015b\u0107: 30 ml<\/b><\/p>\n","protected":false},"featured_media":91783,"template":"","meta":{"_acf_changed":false},"product_cat":[408,96,116],"product_tag":[],"class_list":{"0":"post-83426","1":"product","2":"type-product","3":"status-publish","4":"has-post-thumbnail","6":"product_cat-witaminy","7":"product_cat-suplementy","8":"product_cat-witaminy-w-oleju-konopnym","10":"first","11":"instock","12":"shipping-taxable","13":"purchasable","14":"product-type-simple"},"acf":[],"yoast_head":"<!-- This site is optimized with the Yoast SEO Premium plugin v23.4 (Yoast SEO v24.0) - https:\/\/yoast.com\/wordpress\/plugins\/seo\/ -->\n<title>Witamina K2 MK7 vitaMK7\u00ae w oleju konopnym 30 ml HempKing<\/title>\n<meta name=\"description\" content=\"Witamina K2 z fermentacji bakterii Bacillus Subtillis Natto w oleju konopnym - moc p\u0142yn\u0105ca z tradycji i natury. Kup teraz !\" \/>\n<link rel=\"canonical\" href=\"https:\/\/dev.hempking.eu\/pl\/naturalna-witamina-k2-mk7-w-oleju-konopnym-30-ml\/\" \/>\n<meta property=\"og:locale\" content=\"pl_PL\" \/>\n<meta property=\"og:type\" content=\"article\" \/>\n<meta property=\"og:title\" content=\"Witamina K2 MK7 w bio oleju konopnym - 30 ml\" \/>\n<meta property=\"og:description\" content=\"Witamina K2 z fermentacji bakterii Bacillus Subtillis Natto w oleju konopnym - moc p\u0142yn\u0105ca z tradycji i natury. Kup teraz !\" \/>\n<meta property=\"og:url\" content=\"https:\/\/dev.hempking.eu\/pl\/naturalna-witamina-k2-mk7-w-oleju-konopnym-30-ml\/\" \/>\n<meta property=\"og:site_name\" content=\"Hemp King\" \/>\n<meta property=\"article:publisher\" content=\"https:\/\/www.facebook.com\/hempkingpoland\" \/>\n<meta property=\"article:modified_time\" content=\"2023-04-18T11:34:47+00:00\" \/>\n<meta property=\"og:image\" content=\"https:\/\/dev.hempking.eu\/pl\/wp-content\/uploads\/sites\/2\/2021\/12\/olejek_witaminy_k2mk7-1.jpg\" \/>\n\t<meta property=\"og:image:width\" content=\"1000\" \/>\n\t<meta property=\"og:image:height\" content=\"1000\" \/>\n\t<meta property=\"og:image:type\" content=\"image\/jpeg\" \/>\n<meta name=\"twitter:card\" content=\"summary_large_image\" \/>\n<meta name=\"twitter:site\" content=\"@hempkingeu\" \/>\n<meta name=\"twitter:label1\" content=\"Price\" \/>\n\t<meta name=\"twitter:data1\" content=\"53.00&nbsp;&#122;&#322;\" \/>\n\t<meta name=\"twitter:label2\" content=\"Availability\" \/>\n\t<meta name=\"twitter:data2\" content=\"In stock\" \/>\n<script type=\"application\/ld+json\" class=\"yoast-schema-graph\">{\"@context\":\"https:\/\/schema.org\",\"@graph\":[{\"@type\":\"WebPage\",\"@id\":\"https:\/\/dev.hempking.eu\/pl\/naturalna-witamina-k2-mk7-w-oleju-konopnym-30-ml\/\",\"url\":\"https:\/\/dev.hempking.eu\/pl\/naturalna-witamina-k2-mk7-w-oleju-konopnym-30-ml\/\",\"name\":\"Witamina K2 MK7 vitaMK7\u00ae w oleju konopnym 30 ml HempKing\",\"isPartOf\":{\"@id\":\"https:\/\/dev.hempking.eu\/pl\/#website\"},\"primaryImageOfPage\":{\"@id\":\"https:\/\/dev.hempking.eu\/pl\/naturalna-witamina-k2-mk7-w-oleju-konopnym-30-ml\/#primaryimage\"},\"image\":{\"@id\":\"https:\/\/dev.hempking.eu\/pl\/naturalna-witamina-k2-mk7-w-oleju-konopnym-30-ml\/#primaryimage\"},\"thumbnailUrl\":\"https:\/\/dev.hempking.eu\/pl\/wp-content\/uploads\/sites\/2\/2021\/12\/olejek_witaminy_k2mk7-1.jpg\",\"datePublished\":\"2021-12-08T15:42:29+00:00\",\"dateModified\":\"2023-04-18T11:34:47+00:00\",\"description\":\"Witamina K2 z fermentacji bakterii Bacillus Subtillis Natto w oleju konopnym - moc p\u0142yn\u0105ca z tradycji i natury. Kup teraz !\",\"breadcrumb\":{\"@id\":\"https:\/\/dev.hempking.eu\/pl\/naturalna-witamina-k2-mk7-w-oleju-konopnym-30-ml\/#breadcrumb\"},\"inLanguage\":\"pl-PL\",\"potentialAction\":[{\"@type\":\"ReadAction\",\"target\":[\"https:\/\/dev.hempking.eu\/pl\/naturalna-witamina-k2-mk7-w-oleju-konopnym-30-ml\/\"]}]},{\"@type\":\"ImageObject\",\"inLanguage\":\"pl-PL\",\"@id\":\"https:\/\/dev.hempking.eu\/pl\/naturalna-witamina-k2-mk7-w-oleju-konopnym-30-ml\/#primaryimage\",\"url\":\"https:\/\/dev.hempking.eu\/pl\/wp-content\/uploads\/sites\/2\/2021\/12\/olejek_witaminy_k2mk7-1.jpg\",\"contentUrl\":\"https:\/\/dev.hempking.eu\/pl\/wp-content\/uploads\/sites\/2\/2021\/12\/olejek_witaminy_k2mk7-1.jpg\",\"width\":1000,\"height\":1000,\"caption\":\"witamina k2 mk7 w oleju konopnym\"},{\"@type\":\"BreadcrumbList\",\"@id\":\"https:\/\/dev.hempking.eu\/pl\/naturalna-witamina-k2-mk7-w-oleju-konopnym-30-ml\/#breadcrumb\",\"itemListElement\":[{\"@type\":\"ListItem\",\"position\":1,\"name\":\"Home\",\"item\":\"https:\/\/dev.hempking.eu\/pl\/\"},{\"@type\":\"ListItem\",\"position\":2,\"name\":\"Sklep\",\"item\":\"https:\/\/dev.hempking.eu\/pl\/shop\/\"},{\"@type\":\"ListItem\",\"position\":3,\"name\":\"Suplementy\",\"item\":\"https:\/\/dev.hempking.eu\/pl\/suplementy\/\"},{\"@type\":\"ListItem\",\"position\":4,\"name\":\"Witaminy\",\"item\":\"https:\/\/dev.hempking.eu\/pl\/witaminy\/\"},{\"@type\":\"ListItem\",\"position\":5,\"name\":\"Witamina K2 MK7 w bio oleju konopnym - 30 ml\"}]},{\"@type\":\"WebSite\",\"@id\":\"https:\/\/dev.hempking.eu\/pl\/#website\",\"url\":\"https:\/\/dev.hempking.eu\/pl\/\",\"name\":\"Hemp King\",\"description\":\"\",\"publisher\":{\"@id\":\"https:\/\/dev.hempking.eu\/pl\/#organization\"},\"potentialAction\":[{\"@type\":\"SearchAction\",\"target\":{\"@type\":\"EntryPoint\",\"urlTemplate\":\"https:\/\/dev.hempking.eu\/pl\/?s={search_term_string}\"},\"query-input\":{\"@type\":\"PropertyValueSpecification\",\"valueRequired\":true,\"valueName\":\"search_term_string\"}}],\"inLanguage\":\"pl-PL\"},{\"@type\":\"Organization\",\"@id\":\"https:\/\/dev.hempking.eu\/pl\/#organization\",\"name\":\"Hemp King\",\"url\":\"https:\/\/dev.hempking.eu\/pl\/\",\"logo\":{\"@type\":\"ImageObject\",\"inLanguage\":\"pl-PL\",\"@id\":\"https:\/\/dev.hempking.eu\/pl\/#\/schema\/logo\/image\/\",\"url\":\"https:\/\/dev.hempking.eu\/pl\/wp-content\/uploads\/sites\/2\/2020\/05\/hempking.png\",\"contentUrl\":\"https:\/\/dev.hempking.eu\/pl\/wp-content\/uploads\/sites\/2\/2020\/05\/hempking.png\",\"width\":148,\"height\":91,\"caption\":\"Hemp King\"},\"image\":{\"@id\":\"https:\/\/dev.hempking.eu\/pl\/#\/schema\/logo\/image\/\"},\"sameAs\":[\"https:\/\/www.facebook.com\/hempkingpoland\",\"https:\/\/x.com\/hempkingeu\",\"https:\/\/www.instagram.com\/hempkingeu\/\",\"https:\/\/www.linkedin.com\/company\/hempking-eu\/mycompany\/\",\"https:\/\/pl.pinterest.com\/hempkingeu\/\",\"https:\/\/www.youtube.com\/channel\/UCUkeZA1fj4hSZfoYm0WpZ7w\"]}]}<\/script>\n<meta property=\"product:price:amount\" content=\"53.00\" \/>\n<meta property=\"product:price:currency\" content=\"PLN\" \/>\n<meta property=\"og:availability\" content=\"instock\" \/>\n<meta property=\"product:availability\" content=\"instock\" \/>\n<meta property=\"product:condition\" content=\"new\" \/>\n<!-- \/ Yoast SEO Premium plugin. -->","yoast_head_json":{"title":"Witamina K2 MK7 vitaMK7\u00ae w oleju konopnym 30 ml HempKing","description":"Witamina K2 z fermentacji bakterii Bacillus Subtillis Natto w oleju konopnym - moc p\u0142yn\u0105ca z tradycji i natury. Kup teraz !","canonical":"https:\/\/dev.hempking.eu\/pl\/naturalna-witamina-k2-mk7-w-oleju-konopnym-30-ml\/","og_locale":"pl_PL","og_type":"article","og_title":"Witamina K2 MK7 w bio oleju konopnym - 30 ml","og_description":"Witamina K2 z fermentacji bakterii Bacillus Subtillis Natto w oleju konopnym - moc p\u0142yn\u0105ca z tradycji i natury. Kup teraz !","og_url":"https:\/\/dev.hempking.eu\/pl\/naturalna-witamina-k2-mk7-w-oleju-konopnym-30-ml\/","og_site_name":"Hemp King","article_publisher":"https:\/\/www.facebook.com\/hempkingpoland","article_modified_time":"2023-04-18T11:34:47+00:00","og_image":[{"width":1000,"height":1000,"url":"https:\/\/dev.hempking.eu\/pl\/wp-content\/uploads\/sites\/2\/2021\/12\/olejek_witaminy_k2mk7-1.jpg","type":"image\/jpeg"}],"twitter_card":"summary_large_image","twitter_site":"@hempkingeu","twitter_misc":{"Price":"53.00&nbsp;&#122;&#322;","Availability":"In stock"},"schema":{"@context":"https:\/\/schema.org","@graph":[{"@type":"WebPage","@id":"https:\/\/dev.hempking.eu\/pl\/naturalna-witamina-k2-mk7-w-oleju-konopnym-30-ml\/","url":"https:\/\/dev.hempking.eu\/pl\/naturalna-witamina-k2-mk7-w-oleju-konopnym-30-ml\/","name":"Witamina K2 MK7 vitaMK7\u00ae w oleju konopnym 30 ml HempKing","isPartOf":{"@id":"https:\/\/dev.hempking.eu\/pl\/#website"},"primaryImageOfPage":{"@id":"https:\/\/dev.hempking.eu\/pl\/naturalna-witamina-k2-mk7-w-oleju-konopnym-30-ml\/#primaryimage"},"image":{"@id":"https:\/\/dev.hempking.eu\/pl\/naturalna-witamina-k2-mk7-w-oleju-konopnym-30-ml\/#primaryimage"},"thumbnailUrl":"https:\/\/dev.hempking.eu\/pl\/wp-content\/uploads\/sites\/2\/2021\/12\/olejek_witaminy_k2mk7-1.jpg","datePublished":"2021-12-08T15:42:29+00:00","dateModified":"2023-04-18T11:34:47+00:00","description":"Witamina K2 z fermentacji bakterii Bacillus Subtillis Natto w oleju konopnym - moc p\u0142yn\u0105ca z tradycji i natury. Kup teraz !","breadcrumb":{"@id":"https:\/\/dev.hempking.eu\/pl\/naturalna-witamina-k2-mk7-w-oleju-konopnym-30-ml\/#breadcrumb"},"inLanguage":"pl-PL","potentialAction":[{"@type":"ReadAction","target":["https:\/\/dev.hempking.eu\/pl\/naturalna-witamina-k2-mk7-w-oleju-konopnym-30-ml\/"]}]},{"@type":"ImageObject","inLanguage":"pl-PL","@id":"https:\/\/dev.hempking.eu\/pl\/naturalna-witamina-k2-mk7-w-oleju-konopnym-30-ml\/#primaryimage","url":"https:\/\/dev.hempking.eu\/pl\/wp-content\/uploads\/sites\/2\/2021\/12\/olejek_witaminy_k2mk7-1.jpg","contentUrl":"https:\/\/dev.hempking.eu\/pl\/wp-content\/uploads\/sites\/2\/2021\/12\/olejek_witaminy_k2mk7-1.jpg","width":1000,"height":1000,"caption":"witamina k2 mk7 w oleju konopnym"},{"@type":"BreadcrumbList","@id":"https:\/\/dev.hempking.eu\/pl\/naturalna-witamina-k2-mk7-w-oleju-konopnym-30-ml\/#breadcrumb","itemListElement":[{"@type":"ListItem","position":1,"name":"Home","item":"https:\/\/dev.hempking.eu\/pl\/"},{"@type":"ListItem","position":2,"name":"Sklep","item":"https:\/\/dev.hempking.eu\/pl\/shop\/"},{"@type":"ListItem","position":3,"name":"Suplementy","item":"https:\/\/dev.hempking.eu\/pl\/suplementy\/"},{"@type":"ListItem","position":4,"name":"Witaminy","item":"https:\/\/dev.hempking.eu\/pl\/witaminy\/"},{"@type":"ListItem","position":5,"name":"Witamina K2 MK7 w bio oleju konopnym - 30 ml"}]},{"@type":"WebSite","@id":"https:\/\/dev.hempking.eu\/pl\/#website","url":"https:\/\/dev.hempking.eu\/pl\/","name":"Hemp King","description":"","publisher":{"@id":"https:\/\/dev.hempking.eu\/pl\/#organization"},"potentialAction":[{"@type":"SearchAction","target":{"@type":"EntryPoint","urlTemplate":"https:\/\/dev.hempking.eu\/pl\/?s={search_term_string}"},"query-input":{"@type":"PropertyValueSpecification","valueRequired":true,"valueName":"search_term_string"}}],"inLanguage":"pl-PL"},{"@type":"Organization","@id":"https:\/\/dev.hempking.eu\/pl\/#organization","name":"Hemp King","url":"https:\/\/dev.hempking.eu\/pl\/","logo":{"@type":"ImageObject","inLanguage":"pl-PL","@id":"https:\/\/dev.hempking.eu\/pl\/#\/schema\/logo\/image\/","url":"https:\/\/dev.hempking.eu\/pl\/wp-content\/uploads\/sites\/2\/2020\/05\/hempking.png","contentUrl":"https:\/\/dev.hempking.eu\/pl\/wp-content\/uploads\/sites\/2\/2020\/05\/hempking.png","width":148,"height":91,"caption":"Hemp King"},"image":{"@id":"https:\/\/dev.hempking.eu\/pl\/#\/schema\/logo\/image\/"},"sameAs":["https:\/\/www.facebook.com\/hempkingpoland","https:\/\/x.com\/hempkingeu","https:\/\/www.instagram.com\/hempkingeu\/","https:\/\/www.linkedin.com\/company\/hempking-eu\/mycompany\/","https:\/\/pl.pinterest.com\/hempkingeu\/","https:\/\/www.youtube.com\/channel\/UCUkeZA1fj4hSZfoYm0WpZ7w"]}]},"product_price_amount":"53.00","product_price_currency":"PLN","og_availability":"instock","product_availability":"instock","product_condition":"new"},"_links":{"self":[{"href":"https:\/\/dev.hempking.eu\/pl\/wp-json\/wp\/v2\/product\/83426","targetHints":{"allow":["GET"]}}],"collection":[{"href":"https:\/\/dev.hempking.eu\/pl\/wp-json\/wp\/v2\/product"}],"about":[{"href":"https:\/\/dev.hempking.eu\/pl\/wp-json\/wp\/v2\/types\/product"}],"wp:featuredmedia":[{"embeddable":true,"href":"https:\/\/dev.hempking.eu\/pl\/wp-json\/wp\/v2\/media\/91783"}],"wp:attachment":[{"href":"https:\/\/dev.hempking.eu\/pl\/wp-json\/wp\/v2\/media?parent=83426"}],"wp:term":[{"taxonomy":"product_cat","embeddable":true,"href":"https:\/\/dev.hempking.eu\/pl\/wp-json\/wp\/v2\/product_cat?post=83426"},{"taxonomy":"product_tag","embeddable":true,"href":"https:\/\/dev.hempking.eu\/pl\/wp-json\/wp\/v2\/product_tag?post=83426"}],"curies":[{"name":"wp","href":"https:\/\/api.w.org\/{rel}","templated":true}]}}