{"id":90678,"date":"2022-02-28T14:57:38","date_gmt":"2022-02-28T13:57:38","guid":{"rendered":"https:\/\/hempking.eu\/pl\/?post_type=product&#038;p=90678"},"modified":"2023-04-18T12:15:35","modified_gmt":"2023-04-18T10:15:35","slug":"olej-cbdcbn-broad-spectrum-5-500-mg-10-ml","status":"publish","type":"product","link":"https:\/\/dev.hempking.eu\/pl\/olej-cbdcbn-broad-spectrum-5-500-mg-10-ml\/","title":{"rendered":"Olej CBD 5% (500mg) + CBN 1% (100mg) + CBDA, CBC, CBGA, CBG, CBDV Broad Spectrum - 10 ml"},"content":{"rendered":"<h2 style=\"text-align: justify;\">Olej CBD 5% + CBN 1% Gold Broad Spectrum Hemp King<\/h2>\n<p style=\"text-align: justify;\">Seria olej\u00f3w <strong>CBD + CBN Gold Broad Spectrum z naturalnymi fitosk\u0142adnikami<\/strong> \u0142\u0105czy w sobie wszystko, za co cenione s\u0105 olejki konopne: cenne fitosk\u0142adniki CBD, CBDA, CBC, CBGA, CBG, CBDV, CBN, olej konopny, kwasy omega-3 i omega-6. Jednak to olejki, kt\u00f3re s\u0105 produktem broad spectrum, czyli zawieraj\u0105cym szerok\u0105 palet\u0119 fitosk\u0142adnik\u00f3w, bez tego najbardziej kontrowersyjnego, czyli THC! Dodatkowo olejek zosta\u0142 wzmocniony o zawarto\u015b\u0107 CBN &#8211; kanabinolu! W olejku konopnym 5% Gold znajdziesz go w st\u0119\u017ceniu 1%!<\/p>\n<p style=\"text-align: justify;\">Olej CBD + CBN Gold z naturalnymi zwi\u0105zkami ro\u015blinnymi to produkt, kt\u00f3ry powsta\u0142 z my\u015bl\u0105 o tych, kt\u00f3rzy szukali wysokiej jako\u015bci produktu konopnego, kt\u00f3ry sprosta ich oczekiwaniom. To produkt dla Ciebie, kt\u00f3ry sprawdzi si\u0119 je\u015bli jeste\u015b:<\/p>\n<ul style=\"text-align: justify;\">\n<li>zawodowym sportowcem,<\/li>\n<li>zawodowym kierowc\u0105,<\/li>\n<li>osob\u0105 regularnie poddawan\u0105 testom narkotykowym,<\/li>\n<li>kim\u015b wyje\u017cd\u017caj\u0105cym do lub mieszkaj\u0105cym w krajach, gdzie mo\u017cna stosowa\u0107 wy\u0142\u0105cznie olejki konopne z naturalnym fitosk\u0142adnikiem CBD, ale bez zawarto\u015bci pe\u0142nego spektrum fitosk\u0142adnik\u00f3w,<\/li>\n<li>osob\u0105 ceni\u0105c\u0105 wygodne rozwi\u0105zania w wysokiej jako\u015bci,<\/li>\n<li>kim\u015b kto z r\u00f3\u017cnych powod\u00f3w nie mo\u017ce lub nie chce stosowa\u0107 produkt\u00f3w nawet z legaln\u0105 i \u015bladow\u0105 ilo\u015bci\u0105 THC,<\/li>\n<li>osob\u0105 chc\u0105c\u0105 suplementowa\u0107 nie tylko naturalnie wyst\u0119puj\u0105cy w przyrodzie fitosk\u0142adnik CBD, ale r\u00f3wnie\u017c zwi\u0105zek ro\u015blinny pochodz\u0105cy z konopi w\u0142\u00f3knistej &#8211; CBN.<\/li>\n<\/ul>\n<h2 style=\"text-align: justify;\">Broad spectrum vs full spectrum &#8211; r\u00f3\u017cnice i podobie\u0144stwa<\/h2>\n<p style=\"text-align: justify;\">Olejki CBD Hempking zawieraj\u0105cy sk\u0142adniki ro\u015blinne naturalnie wyst\u0119puj\u0105ce w przyrodzie \u0142\u0105czy wiele wsp\u00f3lnych mianownik\u00f3w, kt\u00f3re jednoznacznie wp\u0142ywaj\u0105 na ich jako\u015b\u0107. Wybieraj\u0105c je:<\/p>\n<ul style=\"text-align: justify;\">\n<li>wspierasz polskich rolnik\u00f3w, poniewa\u017c korzystamy z polskich konopnych upraw,<\/li>\n<li>stawiasz na bezpiecze\u0144stwo &#8211; badania produkt\u00f3w s\u0105 wykonywane przez niezale\u017cne i akredytowane laboratoria,<\/li>\n<li>wybierasz du\u017ce st\u0119\u017cenia fitosk\u0142adnik\u00f3w &#8211; czyli sk\u0142adnik\u00f3w ro\u015blinnych, kt\u00f3re naturalnie wyst\u0119puj\u0105 w przyrodzie,<\/li>\n<li>dostajesz wydajny i sprawdzony produkt,<\/li>\n<li>otrzymasz wysok\u0105 jako\u015b\u0107 w dobrej cenie, docenian\u0105 przez znawc\u00f3w konopnych temat\u00f3w,<\/li>\n<li>wybierasz bezpieczn\u0105 i skuteczn\u0105 ekstrakcj\u0119 metod\u0105 nadkrytycznym CO2 (forma t\u0142oczenia oleju).<\/li>\n<\/ul>\n<p style=\"text-align: justify;\">W serii olejk\u00f3w konopnych CBD + CBN Gold (CBD, CBN &#8211; to naturalne fitosk\u0142adniki) mo\u017cesz liczy\u0107 na wszystko to, co w naszych pozosta\u0142ych produktach konopnych. Jednak ten produkt powsta\u0142 po to, by oferowa\u0107 Ci co\u015b nowego. Bezpiecze\u0144stwo stosowania produkt\u00f3w konopnych nawet wtedy, gdy nie mo\u017cesz korzysta\u0107 z produkt\u00f3w full spectrum!<\/p>\n<p style=\"text-align: justify;\">Broad spectrum to produkt o szerokim zakresie fitokannabinoid\u00f3w, a nie pe\u0142nym, tak jak ma to miejsce w olejkach full spectrum. A to oznacza, \u017ce w oleju CBD + CBN 5% Gold nie znajdziesz nawet \u015bladowych ilo\u015bci THC! W olejku Gold znajdziesz nast\u0119puj\u0105ce naturalne fitosk\u0142adniki CBD, CBDA, CBC, CBGA, CBG, CBDV, CBN.<\/p>\n<p style=\"text-align: justify;\">Poza tym produkt jest w 100% naturalny oraz z gwarancj\u0105 st\u0119\u017cenia. Nie ma w nim ani grama syntetycznego wzbogacenia, dodatku izolatu CBD. Jest tak\u017ce przebadany na zawarto\u015b\u0107 metali ci\u0119\u017ckich, pestycyd\u00f3w czy ple\u015bni oraz grzyb\u00f3w, ca\u0142\u0105 mikrobiologi\u0119. To produkt polski, kt\u00f3ry powsta\u0142 w polskiej firmie, z polskich konopi w\u0142\u00f3knistych.<\/p>\n<p style=\"text-align: justify;\">Mo\u017cesz mie\u0107 pewno\u015b\u0107, \u017ce wybierasz wysokiej jako\u015bci suplement konopny i p\u0142acisz dok\u0142adnie za to, czego wymagasz od takiego produktu!<\/p>\n<p style=\"text-align: justify;\"><a href=\"https:\/\/dev.hempking.eu\/pl\/wp-content\/uploads\/sites\/2\/2020\/07\/warunki4-1.jpg\"><img loading=\"lazy\" decoding=\"async\" class=\"alignnone wp-image-104414 size-full\" src=\"https:\/\/dev.hempking.eu\/pl\/wp-content\/uploads\/sites\/2\/2020\/07\/warunki4-1.jpg\" alt=\"o\u015bwiadczenia CBD w UE\" width=\"755\" height=\"353\" srcset=\"https:\/\/dev.hempking.eu\/pl\/wp-content\/uploads\/sites\/2\/2020\/07\/warunki4-1.jpg 755w, https:\/\/dev.hempking.eu\/pl\/wp-content\/uploads\/sites\/2\/2020\/07\/warunki4-1-640x299.jpg 640w, https:\/\/dev.hempking.eu\/pl\/wp-content\/uploads\/sites\/2\/2020\/07\/warunki4-1-400x187.jpg 400w\" sizes=\"auto, (max-width: 755px) 100vw, 755px\" \/><\/a><\/p>\n<p style=\"text-align: justify;\"><a href=\"https:\/\/dev.hempking.eu\/pl\/wp-content\/uploads\/sites\/2\/2020\/07\/warunki_4.jpg\"><img loading=\"lazy\" decoding=\"async\" class=\"alignnone size-full wp-image-100623\" src=\"https:\/\/dev.hempking.eu\/pl\/wp-content\/uploads\/sites\/2\/2020\/07\/warunki_4.jpg\" alt=\"fito sk\u0142adniki novel food\" width=\"755\" height=\"237\" srcset=\"https:\/\/dev.hempking.eu\/pl\/wp-content\/uploads\/sites\/2\/2020\/07\/warunki_4.jpg 755w, https:\/\/dev.hempking.eu\/pl\/wp-content\/uploads\/sites\/2\/2020\/07\/warunki_4-640x201.jpg 640w, https:\/\/dev.hempking.eu\/pl\/wp-content\/uploads\/sites\/2\/2020\/07\/warunki_4-400x126.jpg 400w\" sizes=\"auto, (max-width: 755px) 100vw, 755px\" \/><\/a><\/p>\n<p style=\"text-align: justify;\"><a href=\"https:\/\/dev.hempking.eu\/pl\/wp-content\/uploads\/sites\/2\/2022\/01\/warunki2.jpg\"><img loading=\"lazy\" decoding=\"async\" class=\"alignnone size-full wp-image-85647\" src=\"https:\/\/dev.hempking.eu\/pl\/wp-content\/uploads\/sites\/2\/2022\/01\/warunki2.jpg\" alt=\"warunki przechowywania produkt\u00f3w konopnych HempKing\" width=\"755\" height=\"307\" srcset=\"https:\/\/dev.hempking.eu\/pl\/wp-content\/uploads\/sites\/2\/2022\/01\/warunki2.jpg 755w, https:\/\/dev.hempking.eu\/pl\/wp-content\/uploads\/sites\/2\/2022\/01\/warunki2-640x260.jpg 640w, https:\/\/dev.hempking.eu\/pl\/wp-content\/uploads\/sites\/2\/2022\/01\/warunki2-400x163.jpg 400w, https:\/\/dev.hempking.eu\/pl\/wp-content\/uploads\/sites\/2\/2022\/01\/warunki2-600x244.jpg 600w\" sizes=\"auto, (max-width: 755px) 100vw, 755px\" \/><\/a><\/p>\n","protected":false},"excerpt":{"rendered":"<h2><strong>Olej CBD+CBN 5% Broad Spectrum:\u00a0<\/strong><\/h2>\n<ul>\n<li>0% THC &#8211; naturalny fitosk\u0142adnik konopi siewnej,<\/li>\n<li>1% CBN &#8211; naturalny fitosk\u0142adnik konopi siewnej,<\/li>\n<li>5% CBD &#8211; naturalny fitosk\u0142adnik konopi siewnej,<\/li>\n<li>produkt o szerokim spektrum fitosk\u0142adnik\u00f3w, naturalnie wyst\u0119puj\u0105cych w przyrodzie<\/li>\n<li><a href=\"https:\/\/e8n6i4h7.rocketcdn.me\/pl\/wp-content\/uploads\/sites\/3\/2022\/03\/5-broad-spectrum-badanie-stezenia-fitoskladnikow.pdf\">produkt przebadany na st\u0119\u017cenie fitosk\u0142adnik\u00f3w\u00a0<\/a><\/li>\n<li>idealny dla kierowc\u00f3w, sportowc\u00f3w i os\u00f3b, kt\u00f3re nie chc\u0105 spo\u017cywa\u0107 olejk\u00f3w full spectrum.<\/li>\n<\/ul>\n<p><strong>Pojemno\u015b\u0107: 10 ml<\/strong><\/p>\n","protected":false},"featured_media":92761,"template":"","meta":{"_acf_changed":false},"product_cat":[20,38,123,118,36],"product_tag":[],"class_list":{"0":"post-90678","1":"product","2":"type-product","3":"status-publish","4":"has-post-thumbnail","6":"product_cat-olej-cbd","7":"product_cat-olej-cbd-5","8":"product_cat-olej-konopny-broad-spectrum","9":"product_cat-olej-cbn","10":"product_cat-bestsellery","12":"first","13":"instock","14":"shipping-taxable","15":"purchasable","16":"product-type-simple"},"acf":[],"yoast_head":"<!-- This site is optimized with the Yoast SEO Premium plugin v23.4 (Yoast SEO v24.0) - https:\/\/yoast.com\/wordpress\/plugins\/seo\/ -->\n<title>Olej CBD 5% + CBN 1% Broad Spectrum 10 ml HempKing<\/title>\n<meta name=\"description\" content=\"Olej CBD 5% + CBN 1% Broad Spectrum 10 ml HempKing w konopnym sklepie HempKing \u2705100% naturalne \u2705 Zadbaj z nami o swoj\u0105 diet\u0119\" \/>\n<link rel=\"canonical\" href=\"https:\/\/dev.hempking.eu\/pl\/olej-cbdcbn-broad-spectrum-5-500-mg-10-ml\/\" \/>\n<meta property=\"og:locale\" content=\"pl_PL\" \/>\n<meta property=\"og:type\" content=\"article\" \/>\n<meta property=\"og:title\" content=\"Olej CBD 5% (500mg) + CBN 1% (100mg) + CBDA, CBC, CBGA, CBG, CBDV Broad Spectrum - 10 ml\" \/>\n<meta property=\"og:description\" content=\"Olej CBD 5% + CBN 1% Broad Spectrum 10 ml HempKing w konopnym sklepie HempKing \u2705100% naturalne \u2705 Zadbaj z nami o swoj\u0105 diet\u0119\" \/>\n<meta property=\"og:url\" content=\"https:\/\/dev.hempking.eu\/pl\/olej-cbdcbn-broad-spectrum-5-500-mg-10-ml\/\" \/>\n<meta property=\"og:site_name\" content=\"Hemp King\" \/>\n<meta property=\"article:publisher\" content=\"https:\/\/www.facebook.com\/hempkingpoland\" \/>\n<meta property=\"article:modified_time\" content=\"2023-04-18T10:15:35+00:00\" \/>\n<meta property=\"og:image\" content=\"https:\/\/dev.hempking.eu\/pl\/wp-content\/uploads\/sites\/2\/2022\/02\/olejek_beoad_spectrum_5.jpg\" \/>\n\t<meta property=\"og:image:width\" content=\"1000\" \/>\n\t<meta property=\"og:image:height\" content=\"1000\" \/>\n\t<meta property=\"og:image:type\" content=\"image\/jpeg\" \/>\n<meta name=\"twitter:card\" content=\"summary_large_image\" \/>\n<meta name=\"twitter:site\" content=\"@hempkingeu\" \/>\n<meta name=\"twitter:label1\" content=\"Price\" \/>\n\t<meta name=\"twitter:data1\" content=\"89.00&nbsp;&#122;&#322;\" \/>\n\t<meta name=\"twitter:label2\" content=\"Availability\" \/>\n\t<meta name=\"twitter:data2\" content=\"In stock\" \/>\n<script type=\"application\/ld+json\" class=\"yoast-schema-graph\">{\"@context\":\"https:\/\/schema.org\",\"@graph\":[{\"@type\":\"WebPage\",\"@id\":\"https:\/\/dev.hempking.eu\/pl\/olej-cbdcbn-broad-spectrum-5-500-mg-10-ml\/\",\"url\":\"https:\/\/dev.hempking.eu\/pl\/olej-cbdcbn-broad-spectrum-5-500-mg-10-ml\/\",\"name\":\"Olej CBD 5% + CBN 1% Broad Spectrum 10 ml HempKing\",\"isPartOf\":{\"@id\":\"https:\/\/dev.hempking.eu\/pl\/#website\"},\"primaryImageOfPage\":{\"@id\":\"https:\/\/dev.hempking.eu\/pl\/olej-cbdcbn-broad-spectrum-5-500-mg-10-ml\/#primaryimage\"},\"image\":{\"@id\":\"https:\/\/dev.hempking.eu\/pl\/olej-cbdcbn-broad-spectrum-5-500-mg-10-ml\/#primaryimage\"},\"thumbnailUrl\":\"https:\/\/dev.hempking.eu\/pl\/wp-content\/uploads\/sites\/2\/2022\/02\/olejek_beoad_spectrum_5.jpg\",\"datePublished\":\"2022-02-28T13:57:38+00:00\",\"dateModified\":\"2023-04-18T10:15:35+00:00\",\"description\":\"Olej CBD 5% + CBN 1% Broad Spectrum 10 ml HempKing w konopnym sklepie HempKing \u2705100% naturalne \u2705 Zadbaj z nami o swoj\u0105 diet\u0119\",\"breadcrumb\":{\"@id\":\"https:\/\/dev.hempking.eu\/pl\/olej-cbdcbn-broad-spectrum-5-500-mg-10-ml\/#breadcrumb\"},\"inLanguage\":\"pl-PL\",\"potentialAction\":[{\"@type\":\"ReadAction\",\"target\":[\"https:\/\/dev.hempking.eu\/pl\/olej-cbdcbn-broad-spectrum-5-500-mg-10-ml\/\"]}]},{\"@type\":\"ImageObject\",\"inLanguage\":\"pl-PL\",\"@id\":\"https:\/\/dev.hempking.eu\/pl\/olej-cbdcbn-broad-spectrum-5-500-mg-10-ml\/#primaryimage\",\"url\":\"https:\/\/dev.hempking.eu\/pl\/wp-content\/uploads\/sites\/2\/2022\/02\/olejek_beoad_spectrum_5.jpg\",\"contentUrl\":\"https:\/\/dev.hempking.eu\/pl\/wp-content\/uploads\/sites\/2\/2022\/02\/olejek_beoad_spectrum_5.jpg\",\"width\":1000,\"height\":1000,\"caption\":\"Olejek CBD+CBN 1% broad spectrum 5%\"},{\"@type\":\"BreadcrumbList\",\"@id\":\"https:\/\/dev.hempking.eu\/pl\/olej-cbdcbn-broad-spectrum-5-500-mg-10-ml\/#breadcrumb\",\"itemListElement\":[{\"@type\":\"ListItem\",\"position\":1,\"name\":\"Home\",\"item\":\"https:\/\/dev.hempking.eu\/pl\/\"},{\"@type\":\"ListItem\",\"position\":2,\"name\":\"Sklep\",\"item\":\"https:\/\/dev.hempking.eu\/pl\/shop\/\"},{\"@type\":\"ListItem\",\"position\":3,\"name\":\"Olej CBD\",\"item\":\"https:\/\/dev.hempking.eu\/pl\/olej-cbd\/\"},{\"@type\":\"ListItem\",\"position\":4,\"name\":\"Olej CBD 5% (500mg) + CBN 1% (100mg) + CBDA, CBC, CBGA, CBG, CBDV Broad Spectrum - 10 ml\"}]},{\"@type\":\"WebSite\",\"@id\":\"https:\/\/dev.hempking.eu\/pl\/#website\",\"url\":\"https:\/\/dev.hempking.eu\/pl\/\",\"name\":\"Hemp King\",\"description\":\"\",\"publisher\":{\"@id\":\"https:\/\/dev.hempking.eu\/pl\/#organization\"},\"potentialAction\":[{\"@type\":\"SearchAction\",\"target\":{\"@type\":\"EntryPoint\",\"urlTemplate\":\"https:\/\/dev.hempking.eu\/pl\/?s={search_term_string}\"},\"query-input\":{\"@type\":\"PropertyValueSpecification\",\"valueRequired\":true,\"valueName\":\"search_term_string\"}}],\"inLanguage\":\"pl-PL\"},{\"@type\":\"Organization\",\"@id\":\"https:\/\/dev.hempking.eu\/pl\/#organization\",\"name\":\"Hemp King\",\"url\":\"https:\/\/dev.hempking.eu\/pl\/\",\"logo\":{\"@type\":\"ImageObject\",\"inLanguage\":\"pl-PL\",\"@id\":\"https:\/\/dev.hempking.eu\/pl\/#\/schema\/logo\/image\/\",\"url\":\"https:\/\/dev.hempking.eu\/pl\/wp-content\/uploads\/sites\/2\/2020\/05\/hempking.png\",\"contentUrl\":\"https:\/\/dev.hempking.eu\/pl\/wp-content\/uploads\/sites\/2\/2020\/05\/hempking.png\",\"width\":148,\"height\":91,\"caption\":\"Hemp King\"},\"image\":{\"@id\":\"https:\/\/dev.hempking.eu\/pl\/#\/schema\/logo\/image\/\"},\"sameAs\":[\"https:\/\/www.facebook.com\/hempkingpoland\",\"https:\/\/x.com\/hempkingeu\",\"https:\/\/www.instagram.com\/hempkingeu\/\",\"https:\/\/www.linkedin.com\/company\/hempking-eu\/mycompany\/\",\"https:\/\/pl.pinterest.com\/hempkingeu\/\",\"https:\/\/www.youtube.com\/channel\/UCUkeZA1fj4hSZfoYm0WpZ7w\"]}]}<\/script>\n<meta property=\"product:price:amount\" content=\"89.00\" \/>\n<meta property=\"product:price:currency\" content=\"PLN\" \/>\n<meta property=\"og:availability\" content=\"instock\" \/>\n<meta property=\"product:availability\" content=\"instock\" \/>\n<meta property=\"product:condition\" content=\"new\" \/>\n<!-- \/ Yoast SEO Premium plugin. -->","yoast_head_json":{"title":"Olej CBD 5% + CBN 1% Broad Spectrum 10 ml HempKing","description":"Olej CBD 5% + CBN 1% Broad Spectrum 10 ml HempKing w konopnym sklepie HempKing \u2705100% naturalne \u2705 Zadbaj z nami o swoj\u0105 diet\u0119","canonical":"https:\/\/dev.hempking.eu\/pl\/olej-cbdcbn-broad-spectrum-5-500-mg-10-ml\/","og_locale":"pl_PL","og_type":"article","og_title":"Olej CBD 5% (500mg) + CBN 1% (100mg) + CBDA, CBC, CBGA, CBG, CBDV Broad Spectrum - 10 ml","og_description":"Olej CBD 5% + CBN 1% Broad Spectrum 10 ml HempKing w konopnym sklepie HempKing \u2705100% naturalne \u2705 Zadbaj z nami o swoj\u0105 diet\u0119","og_url":"https:\/\/dev.hempking.eu\/pl\/olej-cbdcbn-broad-spectrum-5-500-mg-10-ml\/","og_site_name":"Hemp King","article_publisher":"https:\/\/www.facebook.com\/hempkingpoland","article_modified_time":"2023-04-18T10:15:35+00:00","og_image":[{"width":1000,"height":1000,"url":"https:\/\/dev.hempking.eu\/pl\/wp-content\/uploads\/sites\/2\/2022\/02\/olejek_beoad_spectrum_5.jpg","type":"image\/jpeg"}],"twitter_card":"summary_large_image","twitter_site":"@hempkingeu","twitter_misc":{"Price":"89.00&nbsp;&#122;&#322;","Availability":"In stock"},"schema":{"@context":"https:\/\/schema.org","@graph":[{"@type":"WebPage","@id":"https:\/\/dev.hempking.eu\/pl\/olej-cbdcbn-broad-spectrum-5-500-mg-10-ml\/","url":"https:\/\/dev.hempking.eu\/pl\/olej-cbdcbn-broad-spectrum-5-500-mg-10-ml\/","name":"Olej CBD 5% + CBN 1% Broad Spectrum 10 ml HempKing","isPartOf":{"@id":"https:\/\/dev.hempking.eu\/pl\/#website"},"primaryImageOfPage":{"@id":"https:\/\/dev.hempking.eu\/pl\/olej-cbdcbn-broad-spectrum-5-500-mg-10-ml\/#primaryimage"},"image":{"@id":"https:\/\/dev.hempking.eu\/pl\/olej-cbdcbn-broad-spectrum-5-500-mg-10-ml\/#primaryimage"},"thumbnailUrl":"https:\/\/dev.hempking.eu\/pl\/wp-content\/uploads\/sites\/2\/2022\/02\/olejek_beoad_spectrum_5.jpg","datePublished":"2022-02-28T13:57:38+00:00","dateModified":"2023-04-18T10:15:35+00:00","description":"Olej CBD 5% + CBN 1% Broad Spectrum 10 ml HempKing w konopnym sklepie HempKing \u2705100% naturalne \u2705 Zadbaj z nami o swoj\u0105 diet\u0119","breadcrumb":{"@id":"https:\/\/dev.hempking.eu\/pl\/olej-cbdcbn-broad-spectrum-5-500-mg-10-ml\/#breadcrumb"},"inLanguage":"pl-PL","potentialAction":[{"@type":"ReadAction","target":["https:\/\/dev.hempking.eu\/pl\/olej-cbdcbn-broad-spectrum-5-500-mg-10-ml\/"]}]},{"@type":"ImageObject","inLanguage":"pl-PL","@id":"https:\/\/dev.hempking.eu\/pl\/olej-cbdcbn-broad-spectrum-5-500-mg-10-ml\/#primaryimage","url":"https:\/\/dev.hempking.eu\/pl\/wp-content\/uploads\/sites\/2\/2022\/02\/olejek_beoad_spectrum_5.jpg","contentUrl":"https:\/\/dev.hempking.eu\/pl\/wp-content\/uploads\/sites\/2\/2022\/02\/olejek_beoad_spectrum_5.jpg","width":1000,"height":1000,"caption":"Olejek CBD+CBN 1% broad spectrum 5%"},{"@type":"BreadcrumbList","@id":"https:\/\/dev.hempking.eu\/pl\/olej-cbdcbn-broad-spectrum-5-500-mg-10-ml\/#breadcrumb","itemListElement":[{"@type":"ListItem","position":1,"name":"Home","item":"https:\/\/dev.hempking.eu\/pl\/"},{"@type":"ListItem","position":2,"name":"Sklep","item":"https:\/\/dev.hempking.eu\/pl\/shop\/"},{"@type":"ListItem","position":3,"name":"Olej CBD","item":"https:\/\/dev.hempking.eu\/pl\/olej-cbd\/"},{"@type":"ListItem","position":4,"name":"Olej CBD 5% (500mg) + CBN 1% (100mg) + CBDA, CBC, CBGA, CBG, CBDV Broad Spectrum - 10 ml"}]},{"@type":"WebSite","@id":"https:\/\/dev.hempking.eu\/pl\/#website","url":"https:\/\/dev.hempking.eu\/pl\/","name":"Hemp King","description":"","publisher":{"@id":"https:\/\/dev.hempking.eu\/pl\/#organization"},"potentialAction":[{"@type":"SearchAction","target":{"@type":"EntryPoint","urlTemplate":"https:\/\/dev.hempking.eu\/pl\/?s={search_term_string}"},"query-input":{"@type":"PropertyValueSpecification","valueRequired":true,"valueName":"search_term_string"}}],"inLanguage":"pl-PL"},{"@type":"Organization","@id":"https:\/\/dev.hempking.eu\/pl\/#organization","name":"Hemp King","url":"https:\/\/dev.hempking.eu\/pl\/","logo":{"@type":"ImageObject","inLanguage":"pl-PL","@id":"https:\/\/dev.hempking.eu\/pl\/#\/schema\/logo\/image\/","url":"https:\/\/dev.hempking.eu\/pl\/wp-content\/uploads\/sites\/2\/2020\/05\/hempking.png","contentUrl":"https:\/\/dev.hempking.eu\/pl\/wp-content\/uploads\/sites\/2\/2020\/05\/hempking.png","width":148,"height":91,"caption":"Hemp King"},"image":{"@id":"https:\/\/dev.hempking.eu\/pl\/#\/schema\/logo\/image\/"},"sameAs":["https:\/\/www.facebook.com\/hempkingpoland","https:\/\/x.com\/hempkingeu","https:\/\/www.instagram.com\/hempkingeu\/","https:\/\/www.linkedin.com\/company\/hempking-eu\/mycompany\/","https:\/\/pl.pinterest.com\/hempkingeu\/","https:\/\/www.youtube.com\/channel\/UCUkeZA1fj4hSZfoYm0WpZ7w"]}]},"product_price_amount":"89.00","product_price_currency":"PLN","og_availability":"instock","product_availability":"instock","product_condition":"new"},"_links":{"self":[{"href":"https:\/\/dev.hempking.eu\/pl\/wp-json\/wp\/v2\/product\/90678","targetHints":{"allow":["GET"]}}],"collection":[{"href":"https:\/\/dev.hempking.eu\/pl\/wp-json\/wp\/v2\/product"}],"about":[{"href":"https:\/\/dev.hempking.eu\/pl\/wp-json\/wp\/v2\/types\/product"}],"wp:featuredmedia":[{"embeddable":true,"href":"https:\/\/dev.hempking.eu\/pl\/wp-json\/wp\/v2\/media\/92761"}],"wp:attachment":[{"href":"https:\/\/dev.hempking.eu\/pl\/wp-json\/wp\/v2\/media?parent=90678"}],"wp:term":[{"taxonomy":"product_cat","embeddable":true,"href":"https:\/\/dev.hempking.eu\/pl\/wp-json\/wp\/v2\/product_cat?post=90678"},{"taxonomy":"product_tag","embeddable":true,"href":"https:\/\/dev.hempking.eu\/pl\/wp-json\/wp\/v2\/product_tag?post=90678"}],"curies":[{"name":"wp","href":"https:\/\/api.w.org\/{rel}","templated":true}]}}