{"id":90682,"date":"2022-02-28T15:12:38","date_gmt":"2022-02-28T14:12:38","guid":{"rendered":"https:\/\/hempking.eu\/pl\/?post_type=product&#038;p=90682"},"modified":"2023-04-18T10:42:42","modified_gmt":"2023-04-18T08:42:42","slug":"olej-cbdcbn-broad-spectrum-10-1000-mg-10-ml","status":"publish","type":"product","link":"https:\/\/dev.hempking.eu\/pl\/olej-cbdcbn-broad-spectrum-10-1000-mg-10-ml\/","title":{"rendered":"Olej CBD 10% (1000 mg) + CBN 2% (200 mg) + CBDA, CBC, CBGA, CBG, CBDV Broad Spectrum - 10 ml"},"content":{"rendered":"<h2 style=\"text-align: justify;\">Wyj\u0105tkowy olej CBD + CBN Gold Plus Broad Spectrum (z fitosk\u0142adnikami) marki HempKing<\/h2>\n<p style=\"text-align: justify;\">Oleje z serii <strong>CBD + CBN Gold Broad Spectrum <\/strong>z naturalnie wyst\u0119puj\u0105cymi w konopiach fitosk\u0142adnikami (CBD, CBDA, CBC, CBGA, CBG, CBDV, CBN) to po\u0142\u0105czenie wszystkiego, za co doceniane s\u0105 olejki z konopi: naturalne fitosk\u0142adniki, olej z konopi, kwasy t\u0142uszczowe omega-3 i omega-6. Olejki Gold s\u0105 wyrobem broad spectrum, czyli takim, kt\u00f3ry zawiera du\u017c\u0105 palet\u0119 fitosk\u0142adnik\u00f3w, jednak bez THC, czyli tego najbardziej znanego ze swoich w\u0142a\u015bciwo\u015bci psychoaktywnych kannabinoidu! W olejku CBD 10% z fitosk\u0142adnikami Gold Plus znajdziesz te\u017c wysokie st\u0119\u017cenie CBN &#8211; kannabinolu! Wzmocnili\u015bmy ten produkt o 200 mg tego fitosk\u0142adnika, czyli to st\u0119\u017cenie 2%!<\/p>\n<p style=\"text-align: justify;\">Olej CBD + CBN Gold Plus z fitosk\u0142adnikami (bez THC) to olejek konopny, kt\u00f3ry stworzyli\u015bmy specjalnie dla tych os\u00f3b, kt\u00f3re ceni\u0105 wysok\u0105 jako\u015b\u0107 produkt\u00f3w konopnych i chc\u0105, by zawsze sprosta\u0142y ich oczekiwaniom. Seria Gold jest dla Ciebie, je\u015bli:<\/p>\n<ul style=\"text-align: justify;\">\n<li>zawodowo trenujesz sport,<\/li>\n<li>jeste\u015b czynnym zawodowo kierowc\u0105,<\/li>\n<li>regularnie musisz przechodzi\u0107 testy narkotykowe,<\/li>\n<li>cz\u0119sto przebywasz w krajach, gdzie mo\u017cna u\u017cywa\u0107 wy\u0142\u0105cznie olejk\u00f3w broad spectrum,<\/li>\n<li>cenisz wysok\u0105 jako\u015b\u0107 i funkcjonalno\u015b\u0107 produkt\u00f3w,<\/li>\n<li>nie chcesz lub nie mo\u017cesz stosowa\u0107 produkt\u00f3w konopnych z pe\u0142nym spektrum fitosk\u0142adnik\u00f3w (czyli z CBD, CBDA, CBC, CBGA, CBG, CBDV i CBN),<\/li>\n<li>fitosk\u0142adnik CBN w suplementacji jest dla Ciebie wa\u017cny.<\/li>\n<\/ul>\n<h2 style=\"text-align: justify;\">Broad spectrum vs full spectrum &#8211; czym si\u0119 r\u00f3\u017cni\u0105?<\/h2>\n<p style=\"text-align: justify;\">Suplementy konopne Hempking, w tym olejki CBD z naturalnymi fitosk\u0142adnikami, zawsze s\u0105 produktami, kt\u00f3re reprezentuj\u0105 wysok\u0105 jako\u015b\u0107. Gdy decydujesz si\u0119 na korzystanie z ich w\u0142a\u015bciwo\u015bci:<\/p>\n<ul style=\"text-align: justify;\">\n<li>masz wp\u0142yw na polskie rolnictwo i wspierasz polskich rolnik\u00f3w. Nasze produkty powstaj\u0105 z polskich upraw,<\/li>\n<li>wybierasz bezpiecze\u0144stwo i pewno\u015b\u0107 &#8211; zlecamy badania produkt\u00f3w niezale\u017cnym i akredytowanym laboratoriom,<\/li>\n<li>masz pewno\u015b\u0107, \u017ce spo\u017cywasz wysokiej jako\u015bci fitosk\u0142adniki,<\/li>\n<li>stawiasz na wydajny i ekonomiczny produkt,<\/li>\n<li>otrzymujesz produkt z jako\u015bci\u0105 docenion\u0105 przez znawc\u00f3w konopi,<\/li>\n<li>masz pewno\u015b\u0107, \u017ce korzystamy z nowoczesnej i bezpiecznej ekstrakcji CO2 (forma t\u0142oczenia oleju).<\/li>\n<\/ul>\n<p style=\"text-align: justify;\">Z\u0142ota seria broad spectrum to olejki konopne CBD + CBN wraz z pozosta\u0142ymi fitosk\u0142adnikami (CBD, CBDA, CBC, CBGA, CBG, CBDV, CBN), w kt\u00f3rej znajdziesz wszystko to, co oferuj\u0105 nasze inne serie olejk\u00f3w. Powsta\u0142y jednak po to, by do tego wszystkiego zaoferowa\u0107 Ci co\u015b nowego. Teraz mo\u017cesz bezpiecznie korzysta\u0107 z olejk\u00f3w Hempking nawet wtedy, kiedy korzystanie z produkt\u00f3w full spectrum jest niemo\u017cliwe!<\/p>\n<p style=\"text-align: justify;\">Broad spectrum oznacza, \u017ce produkt mo\u017ce pochwali\u0107 si\u0119 szerokim zakresem fitosk\u0142adnik\u00f3w konopnych (CBD, CBDA, CBC, CBGA, CBG, CBDV, CBN), a nie pe\u0142nym, tak jak ma to miejsce w olejkach full spectrum. Dzi\u0119ki temu w oleju CBD + CBN 10% z (fitosk\u0142adnikami) Gold Plus nie znajduj\u0105 si\u0119 nawet \u015bladowe st\u0119\u017cenia THC!<\/p>\n<p style=\"text-align: justify;\">Olejek jest w ca\u0142o\u015bci naturalny oraz posiada gwarancj\u0119 zawarto\u015bci fitosk\u0142adnik\u00f3w (<strong>st\u0119\u017cenie fitokannabinoid\u00f3w<\/strong>). Nie wzbogacamy naszych produkt\u00f3w syntetycznymi kannabinoidami czy izolatem CBD. Materia\u0142 zawsze badamy na obecno\u015b\u0107 metali ci\u0119\u017ckich, grzyb\u00f3w, ple\u015bni i badamy ca\u0142\u0105 mikrobiologi\u0119, jeszcze przed produkcj\u0105!<\/p>\n<p style=\"text-align: justify;\"><a href=\"https:\/\/dev.hempking.eu\/pl\/wp-content\/uploads\/sites\/2\/2020\/07\/warunki4-1.jpg\"><img loading=\"lazy\" decoding=\"async\" class=\"alignnone wp-image-104414 size-full\" src=\"https:\/\/dev.hempking.eu\/pl\/wp-content\/uploads\/sites\/2\/2020\/07\/warunki4-1.jpg\" alt=\"o\u015bwiadczenia CBD w UE\" width=\"755\" height=\"353\" srcset=\"https:\/\/dev.hempking.eu\/pl\/wp-content\/uploads\/sites\/2\/2020\/07\/warunki4-1.jpg 755w, https:\/\/dev.hempking.eu\/pl\/wp-content\/uploads\/sites\/2\/2020\/07\/warunki4-1-640x299.jpg 640w, https:\/\/dev.hempking.eu\/pl\/wp-content\/uploads\/sites\/2\/2020\/07\/warunki4-1-400x187.jpg 400w\" sizes=\"auto, (max-width: 755px) 100vw, 755px\" \/><\/a><\/p>\n<p style=\"text-align: justify;\"><a href=\"https:\/\/dev.hempking.eu\/pl\/wp-content\/uploads\/sites\/2\/2020\/07\/warunki_4.jpg\"><img loading=\"lazy\" decoding=\"async\" class=\"alignnone size-full wp-image-100623\" src=\"https:\/\/dev.hempking.eu\/pl\/wp-content\/uploads\/sites\/2\/2020\/07\/warunki_4.jpg\" alt=\"fito sk\u0142adniki novel food\" width=\"755\" height=\"237\" srcset=\"https:\/\/dev.hempking.eu\/pl\/wp-content\/uploads\/sites\/2\/2020\/07\/warunki_4.jpg 755w, https:\/\/dev.hempking.eu\/pl\/wp-content\/uploads\/sites\/2\/2020\/07\/warunki_4-640x201.jpg 640w, https:\/\/dev.hempking.eu\/pl\/wp-content\/uploads\/sites\/2\/2020\/07\/warunki_4-400x126.jpg 400w\" sizes=\"auto, (max-width: 755px) 100vw, 755px\" \/><\/a><\/p>\n<p style=\"text-align: justify;\"><a href=\"https:\/\/dev.hempking.eu\/pl\/wp-content\/uploads\/sites\/2\/2022\/01\/warunki2.jpg\"><img loading=\"lazy\" decoding=\"async\" class=\"alignnone size-full wp-image-85647\" src=\"https:\/\/dev.hempking.eu\/pl\/wp-content\/uploads\/sites\/2\/2022\/01\/warunki2.jpg\" alt=\"warunki przechowywania produkt\u00f3w konopnych HempKing\" width=\"755\" height=\"307\" srcset=\"https:\/\/dev.hempking.eu\/pl\/wp-content\/uploads\/sites\/2\/2022\/01\/warunki2.jpg 755w, https:\/\/dev.hempking.eu\/pl\/wp-content\/uploads\/sites\/2\/2022\/01\/warunki2-640x260.jpg 640w, https:\/\/dev.hempking.eu\/pl\/wp-content\/uploads\/sites\/2\/2022\/01\/warunki2-400x163.jpg 400w, https:\/\/dev.hempking.eu\/pl\/wp-content\/uploads\/sites\/2\/2022\/01\/warunki2-600x244.jpg 600w\" sizes=\"auto, (max-width: 755px) 100vw, 755px\" \/><\/a><\/p>\n","protected":false},"excerpt":{"rendered":"<h2><strong>Olej CBD+CBN 10% (z fitosk\u0142adnikami) Broad Spectrum:\u00a0<\/strong><\/h2>\n<ul>\n<li>nie zawiera fitosk\u0142adnika THC,<\/li>\n<li>st\u0119\u017cenie fitosk\u0142adnika CBN to 2%<\/li>\n<li>gwarantowane st\u0119\u017cenie 10% CBD i pozosta\u0142ych fitosk\u0142adnik\u00f3w,<\/li>\n<li>produkt o szerokim zakresie fitosk\u0142adnik\u00f3w (CBD, CBDA, CBC, CBGA, CBG, CBDV, CBN),<\/li>\n<li>stworzony dla kierowc\u00f3w, zawodowych sportowc\u00f3w i ka\u017cdego, kto nie chce spo\u017cywa\u0107 olejk\u00f3w full spectrum,<\/li>\n<li><strong>Najnowsze badania znajdziesz w zak\u0142adce\u00a0<a href=\"https:\/\/dev.hempking.eu\/pl\/atesty-i-certyfikaty\/\">Atesty i Certyfikaty<\/a><\/strong><\/li>\n<\/ul>\n<p><strong>Pojemno\u015b\u0107: 10 ml<\/strong><\/p>\n","protected":false},"featured_media":92762,"template":"","meta":{"_acf_changed":false},"product_cat":[20,39,123,118,36],"product_tag":[],"class_list":{"0":"post-90682","1":"product","2":"type-product","3":"status-publish","4":"has-post-thumbnail","6":"product_cat-olej-cbd","7":"product_cat-olej-cbd-10","8":"product_cat-olej-konopny-broad-spectrum","9":"product_cat-olej-cbn","10":"product_cat-bestsellery","12":"first","13":"instock","14":"shipping-taxable","15":"purchasable","16":"product-type-simple"},"acf":[],"yoast_head":"<!-- This site is optimized with the Yoast SEO Premium plugin v23.4 (Yoast SEO v24.0) - https:\/\/yoast.com\/wordpress\/plugins\/seo\/ -->\n<title>Olej CBN 2% (200mg) +CBD 10% (1000mg) Broad Spectrum 10 ml<\/title>\n<meta name=\"description\" content=\"Zobacz \u261b Olej CBN 2% (200mg) +CBD 10% (1000mg) Broad Spectrum w konopnym sklepie HempKing \u2705100% naturalne \u2705 Zadbaj z nami o swoj\u0105 diet\u0119!\" \/>\n<link rel=\"canonical\" href=\"https:\/\/dev.hempking.eu\/pl\/olej-cbdcbn-broad-spectrum-10-1000-mg-10-ml\/\" \/>\n<meta property=\"og:locale\" content=\"pl_PL\" \/>\n<meta property=\"og:type\" content=\"article\" \/>\n<meta property=\"og:title\" content=\"Olej CBN 2% (200mg) +CBD 10% (1000mg) Broad Spectrum - 10 ml\" \/>\n<meta property=\"og:description\" content=\"Zobacz \u261b Olej CBN 2% (200mg) +CBD 10% (1000mg) Broad Spectrum w konopnym sklepie HempKing \u2705100% naturalne \u2705 Zadbaj z nami o swoj\u0105 diet\u0119!\" \/>\n<meta property=\"og:url\" content=\"https:\/\/dev.hempking.eu\/pl\/olej-cbdcbn-broad-spectrum-10-1000-mg-10-ml\/\" \/>\n<meta property=\"og:site_name\" content=\"Hemp King\" \/>\n<meta property=\"article:publisher\" content=\"https:\/\/www.facebook.com\/hempkingpoland\" \/>\n<meta property=\"article:modified_time\" content=\"2023-04-18T08:42:42+00:00\" \/>\n<meta property=\"og:image\" content=\"https:\/\/dev.hempking.eu\/pl\/wp-content\/uploads\/sites\/2\/2022\/02\/olejek_beoad_spectrum_10.jpg\" \/>\n\t<meta property=\"og:image:width\" content=\"1000\" \/>\n\t<meta property=\"og:image:height\" content=\"1000\" \/>\n\t<meta property=\"og:image:type\" content=\"image\/jpeg\" \/>\n<meta name=\"twitter:card\" content=\"summary_large_image\" \/>\n<meta name=\"twitter:title\" content=\"Olej CBN 2% (200mg) +CBD 10% (1000mg) Broad Spectrum - 10 ml\" \/>\n<meta name=\"twitter:description\" content=\"Zobacz \u261b Olej CBN 2% (200mg) +CBD 10% (1000mg) Broad Spectrum w konopnym sklepie HempKing \u2705100% naturalne \u2705 Zadbaj z nami o swoj\u0105 diet\u0119!\" \/>\n<meta name=\"twitter:image\" content=\"https:\/\/dev.hempking.eu\/pl\/wp-content\/uploads\/sites\/2\/2022\/02\/olejek_beoad_spectrum_10.jpg\" \/>\n<meta name=\"twitter:site\" content=\"@hempkingeu\" \/>\n<meta name=\"twitter:label1\" content=\"Price\" \/>\n\t<meta name=\"twitter:data1\" content=\"179.00&nbsp;&#122;&#322;\" \/>\n\t<meta name=\"twitter:label2\" content=\"Availability\" \/>\n\t<meta name=\"twitter:data2\" content=\"In stock\" \/>\n<script type=\"application\/ld+json\" class=\"yoast-schema-graph\">{\"@context\":\"https:\/\/schema.org\",\"@graph\":[{\"@type\":\"WebPage\",\"@id\":\"https:\/\/dev.hempking.eu\/pl\/olej-cbdcbn-broad-spectrum-10-1000-mg-10-ml\/\",\"url\":\"https:\/\/dev.hempking.eu\/pl\/olej-cbdcbn-broad-spectrum-10-1000-mg-10-ml\/\",\"name\":\"Olej CBN 2% (200mg) +CBD 10% (1000mg) Broad Spectrum 10 ml\",\"isPartOf\":{\"@id\":\"https:\/\/dev.hempking.eu\/pl\/#website\"},\"primaryImageOfPage\":{\"@id\":\"https:\/\/dev.hempking.eu\/pl\/olej-cbdcbn-broad-spectrum-10-1000-mg-10-ml\/#primaryimage\"},\"image\":{\"@id\":\"https:\/\/dev.hempking.eu\/pl\/olej-cbdcbn-broad-spectrum-10-1000-mg-10-ml\/#primaryimage\"},\"thumbnailUrl\":\"https:\/\/dev.hempking.eu\/pl\/wp-content\/uploads\/sites\/2\/2022\/02\/olejek_beoad_spectrum_10.jpg\",\"datePublished\":\"2022-02-28T14:12:38+00:00\",\"dateModified\":\"2023-04-18T08:42:42+00:00\",\"description\":\"Zobacz \u261b Olej CBN 2% (200mg) +CBD 10% (1000mg) Broad Spectrum w konopnym sklepie HempKing \u2705100% naturalne \u2705 Zadbaj z nami o swoj\u0105 diet\u0119!\",\"breadcrumb\":{\"@id\":\"https:\/\/dev.hempking.eu\/pl\/olej-cbdcbn-broad-spectrum-10-1000-mg-10-ml\/#breadcrumb\"},\"inLanguage\":\"pl-PL\",\"potentialAction\":[{\"@type\":\"ReadAction\",\"target\":[\"https:\/\/dev.hempking.eu\/pl\/olej-cbdcbn-broad-spectrum-10-1000-mg-10-ml\/\"]}]},{\"@type\":\"ImageObject\",\"inLanguage\":\"pl-PL\",\"@id\":\"https:\/\/dev.hempking.eu\/pl\/olej-cbdcbn-broad-spectrum-10-1000-mg-10-ml\/#primaryimage\",\"url\":\"https:\/\/dev.hempking.eu\/pl\/wp-content\/uploads\/sites\/2\/2022\/02\/olejek_beoad_spectrum_10.jpg\",\"contentUrl\":\"https:\/\/dev.hempking.eu\/pl\/wp-content\/uploads\/sites\/2\/2022\/02\/olejek_beoad_spectrum_10.jpg\",\"width\":1000,\"height\":1000,\"caption\":\"Olejek CBN 2% + CBD 10% broad spectrum\"},{\"@type\":\"BreadcrumbList\",\"@id\":\"https:\/\/dev.hempking.eu\/pl\/olej-cbdcbn-broad-spectrum-10-1000-mg-10-ml\/#breadcrumb\",\"itemListElement\":[{\"@type\":\"ListItem\",\"position\":1,\"name\":\"Home\",\"item\":\"https:\/\/dev.hempking.eu\/pl\/\"},{\"@type\":\"ListItem\",\"position\":2,\"name\":\"Sklep\",\"item\":\"https:\/\/dev.hempking.eu\/pl\/shop\/\"},{\"@type\":\"ListItem\",\"position\":3,\"name\":\"Olej CBD\",\"item\":\"https:\/\/dev.hempking.eu\/pl\/olej-cbd\/\"},{\"@type\":\"ListItem\",\"position\":4,\"name\":\"Olej CBD 10% (1000 mg) + CBN 2% (200 mg) + CBDA, CBC, CBGA, CBG, CBDV Broad Spectrum - 10 ml\"}]},{\"@type\":\"WebSite\",\"@id\":\"https:\/\/dev.hempking.eu\/pl\/#website\",\"url\":\"https:\/\/dev.hempking.eu\/pl\/\",\"name\":\"Hemp King\",\"description\":\"\",\"publisher\":{\"@id\":\"https:\/\/dev.hempking.eu\/pl\/#organization\"},\"potentialAction\":[{\"@type\":\"SearchAction\",\"target\":{\"@type\":\"EntryPoint\",\"urlTemplate\":\"https:\/\/dev.hempking.eu\/pl\/?s={search_term_string}\"},\"query-input\":{\"@type\":\"PropertyValueSpecification\",\"valueRequired\":true,\"valueName\":\"search_term_string\"}}],\"inLanguage\":\"pl-PL\"},{\"@type\":\"Organization\",\"@id\":\"https:\/\/dev.hempking.eu\/pl\/#organization\",\"name\":\"Hemp King\",\"url\":\"https:\/\/dev.hempking.eu\/pl\/\",\"logo\":{\"@type\":\"ImageObject\",\"inLanguage\":\"pl-PL\",\"@id\":\"https:\/\/dev.hempking.eu\/pl\/#\/schema\/logo\/image\/\",\"url\":\"https:\/\/dev.hempking.eu\/pl\/wp-content\/uploads\/sites\/2\/2020\/05\/hempking.png\",\"contentUrl\":\"https:\/\/dev.hempking.eu\/pl\/wp-content\/uploads\/sites\/2\/2020\/05\/hempking.png\",\"width\":148,\"height\":91,\"caption\":\"Hemp King\"},\"image\":{\"@id\":\"https:\/\/dev.hempking.eu\/pl\/#\/schema\/logo\/image\/\"},\"sameAs\":[\"https:\/\/www.facebook.com\/hempkingpoland\",\"https:\/\/x.com\/hempkingeu\",\"https:\/\/www.instagram.com\/hempkingeu\/\",\"https:\/\/www.linkedin.com\/company\/hempking-eu\/mycompany\/\",\"https:\/\/pl.pinterest.com\/hempkingeu\/\",\"https:\/\/www.youtube.com\/channel\/UCUkeZA1fj4hSZfoYm0WpZ7w\"]}]}<\/script>\n<meta property=\"product:price:amount\" content=\"179.00\" \/>\n<meta property=\"product:price:currency\" content=\"PLN\" \/>\n<meta property=\"og:availability\" content=\"instock\" \/>\n<meta property=\"product:availability\" content=\"instock\" \/>\n<meta property=\"product:condition\" content=\"new\" \/>\n<!-- \/ Yoast SEO Premium plugin. -->","yoast_head_json":{"title":"Olej CBN 2% (200mg) +CBD 10% (1000mg) Broad Spectrum 10 ml","description":"Zobacz \u261b Olej CBN 2% (200mg) +CBD 10% (1000mg) Broad Spectrum w konopnym sklepie HempKing \u2705100% naturalne \u2705 Zadbaj z nami o swoj\u0105 diet\u0119!","canonical":"https:\/\/dev.hempking.eu\/pl\/olej-cbdcbn-broad-spectrum-10-1000-mg-10-ml\/","og_locale":"pl_PL","og_type":"article","og_title":"Olej CBN 2% (200mg) +CBD 10% (1000mg) Broad Spectrum - 10 ml","og_description":"Zobacz \u261b Olej CBN 2% (200mg) +CBD 10% (1000mg) Broad Spectrum w konopnym sklepie HempKing \u2705100% naturalne \u2705 Zadbaj z nami o swoj\u0105 diet\u0119!","og_url":"https:\/\/dev.hempking.eu\/pl\/olej-cbdcbn-broad-spectrum-10-1000-mg-10-ml\/","og_site_name":"Hemp King","article_publisher":"https:\/\/www.facebook.com\/hempkingpoland","article_modified_time":"2023-04-18T08:42:42+00:00","og_image":[{"width":1000,"height":1000,"url":"https:\/\/dev.hempking.eu\/pl\/wp-content\/uploads\/sites\/2\/2022\/02\/olejek_beoad_spectrum_10.jpg","type":"image\/jpeg"}],"twitter_card":"summary_large_image","twitter_title":"Olej CBN 2% (200mg) +CBD 10% (1000mg) Broad Spectrum - 10 ml","twitter_description":"Zobacz \u261b Olej CBN 2% (200mg) +CBD 10% (1000mg) Broad Spectrum w konopnym sklepie HempKing \u2705100% naturalne \u2705 Zadbaj z nami o swoj\u0105 diet\u0119!","twitter_image":"https:\/\/dev.hempking.eu\/pl\/wp-content\/uploads\/sites\/2\/2022\/02\/olejek_beoad_spectrum_10.jpg","twitter_site":"@hempkingeu","twitter_misc":{"Price":"179.00&nbsp;&#122;&#322;","Availability":"In stock"},"schema":{"@context":"https:\/\/schema.org","@graph":[{"@type":"WebPage","@id":"https:\/\/dev.hempking.eu\/pl\/olej-cbdcbn-broad-spectrum-10-1000-mg-10-ml\/","url":"https:\/\/dev.hempking.eu\/pl\/olej-cbdcbn-broad-spectrum-10-1000-mg-10-ml\/","name":"Olej CBN 2% (200mg) +CBD 10% (1000mg) Broad Spectrum 10 ml","isPartOf":{"@id":"https:\/\/dev.hempking.eu\/pl\/#website"},"primaryImageOfPage":{"@id":"https:\/\/dev.hempking.eu\/pl\/olej-cbdcbn-broad-spectrum-10-1000-mg-10-ml\/#primaryimage"},"image":{"@id":"https:\/\/dev.hempking.eu\/pl\/olej-cbdcbn-broad-spectrum-10-1000-mg-10-ml\/#primaryimage"},"thumbnailUrl":"https:\/\/dev.hempking.eu\/pl\/wp-content\/uploads\/sites\/2\/2022\/02\/olejek_beoad_spectrum_10.jpg","datePublished":"2022-02-28T14:12:38+00:00","dateModified":"2023-04-18T08:42:42+00:00","description":"Zobacz \u261b Olej CBN 2% (200mg) +CBD 10% (1000mg) Broad Spectrum w konopnym sklepie HempKing \u2705100% naturalne \u2705 Zadbaj z nami o swoj\u0105 diet\u0119!","breadcrumb":{"@id":"https:\/\/dev.hempking.eu\/pl\/olej-cbdcbn-broad-spectrum-10-1000-mg-10-ml\/#breadcrumb"},"inLanguage":"pl-PL","potentialAction":[{"@type":"ReadAction","target":["https:\/\/dev.hempking.eu\/pl\/olej-cbdcbn-broad-spectrum-10-1000-mg-10-ml\/"]}]},{"@type":"ImageObject","inLanguage":"pl-PL","@id":"https:\/\/dev.hempking.eu\/pl\/olej-cbdcbn-broad-spectrum-10-1000-mg-10-ml\/#primaryimage","url":"https:\/\/dev.hempking.eu\/pl\/wp-content\/uploads\/sites\/2\/2022\/02\/olejek_beoad_spectrum_10.jpg","contentUrl":"https:\/\/dev.hempking.eu\/pl\/wp-content\/uploads\/sites\/2\/2022\/02\/olejek_beoad_spectrum_10.jpg","width":1000,"height":1000,"caption":"Olejek CBN 2% + CBD 10% broad spectrum"},{"@type":"BreadcrumbList","@id":"https:\/\/dev.hempking.eu\/pl\/olej-cbdcbn-broad-spectrum-10-1000-mg-10-ml\/#breadcrumb","itemListElement":[{"@type":"ListItem","position":1,"name":"Home","item":"https:\/\/dev.hempking.eu\/pl\/"},{"@type":"ListItem","position":2,"name":"Sklep","item":"https:\/\/dev.hempking.eu\/pl\/shop\/"},{"@type":"ListItem","position":3,"name":"Olej CBD","item":"https:\/\/dev.hempking.eu\/pl\/olej-cbd\/"},{"@type":"ListItem","position":4,"name":"Olej CBD 10% (1000 mg) + CBN 2% (200 mg) + CBDA, CBC, CBGA, CBG, CBDV Broad Spectrum - 10 ml"}]},{"@type":"WebSite","@id":"https:\/\/dev.hempking.eu\/pl\/#website","url":"https:\/\/dev.hempking.eu\/pl\/","name":"Hemp King","description":"","publisher":{"@id":"https:\/\/dev.hempking.eu\/pl\/#organization"},"potentialAction":[{"@type":"SearchAction","target":{"@type":"EntryPoint","urlTemplate":"https:\/\/dev.hempking.eu\/pl\/?s={search_term_string}"},"query-input":{"@type":"PropertyValueSpecification","valueRequired":true,"valueName":"search_term_string"}}],"inLanguage":"pl-PL"},{"@type":"Organization","@id":"https:\/\/dev.hempking.eu\/pl\/#organization","name":"Hemp King","url":"https:\/\/dev.hempking.eu\/pl\/","logo":{"@type":"ImageObject","inLanguage":"pl-PL","@id":"https:\/\/dev.hempking.eu\/pl\/#\/schema\/logo\/image\/","url":"https:\/\/dev.hempking.eu\/pl\/wp-content\/uploads\/sites\/2\/2020\/05\/hempking.png","contentUrl":"https:\/\/dev.hempking.eu\/pl\/wp-content\/uploads\/sites\/2\/2020\/05\/hempking.png","width":148,"height":91,"caption":"Hemp King"},"image":{"@id":"https:\/\/dev.hempking.eu\/pl\/#\/schema\/logo\/image\/"},"sameAs":["https:\/\/www.facebook.com\/hempkingpoland","https:\/\/x.com\/hempkingeu","https:\/\/www.instagram.com\/hempkingeu\/","https:\/\/www.linkedin.com\/company\/hempking-eu\/mycompany\/","https:\/\/pl.pinterest.com\/hempkingeu\/","https:\/\/www.youtube.com\/channel\/UCUkeZA1fj4hSZfoYm0WpZ7w"]}]},"product_price_amount":"179.00","product_price_currency":"PLN","og_availability":"instock","product_availability":"instock","product_condition":"new"},"_links":{"self":[{"href":"https:\/\/dev.hempking.eu\/pl\/wp-json\/wp\/v2\/product\/90682","targetHints":{"allow":["GET"]}}],"collection":[{"href":"https:\/\/dev.hempking.eu\/pl\/wp-json\/wp\/v2\/product"}],"about":[{"href":"https:\/\/dev.hempking.eu\/pl\/wp-json\/wp\/v2\/types\/product"}],"wp:featuredmedia":[{"embeddable":true,"href":"https:\/\/dev.hempking.eu\/pl\/wp-json\/wp\/v2\/media\/92762"}],"wp:attachment":[{"href":"https:\/\/dev.hempking.eu\/pl\/wp-json\/wp\/v2\/media?parent=90682"}],"wp:term":[{"taxonomy":"product_cat","embeddable":true,"href":"https:\/\/dev.hempking.eu\/pl\/wp-json\/wp\/v2\/product_cat?post=90682"},{"taxonomy":"product_tag","embeddable":true,"href":"https:\/\/dev.hempking.eu\/pl\/wp-json\/wp\/v2\/product_tag?post=90682"}],"curies":[{"name":"wp","href":"https:\/\/api.w.org\/{rel}","templated":true}]}}