{"id":90684,"date":"2022-02-28T15:18:44","date_gmt":"2022-02-28T14:18:44","guid":{"rendered":"https:\/\/hempking.eu\/pl\/?post_type=product&#038;p=90684"},"modified":"2023-04-18T10:42:30","modified_gmt":"2023-04-18T08:42:30","slug":"olej-cbdcbn-broad-spectrum-15-1500-mg-10-ml","status":"publish","type":"product","link":"https:\/\/dev.hempking.eu\/pl\/olej-cbdcbn-broad-spectrum-15-1500-mg-10-ml\/","title":{"rendered":"Olej CBD 15% (1500 mg) + CBN 3% (300 mg) + CBDA, CBC, CBGA, CBG, CBDV Broad Spectrum - 10 ml"},"content":{"rendered":"<h2 style=\"text-align: justify;\">Wyj\u0105tkowy olej CBN 3% + CBD 15% Gold Strong Broad Spectrum z fitosk\u0142adnikami marki Hemp King<\/h2>\n<p style=\"text-align: justify;\">Na seri\u0119 <strong>CBD + CBN Gold Broad Spectrum zawieraj\u0105cych te\u017c inne sk\u0142adniki ro\u015blinne (CBDA, CBC, CBGA, CBG, CBDV)<\/strong> sk\u0142adaj\u0105 si\u0119 olejki konopne, kt\u00f3re cechuje wszystko to, co powinno cechowa\u0107 wysokiej jako\u015bci produkty z konopi: bogaty profil fitosk\u0142adnik\u00f3w (CBD, CBDA, CBC, CBGA, CBG, CBDV, CBN), naturalny olej konopny a tak\u017ce nienasycone kwasy t\u0142uszczowe: omega 3 i 6 w optymalnych proporcjach. Oleje konopne Gold z naturalnymi fitosk\u0142adnikami s\u0105 produktem o szerokim spektrum, tzw. broad spectrum, czyli zawieraj\u0105 szerok\u0105 palet\u0119 fitosk\u0142adnik\u00f3w, z wyj\u0105tkiem tetrahydrokannabinolu (sk\u0142adnika ro\u015bliny &#8211; THC)! Olejek z fitosk\u0142adnikiem 15% Gold Strong zosta\u0142 r\u00f3wnie\u017c wzmocniony naturalnym CBN (kannabinolem, fitosk\u0142adnikiem) &#8211; znajdziesz go w butelce produktu w ilo\u015bci 300 mg &#8211; to 3% st\u0119\u017cenia!<\/p>\n<p style=\"text-align: justify;\">Olej CBD + CBN Gold Strong z naturalnymi fitosk\u0142adnikami (lista sk\u0142adnik\u00f3w ro\u015blinnych zawartych w oleju : CBD, CBDA, CBC, CBGA, CBG, CBDV, CBN) to wyr\u00f3b z konopi, kt\u00f3ry jest przeznaczony dla ka\u017cdego, kto szuka wysokiej jako\u015bci i tego, by zakupiony produkt m\u00f3g\u0142 sprosta\u0107 oczekiwaniom. Dla kogo powsta\u0142y te olejki konopne? Dla Ciebie, je\u015bli:<\/p>\n<ul style=\"text-align: justify;\">\n<li>sport traktujesz zawodowo,<\/li>\n<li>pracujesz jako kierowca,<\/li>\n<li>jeste\u015b osob\u0105 poddawan\u0105 testom narkotykowym,<\/li>\n<li>mieszkasz lub cz\u0119sto wyje\u017cd\u017casz w miejsca, gdzie nie wolno u\u017cywa\u0107 produkt\u00f3w full spectrum (CBD, CBDA, CBC, CBGA, CBG, CBDV, CBN),<\/li>\n<li>jako\u015b\u0107 i wydajno\u015b\u0107 produkt\u00f3w, kt\u00f3rych u\u017cywasz, jest dla Ciebie bardzo wa\u017cna,<\/li>\n<li>lub po prostu nie masz mo\u017cliwo\u015bci korzystania z produkt\u00f3w full spectrum z ka\u017cdego innego powodu,<\/li>\n<li>chcesz wesprze\u0107 suplementacj\u0119 o dodatek CBN (sk\u0142adnika ro\u015blinnego konopi siewnej).<\/li>\n<\/ul>\n<h2 style=\"text-align: justify;\">Broad spectrum kontra full spectrum &#8211; na czym polegaj\u0105 r\u00f3\u017cnice?<\/h2>\n<p style=\"text-align: justify;\">To, co z pewno\u015bci\u0105 \u0142\u0105czy wszystkie, bez wyj\u0105tku, produkty marki Hempking, to wysoka jako\u015b\u0107 i dba\u0142o\u015b\u0107 o naturalne sk\u0142adniki. To, co wyr\u00f3\u017cnia olejki full spectrum od broad spectrum to panel fitosk\u0142adnik\u00f3w. W olejkach full spectrum znajdziesz wszystkie kannabinoidy, bez wyj\u0105tk\u00f3w, czyli CBD, CBDA, CBC, CBGA, CBG, CBDV, CBN. W olejkach broad spectrum znajdziesz je wszystkie &#8211; CBD, CBDA, CBC, CBGA, CBG, CBDV, CBN, opr\u00f3cz THC.<\/p>\n<p style=\"text-align: justify;\">Dodatkowo seria Gold zosta\u0142a dodatkowo umocniona o naturalny fitosk\u0142adnik CBN, przez co to olejki z fitosk\u0142adnikami CBD + CBN. Poza tym mo\u017cesz liczy\u0107 na wszystko to, co nasze produkty zawsze sob\u0105 reprezentuj\u0105.<br \/>\nKupuj\u0105c olejek Hempking:<\/p>\n<ul style=\"text-align: justify;\">\n<li>dok\u0142adasz cegie\u0142k\u0119 do wsparcia polskiego rolnictwa i gospodarki &#8211; korzystamy z polskich konopi oraz jeste\u015bmy w 100% polsk\u0105 firm\u0105,<\/li>\n<li>masz gwarancj\u0119 bezpiecze\u0144stwa &#8211; nasze produkty badamy z pomoc\u0105 akredytowanych laboratori\u00f3w, kt\u00f3re s\u0105 niezale\u017cne od naszej firmy i specjalizuj\u0105 si\u0119 w badaniu konopi,<\/li>\n<li>masz pewno\u015b\u0107, \u017ce korzystasz z naturalnych fitosk\u0142adnik\u00f3w, bez sztucznych ulepsze\u0144 czy wzbogacenia izolatem,<\/li>\n<li>wybierasz produkt, kt\u00f3ry jest wydajny,<\/li>\n<li>kupujesz produkt uznanej marki na rynku,<\/li>\n<li>stawiasz na bezpieczn\u0105 metod\u0119 ekstrakcji CO2 (forma t\u0142oczenia oleju).<\/li>\n<\/ul>\n<p style=\"text-align: justify;\">Produkty konopne w serii Gold, w tym olejek z fitosk\u0142adnikami w tym CBD + CBN Gold Strong 15% powsta\u0142y, by umo\u017cliwi\u0107 wszystkim bezpieczne stosowanie produkt\u00f3w konopnych, niezale\u017cnie od sytuacji, w jakiej si\u0119 znajduj\u0105: zwi\u0105zanej z prac\u0105, pasj\u0105 czy miejscem zamieszkania. To odpowied\u017a na potrzeby naszych klient\u00f3w!<\/p>\n<p style=\"text-align: justify;\">Nasze produkty na bie\u017c\u0105co i dok\u0142adnie badamy pod wieloma wzgl\u0119dami. Zlecamy badania nie tylko na pe\u0142en profil fitosk\u0142adnik\u00f3w (CBD, CBDA, CBC, CBGA, CBG, CBDV, CBN) ale tak\u017ce na zanieczyszczenia takie jak metale ci\u0119\u017ckie, ple\u015b\u0144, grzyby, pestycydy i badamy r\u00f3wnie\u017c ca\u0142\u0105 mikrobiologi\u0119 materia\u0142u. List\u0119 bada\u0144 znajdziesz w zak\u0142adce &#8222;<a href=\"https:\/\/dev.hempking.eu\/pl\/atesty-i-certyfikaty\/\"><strong>Atesty i certyfikaty<\/strong><\/a>&#8222;.<\/p>\n<p style=\"text-align: justify;\"><a href=\"https:\/\/dev.hempking.eu\/pl\/wp-content\/uploads\/sites\/2\/2020\/07\/warunki4-1.jpg\"><img loading=\"lazy\" decoding=\"async\" class=\"alignnone wp-image-104414 size-full\" src=\"https:\/\/dev.hempking.eu\/pl\/wp-content\/uploads\/sites\/2\/2020\/07\/warunki4-1.jpg\" alt=\"o\u015bwiadczenia CBD w UE\" width=\"755\" height=\"353\" srcset=\"https:\/\/dev.hempking.eu\/pl\/wp-content\/uploads\/sites\/2\/2020\/07\/warunki4-1.jpg 755w, https:\/\/dev.hempking.eu\/pl\/wp-content\/uploads\/sites\/2\/2020\/07\/warunki4-1-640x299.jpg 640w, https:\/\/dev.hempking.eu\/pl\/wp-content\/uploads\/sites\/2\/2020\/07\/warunki4-1-400x187.jpg 400w\" sizes=\"auto, (max-width: 755px) 100vw, 755px\" \/><\/a><\/p>\n<p style=\"text-align: justify;\"><a href=\"https:\/\/dev.hempking.eu\/pl\/wp-content\/uploads\/sites\/2\/2020\/07\/warunki_4.jpg\"><img loading=\"lazy\" decoding=\"async\" class=\"alignnone size-full wp-image-100623\" src=\"https:\/\/dev.hempking.eu\/pl\/wp-content\/uploads\/sites\/2\/2020\/07\/warunki_4.jpg\" alt=\"fito sk\u0142adniki novel food\" width=\"755\" height=\"237\" srcset=\"https:\/\/dev.hempking.eu\/pl\/wp-content\/uploads\/sites\/2\/2020\/07\/warunki_4.jpg 755w, https:\/\/dev.hempking.eu\/pl\/wp-content\/uploads\/sites\/2\/2020\/07\/warunki_4-640x201.jpg 640w, https:\/\/dev.hempking.eu\/pl\/wp-content\/uploads\/sites\/2\/2020\/07\/warunki_4-400x126.jpg 400w\" sizes=\"auto, (max-width: 755px) 100vw, 755px\" \/><\/a><\/p>\n<p style=\"text-align: justify;\"><a href=\"https:\/\/dev.hempking.eu\/pl\/wp-content\/uploads\/sites\/2\/2022\/01\/warunki2.jpg\"><img loading=\"lazy\" decoding=\"async\" class=\"alignnone size-full wp-image-85647\" src=\"https:\/\/dev.hempking.eu\/pl\/wp-content\/uploads\/sites\/2\/2022\/01\/warunki2.jpg\" alt=\"warunki przechowywania produkt\u00f3w konopnych HempKing\" width=\"755\" height=\"307\" srcset=\"https:\/\/dev.hempking.eu\/pl\/wp-content\/uploads\/sites\/2\/2022\/01\/warunki2.jpg 755w, https:\/\/dev.hempking.eu\/pl\/wp-content\/uploads\/sites\/2\/2022\/01\/warunki2-640x260.jpg 640w, https:\/\/dev.hempking.eu\/pl\/wp-content\/uploads\/sites\/2\/2022\/01\/warunki2-400x163.jpg 400w, https:\/\/dev.hempking.eu\/pl\/wp-content\/uploads\/sites\/2\/2022\/01\/warunki2-600x244.jpg 600w\" sizes=\"auto, (max-width: 755px) 100vw, 755px\" \/><\/a><\/p>\n","protected":false},"excerpt":{"rendered":"<h2><strong>Olej CBD+CBN 15% Broad Spectrum:<\/strong><\/h2>\n<ul>\n<li>nie zawiera THC (st\u0119\u017cenie 0%), czyli naturalnego sk\u0142adnika ro\u015blinnego,<\/li>\n<li>3% CBN &#8211;\u00a0naturalny fitosk\u0142adnik konopi siewnej,<\/li>\n<li>15% CBD &#8211; naturalny fitosk\u0142adnik konopi siewnej,<\/li>\n<li>produkt broad spectrum zawieraj\u0105cy naturalne fitosk\u0142adniki CBD, CBDA, CBC, CBGA, CBG, CBDV, CBN,<\/li>\n<li><a href=\"https:\/\/e8n6i4h7.rocketcdn.me\/pl\/wp-content\/uploads\/sites\/3\/2022\/03\/15-broad-spectrum-badanie-stezenia-fitoskladnikow.pdf\">produkt przebadany na st\u0119\u017cenie fitosk\u0142adnik\u00f3w\u00a0<\/a><\/li>\n<li>\u015bwietnie sprawdzi si\u0119 dla zawodowych kierowc\u00f3w oraz os\u00f3b zawodowo uprawiaj\u0105cych sport, a tak\u017ce tych, kt\u00f3re nie chc\u0105 lub nie mog\u0105 spo\u017cywa\u0107 pe\u0142nego spektrum fitosk\u0142adnik\u00f3w.<\/li>\n<\/ul>\n<p><strong>Pojemno\u015b\u0107: 10 ml<\/strong><\/p>\n","protected":false},"featured_media":92763,"template":"","meta":{"_acf_changed":false},"product_cat":[20,40,123,118,36],"product_tag":[],"class_list":{"0":"post-90684","1":"product","2":"type-product","3":"status-publish","4":"has-post-thumbnail","6":"product_cat-olej-cbd","7":"product_cat-olej-cbd-15","8":"product_cat-olej-konopny-broad-spectrum","9":"product_cat-olej-cbn","10":"product_cat-bestsellery","12":"first","13":"instock","14":"shipping-taxable","15":"purchasable","16":"product-type-simple"},"acf":[],"yoast_head":"<!-- This site is optimized with the Yoast SEO Premium plugin v23.4 (Yoast SEO v24.0) - https:\/\/yoast.com\/wordpress\/plugins\/seo\/ -->\n<title>Olej CBD 15% (1500mg) CBN 3% (300mg) Broad Spectrum 10 ml<\/title>\n<meta name=\"description\" content=\"Zobacz \u261b Olej CBD 15% (1500mg) + CBN 3% (300mg) Broad Spectrum w konopnym sklepie HempKing \u2705100% naturalne \u2705 Zadbaj z nami o swoj\u0105 diet\u0119!\" \/>\n<link rel=\"canonical\" href=\"https:\/\/dev.hempking.eu\/pl\/olej-cbdcbn-broad-spectrum-15-1500-mg-10-ml\/\" \/>\n<meta property=\"og:locale\" content=\"pl_PL\" \/>\n<meta property=\"og:type\" content=\"article\" \/>\n<meta property=\"og:title\" content=\"Olej CBD 15% (1500mg) + CBN 3% (300mg) Broad Spectrum - 10 ml\" \/>\n<meta property=\"og:description\" content=\"Zobacz \u261b Olej CBD 15% (1500mg) + CBN 3% (300mg) Broad Spectrum w konopnym sklepie HempKing \u2705100% naturalne \u2705 Zadbaj z nami o swoj\u0105 diet\u0119!\" \/>\n<meta property=\"og:url\" content=\"https:\/\/dev.hempking.eu\/pl\/olej-cbdcbn-broad-spectrum-15-1500-mg-10-ml\/\" \/>\n<meta property=\"og:site_name\" content=\"Hemp King\" \/>\n<meta property=\"article:publisher\" content=\"https:\/\/www.facebook.com\/hempkingpoland\" \/>\n<meta property=\"article:modified_time\" content=\"2023-04-18T08:42:30+00:00\" \/>\n<meta property=\"og:image\" content=\"https:\/\/dev.hempking.eu\/pl\/wp-content\/uploads\/sites\/2\/2022\/02\/olejek_beoad_spectrum_15.jpg\" \/>\n\t<meta property=\"og:image:width\" content=\"1000\" \/>\n\t<meta property=\"og:image:height\" content=\"1000\" \/>\n\t<meta property=\"og:image:type\" content=\"image\/jpeg\" \/>\n<meta name=\"twitter:card\" content=\"summary_large_image\" \/>\n<meta name=\"twitter:title\" content=\"Olej CBD 15% (1500mg) + CBN 3% (300mg) Broad Spectrum - 10 ml\" \/>\n<meta name=\"twitter:description\" content=\"Zobacz \u261b Olej CBD 15% (1500mg) + CBN 3% (300mg) Broad Spectrum w konopnym sklepie HempKing \u2705100% naturalne \u2705 Zadbaj z nami o swoj\u0105 diet\u0119!\" \/>\n<meta name=\"twitter:image\" content=\"https:\/\/dev.hempking.eu\/pl\/wp-content\/uploads\/sites\/2\/2022\/02\/olejek_beoad_spectrum_15.jpg\" \/>\n<meta name=\"twitter:site\" content=\"@hempkingeu\" \/>\n<meta name=\"twitter:label1\" content=\"Price\" \/>\n\t<meta name=\"twitter:data1\" content=\"249.00&nbsp;&#122;&#322;\" \/>\n\t<meta name=\"twitter:label2\" content=\"Availability\" \/>\n\t<meta name=\"twitter:data2\" content=\"In stock\" \/>\n<script type=\"application\/ld+json\" class=\"yoast-schema-graph\">{\"@context\":\"https:\/\/schema.org\",\"@graph\":[{\"@type\":\"WebPage\",\"@id\":\"https:\/\/dev.hempking.eu\/pl\/olej-cbdcbn-broad-spectrum-15-1500-mg-10-ml\/\",\"url\":\"https:\/\/dev.hempking.eu\/pl\/olej-cbdcbn-broad-spectrum-15-1500-mg-10-ml\/\",\"name\":\"Olej CBD 15% (1500mg) CBN 3% (300mg) Broad Spectrum 10 ml\",\"isPartOf\":{\"@id\":\"https:\/\/dev.hempking.eu\/pl\/#website\"},\"primaryImageOfPage\":{\"@id\":\"https:\/\/dev.hempking.eu\/pl\/olej-cbdcbn-broad-spectrum-15-1500-mg-10-ml\/#primaryimage\"},\"image\":{\"@id\":\"https:\/\/dev.hempking.eu\/pl\/olej-cbdcbn-broad-spectrum-15-1500-mg-10-ml\/#primaryimage\"},\"thumbnailUrl\":\"https:\/\/dev.hempking.eu\/pl\/wp-content\/uploads\/sites\/2\/2022\/02\/olejek_beoad_spectrum_15.jpg\",\"datePublished\":\"2022-02-28T14:18:44+00:00\",\"dateModified\":\"2023-04-18T08:42:30+00:00\",\"description\":\"Zobacz \u261b Olej CBD 15% (1500mg) + CBN 3% (300mg) Broad Spectrum w konopnym sklepie HempKing \u2705100% naturalne \u2705 Zadbaj z nami o swoj\u0105 diet\u0119!\",\"breadcrumb\":{\"@id\":\"https:\/\/dev.hempking.eu\/pl\/olej-cbdcbn-broad-spectrum-15-1500-mg-10-ml\/#breadcrumb\"},\"inLanguage\":\"pl-PL\",\"potentialAction\":[{\"@type\":\"ReadAction\",\"target\":[\"https:\/\/dev.hempking.eu\/pl\/olej-cbdcbn-broad-spectrum-15-1500-mg-10-ml\/\"]}]},{\"@type\":\"ImageObject\",\"inLanguage\":\"pl-PL\",\"@id\":\"https:\/\/dev.hempking.eu\/pl\/olej-cbdcbn-broad-spectrum-15-1500-mg-10-ml\/#primaryimage\",\"url\":\"https:\/\/dev.hempking.eu\/pl\/wp-content\/uploads\/sites\/2\/2022\/02\/olejek_beoad_spectrum_15.jpg\",\"contentUrl\":\"https:\/\/dev.hempking.eu\/pl\/wp-content\/uploads\/sites\/2\/2022\/02\/olejek_beoad_spectrum_15.jpg\",\"width\":1000,\"height\":1000,\"caption\":\"Olejek broad spectrum 15% CBD+CBN 3%\"},{\"@type\":\"BreadcrumbList\",\"@id\":\"https:\/\/dev.hempking.eu\/pl\/olej-cbdcbn-broad-spectrum-15-1500-mg-10-ml\/#breadcrumb\",\"itemListElement\":[{\"@type\":\"ListItem\",\"position\":1,\"name\":\"Home\",\"item\":\"https:\/\/dev.hempking.eu\/pl\/\"},{\"@type\":\"ListItem\",\"position\":2,\"name\":\"Sklep\",\"item\":\"https:\/\/dev.hempking.eu\/pl\/shop\/\"},{\"@type\":\"ListItem\",\"position\":3,\"name\":\"Olej CBD\",\"item\":\"https:\/\/dev.hempking.eu\/pl\/olej-cbd\/\"},{\"@type\":\"ListItem\",\"position\":4,\"name\":\"Olej CBD 15% (1500 mg) + CBN 3% (300 mg) + CBDA, CBC, CBGA, CBG, CBDV Broad Spectrum - 10 ml\"}]},{\"@type\":\"WebSite\",\"@id\":\"https:\/\/dev.hempking.eu\/pl\/#website\",\"url\":\"https:\/\/dev.hempking.eu\/pl\/\",\"name\":\"Hemp King\",\"description\":\"\",\"publisher\":{\"@id\":\"https:\/\/dev.hempking.eu\/pl\/#organization\"},\"potentialAction\":[{\"@type\":\"SearchAction\",\"target\":{\"@type\":\"EntryPoint\",\"urlTemplate\":\"https:\/\/dev.hempking.eu\/pl\/?s={search_term_string}\"},\"query-input\":{\"@type\":\"PropertyValueSpecification\",\"valueRequired\":true,\"valueName\":\"search_term_string\"}}],\"inLanguage\":\"pl-PL\"},{\"@type\":\"Organization\",\"@id\":\"https:\/\/dev.hempking.eu\/pl\/#organization\",\"name\":\"Hemp King\",\"url\":\"https:\/\/dev.hempking.eu\/pl\/\",\"logo\":{\"@type\":\"ImageObject\",\"inLanguage\":\"pl-PL\",\"@id\":\"https:\/\/dev.hempking.eu\/pl\/#\/schema\/logo\/image\/\",\"url\":\"https:\/\/dev.hempking.eu\/pl\/wp-content\/uploads\/sites\/2\/2020\/05\/hempking.png\",\"contentUrl\":\"https:\/\/dev.hempking.eu\/pl\/wp-content\/uploads\/sites\/2\/2020\/05\/hempking.png\",\"width\":148,\"height\":91,\"caption\":\"Hemp King\"},\"image\":{\"@id\":\"https:\/\/dev.hempking.eu\/pl\/#\/schema\/logo\/image\/\"},\"sameAs\":[\"https:\/\/www.facebook.com\/hempkingpoland\",\"https:\/\/x.com\/hempkingeu\",\"https:\/\/www.instagram.com\/hempkingeu\/\",\"https:\/\/www.linkedin.com\/company\/hempking-eu\/mycompany\/\",\"https:\/\/pl.pinterest.com\/hempkingeu\/\",\"https:\/\/www.youtube.com\/channel\/UCUkeZA1fj4hSZfoYm0WpZ7w\"]}]}<\/script>\n<meta property=\"product:price:amount\" content=\"249.00\" \/>\n<meta property=\"product:price:currency\" content=\"PLN\" \/>\n<meta property=\"og:availability\" content=\"instock\" \/>\n<meta property=\"product:availability\" content=\"instock\" \/>\n<meta property=\"product:condition\" content=\"new\" \/>\n<!-- \/ Yoast SEO Premium plugin. -->","yoast_head_json":{"title":"Olej CBD 15% (1500mg) CBN 3% (300mg) Broad Spectrum 10 ml","description":"Zobacz \u261b Olej CBD 15% (1500mg) + CBN 3% (300mg) Broad Spectrum w konopnym sklepie HempKing \u2705100% naturalne \u2705 Zadbaj z nami o swoj\u0105 diet\u0119!","canonical":"https:\/\/dev.hempking.eu\/pl\/olej-cbdcbn-broad-spectrum-15-1500-mg-10-ml\/","og_locale":"pl_PL","og_type":"article","og_title":"Olej CBD 15% (1500mg) + CBN 3% (300mg) Broad Spectrum - 10 ml","og_description":"Zobacz \u261b Olej CBD 15% (1500mg) + CBN 3% (300mg) Broad Spectrum w konopnym sklepie HempKing \u2705100% naturalne \u2705 Zadbaj z nami o swoj\u0105 diet\u0119!","og_url":"https:\/\/dev.hempking.eu\/pl\/olej-cbdcbn-broad-spectrum-15-1500-mg-10-ml\/","og_site_name":"Hemp King","article_publisher":"https:\/\/www.facebook.com\/hempkingpoland","article_modified_time":"2023-04-18T08:42:30+00:00","og_image":[{"width":1000,"height":1000,"url":"https:\/\/dev.hempking.eu\/pl\/wp-content\/uploads\/sites\/2\/2022\/02\/olejek_beoad_spectrum_15.jpg","type":"image\/jpeg"}],"twitter_card":"summary_large_image","twitter_title":"Olej CBD 15% (1500mg) + CBN 3% (300mg) Broad Spectrum - 10 ml","twitter_description":"Zobacz \u261b Olej CBD 15% (1500mg) + CBN 3% (300mg) Broad Spectrum w konopnym sklepie HempKing \u2705100% naturalne \u2705 Zadbaj z nami o swoj\u0105 diet\u0119!","twitter_image":"https:\/\/dev.hempking.eu\/pl\/wp-content\/uploads\/sites\/2\/2022\/02\/olejek_beoad_spectrum_15.jpg","twitter_site":"@hempkingeu","twitter_misc":{"Price":"249.00&nbsp;&#122;&#322;","Availability":"In stock"},"schema":{"@context":"https:\/\/schema.org","@graph":[{"@type":"WebPage","@id":"https:\/\/dev.hempking.eu\/pl\/olej-cbdcbn-broad-spectrum-15-1500-mg-10-ml\/","url":"https:\/\/dev.hempking.eu\/pl\/olej-cbdcbn-broad-spectrum-15-1500-mg-10-ml\/","name":"Olej CBD 15% (1500mg) CBN 3% (300mg) Broad Spectrum 10 ml","isPartOf":{"@id":"https:\/\/dev.hempking.eu\/pl\/#website"},"primaryImageOfPage":{"@id":"https:\/\/dev.hempking.eu\/pl\/olej-cbdcbn-broad-spectrum-15-1500-mg-10-ml\/#primaryimage"},"image":{"@id":"https:\/\/dev.hempking.eu\/pl\/olej-cbdcbn-broad-spectrum-15-1500-mg-10-ml\/#primaryimage"},"thumbnailUrl":"https:\/\/dev.hempking.eu\/pl\/wp-content\/uploads\/sites\/2\/2022\/02\/olejek_beoad_spectrum_15.jpg","datePublished":"2022-02-28T14:18:44+00:00","dateModified":"2023-04-18T08:42:30+00:00","description":"Zobacz \u261b Olej CBD 15% (1500mg) + CBN 3% (300mg) Broad Spectrum w konopnym sklepie HempKing \u2705100% naturalne \u2705 Zadbaj z nami o swoj\u0105 diet\u0119!","breadcrumb":{"@id":"https:\/\/dev.hempking.eu\/pl\/olej-cbdcbn-broad-spectrum-15-1500-mg-10-ml\/#breadcrumb"},"inLanguage":"pl-PL","potentialAction":[{"@type":"ReadAction","target":["https:\/\/dev.hempking.eu\/pl\/olej-cbdcbn-broad-spectrum-15-1500-mg-10-ml\/"]}]},{"@type":"ImageObject","inLanguage":"pl-PL","@id":"https:\/\/dev.hempking.eu\/pl\/olej-cbdcbn-broad-spectrum-15-1500-mg-10-ml\/#primaryimage","url":"https:\/\/dev.hempking.eu\/pl\/wp-content\/uploads\/sites\/2\/2022\/02\/olejek_beoad_spectrum_15.jpg","contentUrl":"https:\/\/dev.hempking.eu\/pl\/wp-content\/uploads\/sites\/2\/2022\/02\/olejek_beoad_spectrum_15.jpg","width":1000,"height":1000,"caption":"Olejek broad spectrum 15% CBD+CBN 3%"},{"@type":"BreadcrumbList","@id":"https:\/\/dev.hempking.eu\/pl\/olej-cbdcbn-broad-spectrum-15-1500-mg-10-ml\/#breadcrumb","itemListElement":[{"@type":"ListItem","position":1,"name":"Home","item":"https:\/\/dev.hempking.eu\/pl\/"},{"@type":"ListItem","position":2,"name":"Sklep","item":"https:\/\/dev.hempking.eu\/pl\/shop\/"},{"@type":"ListItem","position":3,"name":"Olej CBD","item":"https:\/\/dev.hempking.eu\/pl\/olej-cbd\/"},{"@type":"ListItem","position":4,"name":"Olej CBD 15% (1500 mg) + CBN 3% (300 mg) + CBDA, CBC, CBGA, CBG, CBDV Broad Spectrum - 10 ml"}]},{"@type":"WebSite","@id":"https:\/\/dev.hempking.eu\/pl\/#website","url":"https:\/\/dev.hempking.eu\/pl\/","name":"Hemp King","description":"","publisher":{"@id":"https:\/\/dev.hempking.eu\/pl\/#organization"},"potentialAction":[{"@type":"SearchAction","target":{"@type":"EntryPoint","urlTemplate":"https:\/\/dev.hempking.eu\/pl\/?s={search_term_string}"},"query-input":{"@type":"PropertyValueSpecification","valueRequired":true,"valueName":"search_term_string"}}],"inLanguage":"pl-PL"},{"@type":"Organization","@id":"https:\/\/dev.hempking.eu\/pl\/#organization","name":"Hemp King","url":"https:\/\/dev.hempking.eu\/pl\/","logo":{"@type":"ImageObject","inLanguage":"pl-PL","@id":"https:\/\/dev.hempking.eu\/pl\/#\/schema\/logo\/image\/","url":"https:\/\/dev.hempking.eu\/pl\/wp-content\/uploads\/sites\/2\/2020\/05\/hempking.png","contentUrl":"https:\/\/dev.hempking.eu\/pl\/wp-content\/uploads\/sites\/2\/2020\/05\/hempking.png","width":148,"height":91,"caption":"Hemp King"},"image":{"@id":"https:\/\/dev.hempking.eu\/pl\/#\/schema\/logo\/image\/"},"sameAs":["https:\/\/www.facebook.com\/hempkingpoland","https:\/\/x.com\/hempkingeu","https:\/\/www.instagram.com\/hempkingeu\/","https:\/\/www.linkedin.com\/company\/hempking-eu\/mycompany\/","https:\/\/pl.pinterest.com\/hempkingeu\/","https:\/\/www.youtube.com\/channel\/UCUkeZA1fj4hSZfoYm0WpZ7w"]}]},"product_price_amount":"249.00","product_price_currency":"PLN","og_availability":"instock","product_availability":"instock","product_condition":"new"},"_links":{"self":[{"href":"https:\/\/dev.hempking.eu\/pl\/wp-json\/wp\/v2\/product\/90684","targetHints":{"allow":["GET"]}}],"collection":[{"href":"https:\/\/dev.hempking.eu\/pl\/wp-json\/wp\/v2\/product"}],"about":[{"href":"https:\/\/dev.hempking.eu\/pl\/wp-json\/wp\/v2\/types\/product"}],"wp:featuredmedia":[{"embeddable":true,"href":"https:\/\/dev.hempking.eu\/pl\/wp-json\/wp\/v2\/media\/92763"}],"wp:attachment":[{"href":"https:\/\/dev.hempking.eu\/pl\/wp-json\/wp\/v2\/media?parent=90684"}],"wp:term":[{"taxonomy":"product_cat","embeddable":true,"href":"https:\/\/dev.hempking.eu\/pl\/wp-json\/wp\/v2\/product_cat?post=90684"},{"taxonomy":"product_tag","embeddable":true,"href":"https:\/\/dev.hempking.eu\/pl\/wp-json\/wp\/v2\/product_tag?post=90684"}],"curies":[{"name":"wp","href":"https:\/\/api.w.org\/{rel}","templated":true}]}}