{"id":93227,"date":"2022-03-25T08:41:09","date_gmt":"2022-03-25T07:41:09","guid":{"rendered":"https:\/\/hempking.eu\/pl\/?post_type=product&#038;p=93227"},"modified":"2023-05-23T14:12:05","modified_gmt":"2023-05-23T12:12:05","slug":"bio-bialko-z-dyni-250-g","status":"publish","type":"product","link":"https:\/\/dev.hempking.eu\/pl\/bio-bialko-z-dyni-250-g\/","title":{"rendered":"BIO bia\u0142ko z dyni - 250 g"},"content":{"rendered":"<h2 style=\"text-align: justify;\">BIO bia\u0142ko z dyni Biowen &#8211; idealny dodatek do diety!<\/h2>\n<p style=\"text-align: justify;\">Potrzebujesz wi\u0119cej bia\u0142ka w diecie? Szukasz dobrego urozmaicenia swojego codziennego menu? A mo\u017ce lubisz ciekawe smaki i eksperymenty w kuchni? Je\u015bli na jakiekolwiek z tych pyta\u0144 mo\u017cesz odpowiedzie\u0107 twierdz\u0105co, to <strong>BIO bia\u0142ko z dyni marki Biowen<\/strong> to produkt dla Ciebie!<\/p>\n<p style=\"text-align: justify;\">BIO bia\u0142ko z dyni powsta\u0142o z ekologicznych warzyw i posiada certyfikat ekologiczny. To gwarancja czysto\u015bci sk\u0142adnik\u00f3w! Produkt w 98% sk\u0142ada si\u0119 z bia\u0142ka z dyni i w 2% z soli.<\/p>\n<p style=\"text-align: justify;\">Nie zawiera glutenu, jest odpowiednie dla wegan i wegetarian.<\/p>\n<p style=\"text-align: justify;\">W \u015brodku znajdziesz biodegradowaln\u0105 \u0142y\u017ceczk\u0119 dla \u0142atwego odmierzania!<\/p>\n<p style=\"text-align: justify;\">W 100 gramach produktu znajduje si\u0119 a\u017c 60 gram\u00f3w bia\u0142ka!<\/p>\n<p style=\"text-align: justify;\">Co ciekawe, dynia wspiera dzia\u0142anie p\u0119cherza i dr\u00f3g moczowych!<\/p>\n<h2 style=\"text-align: justify;\">Jak wykorzysta\u0107 bia\u0142ko z dyni?<\/h2>\n<p style=\"text-align: justify;\">Bia\u0142ko z dyni mo\u017cesz dodawa\u0107 do wielu potraw i da\u0144. To uniwersalny produkt, kt\u00f3ry dzi\u0119ki neutralnemu smakowi nadaje si\u0119 zar\u00f3wno do da\u0144 na s\u0142odko, jak i tych wytrawnych. Jak mo\u017cesz je wykorzysta\u0107?<\/p>\n<ul>\n<li style=\"text-align: justify;\">do domowych wypiek\u00f3w,<\/li>\n<li style=\"text-align: justify;\">do koktajli,<\/li>\n<li style=\"text-align: justify;\">do ciast i wypiek\u00f3w,<\/li>\n<li style=\"text-align: justify;\">do zup i sos\u00f3w,<\/li>\n<li style=\"text-align: justify;\">do jogurt\u00f3w i owsianek,<\/li>\n<li style=\"text-align: justify;\">do deser\u00f3w.<\/li>\n<\/ul>\n","protected":false},"excerpt":{"rendered":"<h2><strong>BIO bia\u0142ko z dyni Biowen:\u00a0<\/strong><\/h2>\n<ul>\n<li>60 g bia\u0142ka\/100 g produktu,<\/li>\n<li>biodegradowalna \u0142y\u017ceczka w zestawie,<\/li>\n<li>100% ekologiczny produkt,<\/li>\n<li>produkt w szklanym s\u0142oiku z stalow\u0105 nakr\u0119tk\u0105.<\/li>\n<\/ul>\n<p><strong>Waga: 250 g<\/strong><\/p>\n","protected":false},"featured_media":93230,"template":"","meta":{"_acf_changed":false},"product_cat":[117],"product_tag":[],"class_list":{"0":"post-93227","1":"product","2":"type-product","3":"status-publish","4":"has-post-thumbnail","6":"product_cat-bialko-roslinne","8":"first","9":"instock","10":"shipping-taxable","11":"purchasable","12":"product-type-simple"},"acf":[],"yoast_head":"<!-- This site is optimized with the Yoast SEO Premium plugin v23.4 (Yoast SEO v24.0) - https:\/\/yoast.com\/wordpress\/plugins\/seo\/ -->\n<title>Bio bia\u0142ko z dyni BIOWEN - 250 g<\/title>\n<meta name=\"description\" content=\"Zobacz \u261b Bio bia\u0142ko z dyni BIOWEN w konopnym sklepie HempKing \u2705100% naturalne \u2705Certyfikat EKO \u2705 Zadbaj z nami o swoj\u0105 diet\u0119!\" \/>\n<link rel=\"canonical\" href=\"https:\/\/dev.hempking.eu\/pl\/bio-bialko-z-dyni-250-g\/\" \/>\n<meta property=\"og:locale\" content=\"pl_PL\" \/>\n<meta property=\"og:type\" content=\"article\" \/>\n<meta property=\"og:title\" content=\"Bio bia\u0142ko z dyni BIOWEN - 250 g - wa\u017cno\u015b\u0107 do 31.07.2022\" \/>\n<meta property=\"og:description\" content=\"Zobacz \u261b Bio bia\u0142ko z dyni BIOWEN w konopnym sklepie HempKing \u2705100% naturalne \u2705 Zadbaj z nami o swoj\u0105 diet\u0119!\" \/>\n<meta property=\"og:url\" content=\"https:\/\/dev.hempking.eu\/pl\/bio-bialko-z-dyni-250-g\/\" \/>\n<meta property=\"og:site_name\" content=\"Hemp King\" \/>\n<meta property=\"article:publisher\" content=\"https:\/\/www.facebook.com\/hempkingpoland\" \/>\n<meta property=\"article:modified_time\" content=\"2023-05-23T12:12:05+00:00\" \/>\n<meta property=\"og:image\" content=\"https:\/\/dev.hempking.eu\/pl\/wp-content\/uploads\/sites\/2\/2022\/03\/biowen_bialko_dynia.jpg\" \/>\n\t<meta property=\"og:image:width\" content=\"1000\" \/>\n\t<meta property=\"og:image:height\" content=\"1000\" \/>\n\t<meta property=\"og:image:type\" content=\"image\/jpeg\" \/>\n<meta name=\"twitter:card\" content=\"summary_large_image\" \/>\n<meta name=\"twitter:title\" content=\"Bio bia\u0142ko z dyni BIOWEN - 250 g - wa\u017cno\u015b\u0107 do 31.07.2022\" \/>\n<meta name=\"twitter:description\" content=\"Zobacz \u261b Bio bia\u0142ko z dyni BIOWEN w konopnym sklepie HempKing \u2705100% naturalne \u2705 Zadbaj z nami o swoj\u0105 diet\u0119!\" \/>\n<meta name=\"twitter:image\" content=\"https:\/\/dev.hempking.eu\/pl\/wp-content\/uploads\/sites\/2\/2022\/03\/biowen_bialko_dynia.jpg\" \/>\n<meta name=\"twitter:site\" content=\"@hempkingeu\" \/>\n<meta name=\"twitter:label1\" content=\"Price\" \/>\n\t<meta name=\"twitter:data1\" content=\"29.00&nbsp;&#122;&#322;\" \/>\n\t<meta name=\"twitter:label2\" content=\"Availability\" \/>\n\t<meta name=\"twitter:data2\" content=\"In stock\" \/>\n<script type=\"application\/ld+json\" class=\"yoast-schema-graph\">{\"@context\":\"https:\/\/schema.org\",\"@graph\":[{\"@type\":[\"WebPage\",\"ItemPage\"],\"@id\":\"https:\/\/dev.hempking.eu\/pl\/bio-bialko-z-dyni-250-g\/\",\"url\":\"https:\/\/dev.hempking.eu\/pl\/bio-bialko-z-dyni-250-g\/\",\"name\":\"Bio bia\u0142ko z dyni BIOWEN - 250 g\",\"isPartOf\":{\"@id\":\"https:\/\/dev.hempking.eu\/pl\/#website\"},\"primaryImageOfPage\":{\"@id\":\"https:\/\/dev.hempking.eu\/pl\/bio-bialko-z-dyni-250-g\/#primaryimage\"},\"image\":{\"@id\":\"https:\/\/dev.hempking.eu\/pl\/bio-bialko-z-dyni-250-g\/#primaryimage\"},\"thumbnailUrl\":\"https:\/\/dev.hempking.eu\/pl\/wp-content\/uploads\/sites\/2\/2022\/03\/biowen_bialko_dynia.jpg\",\"datePublished\":\"2022-03-25T07:41:09+00:00\",\"dateModified\":\"2023-05-23T12:12:05+00:00\",\"description\":\"Zobacz \u261b Bio bia\u0142ko z dyni BIOWEN w konopnym sklepie HempKing \u2705100% naturalne \u2705Certyfikat EKO \u2705 Zadbaj z nami o swoj\u0105 diet\u0119!\",\"breadcrumb\":{\"@id\":\"https:\/\/dev.hempking.eu\/pl\/bio-bialko-z-dyni-250-g\/#breadcrumb\"},\"inLanguage\":\"pl-PL\",\"potentialAction\":[{\"@type\":\"ReadAction\",\"target\":[\"https:\/\/dev.hempking.eu\/pl\/bio-bialko-z-dyni-250-g\/\"]}]},{\"@type\":\"ImageObject\",\"inLanguage\":\"pl-PL\",\"@id\":\"https:\/\/dev.hempking.eu\/pl\/bio-bialko-z-dyni-250-g\/#primaryimage\",\"url\":\"https:\/\/dev.hempking.eu\/pl\/wp-content\/uploads\/sites\/2\/2022\/03\/biowen_bialko_dynia.jpg\",\"contentUrl\":\"https:\/\/dev.hempking.eu\/pl\/wp-content\/uploads\/sites\/2\/2022\/03\/biowen_bialko_dynia.jpg\",\"width\":1000,\"height\":1000,\"caption\":\"Biowen bialko z dyni\"},{\"@type\":\"BreadcrumbList\",\"@id\":\"https:\/\/dev.hempking.eu\/pl\/bio-bialko-z-dyni-250-g\/#breadcrumb\",\"itemListElement\":[{\"@type\":\"ListItem\",\"position\":1,\"name\":\"Home\",\"item\":\"https:\/\/dev.hempking.eu\/pl\/\"},{\"@type\":\"ListItem\",\"position\":2,\"name\":\"Sklep\",\"item\":\"https:\/\/dev.hempking.eu\/pl\/shop\/\"},{\"@type\":\"ListItem\",\"position\":3,\"name\":\"Bia\u0142ko ro\u015blinne\",\"item\":\"https:\/\/dev.hempking.eu\/pl\/bialko-roslinne\/\"},{\"@type\":\"ListItem\",\"position\":4,\"name\":\"BIO bia\u0142ko z dyni - 250 g\"}]},{\"@type\":\"WebSite\",\"@id\":\"https:\/\/dev.hempking.eu\/pl\/#website\",\"url\":\"https:\/\/dev.hempking.eu\/pl\/\",\"name\":\"Hemp King\",\"description\":\"\",\"publisher\":{\"@id\":\"https:\/\/dev.hempking.eu\/pl\/#organization\"},\"potentialAction\":[{\"@type\":\"SearchAction\",\"target\":{\"@type\":\"EntryPoint\",\"urlTemplate\":\"https:\/\/dev.hempking.eu\/pl\/?s={search_term_string}\"},\"query-input\":{\"@type\":\"PropertyValueSpecification\",\"valueRequired\":true,\"valueName\":\"search_term_string\"}}],\"inLanguage\":\"pl-PL\"},{\"@type\":\"Organization\",\"@id\":\"https:\/\/dev.hempking.eu\/pl\/#organization\",\"name\":\"Hemp King\",\"url\":\"https:\/\/dev.hempking.eu\/pl\/\",\"logo\":{\"@type\":\"ImageObject\",\"inLanguage\":\"pl-PL\",\"@id\":\"https:\/\/dev.hempking.eu\/pl\/#\/schema\/logo\/image\/\",\"url\":\"https:\/\/dev.hempking.eu\/pl\/wp-content\/uploads\/sites\/2\/2020\/05\/hempking.png\",\"contentUrl\":\"https:\/\/dev.hempking.eu\/pl\/wp-content\/uploads\/sites\/2\/2020\/05\/hempking.png\",\"width\":148,\"height\":91,\"caption\":\"Hemp King\"},\"image\":{\"@id\":\"https:\/\/dev.hempking.eu\/pl\/#\/schema\/logo\/image\/\"},\"sameAs\":[\"https:\/\/www.facebook.com\/hempkingpoland\",\"https:\/\/x.com\/hempkingeu\",\"https:\/\/www.instagram.com\/hempkingeu\/\",\"https:\/\/www.linkedin.com\/company\/hempking-eu\/mycompany\/\",\"https:\/\/pl.pinterest.com\/hempkingeu\/\",\"https:\/\/www.youtube.com\/channel\/UCUkeZA1fj4hSZfoYm0WpZ7w\"]}]}<\/script>\n<meta property=\"product:price:amount\" content=\"29.00\" \/>\n<meta property=\"product:price:currency\" content=\"PLN\" \/>\n<meta property=\"og:availability\" content=\"instock\" \/>\n<meta property=\"product:availability\" content=\"instock\" \/>\n<meta property=\"product:retailer_item_id\" content=\"5903636627601\" \/>\n<meta property=\"product:condition\" content=\"new\" \/>\n<!-- \/ Yoast SEO Premium plugin. -->","yoast_head_json":{"title":"Bio bia\u0142ko z dyni BIOWEN - 250 g","description":"Zobacz \u261b Bio bia\u0142ko z dyni BIOWEN w konopnym sklepie HempKing \u2705100% naturalne \u2705Certyfikat EKO \u2705 Zadbaj z nami o swoj\u0105 diet\u0119!","canonical":"https:\/\/dev.hempking.eu\/pl\/bio-bialko-z-dyni-250-g\/","og_locale":"pl_PL","og_type":"article","og_title":"Bio bia\u0142ko z dyni BIOWEN - 250 g - wa\u017cno\u015b\u0107 do 31.07.2022","og_description":"Zobacz \u261b Bio bia\u0142ko z dyni BIOWEN w konopnym sklepie HempKing \u2705100% naturalne \u2705 Zadbaj z nami o swoj\u0105 diet\u0119!","og_url":"https:\/\/dev.hempking.eu\/pl\/bio-bialko-z-dyni-250-g\/","og_site_name":"Hemp King","article_publisher":"https:\/\/www.facebook.com\/hempkingpoland","article_modified_time":"2023-05-23T12:12:05+00:00","og_image":[{"width":1000,"height":1000,"url":"https:\/\/dev.hempking.eu\/pl\/wp-content\/uploads\/sites\/2\/2022\/03\/biowen_bialko_dynia.jpg","type":"image\/jpeg"}],"twitter_card":"summary_large_image","twitter_title":"Bio bia\u0142ko z dyni BIOWEN - 250 g - wa\u017cno\u015b\u0107 do 31.07.2022","twitter_description":"Zobacz \u261b Bio bia\u0142ko z dyni BIOWEN w konopnym sklepie HempKing \u2705100% naturalne \u2705 Zadbaj z nami o swoj\u0105 diet\u0119!","twitter_image":"https:\/\/dev.hempking.eu\/pl\/wp-content\/uploads\/sites\/2\/2022\/03\/biowen_bialko_dynia.jpg","twitter_site":"@hempkingeu","twitter_misc":{"Price":"29.00&nbsp;&#122;&#322;","Availability":"In stock"},"schema":{"@context":"https:\/\/schema.org","@graph":[{"@type":["WebPage","ItemPage"],"@id":"https:\/\/dev.hempking.eu\/pl\/bio-bialko-z-dyni-250-g\/","url":"https:\/\/dev.hempking.eu\/pl\/bio-bialko-z-dyni-250-g\/","name":"Bio bia\u0142ko z dyni BIOWEN - 250 g","isPartOf":{"@id":"https:\/\/dev.hempking.eu\/pl\/#website"},"primaryImageOfPage":{"@id":"https:\/\/dev.hempking.eu\/pl\/bio-bialko-z-dyni-250-g\/#primaryimage"},"image":{"@id":"https:\/\/dev.hempking.eu\/pl\/bio-bialko-z-dyni-250-g\/#primaryimage"},"thumbnailUrl":"https:\/\/dev.hempking.eu\/pl\/wp-content\/uploads\/sites\/2\/2022\/03\/biowen_bialko_dynia.jpg","datePublished":"2022-03-25T07:41:09+00:00","dateModified":"2023-05-23T12:12:05+00:00","description":"Zobacz \u261b Bio bia\u0142ko z dyni BIOWEN w konopnym sklepie HempKing \u2705100% naturalne \u2705Certyfikat EKO \u2705 Zadbaj z nami o swoj\u0105 diet\u0119!","breadcrumb":{"@id":"https:\/\/dev.hempking.eu\/pl\/bio-bialko-z-dyni-250-g\/#breadcrumb"},"inLanguage":"pl-PL","potentialAction":[{"@type":"ReadAction","target":["https:\/\/dev.hempking.eu\/pl\/bio-bialko-z-dyni-250-g\/"]}]},{"@type":"ImageObject","inLanguage":"pl-PL","@id":"https:\/\/dev.hempking.eu\/pl\/bio-bialko-z-dyni-250-g\/#primaryimage","url":"https:\/\/dev.hempking.eu\/pl\/wp-content\/uploads\/sites\/2\/2022\/03\/biowen_bialko_dynia.jpg","contentUrl":"https:\/\/dev.hempking.eu\/pl\/wp-content\/uploads\/sites\/2\/2022\/03\/biowen_bialko_dynia.jpg","width":1000,"height":1000,"caption":"Biowen bialko z dyni"},{"@type":"BreadcrumbList","@id":"https:\/\/dev.hempking.eu\/pl\/bio-bialko-z-dyni-250-g\/#breadcrumb","itemListElement":[{"@type":"ListItem","position":1,"name":"Home","item":"https:\/\/dev.hempking.eu\/pl\/"},{"@type":"ListItem","position":2,"name":"Sklep","item":"https:\/\/dev.hempking.eu\/pl\/shop\/"},{"@type":"ListItem","position":3,"name":"Bia\u0142ko ro\u015blinne","item":"https:\/\/dev.hempking.eu\/pl\/bialko-roslinne\/"},{"@type":"ListItem","position":4,"name":"BIO bia\u0142ko z dyni - 250 g"}]},{"@type":"WebSite","@id":"https:\/\/dev.hempking.eu\/pl\/#website","url":"https:\/\/dev.hempking.eu\/pl\/","name":"Hemp King","description":"","publisher":{"@id":"https:\/\/dev.hempking.eu\/pl\/#organization"},"potentialAction":[{"@type":"SearchAction","target":{"@type":"EntryPoint","urlTemplate":"https:\/\/dev.hempking.eu\/pl\/?s={search_term_string}"},"query-input":{"@type":"PropertyValueSpecification","valueRequired":true,"valueName":"search_term_string"}}],"inLanguage":"pl-PL"},{"@type":"Organization","@id":"https:\/\/dev.hempking.eu\/pl\/#organization","name":"Hemp King","url":"https:\/\/dev.hempking.eu\/pl\/","logo":{"@type":"ImageObject","inLanguage":"pl-PL","@id":"https:\/\/dev.hempking.eu\/pl\/#\/schema\/logo\/image\/","url":"https:\/\/dev.hempking.eu\/pl\/wp-content\/uploads\/sites\/2\/2020\/05\/hempking.png","contentUrl":"https:\/\/dev.hempking.eu\/pl\/wp-content\/uploads\/sites\/2\/2020\/05\/hempking.png","width":148,"height":91,"caption":"Hemp King"},"image":{"@id":"https:\/\/dev.hempking.eu\/pl\/#\/schema\/logo\/image\/"},"sameAs":["https:\/\/www.facebook.com\/hempkingpoland","https:\/\/x.com\/hempkingeu","https:\/\/www.instagram.com\/hempkingeu\/","https:\/\/www.linkedin.com\/company\/hempking-eu\/mycompany\/","https:\/\/pl.pinterest.com\/hempkingeu\/","https:\/\/www.youtube.com\/channel\/UCUkeZA1fj4hSZfoYm0WpZ7w"]}]},"product_price_amount":"29.00","product_price_currency":"PLN","og_availability":"instock","product_availability":"instock","product_retailer_item_id":"5903636627601","product_condition":"new"},"_links":{"self":[{"href":"https:\/\/dev.hempking.eu\/pl\/wp-json\/wp\/v2\/product\/93227","targetHints":{"allow":["GET"]}}],"collection":[{"href":"https:\/\/dev.hempking.eu\/pl\/wp-json\/wp\/v2\/product"}],"about":[{"href":"https:\/\/dev.hempking.eu\/pl\/wp-json\/wp\/v2\/types\/product"}],"wp:featuredmedia":[{"embeddable":true,"href":"https:\/\/dev.hempking.eu\/pl\/wp-json\/wp\/v2\/media\/93230"}],"wp:attachment":[{"href":"https:\/\/dev.hempking.eu\/pl\/wp-json\/wp\/v2\/media?parent=93227"}],"wp:term":[{"taxonomy":"product_cat","embeddable":true,"href":"https:\/\/dev.hempking.eu\/pl\/wp-json\/wp\/v2\/product_cat?post=93227"},{"taxonomy":"product_tag","embeddable":true,"href":"https:\/\/dev.hempking.eu\/pl\/wp-json\/wp\/v2\/product_tag?post=93227"}],"curies":[{"name":"wp","href":"https:\/\/api.w.org\/{rel}","templated":true}]}}