{"id":93536,"date":"2022-03-28T12:55:16","date_gmt":"2022-03-28T10:55:16","guid":{"rendered":"https:\/\/hempking.eu\/pl\/?post_type=product&#038;p=93536"},"modified":"2023-02-28T11:15:35","modified_gmt":"2023-02-28T10:15:35","slug":"herbatka-konopna-na-metabolizm-40g-krotki-termin","status":"publish","type":"product","link":"https:\/\/dev.hempking.eu\/pl\/herbatka-konopna-na-metabolizm-40g-krotki-termin\/","title":{"rendered":"Herbatka konopna na metabolizm* \u2013 40g - Kr\u00f3tki termin - Powiadom o dost\u0119pno\u015bci"},"content":{"rendered":"<h1><strong>Herbatka konopna na metabolizm &#8211; wsparcie prawid\u0142owej wagi<\/strong><\/h1>\n<p><strong>Herbatka konopna na metabolizm<\/strong> zawiera to, co najlepsze w suszu konopnym &#8211; kannabinoidy, terpeny i fenole, wszystkie o wielu w\u0142a\u015bciwo\u015bciach. Dodatkowo zosta\u0142a wzbogacona o moring\u0119 i imbir, kt\u00f3re korzystnie wp\u0142ywaj\u0105 na Tw\u00f3j metabolizm.<\/p>\n<p>Susz ro\u015blin u\u017cytych do produkcji herbaty z konopi jest zbierany i sortowany r\u0119cznie. To pozwala nam zapewni\u0107 jak najwy\u017csz\u0105 jako\u015b\u0107 produktu. Herbatka to smakowite uzupe\u0142nienie codziennej diety.<\/p>\n<p>Nie zawiera chemii, sztucznych dodatk\u00f3w, pestycyd\u00f3w i herbicyd\u00f3w.<\/p>\n<p>Opakowanie 40g to mieszanka 40% suszone kwiaty i li\u015bcie konopi siewnych, 20% imbir, 20% cynamon, 20% moringa.<\/p>\n<p>Herbatka konopna to idealny napar do picia w ci\u0105gu dnia, mi\u0119dzy posi\u0142kami. Je\u015bli <strong>cenisz sobie dbanie o swoj\u0105 lini\u0119<\/strong> i nie jest ci oboj\u0119tne co wprowadzasz do organizmu, dodaj kubek herbaty konopnej do swojej codzienno\u015bci.<\/p>\n<h2><strong>Herbatka konopna na metabolizm &#8211; w\u0142a\u015bciwo\u015bci<\/strong><\/h2>\n<h3><strong>Moringa &#8211; w\u0142a\u015bciwo\u015bci:<\/strong><\/h3>\n<ul>\n<li>wp\u0142ywa na metabolizm glukozy.<\/li>\n<\/ul>\n<h3><strong>Imbir &#8211; w\u0142a\u015bciwo\u015bci :<\/strong><\/h3>\n<ul>\n<li>wspiera witalno\u015b\u0107 organizmu,<\/li>\n<li>pomaga utrzyma\u0107 prawid\u0142owy poziom cukru we krwi,<\/li>\n<li>wp\u0142ywa na metabolizm w\u0119glowodan\u00f3w<\/li>\n<li>kontroluje reakcje zapalne,<\/li>\n<li>dba o zdrowie uk\u0142adu pokarmowego,<\/li>\n<li>obni\u017ca poziom cukru,<\/li>\n<li>dzia\u0142a przeciwwymiotnie.<\/li>\n<\/ul>\n<h3><strong>Cynamon &#8211; w\u0142a\u015bciwo\u015bci:<\/strong><\/h3>\n<ul>\n<li>wspomaga metabolizm glukozy,<\/li>\n<li>wspomaga trawienie,<\/li>\n<li>zwi\u0119ksza wydalanie wody przez nerki,<\/li>\n<li>mo\u017ce pom\u00f3c utrzyma\u0107 prawid\u0142ow\u0105 wag\u0119,<\/li>\n<li>dba o zdrowie uk\u0142adu pokarmowego<\/li>\n<\/ul>\n<p>&nbsp;<\/p>\n<h2><strong>Herbata konopna na metabolizm &#8211; sk\u0142adniki<\/strong><\/h2>\n<p>40% suszone konopie w\u0142\u00f3kniste (Cannabis Sativa L.), 20% imbir, 20% cynamon, 20% moringa<\/p>\n<p>&nbsp;<\/p>\n<h2><strong>Herbata konopna na metabolizm &#8211; najwy\u017csza jako\u015b\u0107 dla Ciebie<\/strong><\/h2>\n<p>Wszystkie nasze produkty <strong>s\u0105 wolne od chemii i sztucznych sk\u0142adnik\u00f3w<\/strong>, dla zachowania bezpiecze\u0144stwa i zapewnienia najwy\u017cszej jako\u015bci.<br \/>\nWsp\u00f3\u0142pracujemy z niezale\u017cnymi laboratoriami, kt\u00f3re stale badaj\u0105 nasze produktu. \u015awiadcz\u0105 o tym <a href=\"https:\/\/dev.hempking.eu\/pl\/atesty-i-certyfikaty\/\">badania<\/a> opublikowane na naszej stronie.<\/p>\n<p>&nbsp;<\/p>\n<h2><strong>Herbata konopna na metabolizm &#8211; spos\u00f3b przygotowania<\/strong><\/h2>\n<p>\u0141y\u017ceczk\u0119 lub dwie herbatki zalej gor\u0105c\u0105, nie wrz\u0105c\u0105 wod\u0105, i zostaw na ok 10 minut do zaparzenia. Po tym czasie napar b\u0119dzie gotowy i mo\u017cesz rozkoszowa\u0107 si\u0119 cudownym smakiem do wieczornej ksi\u0105\u017cki lub innej formy relaksu.<\/p>\n","protected":false},"excerpt":{"rendered":"<h2><strong>Herbatka konopna na metabolizm to:<\/strong><\/h2>\n<ul>\n<li>r\u0119cznie zbierany i sortowany susz,<\/li>\n<li>konopie, imbir, cynamon, moringa<\/li>\n<li>moc kannabinoid\u00f3w, terpen\u00f3w i flawonoid\u00f3w<\/li>\n<li>100% naturalny produkt, bez dodatk\u00f3w chemii,<\/li>\n<li>suszony naturalnymi sposobami,<\/li>\n<li>przebadana przez niezale\u017cne laboratorium<\/li>\n<\/ul>\n<p><strong>Waga: 40 g<\/strong><\/p>\n","protected":false},"featured_media":87473,"template":"","meta":{"_acf_changed":false},"product_cat":[153],"product_tag":[],"class_list":{"0":"post-93536","1":"product","2":"type-product","3":"status-publish","4":"has-post-thumbnail","6":"product_cat-powiadom-o-dostepnosci","8":"first","9":"outofstock","10":"sale","11":"shipping-taxable","12":"purchasable","13":"product-type-simple"},"acf":[],"yoast_head":"<!-- This site is optimized with the Yoast SEO Premium plugin v23.4 (Yoast SEO v24.0) - https:\/\/yoast.com\/wordpress\/plugins\/seo\/ -->\n<title>Herbatka konopna na metabolizm. Pomaga utrzyma\u0107 prawid\u0142ow\u0105 wag\u0119.<\/title>\n<meta name=\"description\" content=\"Herbatka konopna na metabolizm HempKing. Pomaga utrzyma\u0107 prawid\u0142ow\u0105 wag\u0119, wp\u0142ywa na metabolizm glukozy. Wpiera procesy trawienne.\" \/>\n<link rel=\"canonical\" href=\"https:\/\/dev.hempking.eu\/pl\/herbatka-konopna-na-metabolizm-40g\/\" \/>\n<meta property=\"og:locale\" content=\"pl_PL\" \/>\n<meta property=\"og:type\" content=\"article\" \/>\n<meta property=\"og:title\" content=\"Herbatka konopna na metabolizm* \u2013 40g - Kr\u00f3tki termin - Powiadom o dost\u0119pno\u015bci\" \/>\n<meta property=\"og:description\" content=\"Herbatka konopna na metabolizm HempKing. Pomaga utrzyma\u0107 prawid\u0142ow\u0105 wag\u0119, wp\u0142ywa na metabolizm glukozy. Wpiera procesy trawienne.\" \/>\n<meta property=\"og:url\" content=\"https:\/\/dev.hempking.eu\/pl\/herbatka-konopna-na-metabolizm-40g\/\" \/>\n<meta property=\"og:site_name\" content=\"Hemp King\" \/>\n<meta property=\"article:publisher\" content=\"https:\/\/www.facebook.com\/hempkingpoland\" \/>\n<meta property=\"article:modified_time\" content=\"2023-02-28T10:15:35+00:00\" \/>\n<meta property=\"og:image\" content=\"https:\/\/dev.hempking.eu\/pl\/wp-content\/uploads\/sites\/2\/2022\/01\/herbatka_metabolizm.jpg\" \/>\n\t<meta property=\"og:image:width\" content=\"1000\" \/>\n\t<meta property=\"og:image:height\" content=\"1000\" \/>\n\t<meta property=\"og:image:type\" content=\"image\/jpeg\" \/>\n<meta name=\"twitter:card\" content=\"summary_large_image\" \/>\n<meta name=\"twitter:site\" content=\"@hempkingeu\" \/>\n<meta name=\"twitter:label1\" content=\"Price\" \/>\n\t<meta name=\"twitter:data1\" content=\"19.90&nbsp;&#122;&#322;\" \/>\n\t<meta name=\"twitter:label2\" content=\"Availability\" \/>\n\t<meta name=\"twitter:data2\" content=\"Out of stock\" \/>\n<script type=\"application\/ld+json\" class=\"yoast-schema-graph\">{\"@context\":\"https:\/\/schema.org\",\"@graph\":[{\"@type\":\"WebPage\",\"@id\":\"https:\/\/dev.hempking.eu\/pl\/herbatka-konopna-na-metabolizm-40g-krotki-termin\/\",\"url\":\"https:\/\/dev.hempking.eu\/pl\/herbatka-konopna-na-metabolizm-40g\/\",\"name\":\"Herbatka konopna na metabolizm. Pomaga utrzyma\u0107 prawid\u0142ow\u0105 wag\u0119.\",\"isPartOf\":{\"@id\":\"https:\/\/dev.hempking.eu\/pl\/#website\"},\"primaryImageOfPage\":{\"@id\":\"https:\/\/dev.hempking.eu\/pl\/herbatka-konopna-na-metabolizm-40g\/#primaryimage\"},\"image\":{\"@id\":\"https:\/\/dev.hempking.eu\/pl\/herbatka-konopna-na-metabolizm-40g\/#primaryimage\"},\"thumbnailUrl\":\"https:\/\/dev.hempking.eu\/pl\/wp-content\/uploads\/sites\/2\/2022\/01\/herbatka_metabolizm.jpg\",\"datePublished\":\"2022-03-28T10:55:16+00:00\",\"dateModified\":\"2023-02-28T10:15:35+00:00\",\"description\":\"Herbatka konopna na metabolizm HempKing. Pomaga utrzyma\u0107 prawid\u0142ow\u0105 wag\u0119, wp\u0142ywa na metabolizm glukozy. Wpiera procesy trawienne.\",\"breadcrumb\":{\"@id\":\"https:\/\/dev.hempking.eu\/pl\/herbatka-konopna-na-metabolizm-40g\/#breadcrumb\"},\"inLanguage\":\"pl-PL\",\"potentialAction\":[{\"@type\":\"ReadAction\",\"target\":[\"https:\/\/dev.hempking.eu\/pl\/herbatka-konopna-na-metabolizm-40g\/\"]}]},{\"@type\":\"ImageObject\",\"inLanguage\":\"pl-PL\",\"@id\":\"https:\/\/dev.hempking.eu\/pl\/herbatka-konopna-na-metabolizm-40g\/#primaryimage\",\"url\":\"https:\/\/dev.hempking.eu\/pl\/wp-content\/uploads\/sites\/2\/2022\/01\/herbatka_metabolizm.jpg\",\"contentUrl\":\"https:\/\/dev.hempking.eu\/pl\/wp-content\/uploads\/sites\/2\/2022\/01\/herbatka_metabolizm.jpg\",\"width\":1000,\"height\":1000,\"caption\":\"Herbata konopna na metabolizm 40 g HempKing\"},{\"@type\":\"BreadcrumbList\",\"@id\":\"https:\/\/dev.hempking.eu\/pl\/herbatka-konopna-na-metabolizm-40g\/#breadcrumb\",\"itemListElement\":[{\"@type\":\"ListItem\",\"position\":1,\"name\":\"Home\",\"item\":\"https:\/\/dev.hempking.eu\/pl\/\"},{\"@type\":\"ListItem\",\"position\":2,\"name\":\"Sklep\",\"item\":\"https:\/\/dev.hempking.eu\/pl\/shop\/\"},{\"@type\":\"ListItem\",\"position\":3,\"name\":\"Powiadom o dost\u0119pno\u015bci\",\"item\":\"https:\/\/dev.hempking.eu\/pl\/powiadom-o-dostepnosci\/\"},{\"@type\":\"ListItem\",\"position\":4,\"name\":\"Herbatka konopna na metabolizm* \u2013 40g - Kr\u00f3tki termin - Powiadom o dost\u0119pno\u015bci\"}]},{\"@type\":\"WebSite\",\"@id\":\"https:\/\/dev.hempking.eu\/pl\/#website\",\"url\":\"https:\/\/dev.hempking.eu\/pl\/\",\"name\":\"Hemp King\",\"description\":\"\",\"publisher\":{\"@id\":\"https:\/\/dev.hempking.eu\/pl\/#organization\"},\"potentialAction\":[{\"@type\":\"SearchAction\",\"target\":{\"@type\":\"EntryPoint\",\"urlTemplate\":\"https:\/\/dev.hempking.eu\/pl\/?s={search_term_string}\"},\"query-input\":{\"@type\":\"PropertyValueSpecification\",\"valueRequired\":true,\"valueName\":\"search_term_string\"}}],\"inLanguage\":\"pl-PL\"},{\"@type\":\"Organization\",\"@id\":\"https:\/\/dev.hempking.eu\/pl\/#organization\",\"name\":\"Hemp King\",\"url\":\"https:\/\/dev.hempking.eu\/pl\/\",\"logo\":{\"@type\":\"ImageObject\",\"inLanguage\":\"pl-PL\",\"@id\":\"https:\/\/dev.hempking.eu\/pl\/#\/schema\/logo\/image\/\",\"url\":\"https:\/\/dev.hempking.eu\/pl\/wp-content\/uploads\/sites\/2\/2020\/05\/hempking.png\",\"contentUrl\":\"https:\/\/dev.hempking.eu\/pl\/wp-content\/uploads\/sites\/2\/2020\/05\/hempking.png\",\"width\":148,\"height\":91,\"caption\":\"Hemp King\"},\"image\":{\"@id\":\"https:\/\/dev.hempking.eu\/pl\/#\/schema\/logo\/image\/\"},\"sameAs\":[\"https:\/\/www.facebook.com\/hempkingpoland\",\"https:\/\/x.com\/hempkingeu\",\"https:\/\/www.instagram.com\/hempkingeu\/\",\"https:\/\/www.linkedin.com\/company\/hempking-eu\/mycompany\/\",\"https:\/\/pl.pinterest.com\/hempkingeu\/\",\"https:\/\/www.youtube.com\/channel\/UCUkeZA1fj4hSZfoYm0WpZ7w\"]}]}<\/script>\n<meta property=\"product:price:amount\" content=\"19.90\" \/>\n<meta property=\"product:price:currency\" content=\"PLN\" \/>\n<meta property=\"og:availability\" content=\"out of stock\" \/>\n<meta property=\"product:availability\" content=\"out of stock\" \/>\n<meta property=\"product:condition\" content=\"new\" \/>\n<!-- \/ Yoast SEO Premium plugin. -->","yoast_head_json":{"title":"Herbatka konopna na metabolizm. Pomaga utrzyma\u0107 prawid\u0142ow\u0105 wag\u0119.","description":"Herbatka konopna na metabolizm HempKing. Pomaga utrzyma\u0107 prawid\u0142ow\u0105 wag\u0119, wp\u0142ywa na metabolizm glukozy. Wpiera procesy trawienne.","canonical":"https:\/\/dev.hempking.eu\/pl\/herbatka-konopna-na-metabolizm-40g\/","og_locale":"pl_PL","og_type":"article","og_title":"Herbatka konopna na metabolizm* \u2013 40g - Kr\u00f3tki termin - Powiadom o dost\u0119pno\u015bci","og_description":"Herbatka konopna na metabolizm HempKing. Pomaga utrzyma\u0107 prawid\u0142ow\u0105 wag\u0119, wp\u0142ywa na metabolizm glukozy. Wpiera procesy trawienne.","og_url":"https:\/\/dev.hempking.eu\/pl\/herbatka-konopna-na-metabolizm-40g\/","og_site_name":"Hemp King","article_publisher":"https:\/\/www.facebook.com\/hempkingpoland","article_modified_time":"2023-02-28T10:15:35+00:00","og_image":[{"width":1000,"height":1000,"url":"https:\/\/dev.hempking.eu\/pl\/wp-content\/uploads\/sites\/2\/2022\/01\/herbatka_metabolizm.jpg","type":"image\/jpeg"}],"twitter_card":"summary_large_image","twitter_site":"@hempkingeu","twitter_misc":{"Price":"19.90&nbsp;&#122;&#322;","Availability":"Out of stock"},"schema":{"@context":"https:\/\/schema.org","@graph":[{"@type":"WebPage","@id":"https:\/\/dev.hempking.eu\/pl\/herbatka-konopna-na-metabolizm-40g-krotki-termin\/","url":"https:\/\/dev.hempking.eu\/pl\/herbatka-konopna-na-metabolizm-40g\/","name":"Herbatka konopna na metabolizm. Pomaga utrzyma\u0107 prawid\u0142ow\u0105 wag\u0119.","isPartOf":{"@id":"https:\/\/dev.hempking.eu\/pl\/#website"},"primaryImageOfPage":{"@id":"https:\/\/dev.hempking.eu\/pl\/herbatka-konopna-na-metabolizm-40g\/#primaryimage"},"image":{"@id":"https:\/\/dev.hempking.eu\/pl\/herbatka-konopna-na-metabolizm-40g\/#primaryimage"},"thumbnailUrl":"https:\/\/dev.hempking.eu\/pl\/wp-content\/uploads\/sites\/2\/2022\/01\/herbatka_metabolizm.jpg","datePublished":"2022-03-28T10:55:16+00:00","dateModified":"2023-02-28T10:15:35+00:00","description":"Herbatka konopna na metabolizm HempKing. Pomaga utrzyma\u0107 prawid\u0142ow\u0105 wag\u0119, wp\u0142ywa na metabolizm glukozy. Wpiera procesy trawienne.","breadcrumb":{"@id":"https:\/\/dev.hempking.eu\/pl\/herbatka-konopna-na-metabolizm-40g\/#breadcrumb"},"inLanguage":"pl-PL","potentialAction":[{"@type":"ReadAction","target":["https:\/\/dev.hempking.eu\/pl\/herbatka-konopna-na-metabolizm-40g\/"]}]},{"@type":"ImageObject","inLanguage":"pl-PL","@id":"https:\/\/dev.hempking.eu\/pl\/herbatka-konopna-na-metabolizm-40g\/#primaryimage","url":"https:\/\/dev.hempking.eu\/pl\/wp-content\/uploads\/sites\/2\/2022\/01\/herbatka_metabolizm.jpg","contentUrl":"https:\/\/dev.hempking.eu\/pl\/wp-content\/uploads\/sites\/2\/2022\/01\/herbatka_metabolizm.jpg","width":1000,"height":1000,"caption":"Herbata konopna na metabolizm 40 g HempKing"},{"@type":"BreadcrumbList","@id":"https:\/\/dev.hempking.eu\/pl\/herbatka-konopna-na-metabolizm-40g\/#breadcrumb","itemListElement":[{"@type":"ListItem","position":1,"name":"Home","item":"https:\/\/dev.hempking.eu\/pl\/"},{"@type":"ListItem","position":2,"name":"Sklep","item":"https:\/\/dev.hempking.eu\/pl\/shop\/"},{"@type":"ListItem","position":3,"name":"Powiadom o dost\u0119pno\u015bci","item":"https:\/\/dev.hempking.eu\/pl\/powiadom-o-dostepnosci\/"},{"@type":"ListItem","position":4,"name":"Herbatka konopna na metabolizm* \u2013 40g - Kr\u00f3tki termin - Powiadom o dost\u0119pno\u015bci"}]},{"@type":"WebSite","@id":"https:\/\/dev.hempking.eu\/pl\/#website","url":"https:\/\/dev.hempking.eu\/pl\/","name":"Hemp King","description":"","publisher":{"@id":"https:\/\/dev.hempking.eu\/pl\/#organization"},"potentialAction":[{"@type":"SearchAction","target":{"@type":"EntryPoint","urlTemplate":"https:\/\/dev.hempking.eu\/pl\/?s={search_term_string}"},"query-input":{"@type":"PropertyValueSpecification","valueRequired":true,"valueName":"search_term_string"}}],"inLanguage":"pl-PL"},{"@type":"Organization","@id":"https:\/\/dev.hempking.eu\/pl\/#organization","name":"Hemp King","url":"https:\/\/dev.hempking.eu\/pl\/","logo":{"@type":"ImageObject","inLanguage":"pl-PL","@id":"https:\/\/dev.hempking.eu\/pl\/#\/schema\/logo\/image\/","url":"https:\/\/dev.hempking.eu\/pl\/wp-content\/uploads\/sites\/2\/2020\/05\/hempking.png","contentUrl":"https:\/\/dev.hempking.eu\/pl\/wp-content\/uploads\/sites\/2\/2020\/05\/hempking.png","width":148,"height":91,"caption":"Hemp King"},"image":{"@id":"https:\/\/dev.hempking.eu\/pl\/#\/schema\/logo\/image\/"},"sameAs":["https:\/\/www.facebook.com\/hempkingpoland","https:\/\/x.com\/hempkingeu","https:\/\/www.instagram.com\/hempkingeu\/","https:\/\/www.linkedin.com\/company\/hempking-eu\/mycompany\/","https:\/\/pl.pinterest.com\/hempkingeu\/","https:\/\/www.youtube.com\/channel\/UCUkeZA1fj4hSZfoYm0WpZ7w"]}]},"product_price_amount":"19.90","product_price_currency":"PLN","og_availability":"out of stock","product_availability":"out of stock","product_condition":"new"},"_links":{"self":[{"href":"https:\/\/dev.hempking.eu\/pl\/wp-json\/wp\/v2\/product\/93536","targetHints":{"allow":["GET"]}}],"collection":[{"href":"https:\/\/dev.hempking.eu\/pl\/wp-json\/wp\/v2\/product"}],"about":[{"href":"https:\/\/dev.hempking.eu\/pl\/wp-json\/wp\/v2\/types\/product"}],"wp:featuredmedia":[{"embeddable":true,"href":"https:\/\/dev.hempking.eu\/pl\/wp-json\/wp\/v2\/media\/87473"}],"wp:attachment":[{"href":"https:\/\/dev.hempking.eu\/pl\/wp-json\/wp\/v2\/media?parent=93536"}],"wp:term":[{"taxonomy":"product_cat","embeddable":true,"href":"https:\/\/dev.hempking.eu\/pl\/wp-json\/wp\/v2\/product_cat?post=93536"},{"taxonomy":"product_tag","embeddable":true,"href":"https:\/\/dev.hempking.eu\/pl\/wp-json\/wp\/v2\/product_tag?post=93536"}],"curies":[{"name":"wp","href":"https:\/\/api.w.org\/{rel}","templated":true}]}}