{"id":96080,"date":"2022-04-25T10:41:21","date_gmt":"2022-04-25T08:41:21","guid":{"rendered":"https:\/\/hempking.eu\/pl\/?post_type=product&#038;p=96080"},"modified":"2023-03-31T12:02:27","modified_gmt":"2023-03-31T10:02:27","slug":"konopny-krem-do-rak-z-cbd-o-zapachu-wanilii-i-pomaranczy-krotki-termin","status":"publish","type":"product","link":"https:\/\/dev.hempking.eu\/pl\/konopny-krem-do-rak-z-cbd-o-zapachu-wanilii-i-pomaranczy-krotki-termin\/","title":{"rendered":"Konopny krem do r\u0105k z CBD o zapachu wanilii i pomara\u0144czy - Kr\u00f3tki termin - Powiadom o dost\u0119pno\u015bci"},"content":{"rendered":"<h2 style=\"text-align: justify;\"><span style=\"font-weight: 400;\">Krem konopny do r\u0105k o zapachu wanilii z pomara\u0144cz\u0105 HempKing\u00a0<\/span><\/h2>\n<p style=\"text-align: justify;\"><span style=\"font-weight: 400;\">Ten krem konopny do r\u0105k o zapachu wanilii z pomara\u0144cz\u0105 pachnie jak najlepszy sernik na \u015bwi\u0119ta. Ale przy tym nie zostawia lepkiej warstwy na sk\u00f3rze i szybko si\u0119 wch\u0142ania! Konopny krem do r\u0105k o zapachu wanilii z pomara\u0144cz\u0105 to po\u0142\u0105czenie wysoko nawil\u017caj\u0105cych sk\u0142adnik\u00f3w, kt\u00f3re wsp\u00f3lnie tworz\u0105 przyjemny i lekki krem, kt\u00f3ry mo\u017cesz stosowa\u0107 na co dzie\u0144 i mie\u0107 go zawsze przy sobie. Krem do r\u0105k konopny o zapachu wanilii z pomara\u0144cz\u0105 piel\u0119gnuje d\u0142onie, kt\u00f3re codziennie s\u0105 nara\u017cone na niekorzystne warunki pogodowe, cz\u0119ste mycie, r\u00f3\u017cnego rodzaju \u015brodki czyszcz\u0105ce czy dezynfekuj\u0105ce. Jego dzia\u0142anie mo\u017cna por\u00f3wna\u0107 do delikatnej, niewidzialnej r\u0119kawiczki, kt\u00f3ra g\u0142\u0119boko nawil\u017cy sk\u00f3r\u0119 Twoich d\u0142oni. Mo\u017cesz go tak\u017ce u\u017cywa\u0107 do piel\u0119gnacji sk\u00f3rek i paznokci!\u00a0<\/span><\/p>\n<h2 style=\"text-align: justify;\"><span style=\"font-weight: 400;\">Dlaczego warto wypr\u00f3bowa\u0107 konopny krem do r\u0105k z pomara\u0144cz\u0105 Hempking?<\/span><\/h2>\n<p style=\"text-align: justify;\"><span style=\"font-weight: 400;\">Krem do r\u0105k z CBD i pomara\u0144cz\u0105 to produkt, kt\u00f3ry pokochasz od pierwszego u\u017cycia. Nie tylko ze wzgl\u0119du na pi\u0119kny zapach i dzia\u0142anie, ale tak\u017ce dlatego, \u017ce powsta\u0142 z wysokiej jako\u015bci sk\u0142adnik\u00f3w. Szybko stanie si\u0119 Twoim ulubie\u0144cem! To, co sprawia, \u017ce warto go wypr\u00f3bowa\u0107 to przede wszystkim:\u00a0<\/span><\/p>\n<ul>\n<li style=\"font-weight: 400; text-align: justify;\" aria-level=\"1\"><span style=\"font-weight: 400;\">formu\u0142a wzbogacona olejem konopnym,\u00a0<\/span><\/li>\n<li style=\"font-weight: 400; text-align: justify;\" aria-level=\"1\"><span style=\"font-weight: 400;\">\u0142agodz\u0105co-piel\u0119gnuj\u0105ca mieszanka mase\u0142 i olei t\u0142oczonych na zimno i nierafinowanych,<\/span><\/li>\n<li style=\"font-weight: 400; text-align: justify;\" aria-level=\"1\"><span style=\"font-weight: 400;\">szybko\u015b\u0107, z jak\u0105 si\u0119 wchania, bez t\u0142ustego filtru pozostawionego na sk\u00f3rze,\u00a0<\/span><\/li>\n<li style=\"font-weight: 400; text-align: justify;\" aria-level=\"1\"><span style=\"font-weight: 400;\">cudowne uczucie nawil\u017cenia i regeneracji nask\u00f3rka na d\u0142oniach.<\/span><\/li>\n<\/ul>\n","protected":false},"excerpt":{"rendered":"<h2><strong>Pomara\u0144czowy krem do r\u0105k z CBD:\u00a0<\/strong><\/h2>\n<ul>\n<li>kosmetyk naturalny,<\/li>\n<li>\u00a0opakowanie less waste,<\/li>\n<li>\u00a0o zapachu pomara\u0144czy i wanilii.<\/li>\n<\/ul>\n<p><strong>Pojemno\u015b\u0107: 50ml<\/strong><\/p>\n","protected":false},"featured_media":74215,"template":"","meta":{"_acf_changed":false},"product_cat":[153],"product_tag":[],"class_list":{"0":"post-96080","1":"product","2":"type-product","3":"status-publish","4":"has-post-thumbnail","6":"product_cat-powiadom-o-dostepnosci","8":"first","9":"outofstock","10":"sale","11":"shipping-taxable","12":"purchasable","13":"product-type-simple"},"acf":[],"yoast_head":"<!-- This site is optimized with the Yoast SEO Premium plugin v23.4 (Yoast SEO v24.0) - https:\/\/yoast.com\/wordpress\/plugins\/seo\/ -->\n<title>Krem do r\u0105k z CBD Wanilia i Pomara\u0144cza HempKing - Kr\u00f3tki termin<\/title>\n<meta name=\"description\" content=\"Krem do r\u0105k konopny z CBD o zapachu wanilii i pomara\u0144czy HempKing. W 100% naturalny sk\u0142ad. Pi\u0119kny zapach. Daj si\u0119 uwie\u015b\u0107!\" \/>\n<link rel=\"canonical\" href=\"https:\/\/dev.hempking.eu\/pl\/konopny-krem-do-rak-z-cbd-o-zapachu-wanilii-i-pomaranczy\/\" \/>\n<meta property=\"og:locale\" content=\"pl_PL\" \/>\n<meta property=\"og:type\" content=\"article\" \/>\n<meta property=\"og:title\" content=\"Konopny krem do r\u0105k z CBD o zapachu wanilii i pomara\u0144czy - Kr\u00f3tki termin - Powiadom o dost\u0119pno\u015bci\" \/>\n<meta property=\"og:description\" content=\"Krem do r\u0105k konopny z CBD o zapachu wanilii i pomara\u0144czy HempKing. W 100% naturalny sk\u0142ad. Pi\u0119kny zapach. Daj si\u0119 uwie\u015b\u0107!\" \/>\n<meta property=\"og:url\" content=\"https:\/\/dev.hempking.eu\/pl\/konopny-krem-do-rak-z-cbd-o-zapachu-wanilii-i-pomaranczy\/\" \/>\n<meta property=\"og:site_name\" content=\"Hemp King\" \/>\n<meta property=\"article:publisher\" content=\"https:\/\/www.facebook.com\/hempkingpoland\" \/>\n<meta property=\"article:modified_time\" content=\"2023-03-31T10:02:27+00:00\" \/>\n<meta property=\"og:image\" content=\"https:\/\/dev.hempking.eu\/pl\/wp-content\/uploads\/sites\/2\/2020\/11\/krem-do-rak-4-1-scaled.jpg\" \/>\n\t<meta property=\"og:image:width\" content=\"2560\" \/>\n\t<meta property=\"og:image:height\" content=\"2560\" \/>\n\t<meta property=\"og:image:type\" content=\"image\/jpeg\" \/>\n<meta name=\"twitter:card\" content=\"summary_large_image\" \/>\n<meta name=\"twitter:site\" content=\"@hempkingeu\" \/>\n<meta name=\"twitter:label1\" content=\"Price\" \/>\n\t<meta name=\"twitter:data1\" content=\"19.90&nbsp;&#122;&#322;\" \/>\n\t<meta name=\"twitter:label2\" content=\"Availability\" \/>\n\t<meta name=\"twitter:data2\" content=\"Out of stock\" \/>\n<script type=\"application\/ld+json\" class=\"yoast-schema-graph\">{\"@context\":\"https:\/\/schema.org\",\"@graph\":[{\"@type\":\"WebPage\",\"@id\":\"https:\/\/dev.hempking.eu\/pl\/konopny-krem-do-rak-z-cbd-o-zapachu-wanilii-i-pomaranczy-krotki-termin\/\",\"url\":\"https:\/\/dev.hempking.eu\/pl\/konopny-krem-do-rak-z-cbd-o-zapachu-wanilii-i-pomaranczy\/\",\"name\":\"Krem do r\u0105k z CBD Wanilia i Pomara\u0144cza HempKing - Kr\u00f3tki termin\",\"isPartOf\":{\"@id\":\"https:\/\/dev.hempking.eu\/pl\/#website\"},\"primaryImageOfPage\":{\"@id\":\"https:\/\/dev.hempking.eu\/pl\/konopny-krem-do-rak-z-cbd-o-zapachu-wanilii-i-pomaranczy\/#primaryimage\"},\"image\":{\"@id\":\"https:\/\/dev.hempking.eu\/pl\/konopny-krem-do-rak-z-cbd-o-zapachu-wanilii-i-pomaranczy\/#primaryimage\"},\"thumbnailUrl\":\"https:\/\/dev.hempking.eu\/pl\/wp-content\/uploads\/sites\/2\/2020\/11\/krem-do-rak-4-1-scaled.jpg\",\"datePublished\":\"2022-04-25T08:41:21+00:00\",\"dateModified\":\"2023-03-31T10:02:27+00:00\",\"description\":\"Krem do r\u0105k konopny z CBD o zapachu wanilii i pomara\u0144czy HempKing. W 100% naturalny sk\u0142ad. Pi\u0119kny zapach. Daj si\u0119 uwie\u015b\u0107!\",\"breadcrumb\":{\"@id\":\"https:\/\/dev.hempking.eu\/pl\/konopny-krem-do-rak-z-cbd-o-zapachu-wanilii-i-pomaranczy\/#breadcrumb\"},\"inLanguage\":\"pl-PL\",\"potentialAction\":[{\"@type\":\"ReadAction\",\"target\":[\"https:\/\/dev.hempking.eu\/pl\/konopny-krem-do-rak-z-cbd-o-zapachu-wanilii-i-pomaranczy\/\"]}]},{\"@type\":\"ImageObject\",\"inLanguage\":\"pl-PL\",\"@id\":\"https:\/\/dev.hempking.eu\/pl\/konopny-krem-do-rak-z-cbd-o-zapachu-wanilii-i-pomaranczy\/#primaryimage\",\"url\":\"https:\/\/dev.hempking.eu\/pl\/wp-content\/uploads\/sites\/2\/2020\/11\/krem-do-rak-4-1-scaled.jpg\",\"contentUrl\":\"https:\/\/dev.hempking.eu\/pl\/wp-content\/uploads\/sites\/2\/2020\/11\/krem-do-rak-4-1-scaled.jpg\",\"width\":2560,\"height\":2560,\"caption\":\"krem do r\u0105k hempking\"},{\"@type\":\"BreadcrumbList\",\"@id\":\"https:\/\/dev.hempking.eu\/pl\/konopny-krem-do-rak-z-cbd-o-zapachu-wanilii-i-pomaranczy\/#breadcrumb\",\"itemListElement\":[{\"@type\":\"ListItem\",\"position\":1,\"name\":\"Home\",\"item\":\"https:\/\/dev.hempking.eu\/pl\/\"},{\"@type\":\"ListItem\",\"position\":2,\"name\":\"Sklep\",\"item\":\"https:\/\/dev.hempking.eu\/pl\/shop\/\"},{\"@type\":\"ListItem\",\"position\":3,\"name\":\"Powiadom o dost\u0119pno\u015bci\",\"item\":\"https:\/\/dev.hempking.eu\/pl\/powiadom-o-dostepnosci\/\"},{\"@type\":\"ListItem\",\"position\":4,\"name\":\"Konopny krem do r\u0105k z CBD o zapachu wanilii i pomara\u0144czy - Kr\u00f3tki termin - Powiadom o dost\u0119pno\u015bci\"}]},{\"@type\":\"WebSite\",\"@id\":\"https:\/\/dev.hempking.eu\/pl\/#website\",\"url\":\"https:\/\/dev.hempking.eu\/pl\/\",\"name\":\"Hemp King\",\"description\":\"\",\"publisher\":{\"@id\":\"https:\/\/dev.hempking.eu\/pl\/#organization\"},\"potentialAction\":[{\"@type\":\"SearchAction\",\"target\":{\"@type\":\"EntryPoint\",\"urlTemplate\":\"https:\/\/dev.hempking.eu\/pl\/?s={search_term_string}\"},\"query-input\":{\"@type\":\"PropertyValueSpecification\",\"valueRequired\":true,\"valueName\":\"search_term_string\"}}],\"inLanguage\":\"pl-PL\"},{\"@type\":\"Organization\",\"@id\":\"https:\/\/dev.hempking.eu\/pl\/#organization\",\"name\":\"Hemp King\",\"url\":\"https:\/\/dev.hempking.eu\/pl\/\",\"logo\":{\"@type\":\"ImageObject\",\"inLanguage\":\"pl-PL\",\"@id\":\"https:\/\/dev.hempking.eu\/pl\/#\/schema\/logo\/image\/\",\"url\":\"https:\/\/dev.hempking.eu\/pl\/wp-content\/uploads\/sites\/2\/2020\/05\/hempking.png\",\"contentUrl\":\"https:\/\/dev.hempking.eu\/pl\/wp-content\/uploads\/sites\/2\/2020\/05\/hempking.png\",\"width\":148,\"height\":91,\"caption\":\"Hemp King\"},\"image\":{\"@id\":\"https:\/\/dev.hempking.eu\/pl\/#\/schema\/logo\/image\/\"},\"sameAs\":[\"https:\/\/www.facebook.com\/hempkingpoland\",\"https:\/\/x.com\/hempkingeu\",\"https:\/\/www.instagram.com\/hempkingeu\/\",\"https:\/\/www.linkedin.com\/company\/hempking-eu\/mycompany\/\",\"https:\/\/pl.pinterest.com\/hempkingeu\/\",\"https:\/\/www.youtube.com\/channel\/UCUkeZA1fj4hSZfoYm0WpZ7w\"]}]}<\/script>\n<meta property=\"product:price:amount\" content=\"19.90\" \/>\n<meta property=\"product:price:currency\" content=\"PLN\" \/>\n<meta property=\"og:availability\" content=\"out of stock\" \/>\n<meta property=\"product:availability\" content=\"out of stock\" \/>\n<meta property=\"product:condition\" content=\"new\" \/>\n<!-- \/ Yoast SEO Premium plugin. -->","yoast_head_json":{"title":"Krem do r\u0105k z CBD Wanilia i Pomara\u0144cza HempKing - Kr\u00f3tki termin","description":"Krem do r\u0105k konopny z CBD o zapachu wanilii i pomara\u0144czy HempKing. W 100% naturalny sk\u0142ad. Pi\u0119kny zapach. Daj si\u0119 uwie\u015b\u0107!","canonical":"https:\/\/dev.hempking.eu\/pl\/konopny-krem-do-rak-z-cbd-o-zapachu-wanilii-i-pomaranczy\/","og_locale":"pl_PL","og_type":"article","og_title":"Konopny krem do r\u0105k z CBD o zapachu wanilii i pomara\u0144czy - Kr\u00f3tki termin - Powiadom o dost\u0119pno\u015bci","og_description":"Krem do r\u0105k konopny z CBD o zapachu wanilii i pomara\u0144czy HempKing. W 100% naturalny sk\u0142ad. Pi\u0119kny zapach. Daj si\u0119 uwie\u015b\u0107!","og_url":"https:\/\/dev.hempking.eu\/pl\/konopny-krem-do-rak-z-cbd-o-zapachu-wanilii-i-pomaranczy\/","og_site_name":"Hemp King","article_publisher":"https:\/\/www.facebook.com\/hempkingpoland","article_modified_time":"2023-03-31T10:02:27+00:00","og_image":[{"width":2560,"height":2560,"url":"https:\/\/dev.hempking.eu\/pl\/wp-content\/uploads\/sites\/2\/2020\/11\/krem-do-rak-4-1-scaled.jpg","type":"image\/jpeg"}],"twitter_card":"summary_large_image","twitter_site":"@hempkingeu","twitter_misc":{"Price":"19.90&nbsp;&#122;&#322;","Availability":"Out of stock"},"schema":{"@context":"https:\/\/schema.org","@graph":[{"@type":"WebPage","@id":"https:\/\/dev.hempking.eu\/pl\/konopny-krem-do-rak-z-cbd-o-zapachu-wanilii-i-pomaranczy-krotki-termin\/","url":"https:\/\/dev.hempking.eu\/pl\/konopny-krem-do-rak-z-cbd-o-zapachu-wanilii-i-pomaranczy\/","name":"Krem do r\u0105k z CBD Wanilia i Pomara\u0144cza HempKing - Kr\u00f3tki termin","isPartOf":{"@id":"https:\/\/dev.hempking.eu\/pl\/#website"},"primaryImageOfPage":{"@id":"https:\/\/dev.hempking.eu\/pl\/konopny-krem-do-rak-z-cbd-o-zapachu-wanilii-i-pomaranczy\/#primaryimage"},"image":{"@id":"https:\/\/dev.hempking.eu\/pl\/konopny-krem-do-rak-z-cbd-o-zapachu-wanilii-i-pomaranczy\/#primaryimage"},"thumbnailUrl":"https:\/\/dev.hempking.eu\/pl\/wp-content\/uploads\/sites\/2\/2020\/11\/krem-do-rak-4-1-scaled.jpg","datePublished":"2022-04-25T08:41:21+00:00","dateModified":"2023-03-31T10:02:27+00:00","description":"Krem do r\u0105k konopny z CBD o zapachu wanilii i pomara\u0144czy HempKing. W 100% naturalny sk\u0142ad. Pi\u0119kny zapach. Daj si\u0119 uwie\u015b\u0107!","breadcrumb":{"@id":"https:\/\/dev.hempking.eu\/pl\/konopny-krem-do-rak-z-cbd-o-zapachu-wanilii-i-pomaranczy\/#breadcrumb"},"inLanguage":"pl-PL","potentialAction":[{"@type":"ReadAction","target":["https:\/\/dev.hempking.eu\/pl\/konopny-krem-do-rak-z-cbd-o-zapachu-wanilii-i-pomaranczy\/"]}]},{"@type":"ImageObject","inLanguage":"pl-PL","@id":"https:\/\/dev.hempking.eu\/pl\/konopny-krem-do-rak-z-cbd-o-zapachu-wanilii-i-pomaranczy\/#primaryimage","url":"https:\/\/dev.hempking.eu\/pl\/wp-content\/uploads\/sites\/2\/2020\/11\/krem-do-rak-4-1-scaled.jpg","contentUrl":"https:\/\/dev.hempking.eu\/pl\/wp-content\/uploads\/sites\/2\/2020\/11\/krem-do-rak-4-1-scaled.jpg","width":2560,"height":2560,"caption":"krem do r\u0105k hempking"},{"@type":"BreadcrumbList","@id":"https:\/\/dev.hempking.eu\/pl\/konopny-krem-do-rak-z-cbd-o-zapachu-wanilii-i-pomaranczy\/#breadcrumb","itemListElement":[{"@type":"ListItem","position":1,"name":"Home","item":"https:\/\/dev.hempking.eu\/pl\/"},{"@type":"ListItem","position":2,"name":"Sklep","item":"https:\/\/dev.hempking.eu\/pl\/shop\/"},{"@type":"ListItem","position":3,"name":"Powiadom o dost\u0119pno\u015bci","item":"https:\/\/dev.hempking.eu\/pl\/powiadom-o-dostepnosci\/"},{"@type":"ListItem","position":4,"name":"Konopny krem do r\u0105k z CBD o zapachu wanilii i pomara\u0144czy - Kr\u00f3tki termin - Powiadom o dost\u0119pno\u015bci"}]},{"@type":"WebSite","@id":"https:\/\/dev.hempking.eu\/pl\/#website","url":"https:\/\/dev.hempking.eu\/pl\/","name":"Hemp King","description":"","publisher":{"@id":"https:\/\/dev.hempking.eu\/pl\/#organization"},"potentialAction":[{"@type":"SearchAction","target":{"@type":"EntryPoint","urlTemplate":"https:\/\/dev.hempking.eu\/pl\/?s={search_term_string}"},"query-input":{"@type":"PropertyValueSpecification","valueRequired":true,"valueName":"search_term_string"}}],"inLanguage":"pl-PL"},{"@type":"Organization","@id":"https:\/\/dev.hempking.eu\/pl\/#organization","name":"Hemp King","url":"https:\/\/dev.hempking.eu\/pl\/","logo":{"@type":"ImageObject","inLanguage":"pl-PL","@id":"https:\/\/dev.hempking.eu\/pl\/#\/schema\/logo\/image\/","url":"https:\/\/dev.hempking.eu\/pl\/wp-content\/uploads\/sites\/2\/2020\/05\/hempking.png","contentUrl":"https:\/\/dev.hempking.eu\/pl\/wp-content\/uploads\/sites\/2\/2020\/05\/hempking.png","width":148,"height":91,"caption":"Hemp King"},"image":{"@id":"https:\/\/dev.hempking.eu\/pl\/#\/schema\/logo\/image\/"},"sameAs":["https:\/\/www.facebook.com\/hempkingpoland","https:\/\/x.com\/hempkingeu","https:\/\/www.instagram.com\/hempkingeu\/","https:\/\/www.linkedin.com\/company\/hempking-eu\/mycompany\/","https:\/\/pl.pinterest.com\/hempkingeu\/","https:\/\/www.youtube.com\/channel\/UCUkeZA1fj4hSZfoYm0WpZ7w"]}]},"product_price_amount":"19.90","product_price_currency":"PLN","og_availability":"out of stock","product_availability":"out of stock","product_condition":"new"},"_links":{"self":[{"href":"https:\/\/dev.hempking.eu\/pl\/wp-json\/wp\/v2\/product\/96080","targetHints":{"allow":["GET"]}}],"collection":[{"href":"https:\/\/dev.hempking.eu\/pl\/wp-json\/wp\/v2\/product"}],"about":[{"href":"https:\/\/dev.hempking.eu\/pl\/wp-json\/wp\/v2\/types\/product"}],"wp:featuredmedia":[{"embeddable":true,"href":"https:\/\/dev.hempking.eu\/pl\/wp-json\/wp\/v2\/media\/74215"}],"wp:attachment":[{"href":"https:\/\/dev.hempking.eu\/pl\/wp-json\/wp\/v2\/media?parent=96080"}],"wp:term":[{"taxonomy":"product_cat","embeddable":true,"href":"https:\/\/dev.hempking.eu\/pl\/wp-json\/wp\/v2\/product_cat?post=96080"},{"taxonomy":"product_tag","embeddable":true,"href":"https:\/\/dev.hempking.eu\/pl\/wp-json\/wp\/v2\/product_tag?post=96080"}],"curies":[{"name":"wp","href":"https:\/\/api.w.org\/{rel}","templated":true}]}}