{"id":96085,"date":"2022-04-25T10:50:41","date_gmt":"2022-04-25T08:50:41","guid":{"rendered":"https:\/\/hempking.eu\/pl\/?post_type=product&#038;p=96085"},"modified":"2023-02-28T11:10:10","modified_gmt":"2023-02-28T10:10:10","slug":"bio-lucuma-120g-last-minute","status":"publish","type":"product","link":"https:\/\/dev.hempking.eu\/pl\/bio-lucuma-120g-last-minute\/","title":{"rendered":"Bio Lucuma - 120 g - Kr\u00f3tki termin - Powiadom o dost\u0119pno\u015bci"},"content":{"rendered":"<h2><strong>Bio Lucuma &#8211; naturalny zamiennik cukru<\/strong><\/h2>\n<p>Lucuma jest pozyskiwana poprzez wysuszenie owoc\u00f3w i odparowania z nich wody. Wtedy mo\u017ce z niej powsta\u0107 pe\u0142nowarto\u015bciowy i \u0142atwy w u\u017cyciu proszek.<\/p>\n<p>To naturalny i <strong>zdrowy zamiennik cukru<\/strong>, kt\u00f3rym os\u0142odzisz potrawy czy napoje! To produkt kt\u00f3ry bezpiecznie mog\u0105 stosowa\u0107 diabetycy oraz stosuj\u0105cy diet\u0119 bezglutenow\u0105.<br \/>\nZalecana jest te\u017c osobom trenuj\u0105cych, do regeneracji po treningu.<\/p>\n<p>Lucuma BIO to \u017ar\u00f3d\u0142o bia\u0142ka, witamin oraz minera\u0142\u00f3w, kt\u00f3ry poprawi Twoje trawienie.<\/p>\n<p><strong>Produkt jest w 100% naturalny!<\/strong><\/p>\n<h2><strong>W\u0142a\u015bciwo\u015bci <\/strong><strong>Lucuma<\/strong><\/h2>\n<p>Bio Lucuma to zdrowy i w 100% naturalny zamiennik cukru. Dlaczego warto jej u\u017cywa\u0107?<\/p>\n<ul>\n<li>posiada niski indeks glikemiczny,<\/li>\n<li>mo\u017ce by\u0107 stosowana przez diabetyk\u00f3w oraz os\u00f3b b\u0119d\u0105cych na diecie bezglutenowej,<\/li>\n<li>naturalne \u017ar\u00f3d\u0142o niezb\u0119dnych sk\u0142adnik\u00f3w od\u017cywczych, witamin oraz minera\u0142\u00f3w,<\/li>\n<li>zawiera cynk, kt\u00f3ry pomaga zachowa\u0107 zdrowe w\u0142osy, paznokcie,<\/li>\n<li>zawiera \u017celazo, kt\u00f3re przyczynia si\u0119 do zmniejszenia zm\u0119czenia i znu\u017cenia,<\/li>\n<li>zawiera mangan, kt\u00f3ry pomaga w ochronie kom\u00f3rek przed stresem oksydacyjnym,<\/li>\n<li>poprawia funkcje trawienne,<\/li>\n<li>stosowany jest jako naturalny antybiotyk,<\/li>\n<li>przyspiesza gojenie ran,<\/li>\n<li>wp\u0142ywa na szybsza regeneracj\u0119 po wysi\u0142ku fizycznym,<\/li>\n<li>posiada wysok\u0105 zawarto\u015b\u0107 b\u0142onnika pokarmowego.<\/li>\n<\/ul>\n<h2><strong>Spos\u00f3b spo\u017cycia sproszkowanej lucumy<\/strong><\/h2>\n<p>Zalecana porcja do spo\u017cycia to 3g dziennie.<br \/>\nSproszkowan\u0105 Lucum\u0119 mo\u017cna dodawa\u0107 do koktajli, sok\u00f3w owocowych, jogurtu, lub po prostu wymiesza\u0107 w szklance wody.<br \/>\nDzi\u0119ki swojemu s\u0142odkiemu smakowi, jest odpowiednia do s\u0142odzenia owsianki czy ciast. Lucuma jest bezpieczna dla dzieci.<\/p>\n<p><strong>Pami\u0119taj, \u017ce suplementy diety nie zast\u0119puj\u0105 zr\u00f3\u017cnicowanej diety.<\/strong><br \/>\n<strong>Przechowuj Bio Lucum\u0119 z dala od dzieci, poza ich zasi\u0119giem.<\/strong><br \/>\n<strong>Nie nale\u017cy przekracza\u0107 dziennej porcji do spo\u017cycia.<\/strong><\/p>\n<h2><strong>Bio Lucuma sk\u0142adniki<\/strong><\/h2>\n<p>Bio Lucuma 100% (Pouteria lucuma), sproszkowana.<\/p>\n<p><a href=\"https:\/\/dev.hempking.eu\/pl\/wp-content\/uploads\/sites\/2\/2020\/10\/tabelka_lucuma.png\"><img loading=\"lazy\" decoding=\"async\" class=\"alignnone wp-image-59858 size-full\" src=\"https:\/\/dev.hempking.eu\/pl\/wp-content\/uploads\/sites\/2\/2020\/10\/tabelka_lucuma.png\" alt=\"lucuma warto\u015bci\" width=\"650\" height=\"374\" srcset=\"https:\/\/dev.hempking.eu\/pl\/wp-content\/uploads\/sites\/2\/2020\/10\/tabelka_lucuma.png 650w, https:\/\/dev.hempking.eu\/pl\/wp-content\/uploads\/sites\/2\/2020\/10\/tabelka_lucuma-640x368.png 640w, https:\/\/dev.hempking.eu\/pl\/wp-content\/uploads\/sites\/2\/2020\/10\/tabelka_lucuma-400x230.png 400w, https:\/\/dev.hempking.eu\/pl\/wp-content\/uploads\/sites\/2\/2020\/10\/tabelka_lucuma-600x345.png 600w\" sizes=\"auto, (max-width: 650px) 100vw, 650px\" \/><\/a><\/p>\n","protected":false},"excerpt":{"rendered":"<h2><strong>Bio Lucuma to:<\/strong><\/h2>\n<ul>\n<li>certyfikat Ekologiczny<\/li>\n<li>bezpieczny zamiennik cukru,<\/li>\n<li>100% naturalny produkt<\/li>\n<li>odpowiedni dla wegan i wegetarian<\/li>\n<li>odpowiedni dla dzieci<\/li>\n<\/ul>\n<p><strong>Waga: 120g<\/strong><\/p>\n","protected":false},"featured_media":47266,"template":"","meta":{"_acf_changed":false},"product_cat":[153],"product_tag":[],"class_list":{"0":"post-96085","1":"product","2":"type-product","3":"status-publish","4":"has-post-thumbnail","6":"product_cat-powiadom-o-dostepnosci","8":"first","9":"outofstock","10":"sale","11":"shipping-taxable","12":"purchasable","13":"product-type-simple"},"acf":[],"yoast_head":"<!-- This site is optimized with the Yoast SEO Premium plugin v23.4 (Yoast SEO v24.0) - https:\/\/yoast.com\/wordpress\/plugins\/seo\/ -->\n<title>Bio Lucuma \u2013 120g. Bezpieczny zamiennik cukru - Hempking<\/title>\n<meta name=\"description\" content=\"Bio Lucuma w proszku. Naturalny zamiennik cukru, kt\u00f3rym os\u0142odzisz potrawy i napoje. \u0179r\u00f3d\u0142o bia\u0142ka, witamin i minera\u0142\u00f3w. Wypr\u00f3buj ju\u017c dzi\u015b!\" \/>\n<link rel=\"canonical\" href=\"https:\/\/dev.hempking.eu\/pl\/bio-lucuma-120g-last-minute\/\" \/>\n<meta property=\"og:locale\" content=\"pl_PL\" \/>\n<meta property=\"og:type\" content=\"article\" \/>\n<meta property=\"og:title\" content=\"Bio Lucuma - 120 g - Kr\u00f3tki termin - Powiadom o dost\u0119pno\u015bci\" \/>\n<meta property=\"og:description\" content=\"Bio Lucuma w proszku. Naturalny zamiennik cukru, kt\u00f3rym os\u0142odzisz potrawy i napoje. \u0179r\u00f3d\u0142o bia\u0142ka, witamin i minera\u0142\u00f3w. Wypr\u00f3buj ju\u017c dzi\u015b!\" \/>\n<meta property=\"og:url\" content=\"https:\/\/dev.hempking.eu\/pl\/bio-lucuma-120g-last-minute\/\" \/>\n<meta property=\"og:site_name\" content=\"Hemp King\" \/>\n<meta property=\"article:publisher\" content=\"https:\/\/www.facebook.com\/hempkingpoland\" \/>\n<meta property=\"article:modified_time\" content=\"2023-02-28T10:10:10+00:00\" \/>\n<meta property=\"og:image\" content=\"https:\/\/dev.hempking.eu\/pl\/wp-content\/uploads\/sites\/2\/2020\/10\/bio_lucuma.jpg\" \/>\n\t<meta property=\"og:image:width\" content=\"1000\" \/>\n\t<meta property=\"og:image:height\" content=\"1000\" \/>\n\t<meta property=\"og:image:type\" content=\"image\/jpeg\" \/>\n<meta name=\"twitter:card\" content=\"summary_large_image\" \/>\n<meta name=\"twitter:site\" content=\"@hempkingeu\" \/>\n<meta name=\"twitter:label1\" content=\"Price\" \/>\n\t<meta name=\"twitter:data1\" content=\"19.40&nbsp;&#122;&#322;\" \/>\n\t<meta name=\"twitter:label2\" content=\"Availability\" \/>\n\t<meta name=\"twitter:data2\" content=\"Out of stock\" \/>\n<script type=\"application\/ld+json\" class=\"yoast-schema-graph\">{\"@context\":\"https:\/\/schema.org\",\"@graph\":[{\"@type\":\"WebPage\",\"@id\":\"https:\/\/dev.hempking.eu\/pl\/bio-lucuma-120g-last-minute\/\",\"url\":\"https:\/\/dev.hempking.eu\/pl\/bio-lucuma-120g-last-minute\/\",\"name\":\"Bio Lucuma \u2013 120g. Bezpieczny zamiennik cukru - Hempking\",\"isPartOf\":{\"@id\":\"https:\/\/dev.hempking.eu\/pl\/#website\"},\"primaryImageOfPage\":{\"@id\":\"https:\/\/dev.hempking.eu\/pl\/bio-lucuma-120g-last-minute\/#primaryimage\"},\"image\":{\"@id\":\"https:\/\/dev.hempking.eu\/pl\/bio-lucuma-120g-last-minute\/#primaryimage\"},\"thumbnailUrl\":\"https:\/\/dev.hempking.eu\/pl\/wp-content\/uploads\/sites\/2\/2020\/10\/bio_lucuma.jpg\",\"datePublished\":\"2022-04-25T08:50:41+00:00\",\"dateModified\":\"2023-02-28T10:10:10+00:00\",\"description\":\"Bio Lucuma w proszku. Naturalny zamiennik cukru, kt\u00f3rym os\u0142odzisz potrawy i napoje. \u0179r\u00f3d\u0142o bia\u0142ka, witamin i minera\u0142\u00f3w. Wypr\u00f3buj ju\u017c dzi\u015b!\",\"breadcrumb\":{\"@id\":\"https:\/\/dev.hempking.eu\/pl\/bio-lucuma-120g-last-minute\/#breadcrumb\"},\"inLanguage\":\"pl-PL\",\"potentialAction\":[{\"@type\":\"ReadAction\",\"target\":[\"https:\/\/dev.hempking.eu\/pl\/bio-lucuma-120g-last-minute\/\"]}]},{\"@type\":\"ImageObject\",\"inLanguage\":\"pl-PL\",\"@id\":\"https:\/\/dev.hempking.eu\/pl\/bio-lucuma-120g-last-minute\/#primaryimage\",\"url\":\"https:\/\/dev.hempking.eu\/pl\/wp-content\/uploads\/sites\/2\/2020\/10\/bio_lucuma.jpg\",\"contentUrl\":\"https:\/\/dev.hempking.eu\/pl\/wp-content\/uploads\/sites\/2\/2020\/10\/bio_lucuma.jpg\",\"width\":1000,\"height\":1000,\"caption\":\"bio lucuma biowen\"},{\"@type\":\"BreadcrumbList\",\"@id\":\"https:\/\/dev.hempking.eu\/pl\/bio-lucuma-120g-last-minute\/#breadcrumb\",\"itemListElement\":[{\"@type\":\"ListItem\",\"position\":1,\"name\":\"Home\",\"item\":\"https:\/\/dev.hempking.eu\/pl\/\"},{\"@type\":\"ListItem\",\"position\":2,\"name\":\"Sklep\",\"item\":\"https:\/\/dev.hempking.eu\/pl\/shop\/\"},{\"@type\":\"ListItem\",\"position\":3,\"name\":\"Powiadom o dost\u0119pno\u015bci\",\"item\":\"https:\/\/dev.hempking.eu\/pl\/powiadom-o-dostepnosci\/\"},{\"@type\":\"ListItem\",\"position\":4,\"name\":\"Bio Lucuma - 120 g - Kr\u00f3tki termin - Powiadom o dost\u0119pno\u015bci\"}]},{\"@type\":\"WebSite\",\"@id\":\"https:\/\/dev.hempking.eu\/pl\/#website\",\"url\":\"https:\/\/dev.hempking.eu\/pl\/\",\"name\":\"Hemp King\",\"description\":\"\",\"publisher\":{\"@id\":\"https:\/\/dev.hempking.eu\/pl\/#organization\"},\"potentialAction\":[{\"@type\":\"SearchAction\",\"target\":{\"@type\":\"EntryPoint\",\"urlTemplate\":\"https:\/\/dev.hempking.eu\/pl\/?s={search_term_string}\"},\"query-input\":{\"@type\":\"PropertyValueSpecification\",\"valueRequired\":true,\"valueName\":\"search_term_string\"}}],\"inLanguage\":\"pl-PL\"},{\"@type\":\"Organization\",\"@id\":\"https:\/\/dev.hempking.eu\/pl\/#organization\",\"name\":\"Hemp King\",\"url\":\"https:\/\/dev.hempking.eu\/pl\/\",\"logo\":{\"@type\":\"ImageObject\",\"inLanguage\":\"pl-PL\",\"@id\":\"https:\/\/dev.hempking.eu\/pl\/#\/schema\/logo\/image\/\",\"url\":\"https:\/\/dev.hempking.eu\/pl\/wp-content\/uploads\/sites\/2\/2020\/05\/hempking.png\",\"contentUrl\":\"https:\/\/dev.hempking.eu\/pl\/wp-content\/uploads\/sites\/2\/2020\/05\/hempking.png\",\"width\":148,\"height\":91,\"caption\":\"Hemp King\"},\"image\":{\"@id\":\"https:\/\/dev.hempking.eu\/pl\/#\/schema\/logo\/image\/\"},\"sameAs\":[\"https:\/\/www.facebook.com\/hempkingpoland\",\"https:\/\/x.com\/hempkingeu\",\"https:\/\/www.instagram.com\/hempkingeu\/\",\"https:\/\/www.linkedin.com\/company\/hempking-eu\/mycompany\/\",\"https:\/\/pl.pinterest.com\/hempkingeu\/\",\"https:\/\/www.youtube.com\/channel\/UCUkeZA1fj4hSZfoYm0WpZ7w\"]}]}<\/script>\n<meta property=\"product:price:amount\" content=\"19.40\" \/>\n<meta property=\"product:price:currency\" content=\"PLN\" \/>\n<meta property=\"og:availability\" content=\"out of stock\" \/>\n<meta property=\"product:availability\" content=\"out of stock\" \/>\n<meta property=\"product:condition\" content=\"new\" \/>\n<!-- \/ Yoast SEO Premium plugin. -->","yoast_head_json":{"title":"Bio Lucuma \u2013 120g. Bezpieczny zamiennik cukru - Hempking","description":"Bio Lucuma w proszku. Naturalny zamiennik cukru, kt\u00f3rym os\u0142odzisz potrawy i napoje. \u0179r\u00f3d\u0142o bia\u0142ka, witamin i minera\u0142\u00f3w. Wypr\u00f3buj ju\u017c dzi\u015b!","canonical":"https:\/\/dev.hempking.eu\/pl\/bio-lucuma-120g-last-minute\/","og_locale":"pl_PL","og_type":"article","og_title":"Bio Lucuma - 120 g - Kr\u00f3tki termin - Powiadom o dost\u0119pno\u015bci","og_description":"Bio Lucuma w proszku. Naturalny zamiennik cukru, kt\u00f3rym os\u0142odzisz potrawy i napoje. \u0179r\u00f3d\u0142o bia\u0142ka, witamin i minera\u0142\u00f3w. Wypr\u00f3buj ju\u017c dzi\u015b!","og_url":"https:\/\/dev.hempking.eu\/pl\/bio-lucuma-120g-last-minute\/","og_site_name":"Hemp King","article_publisher":"https:\/\/www.facebook.com\/hempkingpoland","article_modified_time":"2023-02-28T10:10:10+00:00","og_image":[{"width":1000,"height":1000,"url":"https:\/\/dev.hempking.eu\/pl\/wp-content\/uploads\/sites\/2\/2020\/10\/bio_lucuma.jpg","type":"image\/jpeg"}],"twitter_card":"summary_large_image","twitter_site":"@hempkingeu","twitter_misc":{"Price":"19.40&nbsp;&#122;&#322;","Availability":"Out of stock"},"schema":{"@context":"https:\/\/schema.org","@graph":[{"@type":"WebPage","@id":"https:\/\/dev.hempking.eu\/pl\/bio-lucuma-120g-last-minute\/","url":"https:\/\/dev.hempking.eu\/pl\/bio-lucuma-120g-last-minute\/","name":"Bio Lucuma \u2013 120g. Bezpieczny zamiennik cukru - Hempking","isPartOf":{"@id":"https:\/\/dev.hempking.eu\/pl\/#website"},"primaryImageOfPage":{"@id":"https:\/\/dev.hempking.eu\/pl\/bio-lucuma-120g-last-minute\/#primaryimage"},"image":{"@id":"https:\/\/dev.hempking.eu\/pl\/bio-lucuma-120g-last-minute\/#primaryimage"},"thumbnailUrl":"https:\/\/dev.hempking.eu\/pl\/wp-content\/uploads\/sites\/2\/2020\/10\/bio_lucuma.jpg","datePublished":"2022-04-25T08:50:41+00:00","dateModified":"2023-02-28T10:10:10+00:00","description":"Bio Lucuma w proszku. Naturalny zamiennik cukru, kt\u00f3rym os\u0142odzisz potrawy i napoje. \u0179r\u00f3d\u0142o bia\u0142ka, witamin i minera\u0142\u00f3w. Wypr\u00f3buj ju\u017c dzi\u015b!","breadcrumb":{"@id":"https:\/\/dev.hempking.eu\/pl\/bio-lucuma-120g-last-minute\/#breadcrumb"},"inLanguage":"pl-PL","potentialAction":[{"@type":"ReadAction","target":["https:\/\/dev.hempking.eu\/pl\/bio-lucuma-120g-last-minute\/"]}]},{"@type":"ImageObject","inLanguage":"pl-PL","@id":"https:\/\/dev.hempking.eu\/pl\/bio-lucuma-120g-last-minute\/#primaryimage","url":"https:\/\/dev.hempking.eu\/pl\/wp-content\/uploads\/sites\/2\/2020\/10\/bio_lucuma.jpg","contentUrl":"https:\/\/dev.hempking.eu\/pl\/wp-content\/uploads\/sites\/2\/2020\/10\/bio_lucuma.jpg","width":1000,"height":1000,"caption":"bio lucuma biowen"},{"@type":"BreadcrumbList","@id":"https:\/\/dev.hempking.eu\/pl\/bio-lucuma-120g-last-minute\/#breadcrumb","itemListElement":[{"@type":"ListItem","position":1,"name":"Home","item":"https:\/\/dev.hempking.eu\/pl\/"},{"@type":"ListItem","position":2,"name":"Sklep","item":"https:\/\/dev.hempking.eu\/pl\/shop\/"},{"@type":"ListItem","position":3,"name":"Powiadom o dost\u0119pno\u015bci","item":"https:\/\/dev.hempking.eu\/pl\/powiadom-o-dostepnosci\/"},{"@type":"ListItem","position":4,"name":"Bio Lucuma - 120 g - Kr\u00f3tki termin - Powiadom o dost\u0119pno\u015bci"}]},{"@type":"WebSite","@id":"https:\/\/dev.hempking.eu\/pl\/#website","url":"https:\/\/dev.hempking.eu\/pl\/","name":"Hemp King","description":"","publisher":{"@id":"https:\/\/dev.hempking.eu\/pl\/#organization"},"potentialAction":[{"@type":"SearchAction","target":{"@type":"EntryPoint","urlTemplate":"https:\/\/dev.hempking.eu\/pl\/?s={search_term_string}"},"query-input":{"@type":"PropertyValueSpecification","valueRequired":true,"valueName":"search_term_string"}}],"inLanguage":"pl-PL"},{"@type":"Organization","@id":"https:\/\/dev.hempking.eu\/pl\/#organization","name":"Hemp King","url":"https:\/\/dev.hempking.eu\/pl\/","logo":{"@type":"ImageObject","inLanguage":"pl-PL","@id":"https:\/\/dev.hempking.eu\/pl\/#\/schema\/logo\/image\/","url":"https:\/\/dev.hempking.eu\/pl\/wp-content\/uploads\/sites\/2\/2020\/05\/hempking.png","contentUrl":"https:\/\/dev.hempking.eu\/pl\/wp-content\/uploads\/sites\/2\/2020\/05\/hempking.png","width":148,"height":91,"caption":"Hemp King"},"image":{"@id":"https:\/\/dev.hempking.eu\/pl\/#\/schema\/logo\/image\/"},"sameAs":["https:\/\/www.facebook.com\/hempkingpoland","https:\/\/x.com\/hempkingeu","https:\/\/www.instagram.com\/hempkingeu\/","https:\/\/www.linkedin.com\/company\/hempking-eu\/mycompany\/","https:\/\/pl.pinterest.com\/hempkingeu\/","https:\/\/www.youtube.com\/channel\/UCUkeZA1fj4hSZfoYm0WpZ7w"]}]},"product_price_amount":"19.40","product_price_currency":"PLN","og_availability":"out of stock","product_availability":"out of stock","product_condition":"new"},"_links":{"self":[{"href":"https:\/\/dev.hempking.eu\/pl\/wp-json\/wp\/v2\/product\/96085","targetHints":{"allow":["GET"]}}],"collection":[{"href":"https:\/\/dev.hempking.eu\/pl\/wp-json\/wp\/v2\/product"}],"about":[{"href":"https:\/\/dev.hempking.eu\/pl\/wp-json\/wp\/v2\/types\/product"}],"wp:featuredmedia":[{"embeddable":true,"href":"https:\/\/dev.hempking.eu\/pl\/wp-json\/wp\/v2\/media\/47266"}],"wp:attachment":[{"href":"https:\/\/dev.hempking.eu\/pl\/wp-json\/wp\/v2\/media?parent=96085"}],"wp:term":[{"taxonomy":"product_cat","embeddable":true,"href":"https:\/\/dev.hempking.eu\/pl\/wp-json\/wp\/v2\/product_cat?post=96085"},{"taxonomy":"product_tag","embeddable":true,"href":"https:\/\/dev.hempking.eu\/pl\/wp-json\/wp\/v2\/product_tag?post=96085"}],"curies":[{"name":"wp","href":"https:\/\/api.w.org\/{rel}","templated":true}]}}