{"id":96095,"date":"2022-04-25T11:10:23","date_gmt":"2022-04-25T09:10:23","guid":{"rendered":"https:\/\/hempking.eu\/pl\/?post_type=product&#038;p=96095"},"modified":"2023-02-28T10:54:56","modified_gmt":"2023-02-28T09:54:56","slug":"kapsulki-cbd-1000mg-50-sztuk-krotki-last-minute","status":"publish","type":"product","link":"https:\/\/dev.hempking.eu\/pl\/kapsulki-cbd-1000mg-50-sztuk-krotki-last-minute\/","title":{"rendered":"Kapsu\u0142ki CBD (1000mg), CBDA, CBC, CBGA, CBG, CBDV, CBN \u2013 50 sztuk - Kr\u00f3tki termin - Powiadom o dost\u0119pno\u015bci"},"content":{"rendered":"<h2><strong>Olej konopny w kapsu\u0142kach \u2013 prosta suplementacja<\/strong><\/h2>\n<p><strong>Kapsu\u0142ki z olejem konopnym<\/strong> to wygodna forma spo\u017cywania fitosk\u0142adnik\u00f3w, zw\u0142aszcza dla tych, kt\u00f3rzy nie lubi\u0105 smaku konopi. Oleje z fitosk\u0142adnikami maj\u0105 gorzki orzechowy smak i nie ka\u017cdemu musi on przypa\u015b\u0107 do gustu. Dodatkowo w formie kapsu\u0142ki ilo\u015b\u0107 oleju konopnego jest \u0142atwiejsza do odmierzenia, ni\u017c za pomoc\u0105 kroplomierza.<br \/>\n<strong>Jedna kapsu\u0142ka zawiera wszystko co najlepsze w konopi<\/strong> \u2013 pe\u0142ne spektrum fitosk\u0142adnik\u00f3w, terpeny, a tak\u017ce bogactwo kwas\u00f3w t\u0142uszczowych omega-3, omega-6 i omega-9.<br \/>\n<strong>Jedna kapsu\u0142ka dostarczy Twojemu organizmowi odpowiednik 2 kropli oleju konopnego 10% lub 4 kropli olejku konopnego 5%.<\/strong> To wygodny i prosty spos\u00f3b na urozmaicenie swojej diety o fitosk\u0142adniki.<\/p>\n<p>&nbsp;<\/p>\n<h2><strong>Dla kogo s\u0105 kapsu\u0142ki z olejem z fitosk\u0142adnikami?<\/strong><\/h2>\n<p>Kapsu\u0142ki z olejem konopnym, b\u0119d\u0105 idealne dla:<\/p>\n<ul>\n<li>ka\u017cdego, kto nie lubi smaku konopi,<\/li>\n<li>tych, kt\u00f3rzy ceni\u0105 sobie wygod\u0119,<\/li>\n<li>ludzi, kt\u00f3rzy chc\u0105 suplementowa\u0107 konopie w \u0142atwy spos\u00f3b,<\/li>\n<li>tych, kt\u00f3rzy \u017cyj\u0105 w biegu.<\/li>\n<\/ul>\n<h2><strong>Olej konopny w kapsu\u0142kach \u2013 w\u0142a\u015bciwo\u015bci oleju konopnego:<\/strong><\/h2>\n<ul>\n<li><strong>wspiera Twoj\u0105 naturaln\u0105 odporno\u015b\u0107,<\/strong><\/li>\n<li>stanowi wsparcie dla dobrej kondycji sk\u00f3rnych,<\/li>\n<li>uzupe\u0142nia Twoj\u0105 diet\u0119 o fitosk\u0142adniki zawarte w konopiach,<\/li>\n<li><strong>wspiera dzia\u0142anie uk\u0142adu kr\u0105\u017cenia,<\/strong><\/li>\n<li>dba o odpowiedni poziom cholesterolu oraz tr\u00f3jgliceryd\u00f3w we krwi.<\/li>\n<li>dostarcza Ci nienasyconych <strong>kwas\u00f3w t\u0142uszczowych omega-3, omega-6 i omega-9.<\/strong><\/li>\n<\/ul>\n<h2><strong>Kapsu\u0142ki konopne \u2013 sk\u0142adniki<\/strong><\/h2>\n<p>Kapsu\u0142ka 1000 mg zawiera \u00a0olej konopny z konopi w\u0142\u00f3knistych z naturalnie wyst\u0119puj\u0105cymi fitosk\u0142adnikami.<\/p>\n<p>&nbsp;<\/p>\n<h2><strong>Zalecana porcja do spo\u017cycia w ci\u0105gu dnia:<\/strong><\/h2>\n<p>Wystarczy zacz\u0105\u0107 od jednej kapsu\u0142ki dziennie!<\/p>\n<p><strong>Zalecane spo\u017cycie:<\/strong><br \/>\nJedna sztuka oleju konopnego w kapsu\u0142kach spo\u017cywana trzy razy dziennie, najlepiej przed posi\u0142kiem.<br \/>\nJedna kapsu\u0142ka\u00a0 to odpowiednik 4 kropli olejku konopnego 5% o pe\u0142nym spektrum fitosk\u0142adnik\u00f3w.<\/p>\n<p>&nbsp;<\/p>\n<h2><strong>Produkcja Kapsu\u0142ek CBD<\/strong><\/h2>\n<p>Nasze produkty konopne s\u0105 produkowane najnowszymi metodami, kt\u00f3re zapewniaj\u0105 wysok\u0105 jako\u015b\u0107 oraz bezpiecze\u0144stwo. Zale\u017cy nam na tym, \u017ceby nasze produkty zawiera\u0142y wszystko co najlepsze w konopi, jednocze\u015bnie unikaj\u0105c chemii, rozpuszczalnik\u00f3w czy innych sztucznych dodatk\u00f3w.<br \/>\n<strong>Wszystkie nasze produkty posiadaj\u0105<a href=\"https:\/\/dev.hempking.eu\/pl\/atesty-i-certyfikaty\/\"> atesty i certyfikaty<\/a>, a tak\u017ce stale s\u0105 poddawane badaniom, by zapewni\u0107 najwy\u017csz\u0105 jako\u015b\u0107 produkt\u00f3w.<\/strong><\/p>\n<p><a href=\"https:\/\/dev.hempking.eu\/pl\/wp-content\/uploads\/sites\/2\/2020\/07\/warunki4.jpg\"><img loading=\"lazy\" decoding=\"async\" class=\"alignnone wp-image-101812 size-full\" src=\"https:\/\/dev.hempking.eu\/pl\/wp-content\/uploads\/sites\/2\/2020\/07\/warunki4.jpg\" alt=\"o\u015bwiadczenia w UE\" width=\"755\" height=\"353\" srcset=\"https:\/\/dev.hempking.eu\/pl\/wp-content\/uploads\/sites\/2\/2020\/07\/warunki4.jpg 755w, https:\/\/dev.hempking.eu\/pl\/wp-content\/uploads\/sites\/2\/2020\/07\/warunki4-640x299.jpg 640w, https:\/\/dev.hempking.eu\/pl\/wp-content\/uploads\/sites\/2\/2020\/07\/warunki4-400x187.jpg 400w\" sizes=\"auto, (max-width: 755px) 100vw, 755px\" \/><\/a><\/p>\n<p><a href=\"https:\/\/dev.hempking.eu\/pl\/wp-content\/uploads\/sites\/2\/2020\/07\/warunki_4.jpg\"><img loading=\"lazy\" decoding=\"async\" class=\"alignnone size-full wp-image-100623\" src=\"https:\/\/dev.hempking.eu\/pl\/wp-content\/uploads\/sites\/2\/2020\/07\/warunki_4.jpg\" alt=\"fito sk\u0142adniki novel food\" width=\"755\" height=\"237\" srcset=\"https:\/\/dev.hempking.eu\/pl\/wp-content\/uploads\/sites\/2\/2020\/07\/warunki_4.jpg 755w, https:\/\/dev.hempking.eu\/pl\/wp-content\/uploads\/sites\/2\/2020\/07\/warunki_4-640x201.jpg 640w, https:\/\/dev.hempking.eu\/pl\/wp-content\/uploads\/sites\/2\/2020\/07\/warunki_4-400x126.jpg 400w\" sizes=\"auto, (max-width: 755px) 100vw, 755px\" \/><\/a><\/p>\n<p><a href=\"https:\/\/dev.hempking.eu\/pl\/wp-content\/uploads\/sites\/2\/2022\/01\/warunki2.jpg\"><img loading=\"lazy\" decoding=\"async\" class=\"alignnone size-full wp-image-85647\" src=\"https:\/\/dev.hempking.eu\/pl\/wp-content\/uploads\/sites\/2\/2022\/01\/warunki2.jpg\" alt=\"warunki2\" width=\"755\" height=\"307\" srcset=\"https:\/\/dev.hempking.eu\/pl\/wp-content\/uploads\/sites\/2\/2022\/01\/warunki2.jpg 755w, https:\/\/dev.hempking.eu\/pl\/wp-content\/uploads\/sites\/2\/2022\/01\/warunki2-640x260.jpg 640w, https:\/\/dev.hempking.eu\/pl\/wp-content\/uploads\/sites\/2\/2022\/01\/warunki2-400x163.jpg 400w, https:\/\/dev.hempking.eu\/pl\/wp-content\/uploads\/sites\/2\/2022\/01\/warunki2-600x244.jpg 600w\" sizes=\"auto, (max-width: 755px) 100vw, 755px\" \/><\/a><\/p>\n","protected":false},"excerpt":{"rendered":"<h2><strong>Kapsu\u0142ki CBD (1000mg) \u2013 50 sztuk<\/strong><\/h2>\n<ul>\n<li><strong>1000 mg<\/strong> oleju konopnego zamkni\u0119te w wygodnej kapsu\u0142ce,<\/li>\n<li>1 kapsu\u0142ka to odpowiednik 2 kropli <strong>oleju z fitosk\u0142adnikami 10%<\/strong><\/li>\n<li>naturalna otoczka z \u017celatyny,<\/li>\n<li><strong>100% naturalny<\/strong><\/li>\n<li>wygodny w u\u017cyciu,<\/li>\n<li><strong>pe\u0142ne spektrum fitosk\u0142adnik\u00f3w<\/strong>,<\/li>\n<li>produkt poddawany sta\u0142ej kontroli,<\/li>\n<li><strong>posiada badania<\/strong> na zawarto\u015b\u0107 fitosk\u0142adnik\u00f3w, terpen\u00f3w i metali ci\u0119\u017ckich,<\/li>\n<\/ul>\n<p><strong>Opakowanie zawiera 50 kapsu\u0142ek.<\/strong><\/p>\n","protected":false},"featured_media":55524,"template":"","meta":{"_acf_changed":false},"product_cat":[153],"product_tag":[],"class_list":{"0":"post-96095","1":"product","2":"type-product","3":"status-publish","4":"has-post-thumbnail","6":"product_cat-powiadom-o-dostepnosci","8":"first","9":"outofstock","10":"sale","11":"shipping-taxable","12":"purchasable","13":"product-type-simple"},"acf":[],"yoast_head":"<!-- This site is optimized with the Yoast SEO Premium plugin v23.4 (Yoast SEO v24.0) - https:\/\/yoast.com\/wordpress\/plugins\/seo\/ -->\n<title>Kapsu\u0142ki CBD HempKing | 5000 mg | 50 sztuk | Prosta suplementacja<\/title>\n<meta name=\"description\" content=\"Kapsu\u0142ki CBD HempKing. Kapsu\u0142ki CBD to wygodna forma spo\u017cywania kannabinoid\u00f3w, zw\u0142aszcza dla tych, kt\u00f3rzy nie lubi\u0105 smaku konopi. Sprawd\u017a!\" \/>\n<link rel=\"canonical\" href=\"https:\/\/dev.hempking.eu\/pl\/kapsulki-cbd-1000mg-50-sztuk\/\" \/>\n<meta property=\"og:locale\" content=\"pl_PL\" \/>\n<meta property=\"og:type\" content=\"article\" \/>\n<meta property=\"og:title\" content=\"Kapsu\u0142ki CBD (1000mg), CBDA, CBC, CBGA, CBG, CBDV, CBN \u2013 50 sztuk - Kr\u00f3tki termin - Powiadom o dost\u0119pno\u015bci\" \/>\n<meta property=\"og:description\" content=\"Kapsu\u0142ki CBD HempKing. Kapsu\u0142ki CBD to wygodna forma spo\u017cywania kannabinoid\u00f3w, zw\u0142aszcza dla tych, kt\u00f3rzy nie lubi\u0105 smaku konopi. Sprawd\u017a!\" \/>\n<meta property=\"og:url\" content=\"https:\/\/dev.hempking.eu\/pl\/kapsulki-cbd-1000mg-50-sztuk\/\" \/>\n<meta property=\"og:site_name\" content=\"Hemp King\" \/>\n<meta property=\"article:publisher\" content=\"https:\/\/www.facebook.com\/hempkingpoland\" \/>\n<meta property=\"article:modified_time\" content=\"2023-02-28T09:54:56+00:00\" \/>\n<meta property=\"og:image\" content=\"https:\/\/dev.hempking.eu\/pl\/wp-content\/uploads\/sites\/2\/2020\/07\/CBD-Capsules.jpg\" \/>\n\t<meta property=\"og:image:width\" content=\"1000\" \/>\n\t<meta property=\"og:image:height\" content=\"1000\" \/>\n\t<meta property=\"og:image:type\" content=\"image\/jpeg\" \/>\n<meta name=\"twitter:card\" content=\"summary_large_image\" \/>\n<meta name=\"twitter:site\" content=\"@hempkingeu\" \/>\n<meta name=\"twitter:label1\" content=\"Price\" \/>\n\t<meta name=\"twitter:data1\" content=\"76.30&nbsp;&#122;&#322;\" \/>\n\t<meta name=\"twitter:label2\" content=\"Availability\" \/>\n\t<meta name=\"twitter:data2\" content=\"Out of stock\" \/>\n<script type=\"application\/ld+json\" class=\"yoast-schema-graph\">{\"@context\":\"https:\/\/schema.org\",\"@graph\":[{\"@type\":\"WebPage\",\"@id\":\"https:\/\/dev.hempking.eu\/pl\/kapsulki-cbd-1000mg-50-sztuk-krotki-last-minute\/\",\"url\":\"https:\/\/dev.hempking.eu\/pl\/kapsulki-cbd-1000mg-50-sztuk\/\",\"name\":\"Kapsu\u0142ki CBD HempKing | 5000 mg | 50 sztuk | Prosta suplementacja\",\"isPartOf\":{\"@id\":\"https:\/\/dev.hempking.eu\/pl\/#website\"},\"primaryImageOfPage\":{\"@id\":\"https:\/\/dev.hempking.eu\/pl\/kapsulki-cbd-1000mg-50-sztuk\/#primaryimage\"},\"image\":{\"@id\":\"https:\/\/dev.hempking.eu\/pl\/kapsulki-cbd-1000mg-50-sztuk\/#primaryimage\"},\"thumbnailUrl\":\"https:\/\/dev.hempking.eu\/pl\/wp-content\/uploads\/sites\/2\/2020\/07\/CBD-Capsules.jpg\",\"datePublished\":\"2022-04-25T09:10:23+00:00\",\"dateModified\":\"2023-02-28T09:54:56+00:00\",\"description\":\"Kapsu\u0142ki CBD HempKing. Kapsu\u0142ki CBD to wygodna forma spo\u017cywania kannabinoid\u00f3w, zw\u0142aszcza dla tych, kt\u00f3rzy nie lubi\u0105 smaku konopi. Sprawd\u017a!\",\"breadcrumb\":{\"@id\":\"https:\/\/dev.hempking.eu\/pl\/kapsulki-cbd-1000mg-50-sztuk\/#breadcrumb\"},\"inLanguage\":\"pl-PL\",\"potentialAction\":[{\"@type\":\"ReadAction\",\"target\":[\"https:\/\/dev.hempking.eu\/pl\/kapsulki-cbd-1000mg-50-sztuk\/\"]}]},{\"@type\":\"ImageObject\",\"inLanguage\":\"pl-PL\",\"@id\":\"https:\/\/dev.hempking.eu\/pl\/kapsulki-cbd-1000mg-50-sztuk\/#primaryimage\",\"url\":\"https:\/\/dev.hempking.eu\/pl\/wp-content\/uploads\/sites\/2\/2020\/07\/CBD-Capsules.jpg\",\"contentUrl\":\"https:\/\/dev.hempking.eu\/pl\/wp-content\/uploads\/sites\/2\/2020\/07\/CBD-Capsules.jpg\",\"width\":1000,\"height\":1000,\"caption\":\"kapsu\u0142ki cbd\"},{\"@type\":\"BreadcrumbList\",\"@id\":\"https:\/\/dev.hempking.eu\/pl\/kapsulki-cbd-1000mg-50-sztuk\/#breadcrumb\",\"itemListElement\":[{\"@type\":\"ListItem\",\"position\":1,\"name\":\"Home\",\"item\":\"https:\/\/dev.hempking.eu\/pl\/\"},{\"@type\":\"ListItem\",\"position\":2,\"name\":\"Sklep\",\"item\":\"https:\/\/dev.hempking.eu\/pl\/shop\/\"},{\"@type\":\"ListItem\",\"position\":3,\"name\":\"Powiadom o dost\u0119pno\u015bci\",\"item\":\"https:\/\/dev.hempking.eu\/pl\/powiadom-o-dostepnosci\/\"},{\"@type\":\"ListItem\",\"position\":4,\"name\":\"Kapsu\u0142ki CBD (1000mg), CBDA, CBC, CBGA, CBG, CBDV, CBN \u2013 50 sztuk - Kr\u00f3tki termin - Powiadom o dost\u0119pno\u015bci\"}]},{\"@type\":\"WebSite\",\"@id\":\"https:\/\/dev.hempking.eu\/pl\/#website\",\"url\":\"https:\/\/dev.hempking.eu\/pl\/\",\"name\":\"Hemp King\",\"description\":\"\",\"publisher\":{\"@id\":\"https:\/\/dev.hempking.eu\/pl\/#organization\"},\"potentialAction\":[{\"@type\":\"SearchAction\",\"target\":{\"@type\":\"EntryPoint\",\"urlTemplate\":\"https:\/\/dev.hempking.eu\/pl\/?s={search_term_string}\"},\"query-input\":{\"@type\":\"PropertyValueSpecification\",\"valueRequired\":true,\"valueName\":\"search_term_string\"}}],\"inLanguage\":\"pl-PL\"},{\"@type\":\"Organization\",\"@id\":\"https:\/\/dev.hempking.eu\/pl\/#organization\",\"name\":\"Hemp King\",\"url\":\"https:\/\/dev.hempking.eu\/pl\/\",\"logo\":{\"@type\":\"ImageObject\",\"inLanguage\":\"pl-PL\",\"@id\":\"https:\/\/dev.hempking.eu\/pl\/#\/schema\/logo\/image\/\",\"url\":\"https:\/\/dev.hempking.eu\/pl\/wp-content\/uploads\/sites\/2\/2020\/05\/hempking.png\",\"contentUrl\":\"https:\/\/dev.hempking.eu\/pl\/wp-content\/uploads\/sites\/2\/2020\/05\/hempking.png\",\"width\":148,\"height\":91,\"caption\":\"Hemp King\"},\"image\":{\"@id\":\"https:\/\/dev.hempking.eu\/pl\/#\/schema\/logo\/image\/\"},\"sameAs\":[\"https:\/\/www.facebook.com\/hempkingpoland\",\"https:\/\/x.com\/hempkingeu\",\"https:\/\/www.instagram.com\/hempkingeu\/\",\"https:\/\/www.linkedin.com\/company\/hempking-eu\/mycompany\/\",\"https:\/\/pl.pinterest.com\/hempkingeu\/\",\"https:\/\/www.youtube.com\/channel\/UCUkeZA1fj4hSZfoYm0WpZ7w\"]}]}<\/script>\n<meta property=\"product:price:amount\" content=\"76.30\" \/>\n<meta property=\"product:price:currency\" content=\"PLN\" \/>\n<meta property=\"og:availability\" content=\"out of stock\" \/>\n<meta property=\"product:availability\" content=\"out of stock\" \/>\n<meta property=\"product:condition\" content=\"new\" \/>\n<!-- \/ Yoast SEO Premium plugin. -->","yoast_head_json":{"title":"Kapsu\u0142ki CBD HempKing | 5000 mg | 50 sztuk | Prosta suplementacja","description":"Kapsu\u0142ki CBD HempKing. Kapsu\u0142ki CBD to wygodna forma spo\u017cywania kannabinoid\u00f3w, zw\u0142aszcza dla tych, kt\u00f3rzy nie lubi\u0105 smaku konopi. Sprawd\u017a!","canonical":"https:\/\/dev.hempking.eu\/pl\/kapsulki-cbd-1000mg-50-sztuk\/","og_locale":"pl_PL","og_type":"article","og_title":"Kapsu\u0142ki CBD (1000mg), CBDA, CBC, CBGA, CBG, CBDV, CBN \u2013 50 sztuk - Kr\u00f3tki termin - Powiadom o dost\u0119pno\u015bci","og_description":"Kapsu\u0142ki CBD HempKing. Kapsu\u0142ki CBD to wygodna forma spo\u017cywania kannabinoid\u00f3w, zw\u0142aszcza dla tych, kt\u00f3rzy nie lubi\u0105 smaku konopi. Sprawd\u017a!","og_url":"https:\/\/dev.hempking.eu\/pl\/kapsulki-cbd-1000mg-50-sztuk\/","og_site_name":"Hemp King","article_publisher":"https:\/\/www.facebook.com\/hempkingpoland","article_modified_time":"2023-02-28T09:54:56+00:00","og_image":[{"width":1000,"height":1000,"url":"https:\/\/dev.hempking.eu\/pl\/wp-content\/uploads\/sites\/2\/2020\/07\/CBD-Capsules.jpg","type":"image\/jpeg"}],"twitter_card":"summary_large_image","twitter_site":"@hempkingeu","twitter_misc":{"Price":"76.30&nbsp;&#122;&#322;","Availability":"Out of stock"},"schema":{"@context":"https:\/\/schema.org","@graph":[{"@type":"WebPage","@id":"https:\/\/dev.hempking.eu\/pl\/kapsulki-cbd-1000mg-50-sztuk-krotki-last-minute\/","url":"https:\/\/dev.hempking.eu\/pl\/kapsulki-cbd-1000mg-50-sztuk\/","name":"Kapsu\u0142ki CBD HempKing | 5000 mg | 50 sztuk | Prosta suplementacja","isPartOf":{"@id":"https:\/\/dev.hempking.eu\/pl\/#website"},"primaryImageOfPage":{"@id":"https:\/\/dev.hempking.eu\/pl\/kapsulki-cbd-1000mg-50-sztuk\/#primaryimage"},"image":{"@id":"https:\/\/dev.hempking.eu\/pl\/kapsulki-cbd-1000mg-50-sztuk\/#primaryimage"},"thumbnailUrl":"https:\/\/dev.hempking.eu\/pl\/wp-content\/uploads\/sites\/2\/2020\/07\/CBD-Capsules.jpg","datePublished":"2022-04-25T09:10:23+00:00","dateModified":"2023-02-28T09:54:56+00:00","description":"Kapsu\u0142ki CBD HempKing. Kapsu\u0142ki CBD to wygodna forma spo\u017cywania kannabinoid\u00f3w, zw\u0142aszcza dla tych, kt\u00f3rzy nie lubi\u0105 smaku konopi. Sprawd\u017a!","breadcrumb":{"@id":"https:\/\/dev.hempking.eu\/pl\/kapsulki-cbd-1000mg-50-sztuk\/#breadcrumb"},"inLanguage":"pl-PL","potentialAction":[{"@type":"ReadAction","target":["https:\/\/dev.hempking.eu\/pl\/kapsulki-cbd-1000mg-50-sztuk\/"]}]},{"@type":"ImageObject","inLanguage":"pl-PL","@id":"https:\/\/dev.hempking.eu\/pl\/kapsulki-cbd-1000mg-50-sztuk\/#primaryimage","url":"https:\/\/dev.hempking.eu\/pl\/wp-content\/uploads\/sites\/2\/2020\/07\/CBD-Capsules.jpg","contentUrl":"https:\/\/dev.hempking.eu\/pl\/wp-content\/uploads\/sites\/2\/2020\/07\/CBD-Capsules.jpg","width":1000,"height":1000,"caption":"kapsu\u0142ki cbd"},{"@type":"BreadcrumbList","@id":"https:\/\/dev.hempking.eu\/pl\/kapsulki-cbd-1000mg-50-sztuk\/#breadcrumb","itemListElement":[{"@type":"ListItem","position":1,"name":"Home","item":"https:\/\/dev.hempking.eu\/pl\/"},{"@type":"ListItem","position":2,"name":"Sklep","item":"https:\/\/dev.hempking.eu\/pl\/shop\/"},{"@type":"ListItem","position":3,"name":"Powiadom o dost\u0119pno\u015bci","item":"https:\/\/dev.hempking.eu\/pl\/powiadom-o-dostepnosci\/"},{"@type":"ListItem","position":4,"name":"Kapsu\u0142ki CBD (1000mg), CBDA, CBC, CBGA, CBG, CBDV, CBN \u2013 50 sztuk - Kr\u00f3tki termin - Powiadom o dost\u0119pno\u015bci"}]},{"@type":"WebSite","@id":"https:\/\/dev.hempking.eu\/pl\/#website","url":"https:\/\/dev.hempking.eu\/pl\/","name":"Hemp King","description":"","publisher":{"@id":"https:\/\/dev.hempking.eu\/pl\/#organization"},"potentialAction":[{"@type":"SearchAction","target":{"@type":"EntryPoint","urlTemplate":"https:\/\/dev.hempking.eu\/pl\/?s={search_term_string}"},"query-input":{"@type":"PropertyValueSpecification","valueRequired":true,"valueName":"search_term_string"}}],"inLanguage":"pl-PL"},{"@type":"Organization","@id":"https:\/\/dev.hempking.eu\/pl\/#organization","name":"Hemp King","url":"https:\/\/dev.hempking.eu\/pl\/","logo":{"@type":"ImageObject","inLanguage":"pl-PL","@id":"https:\/\/dev.hempking.eu\/pl\/#\/schema\/logo\/image\/","url":"https:\/\/dev.hempking.eu\/pl\/wp-content\/uploads\/sites\/2\/2020\/05\/hempking.png","contentUrl":"https:\/\/dev.hempking.eu\/pl\/wp-content\/uploads\/sites\/2\/2020\/05\/hempking.png","width":148,"height":91,"caption":"Hemp King"},"image":{"@id":"https:\/\/dev.hempking.eu\/pl\/#\/schema\/logo\/image\/"},"sameAs":["https:\/\/www.facebook.com\/hempkingpoland","https:\/\/x.com\/hempkingeu","https:\/\/www.instagram.com\/hempkingeu\/","https:\/\/www.linkedin.com\/company\/hempking-eu\/mycompany\/","https:\/\/pl.pinterest.com\/hempkingeu\/","https:\/\/www.youtube.com\/channel\/UCUkeZA1fj4hSZfoYm0WpZ7w"]}]},"product_price_amount":"76.30","product_price_currency":"PLN","og_availability":"out of stock","product_availability":"out of stock","product_condition":"new"},"_links":{"self":[{"href":"https:\/\/dev.hempking.eu\/pl\/wp-json\/wp\/v2\/product\/96095","targetHints":{"allow":["GET"]}}],"collection":[{"href":"https:\/\/dev.hempking.eu\/pl\/wp-json\/wp\/v2\/product"}],"about":[{"href":"https:\/\/dev.hempking.eu\/pl\/wp-json\/wp\/v2\/types\/product"}],"wp:featuredmedia":[{"embeddable":true,"href":"https:\/\/dev.hempking.eu\/pl\/wp-json\/wp\/v2\/media\/55524"}],"wp:attachment":[{"href":"https:\/\/dev.hempking.eu\/pl\/wp-json\/wp\/v2\/media?parent=96095"}],"wp:term":[{"taxonomy":"product_cat","embeddable":true,"href":"https:\/\/dev.hempking.eu\/pl\/wp-json\/wp\/v2\/product_cat?post=96095"},{"taxonomy":"product_tag","embeddable":true,"href":"https:\/\/dev.hempking.eu\/pl\/wp-json\/wp\/v2\/product_tag?post=96095"}],"curies":[{"name":"wp","href":"https:\/\/api.w.org\/{rel}","templated":true}]}}