{"id":97185,"date":"2022-05-09T09:31:48","date_gmt":"2022-05-09T07:31:48","guid":{"rendered":"https:\/\/hempking.eu\/pl\/?post_type=product&#038;p=97185"},"modified":"2023-05-22T08:46:43","modified_gmt":"2023-05-22T06:46:43","slug":"ashwagandha-kapsulki-400-mg","status":"publish","type":"product","link":"https:\/\/dev.hempking.eu\/pl\/ashwagandha-kapsulki-400-mg\/","title":{"rendered":"Ashwagandha (\u017be\u0144-sze\u0144 indyjski) 400 mg - 10% witanolid\u00f3w - kapsu\u0142ki"},"content":{"rendered":"<h2 style=\"text-align: justify;\"><span style=\"font-weight: 400;\">Ashwagandha (\u017be\u0144-sze\u0144 indyjski) Biowen \u2013 co to?<\/span><\/h2>\n<p style=\"text-align: justify;\"><span style=\"font-weight: 400;\">Ashwagandha Biowen to produkt, kt\u00f3ry pomo\u017ce Ci wtedy, gdy potrzebujesz wi\u0119kszej r\u00f3wnowagi psychicznej, odporno\u015bci na stres i naturalnego ukojenia bez efektu ukojenia. <\/span><b>Ashwagandha kapsu\u0142ki<\/b><span style=\"font-weight: 400;\"> to produkt, kt\u00f3ry \u0142atwo stosowa\u0107 i kt\u00f3ry jest odpowiedni dla wegan i wegetarian. Je\u015bli interesuje Ci\u0119 <\/span><b>Ashwagandha, co to<\/b><span style=\"font-weight: 400;\"> jest i na co pomaga, to jeste\u015b w odpowiednim miejscu!\u00a0<\/span><\/p>\n<p style=\"text-align: justify;\"><span style=\"font-weight: 400;\">Wi\u015bnia zimowa, witania ospa\u0142a, indyjski \u017ce\u0144-sze\u0144 &#8211; pod tymi nazwami mo\u017cesz spotka\u0107 ashwagandh\u0119. To ro\u015blina o dzia\u0142aniu adaptogennym i w\u0142a\u015bnie za jej w\u0142a\u015bciwo\u015bci jest ceniona ju\u017c od tysi\u0105cleci. Bardzo znana jest np. w tradycyjnej medycynie &#8211; Ajurwedzie. Stosowa\u0107 j\u0105 mog\u0105 osoby, kt\u00f3re prowadz\u0105 intensywny tryb \u017cycia, pe\u0142en stresuj\u0105cych sytuacji. B\u0119dzie idealna te\u017c dla ka\u017cdego, kto potrzebuje naturalne wsparcia w relaksie, szuka naturalnych sposob\u00f3w na balans psychiczny czy czuje si\u0119 os\u0142abiony psychicznie.\u00a0<\/span><\/p>\n<p style=\"text-align: justify;\"><span style=\"font-weight: 400;\">Swoje w\u0142a\u015bciwo\u015bci zawdzi\u0119cza sk\u0142adnikom aktywnym w niej zawartym. Chodzi o witanolidy, kt\u00f3rych w\u0142a\u015bciwo\u015bci szeroko opisywane w tradycyjnej medycynie wschodu zaciekawi\u0142y naukowc\u00f3w i postanowili oni je zbada\u0107, by potwierdzi\u0107 lub zdementowa\u0107 ich dzia\u0142anie. Jak si\u0119 okaza\u0142o, Ajurweda wymieniaj\u0105c niezliczone korzy\u015bci ashwagandhy, mia\u0142a w du\u017cej mierze racj\u0119, co popieraj\u0105 badania i ich wyniki tera\u017aniejszych badaczy.\u00a0<\/span><\/p>\n<p style=\"text-align: justify;\"><b>Ashwagandha kapsu\u0142ki <\/b><span style=\"font-weight: 400;\">od Biowen zawiera standaryzacj\u0119 na 10% witanolid\u00f3w (DER 20:1) &#8211; to jedna z wy\u017cszych standaryzacji na rynku! Dodatkowo moc ashwagandhy wspiera ekstrakt z pieprzu czarnego BioPerine\u00ae. W naturalny spos\u00f3b stymuluje wch\u0142anianie si\u0119 sk\u0142adnik\u00f3w od\u017cywczych w produkcie! To dzi\u0119ki temu tak dobrze dzia\u0142a ta <\/span><b>ashwagandha, na co <\/b><span style=\"font-weight: 400;\">wp\u0142yw ma tak przemy\u015blana formu\u0142a i wykorzystanie wysokiej jako\u015bci sk\u0142adnik\u00f3w.\u00a0<\/span><\/p>\n<p style=\"text-align: justify;\"><a href=\"https:\/\/dev.hempking.eu\/pl\/wp-content\/uploads\/sites\/2\/2020\/07\/warunki4.jpg\"><img loading=\"lazy\" decoding=\"async\" class=\"alignnone wp-image-101812 size-full\" src=\"https:\/\/dev.hempking.eu\/pl\/wp-content\/uploads\/sites\/2\/2020\/07\/warunki4.jpg\" alt=\"o\u015bwiadczenia w UE\" width=\"755\" height=\"353\" srcset=\"https:\/\/dev.hempking.eu\/pl\/wp-content\/uploads\/sites\/2\/2020\/07\/warunki4.jpg 755w, https:\/\/dev.hempking.eu\/pl\/wp-content\/uploads\/sites\/2\/2020\/07\/warunki4-640x299.jpg 640w, https:\/\/dev.hempking.eu\/pl\/wp-content\/uploads\/sites\/2\/2020\/07\/warunki4-400x187.jpg 400w\" sizes=\"auto, (max-width: 755px) 100vw, 755px\" \/><\/a><\/p>\n","protected":false},"excerpt":{"rendered":"<h2>Ashwagandha w kapsu\u0142kach:<\/h2>\n<ul>\n<li style=\"font-weight: 400;\"><b>r\u00f3wnowaga emocjonalna<\/b><span style=\"font-weight: 400;\">\u00a0i<\/span><b> dobre samopoczucie,<\/b><\/li>\n<li style=\"font-weight: 400;\"><span style=\"font-weight: 400;\">wi\u0119ksza <\/span><b>odporno\u015b\u0107 organizmu na stres<\/b><span style=\"font-weight: 400;\">,<\/span><\/li>\n<li style=\"font-weight: 400;\"><b>prawid\u0142owy poziom energii,\u00a0<\/b><\/li>\n<li>DER: 20:1<\/li>\n<li><span style=\"font-weight: 400;\">10% witanolid\u00f3w<\/span><span style=\"font-weight: 400;\">, <\/span><\/li>\n<li><span style=\"font-weight: 400;\">BioPerine<\/span><span style=\"font-weight: 400;\">\u00ae &#8211; wzmocnione ekstraktem z pieprzu czarnego.\u00a0<\/span><\/li>\n<\/ul>\n<p><strong>120 wega\u0144skich kapsu\u0142ek<\/strong><\/p>\n","protected":false},"featured_media":97184,"template":"","meta":{"_acf_changed":false},"product_cat":[422,96,120],"product_tag":[],"class_list":{"0":"post-97185","1":"product","2":"type-product","3":"status-publish","4":"has-post-thumbnail","6":"product_cat-suplementy-na-lepszy-nastroj","7":"product_cat-suplementy","8":"product_cat-adaptogeny","10":"first","11":"instock","12":"shipping-taxable","13":"purchasable","14":"product-type-simple"},"acf":[],"yoast_head":"<!-- This site is optimized with the Yoast SEO Premium plugin v23.4 (Yoast SEO v24.0) - https:\/\/yoast.com\/wordpress\/plugins\/seo\/ -->\n<title>Ashwagandha w kapsu\u0142kach 120 szt. 400 mg Biowen | Adaptogeny<\/title>\n<meta name=\"description\" content=\"Ashwagandha 400 mg w kapsu\u0142kach 120 szt z dodatkiem BioPerine\u00ae od Biowen to spos\u00f3b na emocjonalny i psychiczny relaks. Kup teraz !\" \/>\n<link rel=\"canonical\" href=\"https:\/\/dev.hempking.eu\/pl\/ashwagandha-kapsulki-400-mg\/\" \/>\n<meta property=\"og:locale\" content=\"pl_PL\" \/>\n<meta property=\"og:type\" content=\"article\" \/>\n<meta property=\"og:title\" content=\"Ashwagandha (\u017be\u0144-sze\u0144 indyjski) 400 mg - 10% witanolid\u00f3w - kapsu\u0142ki\" \/>\n<meta property=\"og:description\" content=\"Ashwagandha 400 mg w kapsu\u0142kach 120 szt z dodatkiem BioPerine\u00ae od Biowen to spos\u00f3b na emocjonalny i psychiczny relaks. Kup teraz !\" \/>\n<meta property=\"og:url\" content=\"https:\/\/dev.hempking.eu\/pl\/ashwagandha-kapsulki-400-mg\/\" \/>\n<meta property=\"og:site_name\" content=\"Hemp King\" \/>\n<meta property=\"article:publisher\" content=\"https:\/\/www.facebook.com\/hempkingpoland\" \/>\n<meta property=\"article:modified_time\" content=\"2023-05-22T06:46:43+00:00\" \/>\n<meta property=\"og:image\" content=\"https:\/\/dev.hempking.eu\/pl\/wp-content\/uploads\/sites\/2\/2022\/05\/Ashwagandha.jpg\" \/>\n\t<meta property=\"og:image:width\" content=\"1000\" \/>\n\t<meta property=\"og:image:height\" content=\"1000\" \/>\n\t<meta property=\"og:image:type\" content=\"image\/jpeg\" \/>\n<meta name=\"twitter:card\" content=\"summary_large_image\" \/>\n<meta name=\"twitter:site\" content=\"@hempkingeu\" \/>\n<meta name=\"twitter:label1\" content=\"Price\" \/>\n\t<meta name=\"twitter:data1\" content=\"39.90&nbsp;&#122;&#322;\" \/>\n\t<meta name=\"twitter:label2\" content=\"Availability\" \/>\n\t<meta name=\"twitter:data2\" content=\"In stock\" \/>\n<script type=\"application\/ld+json\" class=\"yoast-schema-graph\">{\"@context\":\"https:\/\/schema.org\",\"@graph\":[{\"@type\":\"WebPage\",\"@id\":\"https:\/\/dev.hempking.eu\/pl\/ashwagandha-kapsulki-400-mg\/\",\"url\":\"https:\/\/dev.hempking.eu\/pl\/ashwagandha-kapsulki-400-mg\/\",\"name\":\"Ashwagandha w kapsu\u0142kach 120 szt. 400 mg Biowen | Adaptogeny\",\"isPartOf\":{\"@id\":\"https:\/\/dev.hempking.eu\/pl\/#website\"},\"primaryImageOfPage\":{\"@id\":\"https:\/\/dev.hempking.eu\/pl\/ashwagandha-kapsulki-400-mg\/#primaryimage\"},\"image\":{\"@id\":\"https:\/\/dev.hempking.eu\/pl\/ashwagandha-kapsulki-400-mg\/#primaryimage\"},\"thumbnailUrl\":\"https:\/\/dev.hempking.eu\/pl\/wp-content\/uploads\/sites\/2\/2022\/05\/Ashwagandha.jpg\",\"datePublished\":\"2022-05-09T07:31:48+00:00\",\"dateModified\":\"2023-05-22T06:46:43+00:00\",\"description\":\"Ashwagandha 400 mg w kapsu\u0142kach 120 szt z dodatkiem BioPerine\u00ae od Biowen to spos\u00f3b na emocjonalny i psychiczny relaks. Kup teraz !\",\"breadcrumb\":{\"@id\":\"https:\/\/dev.hempking.eu\/pl\/ashwagandha-kapsulki-400-mg\/#breadcrumb\"},\"inLanguage\":\"pl-PL\",\"potentialAction\":[{\"@type\":\"ReadAction\",\"target\":[\"https:\/\/dev.hempking.eu\/pl\/ashwagandha-kapsulki-400-mg\/\"]}]},{\"@type\":\"ImageObject\",\"inLanguage\":\"pl-PL\",\"@id\":\"https:\/\/dev.hempking.eu\/pl\/ashwagandha-kapsulki-400-mg\/#primaryimage\",\"url\":\"https:\/\/dev.hempking.eu\/pl\/wp-content\/uploads\/sites\/2\/2022\/05\/Ashwagandha.jpg\",\"contentUrl\":\"https:\/\/dev.hempking.eu\/pl\/wp-content\/uploads\/sites\/2\/2022\/05\/Ashwagandha.jpg\",\"width\":1000,\"height\":1000,\"caption\":\"Ashwagandha Biowen w kapsu\u0142kach\"},{\"@type\":\"BreadcrumbList\",\"@id\":\"https:\/\/dev.hempking.eu\/pl\/ashwagandha-kapsulki-400-mg\/#breadcrumb\",\"itemListElement\":[{\"@type\":\"ListItem\",\"position\":1,\"name\":\"Home\",\"item\":\"https:\/\/dev.hempking.eu\/pl\/\"},{\"@type\":\"ListItem\",\"position\":2,\"name\":\"Sklep\",\"item\":\"https:\/\/dev.hempking.eu\/pl\/shop\/\"},{\"@type\":\"ListItem\",\"position\":3,\"name\":\"Suplementy\",\"item\":\"https:\/\/dev.hempking.eu\/pl\/suplementy\/\"},{\"@type\":\"ListItem\",\"position\":4,\"name\":\"Adaptogeny\",\"item\":\"https:\/\/dev.hempking.eu\/pl\/adaptogeny\/\"},{\"@type\":\"ListItem\",\"position\":5,\"name\":\"Ashwagandha (\u017be\u0144-sze\u0144 indyjski) 400 mg - 10% witanolid\u00f3w - kapsu\u0142ki\"}]},{\"@type\":\"WebSite\",\"@id\":\"https:\/\/dev.hempking.eu\/pl\/#website\",\"url\":\"https:\/\/dev.hempking.eu\/pl\/\",\"name\":\"Hemp King\",\"description\":\"\",\"publisher\":{\"@id\":\"https:\/\/dev.hempking.eu\/pl\/#organization\"},\"potentialAction\":[{\"@type\":\"SearchAction\",\"target\":{\"@type\":\"EntryPoint\",\"urlTemplate\":\"https:\/\/dev.hempking.eu\/pl\/?s={search_term_string}\"},\"query-input\":{\"@type\":\"PropertyValueSpecification\",\"valueRequired\":true,\"valueName\":\"search_term_string\"}}],\"inLanguage\":\"pl-PL\"},{\"@type\":\"Organization\",\"@id\":\"https:\/\/dev.hempking.eu\/pl\/#organization\",\"name\":\"Hemp King\",\"url\":\"https:\/\/dev.hempking.eu\/pl\/\",\"logo\":{\"@type\":\"ImageObject\",\"inLanguage\":\"pl-PL\",\"@id\":\"https:\/\/dev.hempking.eu\/pl\/#\/schema\/logo\/image\/\",\"url\":\"https:\/\/dev.hempking.eu\/pl\/wp-content\/uploads\/sites\/2\/2020\/05\/hempking.png\",\"contentUrl\":\"https:\/\/dev.hempking.eu\/pl\/wp-content\/uploads\/sites\/2\/2020\/05\/hempking.png\",\"width\":148,\"height\":91,\"caption\":\"Hemp King\"},\"image\":{\"@id\":\"https:\/\/dev.hempking.eu\/pl\/#\/schema\/logo\/image\/\"},\"sameAs\":[\"https:\/\/www.facebook.com\/hempkingpoland\",\"https:\/\/x.com\/hempkingeu\",\"https:\/\/www.instagram.com\/hempkingeu\/\",\"https:\/\/www.linkedin.com\/company\/hempking-eu\/mycompany\/\",\"https:\/\/pl.pinterest.com\/hempkingeu\/\",\"https:\/\/www.youtube.com\/channel\/UCUkeZA1fj4hSZfoYm0WpZ7w\"]}]}<\/script>\n<meta property=\"product:price:amount\" content=\"39.90\" \/>\n<meta property=\"product:price:currency\" content=\"PLN\" \/>\n<meta property=\"og:availability\" content=\"instock\" \/>\n<meta property=\"product:availability\" content=\"instock\" \/>\n<meta property=\"product:condition\" content=\"new\" \/>\n<!-- \/ Yoast SEO Premium plugin. -->","yoast_head_json":{"title":"Ashwagandha w kapsu\u0142kach 120 szt. 400 mg Biowen | Adaptogeny","description":"Ashwagandha 400 mg w kapsu\u0142kach 120 szt z dodatkiem BioPerine\u00ae od Biowen to spos\u00f3b na emocjonalny i psychiczny relaks. Kup teraz !","canonical":"https:\/\/dev.hempking.eu\/pl\/ashwagandha-kapsulki-400-mg\/","og_locale":"pl_PL","og_type":"article","og_title":"Ashwagandha (\u017be\u0144-sze\u0144 indyjski) 400 mg - 10% witanolid\u00f3w - kapsu\u0142ki","og_description":"Ashwagandha 400 mg w kapsu\u0142kach 120 szt z dodatkiem BioPerine\u00ae od Biowen to spos\u00f3b na emocjonalny i psychiczny relaks. Kup teraz !","og_url":"https:\/\/dev.hempking.eu\/pl\/ashwagandha-kapsulki-400-mg\/","og_site_name":"Hemp King","article_publisher":"https:\/\/www.facebook.com\/hempkingpoland","article_modified_time":"2023-05-22T06:46:43+00:00","og_image":[{"width":1000,"height":1000,"url":"https:\/\/dev.hempking.eu\/pl\/wp-content\/uploads\/sites\/2\/2022\/05\/Ashwagandha.jpg","type":"image\/jpeg"}],"twitter_card":"summary_large_image","twitter_site":"@hempkingeu","twitter_misc":{"Price":"39.90&nbsp;&#122;&#322;","Availability":"In stock"},"schema":{"@context":"https:\/\/schema.org","@graph":[{"@type":"WebPage","@id":"https:\/\/dev.hempking.eu\/pl\/ashwagandha-kapsulki-400-mg\/","url":"https:\/\/dev.hempking.eu\/pl\/ashwagandha-kapsulki-400-mg\/","name":"Ashwagandha w kapsu\u0142kach 120 szt. 400 mg Biowen | Adaptogeny","isPartOf":{"@id":"https:\/\/dev.hempking.eu\/pl\/#website"},"primaryImageOfPage":{"@id":"https:\/\/dev.hempking.eu\/pl\/ashwagandha-kapsulki-400-mg\/#primaryimage"},"image":{"@id":"https:\/\/dev.hempking.eu\/pl\/ashwagandha-kapsulki-400-mg\/#primaryimage"},"thumbnailUrl":"https:\/\/dev.hempking.eu\/pl\/wp-content\/uploads\/sites\/2\/2022\/05\/Ashwagandha.jpg","datePublished":"2022-05-09T07:31:48+00:00","dateModified":"2023-05-22T06:46:43+00:00","description":"Ashwagandha 400 mg w kapsu\u0142kach 120 szt z dodatkiem BioPerine\u00ae od Biowen to spos\u00f3b na emocjonalny i psychiczny relaks. Kup teraz !","breadcrumb":{"@id":"https:\/\/dev.hempking.eu\/pl\/ashwagandha-kapsulki-400-mg\/#breadcrumb"},"inLanguage":"pl-PL","potentialAction":[{"@type":"ReadAction","target":["https:\/\/dev.hempking.eu\/pl\/ashwagandha-kapsulki-400-mg\/"]}]},{"@type":"ImageObject","inLanguage":"pl-PL","@id":"https:\/\/dev.hempking.eu\/pl\/ashwagandha-kapsulki-400-mg\/#primaryimage","url":"https:\/\/dev.hempking.eu\/pl\/wp-content\/uploads\/sites\/2\/2022\/05\/Ashwagandha.jpg","contentUrl":"https:\/\/dev.hempking.eu\/pl\/wp-content\/uploads\/sites\/2\/2022\/05\/Ashwagandha.jpg","width":1000,"height":1000,"caption":"Ashwagandha Biowen w kapsu\u0142kach"},{"@type":"BreadcrumbList","@id":"https:\/\/dev.hempking.eu\/pl\/ashwagandha-kapsulki-400-mg\/#breadcrumb","itemListElement":[{"@type":"ListItem","position":1,"name":"Home","item":"https:\/\/dev.hempking.eu\/pl\/"},{"@type":"ListItem","position":2,"name":"Sklep","item":"https:\/\/dev.hempking.eu\/pl\/shop\/"},{"@type":"ListItem","position":3,"name":"Suplementy","item":"https:\/\/dev.hempking.eu\/pl\/suplementy\/"},{"@type":"ListItem","position":4,"name":"Adaptogeny","item":"https:\/\/dev.hempking.eu\/pl\/adaptogeny\/"},{"@type":"ListItem","position":5,"name":"Ashwagandha (\u017be\u0144-sze\u0144 indyjski) 400 mg - 10% witanolid\u00f3w - kapsu\u0142ki"}]},{"@type":"WebSite","@id":"https:\/\/dev.hempking.eu\/pl\/#website","url":"https:\/\/dev.hempking.eu\/pl\/","name":"Hemp King","description":"","publisher":{"@id":"https:\/\/dev.hempking.eu\/pl\/#organization"},"potentialAction":[{"@type":"SearchAction","target":{"@type":"EntryPoint","urlTemplate":"https:\/\/dev.hempking.eu\/pl\/?s={search_term_string}"},"query-input":{"@type":"PropertyValueSpecification","valueRequired":true,"valueName":"search_term_string"}}],"inLanguage":"pl-PL"},{"@type":"Organization","@id":"https:\/\/dev.hempking.eu\/pl\/#organization","name":"Hemp King","url":"https:\/\/dev.hempking.eu\/pl\/","logo":{"@type":"ImageObject","inLanguage":"pl-PL","@id":"https:\/\/dev.hempking.eu\/pl\/#\/schema\/logo\/image\/","url":"https:\/\/dev.hempking.eu\/pl\/wp-content\/uploads\/sites\/2\/2020\/05\/hempking.png","contentUrl":"https:\/\/dev.hempking.eu\/pl\/wp-content\/uploads\/sites\/2\/2020\/05\/hempking.png","width":148,"height":91,"caption":"Hemp King"},"image":{"@id":"https:\/\/dev.hempking.eu\/pl\/#\/schema\/logo\/image\/"},"sameAs":["https:\/\/www.facebook.com\/hempkingpoland","https:\/\/x.com\/hempkingeu","https:\/\/www.instagram.com\/hempkingeu\/","https:\/\/www.linkedin.com\/company\/hempking-eu\/mycompany\/","https:\/\/pl.pinterest.com\/hempkingeu\/","https:\/\/www.youtube.com\/channel\/UCUkeZA1fj4hSZfoYm0WpZ7w"]}]},"product_price_amount":"39.90","product_price_currency":"PLN","og_availability":"instock","product_availability":"instock","product_condition":"new"},"_links":{"self":[{"href":"https:\/\/dev.hempking.eu\/pl\/wp-json\/wp\/v2\/product\/97185","targetHints":{"allow":["GET"]}}],"collection":[{"href":"https:\/\/dev.hempking.eu\/pl\/wp-json\/wp\/v2\/product"}],"about":[{"href":"https:\/\/dev.hempking.eu\/pl\/wp-json\/wp\/v2\/types\/product"}],"wp:featuredmedia":[{"embeddable":true,"href":"https:\/\/dev.hempking.eu\/pl\/wp-json\/wp\/v2\/media\/97184"}],"wp:attachment":[{"href":"https:\/\/dev.hempking.eu\/pl\/wp-json\/wp\/v2\/media?parent=97185"}],"wp:term":[{"taxonomy":"product_cat","embeddable":true,"href":"https:\/\/dev.hempking.eu\/pl\/wp-json\/wp\/v2\/product_cat?post=97185"},{"taxonomy":"product_tag","embeddable":true,"href":"https:\/\/dev.hempking.eu\/pl\/wp-json\/wp\/v2\/product_tag?post=97185"}],"curies":[{"name":"wp","href":"https:\/\/api.w.org\/{rel}","templated":true}]}}