{"id":97187,"date":"2022-05-09T09:41:34","date_gmt":"2022-05-09T07:41:34","guid":{"rendered":"https:\/\/hempking.eu\/pl\/?post_type=product&#038;p=97187"},"modified":"2023-05-22T11:43:20","modified_gmt":"2023-05-22T09:43:20","slug":"rhodiola-rosea-kapsulki-420-mg","status":"publish","type":"product","link":"https:\/\/dev.hempking.eu\/pl\/rhodiola-rosea-kapsulki-420-mg\/","title":{"rendered":"Rhodiola Rosea (R\u00f3\u017ceniec G\u00f3rski) 420 mg - 3% salidrozyd\u00f3w i 1% rozawin - kapsu\u0142ki"},"content":{"rendered":"<h2 style=\"text-align: justify\">Rhodiola suplement diety- dzia\u0142anie<\/h2>\n<p style=\"text-align: justify\"><span style=\"font-weight: 400\">Rhodiola Rosea, czyli R\u00f3\u017ceniec G\u00f3rski, to ceniona ro\u015blina zaliczana do adaptogen\u00f3w. Jego popularno\u015b\u0107 ro\u015bnie zw\u0142aszcza wtedy, kiedy kto\u015b cierpi z powodu przesilenia wiosennego czy zimowego, albo wtedy, gdy nasza kondycja fizyczna i psychiczna wymagaj\u0105 wsparcia w naturalny spos\u00f3b. Czym <\/span><b>Rhodiola, suplement<\/b><span style=\"font-weight: 400\"> marki Biowen, wyr\u00f3\u017cnia si\u0119 na tle innych tego typu suplement\u00f3w?\u00a0<\/span><\/p>\n<p style=\"text-align: justify\"><span style=\"font-weight: 400\">Suplement Biowen, <strong>adaptogen Rhodiola<\/strong>, w\u0142a\u015bciwo\u015bci zawdzi\u0119cza mi\u0119dzy innymi temu, \u017ce jest to suplement standaryzowany na zawarto\u015b\u0107 bardzo cennych sk\u0142adnik\u00f3w, zawartych w R\u00f3\u017ce\u0144cu G\u00f3rskim. Mowa tutaj o 1% rozawin, 3% salidrozyd\u00f3w. Dodatkowo kapsu\u0142ki zawieraj\u0105 nie tylko ro\u015blin\u0119 <\/span><b>Rhodiola, kapsu\u0142ki<\/b><span style=\"font-weight: 400\">\u00a0maj\u0105 tak\u017ce standaryzowany na 95% piperyny wyj\u0105tkowy ekstrakt z pieprzu czarnego o nazwie BioPerine\u00ae. Dzi\u0119ki temu w\u0142a\u015bciwo\u015bci suplementu s\u0105 wzmocnione, a tak\u017ce dodatkowo wsparte w naturalny spos\u00f3b dodatkowymi korzy\u015bciami.\u00a0<\/span><\/p>\n<h2 style=\"text-align: justify\">Rhodiola &#8211; przeciwwskazania<\/h2>\n<p style=\"text-align: justify\"><span style=\"font-weight: 400\">Rhodiola Rosea adaptogen Biowen, tak jak ka\u017cdy inny suplement czy produkt, mo\u017ce mie\u0107 pewne przeciwwskazania do stosowania. Przede wszystkim nie zaleca si\u0119, by jakiekolwiek suplementy \u0142\u0105czy\u0107 z lekami, bez wiedzy i zgody lekarza prowadz\u0105cego. Wa\u017cne jest r\u00f3wnie\u017c to, by kobiety w ci\u0105\u017cy oraz karmi\u0105ce bez konsultacji lekarskiej nie przyjmowa\u0142y preparat\u00f3w i suplement\u00f3w z R\u00f3\u017ce\u0144cem G\u00f3rskim.<\/span><\/p>\n<p style=\"text-align: justify\"><a href=\"https:\/\/dev.hempking.eu\/pl\/wp-content\/uploads\/sites\/2\/2022\/01\/warunki2.jpg\"><img loading=\"lazy\" decoding=\"async\" class=\"alignnone size-full wp-image-85647\" src=\"https:\/\/dev.hempking.eu\/pl\/wp-content\/uploads\/sites\/2\/2022\/01\/warunki2.jpg\" alt=\"warunki przechowywania produkt\u00f3w konopnych HempKing\" width=\"755\" height=\"307\" srcset=\"https:\/\/dev.hempking.eu\/pl\/wp-content\/uploads\/sites\/2\/2022\/01\/warunki2.jpg 755w, https:\/\/dev.hempking.eu\/pl\/wp-content\/uploads\/sites\/2\/2022\/01\/warunki2-640x260.jpg 640w, https:\/\/dev.hempking.eu\/pl\/wp-content\/uploads\/sites\/2\/2022\/01\/warunki2-400x163.jpg 400w, https:\/\/dev.hempking.eu\/pl\/wp-content\/uploads\/sites\/2\/2022\/01\/warunki2-600x244.jpg 600w\" sizes=\"auto, (max-width: 755px) 100vw, 755px\" \/><\/a><\/p>\n<p><a href=\"https:\/\/dev.hempking.eu\/pl\/wp-content\/uploads\/sites\/2\/2020\/07\/warunki4.jpg\"><img loading=\"lazy\" decoding=\"async\" class=\"alignnone wp-image-101812 size-full\" src=\"https:\/\/dev.hempking.eu\/pl\/wp-content\/uploads\/sites\/2\/2020\/07\/warunki4.jpg\" alt=\"o\u015bwiadczenia w UE\" width=\"755\" height=\"353\" srcset=\"https:\/\/dev.hempking.eu\/pl\/wp-content\/uploads\/sites\/2\/2020\/07\/warunki4.jpg 755w, https:\/\/dev.hempking.eu\/pl\/wp-content\/uploads\/sites\/2\/2020\/07\/warunki4-640x299.jpg 640w, https:\/\/dev.hempking.eu\/pl\/wp-content\/uploads\/sites\/2\/2020\/07\/warunki4-400x187.jpg 400w\" sizes=\"auto, (max-width: 755px) 100vw, 755px\" \/><\/a><\/p>\n","protected":false},"excerpt":{"rendered":"<h2>R\u00f3\u017ceniec G\u00f3rski:<\/h2>\n<ul>\n<li><strong>wspiera uk\u0142ad nerwowy,<\/strong><\/li>\n<li><strong>zmniejsza zm\u0119czenie i b\u00f3le g\u0142owy<\/strong> wywo\u0142ane stresem,<\/li>\n<li><strong>pomaga na problemy ze snem<\/strong>, brak apetytu, spadek wydajno\u015bci pracy,<\/li>\n<li><span style=\"font-weight: 400\">1% rozawin i 3% salidrozyd\u00f3w, <\/span><\/li>\n<li><span style=\"font-weight: 400\">BioPerine\u00ae &#8211; wzmocniony ekstraktem z pieprzu czarnego.<\/span><\/li>\n<\/ul>\n<p><strong>60 wega\u0144skich kapsu\u0142ek<\/strong><\/p>\n","protected":false},"featured_media":97181,"template":"","meta":{"_acf_changed":false},"product_cat":[422,96,120],"product_tag":[],"class_list":{"0":"post-97187","1":"product","2":"type-product","3":"status-publish","4":"has-post-thumbnail","6":"product_cat-suplementy-na-lepszy-nastroj","7":"product_cat-suplementy","8":"product_cat-adaptogeny","10":"first","11":"outofstock","12":"shipping-taxable","13":"purchasable","14":"product-type-simple"},"acf":[],"yoast_head":"<!-- This site is optimized with the Yoast SEO Premium plugin v23.4 (Yoast SEO v24.0) - https:\/\/yoast.com\/wordpress\/plugins\/seo\/ -->\n<title>Rhodiola Rosea kapsu\u0142ki 60 szt. 420 mg Biowen | Adaptogeny<\/title>\n<meta name=\"description\" content=\"Rhodiola Rosea kapsu\u0142ki 60 szt. Rhodiola to suplement diet z dodatkiem BioPerine\u00ae pomagaj\u0105cy panowa\u0107 nad stresem. Kup teraz !\" \/>\n<link rel=\"canonical\" href=\"https:\/\/dev.hempking.eu\/pl\/rhodiola-rosea-kapsulki-420-mg\/\" \/>\n<meta property=\"og:locale\" content=\"pl_PL\" \/>\n<meta property=\"og:type\" content=\"article\" \/>\n<meta property=\"og:title\" content=\"Rhodiola Rosea (R\u00f3\u017ceniec G\u00f3rski) 420 mg - 3% salidrozyd\u00f3w i 1% rozawin - kapsu\u0142ki\" \/>\n<meta property=\"og:description\" content=\"Rhodiola Rosea kapsu\u0142ki 60 szt. Rhodiola to suplement diet z dodatkiem BioPerine\u00ae pomagaj\u0105cy panowa\u0107 nad stresem. Kup teraz !\" \/>\n<meta property=\"og:url\" content=\"https:\/\/dev.hempking.eu\/pl\/rhodiola-rosea-kapsulki-420-mg\/\" \/>\n<meta property=\"og:site_name\" content=\"Hemp King\" \/>\n<meta property=\"article:publisher\" content=\"https:\/\/www.facebook.com\/hempkingpoland\" \/>\n<meta property=\"article:modified_time\" content=\"2023-05-22T09:43:20+00:00\" \/>\n<meta property=\"og:image\" content=\"https:\/\/dev.hempking.eu\/pl\/wp-content\/uploads\/sites\/2\/2022\/05\/Rhodiola.jpg\" \/>\n\t<meta property=\"og:image:width\" content=\"1000\" \/>\n\t<meta property=\"og:image:height\" content=\"1000\" \/>\n\t<meta property=\"og:image:type\" content=\"image\/jpeg\" \/>\n<meta name=\"twitter:card\" content=\"summary_large_image\" \/>\n<meta name=\"twitter:site\" content=\"@hempkingeu\" \/>\n<meta name=\"twitter:label1\" content=\"Price\" \/>\n\t<meta name=\"twitter:data1\" content=\"49.90&nbsp;&#122;&#322;\" \/>\n\t<meta name=\"twitter:label2\" content=\"Availability\" \/>\n\t<meta name=\"twitter:data2\" content=\"Out of stock\" \/>\n<script type=\"application\/ld+json\" class=\"yoast-schema-graph\">{\"@context\":\"https:\/\/schema.org\",\"@graph\":[{\"@type\":\"WebPage\",\"@id\":\"https:\/\/dev.hempking.eu\/pl\/rhodiola-rosea-kapsulki-420-mg\/\",\"url\":\"https:\/\/dev.hempking.eu\/pl\/rhodiola-rosea-kapsulki-420-mg\/\",\"name\":\"Rhodiola Rosea kapsu\u0142ki 60 szt. 420 mg Biowen | Adaptogeny\",\"isPartOf\":{\"@id\":\"https:\/\/dev.hempking.eu\/pl\/#website\"},\"primaryImageOfPage\":{\"@id\":\"https:\/\/dev.hempking.eu\/pl\/rhodiola-rosea-kapsulki-420-mg\/#primaryimage\"},\"image\":{\"@id\":\"https:\/\/dev.hempking.eu\/pl\/rhodiola-rosea-kapsulki-420-mg\/#primaryimage\"},\"thumbnailUrl\":\"https:\/\/dev.hempking.eu\/pl\/wp-content\/uploads\/sites\/2\/2022\/05\/Rhodiola.jpg\",\"datePublished\":\"2022-05-09T07:41:34+00:00\",\"dateModified\":\"2023-05-22T09:43:20+00:00\",\"description\":\"Rhodiola Rosea kapsu\u0142ki 60 szt. Rhodiola to suplement diet z dodatkiem BioPerine\u00ae pomagaj\u0105cy panowa\u0107 nad stresem. Kup teraz !\",\"breadcrumb\":{\"@id\":\"https:\/\/dev.hempking.eu\/pl\/rhodiola-rosea-kapsulki-420-mg\/#breadcrumb\"},\"inLanguage\":\"pl-PL\",\"potentialAction\":[{\"@type\":\"ReadAction\",\"target\":[\"https:\/\/dev.hempking.eu\/pl\/rhodiola-rosea-kapsulki-420-mg\/\"]}]},{\"@type\":\"ImageObject\",\"inLanguage\":\"pl-PL\",\"@id\":\"https:\/\/dev.hempking.eu\/pl\/rhodiola-rosea-kapsulki-420-mg\/#primaryimage\",\"url\":\"https:\/\/dev.hempking.eu\/pl\/wp-content\/uploads\/sites\/2\/2022\/05\/Rhodiola.jpg\",\"contentUrl\":\"https:\/\/dev.hempking.eu\/pl\/wp-content\/uploads\/sites\/2\/2022\/05\/Rhodiola.jpg\",\"width\":1000,\"height\":1000,\"caption\":\"R\u00f3\u017ceniec g\u00f3rski Biowen kapsu\u0142ki\"},{\"@type\":\"BreadcrumbList\",\"@id\":\"https:\/\/dev.hempking.eu\/pl\/rhodiola-rosea-kapsulki-420-mg\/#breadcrumb\",\"itemListElement\":[{\"@type\":\"ListItem\",\"position\":1,\"name\":\"Home\",\"item\":\"https:\/\/dev.hempking.eu\/pl\/\"},{\"@type\":\"ListItem\",\"position\":2,\"name\":\"Sklep\",\"item\":\"https:\/\/dev.hempking.eu\/pl\/shop\/\"},{\"@type\":\"ListItem\",\"position\":3,\"name\":\"Suplementy\",\"item\":\"https:\/\/dev.hempking.eu\/pl\/suplementy\/\"},{\"@type\":\"ListItem\",\"position\":4,\"name\":\"Adaptogeny\",\"item\":\"https:\/\/dev.hempking.eu\/pl\/adaptogeny\/\"},{\"@type\":\"ListItem\",\"position\":5,\"name\":\"Rhodiola Rosea (R\u00f3\u017ceniec G\u00f3rski) 420 mg - 3% salidrozyd\u00f3w i 1% rozawin - kapsu\u0142ki\"}]},{\"@type\":\"WebSite\",\"@id\":\"https:\/\/dev.hempking.eu\/pl\/#website\",\"url\":\"https:\/\/dev.hempking.eu\/pl\/\",\"name\":\"Hemp King\",\"description\":\"\",\"publisher\":{\"@id\":\"https:\/\/dev.hempking.eu\/pl\/#organization\"},\"potentialAction\":[{\"@type\":\"SearchAction\",\"target\":{\"@type\":\"EntryPoint\",\"urlTemplate\":\"https:\/\/dev.hempking.eu\/pl\/?s={search_term_string}\"},\"query-input\":{\"@type\":\"PropertyValueSpecification\",\"valueRequired\":true,\"valueName\":\"search_term_string\"}}],\"inLanguage\":\"pl-PL\"},{\"@type\":\"Organization\",\"@id\":\"https:\/\/dev.hempking.eu\/pl\/#organization\",\"name\":\"Hemp King\",\"url\":\"https:\/\/dev.hempking.eu\/pl\/\",\"logo\":{\"@type\":\"ImageObject\",\"inLanguage\":\"pl-PL\",\"@id\":\"https:\/\/dev.hempking.eu\/pl\/#\/schema\/logo\/image\/\",\"url\":\"https:\/\/dev.hempking.eu\/pl\/wp-content\/uploads\/sites\/2\/2020\/05\/hempking.png\",\"contentUrl\":\"https:\/\/dev.hempking.eu\/pl\/wp-content\/uploads\/sites\/2\/2020\/05\/hempking.png\",\"width\":148,\"height\":91,\"caption\":\"Hemp King\"},\"image\":{\"@id\":\"https:\/\/dev.hempking.eu\/pl\/#\/schema\/logo\/image\/\"},\"sameAs\":[\"https:\/\/www.facebook.com\/hempkingpoland\",\"https:\/\/x.com\/hempkingeu\",\"https:\/\/www.instagram.com\/hempkingeu\/\",\"https:\/\/www.linkedin.com\/company\/hempking-eu\/mycompany\/\",\"https:\/\/pl.pinterest.com\/hempkingeu\/\",\"https:\/\/www.youtube.com\/channel\/UCUkeZA1fj4hSZfoYm0WpZ7w\"]}]}<\/script>\n<meta property=\"product:price:amount\" content=\"49.90\" \/>\n<meta property=\"product:price:currency\" content=\"PLN\" \/>\n<meta property=\"og:availability\" content=\"out of stock\" \/>\n<meta property=\"product:availability\" content=\"out of stock\" \/>\n<meta property=\"product:condition\" content=\"new\" \/>\n<!-- \/ Yoast SEO Premium plugin. -->","yoast_head_json":{"title":"Rhodiola Rosea kapsu\u0142ki 60 szt. 420 mg Biowen | Adaptogeny","description":"Rhodiola Rosea kapsu\u0142ki 60 szt. Rhodiola to suplement diet z dodatkiem BioPerine\u00ae pomagaj\u0105cy panowa\u0107 nad stresem. Kup teraz !","canonical":"https:\/\/dev.hempking.eu\/pl\/rhodiola-rosea-kapsulki-420-mg\/","og_locale":"pl_PL","og_type":"article","og_title":"Rhodiola Rosea (R\u00f3\u017ceniec G\u00f3rski) 420 mg - 3% salidrozyd\u00f3w i 1% rozawin - kapsu\u0142ki","og_description":"Rhodiola Rosea kapsu\u0142ki 60 szt. Rhodiola to suplement diet z dodatkiem BioPerine\u00ae pomagaj\u0105cy panowa\u0107 nad stresem. Kup teraz !","og_url":"https:\/\/dev.hempking.eu\/pl\/rhodiola-rosea-kapsulki-420-mg\/","og_site_name":"Hemp King","article_publisher":"https:\/\/www.facebook.com\/hempkingpoland","article_modified_time":"2023-05-22T09:43:20+00:00","og_image":[{"width":1000,"height":1000,"url":"https:\/\/dev.hempking.eu\/pl\/wp-content\/uploads\/sites\/2\/2022\/05\/Rhodiola.jpg","type":"image\/jpeg"}],"twitter_card":"summary_large_image","twitter_site":"@hempkingeu","twitter_misc":{"Price":"49.90&nbsp;&#122;&#322;","Availability":"Out of stock"},"schema":{"@context":"https:\/\/schema.org","@graph":[{"@type":"WebPage","@id":"https:\/\/dev.hempking.eu\/pl\/rhodiola-rosea-kapsulki-420-mg\/","url":"https:\/\/dev.hempking.eu\/pl\/rhodiola-rosea-kapsulki-420-mg\/","name":"Rhodiola Rosea kapsu\u0142ki 60 szt. 420 mg Biowen | Adaptogeny","isPartOf":{"@id":"https:\/\/dev.hempking.eu\/pl\/#website"},"primaryImageOfPage":{"@id":"https:\/\/dev.hempking.eu\/pl\/rhodiola-rosea-kapsulki-420-mg\/#primaryimage"},"image":{"@id":"https:\/\/dev.hempking.eu\/pl\/rhodiola-rosea-kapsulki-420-mg\/#primaryimage"},"thumbnailUrl":"https:\/\/dev.hempking.eu\/pl\/wp-content\/uploads\/sites\/2\/2022\/05\/Rhodiola.jpg","datePublished":"2022-05-09T07:41:34+00:00","dateModified":"2023-05-22T09:43:20+00:00","description":"Rhodiola Rosea kapsu\u0142ki 60 szt. Rhodiola to suplement diet z dodatkiem BioPerine\u00ae pomagaj\u0105cy panowa\u0107 nad stresem. Kup teraz !","breadcrumb":{"@id":"https:\/\/dev.hempking.eu\/pl\/rhodiola-rosea-kapsulki-420-mg\/#breadcrumb"},"inLanguage":"pl-PL","potentialAction":[{"@type":"ReadAction","target":["https:\/\/dev.hempking.eu\/pl\/rhodiola-rosea-kapsulki-420-mg\/"]}]},{"@type":"ImageObject","inLanguage":"pl-PL","@id":"https:\/\/dev.hempking.eu\/pl\/rhodiola-rosea-kapsulki-420-mg\/#primaryimage","url":"https:\/\/dev.hempking.eu\/pl\/wp-content\/uploads\/sites\/2\/2022\/05\/Rhodiola.jpg","contentUrl":"https:\/\/dev.hempking.eu\/pl\/wp-content\/uploads\/sites\/2\/2022\/05\/Rhodiola.jpg","width":1000,"height":1000,"caption":"R\u00f3\u017ceniec g\u00f3rski Biowen kapsu\u0142ki"},{"@type":"BreadcrumbList","@id":"https:\/\/dev.hempking.eu\/pl\/rhodiola-rosea-kapsulki-420-mg\/#breadcrumb","itemListElement":[{"@type":"ListItem","position":1,"name":"Home","item":"https:\/\/dev.hempking.eu\/pl\/"},{"@type":"ListItem","position":2,"name":"Sklep","item":"https:\/\/dev.hempking.eu\/pl\/shop\/"},{"@type":"ListItem","position":3,"name":"Suplementy","item":"https:\/\/dev.hempking.eu\/pl\/suplementy\/"},{"@type":"ListItem","position":4,"name":"Adaptogeny","item":"https:\/\/dev.hempking.eu\/pl\/adaptogeny\/"},{"@type":"ListItem","position":5,"name":"Rhodiola Rosea (R\u00f3\u017ceniec G\u00f3rski) 420 mg - 3% salidrozyd\u00f3w i 1% rozawin - kapsu\u0142ki"}]},{"@type":"WebSite","@id":"https:\/\/dev.hempking.eu\/pl\/#website","url":"https:\/\/dev.hempking.eu\/pl\/","name":"Hemp King","description":"","publisher":{"@id":"https:\/\/dev.hempking.eu\/pl\/#organization"},"potentialAction":[{"@type":"SearchAction","target":{"@type":"EntryPoint","urlTemplate":"https:\/\/dev.hempking.eu\/pl\/?s={search_term_string}"},"query-input":{"@type":"PropertyValueSpecification","valueRequired":true,"valueName":"search_term_string"}}],"inLanguage":"pl-PL"},{"@type":"Organization","@id":"https:\/\/dev.hempking.eu\/pl\/#organization","name":"Hemp King","url":"https:\/\/dev.hempking.eu\/pl\/","logo":{"@type":"ImageObject","inLanguage":"pl-PL","@id":"https:\/\/dev.hempking.eu\/pl\/#\/schema\/logo\/image\/","url":"https:\/\/dev.hempking.eu\/pl\/wp-content\/uploads\/sites\/2\/2020\/05\/hempking.png","contentUrl":"https:\/\/dev.hempking.eu\/pl\/wp-content\/uploads\/sites\/2\/2020\/05\/hempking.png","width":148,"height":91,"caption":"Hemp King"},"image":{"@id":"https:\/\/dev.hempking.eu\/pl\/#\/schema\/logo\/image\/"},"sameAs":["https:\/\/www.facebook.com\/hempkingpoland","https:\/\/x.com\/hempkingeu","https:\/\/www.instagram.com\/hempkingeu\/","https:\/\/www.linkedin.com\/company\/hempking-eu\/mycompany\/","https:\/\/pl.pinterest.com\/hempkingeu\/","https:\/\/www.youtube.com\/channel\/UCUkeZA1fj4hSZfoYm0WpZ7w"]}]},"product_price_amount":"49.90","product_price_currency":"PLN","og_availability":"out of stock","product_availability":"out of stock","product_condition":"new"},"_links":{"self":[{"href":"https:\/\/dev.hempking.eu\/pl\/wp-json\/wp\/v2\/product\/97187","targetHints":{"allow":["GET"]}}],"collection":[{"href":"https:\/\/dev.hempking.eu\/pl\/wp-json\/wp\/v2\/product"}],"about":[{"href":"https:\/\/dev.hempking.eu\/pl\/wp-json\/wp\/v2\/types\/product"}],"wp:featuredmedia":[{"embeddable":true,"href":"https:\/\/dev.hempking.eu\/pl\/wp-json\/wp\/v2\/media\/97181"}],"wp:attachment":[{"href":"https:\/\/dev.hempking.eu\/pl\/wp-json\/wp\/v2\/media?parent=97187"}],"wp:term":[{"taxonomy":"product_cat","embeddable":true,"href":"https:\/\/dev.hempking.eu\/pl\/wp-json\/wp\/v2\/product_cat?post=97187"},{"taxonomy":"product_tag","embeddable":true,"href":"https:\/\/dev.hempking.eu\/pl\/wp-json\/wp\/v2\/product_tag?post=97187"}],"curies":[{"name":"wp","href":"https:\/\/api.w.org\/{rel}","templated":true}]}}