{"id":97191,"date":"2022-05-09T09:58:11","date_gmt":"2022-05-09T07:58:11","guid":{"rendered":"https:\/\/hempking.eu\/pl\/?post_type=product&#038;p=97191"},"modified":"2023-05-22T08:52:52","modified_gmt":"2023-05-22T06:52:52","slug":"gotu-kola-kapsulki-330-mg","status":"publish","type":"product","link":"https:\/\/dev.hempking.eu\/pl\/gotu-kola-kapsulki-330-mg\/","title":{"rendered":"Gotu Kola (W\u0105krotka azjatycka) 330 mg - 20% triterpen\u00f3w - kapsu\u0142ki"},"content":{"rendered":"<h2 style=\"text-align: justify;\">Gotu Kola (w\u0105krotka azjatycka) Biowen<\/h2>\n<p style=\"text-align: justify;\"><span style=\"font-weight: 400;\">Gotu Kola to adaptogen zwany te\u017c w\u0105krotk\u0105 azjatyck\u0105. Od setek lat ceniona w kulturze indyjskiej, zw\u0142aszcza w Ajurwedzie. Dla <\/span><b>Gotu Kola w\u0142a\u015bciwo\u015bci <\/b><span style=\"font-weight: 400;\">to d\u0142uga lista cennych sposob\u00f3w wp\u0142ywania na nasze zdrowie.\u00a0<\/span><\/p>\n<p style=\"text-align: justify;\"><span style=\"font-weight: 400;\">W Gotu Kola Biowen nie znajdziesz nawet \u015bladowych ilo\u015bci glutenu, dlatego jest to bezpieczny produkt dla os\u00f3b z nietolerancjami. Dodatkowo wega\u0144skie kapsu\u0142ki s\u0105 zupe\u0142nie pozbawione odzwierz\u0119cych sk\u0142adnik\u00f3w, dlatego bez obaw mog\u0105 je stosowa\u0107 osoby na dietach ro\u015blinnych. U\u017cyte w produkcie <\/span><b>Gotu Kola kapsu\u0142ki<\/b><span style=\"font-weight: 400;\"> s\u0105 wykonane z\u00a0 hydroksypropylometyloceluloz. Wysokiej jako\u015bci <\/span><b>Gotu Kola w\u0142a\u015bciwo\u015bci<\/b><span style=\"font-weight: 400;\"> zawdzi\u0119cza te\u017c standaryzacji na 20% triterpen\u00f3w, kt\u00f3re szczeg\u00f3lnie dobrze wp\u0142ywaj\u0105 na nasz m\u00f3zg.\u00a0<\/span><\/p>\n<p style=\"text-align: justify;\"><a href=\"https:\/\/dev.hempking.eu\/pl\/wp-content\/uploads\/sites\/2\/2022\/01\/warunki2.jpg\"><img loading=\"lazy\" decoding=\"async\" class=\"alignnone size-full wp-image-85647\" src=\"https:\/\/dev.hempking.eu\/pl\/wp-content\/uploads\/sites\/2\/2022\/01\/warunki2.jpg\" alt=\"warunki przechowywania produkt\u00f3w konopnych HempKing\" width=\"755\" height=\"307\" srcset=\"https:\/\/dev.hempking.eu\/pl\/wp-content\/uploads\/sites\/2\/2022\/01\/warunki2.jpg 755w, https:\/\/dev.hempking.eu\/pl\/wp-content\/uploads\/sites\/2\/2022\/01\/warunki2-640x260.jpg 640w, https:\/\/dev.hempking.eu\/pl\/wp-content\/uploads\/sites\/2\/2022\/01\/warunki2-400x163.jpg 400w, https:\/\/dev.hempking.eu\/pl\/wp-content\/uploads\/sites\/2\/2022\/01\/warunki2-600x244.jpg 600w\" sizes=\"auto, (max-width: 755px) 100vw, 755px\" \/><\/a><\/p>\n<p><a href=\"https:\/\/dev.hempking.eu\/pl\/wp-content\/uploads\/sites\/2\/2020\/07\/warunki4.jpg\"><img loading=\"lazy\" decoding=\"async\" class=\"alignnone wp-image-101812 size-full\" src=\"https:\/\/dev.hempking.eu\/pl\/wp-content\/uploads\/sites\/2\/2020\/07\/warunki4.jpg\" alt=\"o\u015bwiadczenia w UE\" width=\"755\" height=\"353\" srcset=\"https:\/\/dev.hempking.eu\/pl\/wp-content\/uploads\/sites\/2\/2020\/07\/warunki4.jpg 755w, https:\/\/dev.hempking.eu\/pl\/wp-content\/uploads\/sites\/2\/2020\/07\/warunki4-640x299.jpg 640w, https:\/\/dev.hempking.eu\/pl\/wp-content\/uploads\/sites\/2\/2020\/07\/warunki4-400x187.jpg 400w\" sizes=\"auto, (max-width: 755px) 100vw, 755px\" \/><\/a><\/p>\n<p style=\"text-align: justify;\">\n","protected":false},"excerpt":{"rendered":"<h2>Gotu Kola &#8211; kapsu\u0142ki:<\/h2>\n<ul>\n<li style=\"font-weight: 400;\" aria-level=\"1\"><b>r\u00f3wnowaga emocjonalna<\/b><span style=\"font-weight: 400;\"> oraz <\/span><b>dobre samopoczucie<\/b><span style=\"font-weight: 400;\">,<\/span><\/li>\n<li style=\"font-weight: 400;\" aria-level=\"1\"><span style=\"font-weight: 400;\">prawid\u0142owy <\/span><b>poziom energii<\/b><span style=\"font-weight: 400;\">,<\/span><\/li>\n<li style=\"font-weight: 400;\" aria-level=\"1\"><span style=\"font-weight: 400;\">wsparcie dla <\/span><b>komfortu trawiennego<\/b><span style=\"font-weight: 400;\">, <\/span><b>pomaga w b\u00f3lach \u017co\u0142\u0105dka<\/b><span style=\"font-weight: 400;\"> i<\/span><b> brzucha,\u00a0<\/b><\/li>\n<li aria-level=\"1\">DER: 20:1,<\/li>\n<li aria-level=\"1\"><span style=\"font-weight: 400;\">20% triterpen\u00f3w,\u00a0<\/span><\/li>\n<li aria-level=\"1\"><span style=\"font-weight: 400;\">BioPerine\u00ae &#8211; wzmocnienie dzia\u0142ania dzi\u0119ki ekstraktowi z pieprzu czarnego.<\/span><\/li>\n<\/ul>\n<p><strong>120 kapsu\u0142ek wega\u0144skich<\/strong><\/p>\n","protected":false},"featured_media":97182,"template":"","meta":{"_acf_changed":false},"product_cat":[422,96,120,36],"product_tag":[],"class_list":{"0":"post-97191","1":"product","2":"type-product","3":"status-publish","4":"has-post-thumbnail","6":"product_cat-suplementy-na-lepszy-nastroj","7":"product_cat-suplementy","8":"product_cat-adaptogeny","9":"product_cat-bestsellery","11":"first","12":"instock","13":"shipping-taxable","14":"purchasable","15":"product-type-simple"},"acf":[],"yoast_head":"<!-- This site is optimized with the Yoast SEO Premium plugin v23.4 (Yoast SEO v24.0) - https:\/\/yoast.com\/wordpress\/plugins\/seo\/ -->\n<title>Gotu kola 120 kapsu\u0142ek 330 mg Biowen | Adaptogeny - HempKing<\/title>\n<meta name=\"description\" content=\"Gotu kola Biowen to 120 kapsu\u0142ek adaptogenu wysokiej jako\u015bci z dodatkiem BioPerine\u00ae. Poznaj w\u0142a\u015bciwo\u015bci Gotu Kola od Biowen !\" \/>\n<link rel=\"canonical\" href=\"https:\/\/dev.hempking.eu\/pl\/gotu-kola-kapsulki-330-mg\/\" \/>\n<meta property=\"og:locale\" content=\"pl_PL\" \/>\n<meta property=\"og:type\" content=\"article\" \/>\n<meta property=\"og:title\" content=\"Gotu Kola (W\u0105krotka azjatycka) 330 mg - 20% triterpen\u00f3w - kapsu\u0142ki\" \/>\n<meta property=\"og:description\" content=\"Gotu kola Biowen to 120 kapsu\u0142ek adaptogenu wysokiej jako\u015bci z dodatkiem BioPerine\u00ae. Poznaj w\u0142a\u015bciwo\u015bci Gotu Kola od Biowen !\" \/>\n<meta property=\"og:url\" content=\"https:\/\/dev.hempking.eu\/pl\/gotu-kola-kapsulki-330-mg\/\" \/>\n<meta property=\"og:site_name\" content=\"Hemp King\" \/>\n<meta property=\"article:publisher\" content=\"https:\/\/www.facebook.com\/hempkingpoland\" \/>\n<meta property=\"article:modified_time\" content=\"2023-05-22T06:52:52+00:00\" \/>\n<meta property=\"og:image\" content=\"https:\/\/dev.hempking.eu\/pl\/wp-content\/uploads\/sites\/2\/2022\/05\/Gotu-Kola.jpg\" \/>\n\t<meta property=\"og:image:width\" content=\"1000\" \/>\n\t<meta property=\"og:image:height\" content=\"1000\" \/>\n\t<meta property=\"og:image:type\" content=\"image\/jpeg\" \/>\n<meta name=\"twitter:card\" content=\"summary_large_image\" \/>\n<meta name=\"twitter:site\" content=\"@hempkingeu\" \/>\n<meta name=\"twitter:label1\" content=\"Price\" \/>\n\t<meta name=\"twitter:data1\" content=\"48.98&nbsp;&#122;&#322;\" \/>\n\t<meta name=\"twitter:label2\" content=\"Availability\" \/>\n\t<meta name=\"twitter:data2\" content=\"In stock\" \/>\n<script type=\"application\/ld+json\" class=\"yoast-schema-graph\">{\"@context\":\"https:\/\/schema.org\",\"@graph\":[{\"@type\":\"WebPage\",\"@id\":\"https:\/\/dev.hempking.eu\/pl\/gotu-kola-kapsulki-330-mg\/\",\"url\":\"https:\/\/dev.hempking.eu\/pl\/gotu-kola-kapsulki-330-mg\/\",\"name\":\"Gotu kola 120 kapsu\u0142ek 330 mg Biowen | Adaptogeny - HempKing\",\"isPartOf\":{\"@id\":\"https:\/\/dev.hempking.eu\/pl\/#website\"},\"primaryImageOfPage\":{\"@id\":\"https:\/\/dev.hempking.eu\/pl\/gotu-kola-kapsulki-330-mg\/#primaryimage\"},\"image\":{\"@id\":\"https:\/\/dev.hempking.eu\/pl\/gotu-kola-kapsulki-330-mg\/#primaryimage\"},\"thumbnailUrl\":\"https:\/\/dev.hempking.eu\/pl\/wp-content\/uploads\/sites\/2\/2022\/05\/Gotu-Kola.jpg\",\"datePublished\":\"2022-05-09T07:58:11+00:00\",\"dateModified\":\"2023-05-22T06:52:52+00:00\",\"description\":\"Gotu kola Biowen to 120 kapsu\u0142ek adaptogenu wysokiej jako\u015bci z dodatkiem BioPerine\u00ae. Poznaj w\u0142a\u015bciwo\u015bci Gotu Kola od Biowen !\",\"breadcrumb\":{\"@id\":\"https:\/\/dev.hempking.eu\/pl\/gotu-kola-kapsulki-330-mg\/#breadcrumb\"},\"inLanguage\":\"pl-PL\",\"potentialAction\":[{\"@type\":\"ReadAction\",\"target\":[\"https:\/\/dev.hempking.eu\/pl\/gotu-kola-kapsulki-330-mg\/\"]}]},{\"@type\":\"ImageObject\",\"inLanguage\":\"pl-PL\",\"@id\":\"https:\/\/dev.hempking.eu\/pl\/gotu-kola-kapsulki-330-mg\/#primaryimage\",\"url\":\"https:\/\/dev.hempking.eu\/pl\/wp-content\/uploads\/sites\/2\/2022\/05\/Gotu-Kola.jpg\",\"contentUrl\":\"https:\/\/dev.hempking.eu\/pl\/wp-content\/uploads\/sites\/2\/2022\/05\/Gotu-Kola.jpg\",\"width\":1000,\"height\":1000,\"caption\":\"Gotu Kola w kapsu\u0142kach wega\u0144skich\"},{\"@type\":\"BreadcrumbList\",\"@id\":\"https:\/\/dev.hempking.eu\/pl\/gotu-kola-kapsulki-330-mg\/#breadcrumb\",\"itemListElement\":[{\"@type\":\"ListItem\",\"position\":1,\"name\":\"Home\",\"item\":\"https:\/\/dev.hempking.eu\/pl\/\"},{\"@type\":\"ListItem\",\"position\":2,\"name\":\"Sklep\",\"item\":\"https:\/\/dev.hempking.eu\/pl\/shop\/\"},{\"@type\":\"ListItem\",\"position\":3,\"name\":\"Suplementy\",\"item\":\"https:\/\/dev.hempking.eu\/pl\/suplementy\/\"},{\"@type\":\"ListItem\",\"position\":4,\"name\":\"Adaptogeny\",\"item\":\"https:\/\/dev.hempking.eu\/pl\/adaptogeny\/\"},{\"@type\":\"ListItem\",\"position\":5,\"name\":\"Gotu Kola (W\u0105krotka azjatycka) 330 mg - 20% triterpen\u00f3w - kapsu\u0142ki\"}]},{\"@type\":\"WebSite\",\"@id\":\"https:\/\/dev.hempking.eu\/pl\/#website\",\"url\":\"https:\/\/dev.hempking.eu\/pl\/\",\"name\":\"Hemp King\",\"description\":\"\",\"publisher\":{\"@id\":\"https:\/\/dev.hempking.eu\/pl\/#organization\"},\"potentialAction\":[{\"@type\":\"SearchAction\",\"target\":{\"@type\":\"EntryPoint\",\"urlTemplate\":\"https:\/\/dev.hempking.eu\/pl\/?s={search_term_string}\"},\"query-input\":{\"@type\":\"PropertyValueSpecification\",\"valueRequired\":true,\"valueName\":\"search_term_string\"}}],\"inLanguage\":\"pl-PL\"},{\"@type\":\"Organization\",\"@id\":\"https:\/\/dev.hempking.eu\/pl\/#organization\",\"name\":\"Hemp King\",\"url\":\"https:\/\/dev.hempking.eu\/pl\/\",\"logo\":{\"@type\":\"ImageObject\",\"inLanguage\":\"pl-PL\",\"@id\":\"https:\/\/dev.hempking.eu\/pl\/#\/schema\/logo\/image\/\",\"url\":\"https:\/\/dev.hempking.eu\/pl\/wp-content\/uploads\/sites\/2\/2020\/05\/hempking.png\",\"contentUrl\":\"https:\/\/dev.hempking.eu\/pl\/wp-content\/uploads\/sites\/2\/2020\/05\/hempking.png\",\"width\":148,\"height\":91,\"caption\":\"Hemp King\"},\"image\":{\"@id\":\"https:\/\/dev.hempking.eu\/pl\/#\/schema\/logo\/image\/\"},\"sameAs\":[\"https:\/\/www.facebook.com\/hempkingpoland\",\"https:\/\/x.com\/hempkingeu\",\"https:\/\/www.instagram.com\/hempkingeu\/\",\"https:\/\/www.linkedin.com\/company\/hempking-eu\/mycompany\/\",\"https:\/\/pl.pinterest.com\/hempkingeu\/\",\"https:\/\/www.youtube.com\/channel\/UCUkeZA1fj4hSZfoYm0WpZ7w\"]}]}<\/script>\n<meta property=\"product:price:amount\" content=\"48.98\" \/>\n<meta property=\"product:price:currency\" content=\"PLN\" \/>\n<meta property=\"og:availability\" content=\"instock\" \/>\n<meta property=\"product:availability\" content=\"instock\" \/>\n<meta property=\"product:retailer_item_id\" content=\"5904806120212\" \/>\n<meta property=\"product:condition\" content=\"new\" \/>\n<!-- \/ Yoast SEO Premium plugin. -->","yoast_head_json":{"title":"Gotu kola 120 kapsu\u0142ek 330 mg Biowen | Adaptogeny - HempKing","description":"Gotu kola Biowen to 120 kapsu\u0142ek adaptogenu wysokiej jako\u015bci z dodatkiem BioPerine\u00ae. Poznaj w\u0142a\u015bciwo\u015bci Gotu Kola od Biowen !","canonical":"https:\/\/dev.hempking.eu\/pl\/gotu-kola-kapsulki-330-mg\/","og_locale":"pl_PL","og_type":"article","og_title":"Gotu Kola (W\u0105krotka azjatycka) 330 mg - 20% triterpen\u00f3w - kapsu\u0142ki","og_description":"Gotu kola Biowen to 120 kapsu\u0142ek adaptogenu wysokiej jako\u015bci z dodatkiem BioPerine\u00ae. Poznaj w\u0142a\u015bciwo\u015bci Gotu Kola od Biowen !","og_url":"https:\/\/dev.hempking.eu\/pl\/gotu-kola-kapsulki-330-mg\/","og_site_name":"Hemp King","article_publisher":"https:\/\/www.facebook.com\/hempkingpoland","article_modified_time":"2023-05-22T06:52:52+00:00","og_image":[{"width":1000,"height":1000,"url":"https:\/\/dev.hempking.eu\/pl\/wp-content\/uploads\/sites\/2\/2022\/05\/Gotu-Kola.jpg","type":"image\/jpeg"}],"twitter_card":"summary_large_image","twitter_site":"@hempkingeu","twitter_misc":{"Price":"48.98&nbsp;&#122;&#322;","Availability":"In stock"},"schema":{"@context":"https:\/\/schema.org","@graph":[{"@type":"WebPage","@id":"https:\/\/dev.hempking.eu\/pl\/gotu-kola-kapsulki-330-mg\/","url":"https:\/\/dev.hempking.eu\/pl\/gotu-kola-kapsulki-330-mg\/","name":"Gotu kola 120 kapsu\u0142ek 330 mg Biowen | Adaptogeny - HempKing","isPartOf":{"@id":"https:\/\/dev.hempking.eu\/pl\/#website"},"primaryImageOfPage":{"@id":"https:\/\/dev.hempking.eu\/pl\/gotu-kola-kapsulki-330-mg\/#primaryimage"},"image":{"@id":"https:\/\/dev.hempking.eu\/pl\/gotu-kola-kapsulki-330-mg\/#primaryimage"},"thumbnailUrl":"https:\/\/dev.hempking.eu\/pl\/wp-content\/uploads\/sites\/2\/2022\/05\/Gotu-Kola.jpg","datePublished":"2022-05-09T07:58:11+00:00","dateModified":"2023-05-22T06:52:52+00:00","description":"Gotu kola Biowen to 120 kapsu\u0142ek adaptogenu wysokiej jako\u015bci z dodatkiem BioPerine\u00ae. Poznaj w\u0142a\u015bciwo\u015bci Gotu Kola od Biowen !","breadcrumb":{"@id":"https:\/\/dev.hempking.eu\/pl\/gotu-kola-kapsulki-330-mg\/#breadcrumb"},"inLanguage":"pl-PL","potentialAction":[{"@type":"ReadAction","target":["https:\/\/dev.hempking.eu\/pl\/gotu-kola-kapsulki-330-mg\/"]}]},{"@type":"ImageObject","inLanguage":"pl-PL","@id":"https:\/\/dev.hempking.eu\/pl\/gotu-kola-kapsulki-330-mg\/#primaryimage","url":"https:\/\/dev.hempking.eu\/pl\/wp-content\/uploads\/sites\/2\/2022\/05\/Gotu-Kola.jpg","contentUrl":"https:\/\/dev.hempking.eu\/pl\/wp-content\/uploads\/sites\/2\/2022\/05\/Gotu-Kola.jpg","width":1000,"height":1000,"caption":"Gotu Kola w kapsu\u0142kach wega\u0144skich"},{"@type":"BreadcrumbList","@id":"https:\/\/dev.hempking.eu\/pl\/gotu-kola-kapsulki-330-mg\/#breadcrumb","itemListElement":[{"@type":"ListItem","position":1,"name":"Home","item":"https:\/\/dev.hempking.eu\/pl\/"},{"@type":"ListItem","position":2,"name":"Sklep","item":"https:\/\/dev.hempking.eu\/pl\/shop\/"},{"@type":"ListItem","position":3,"name":"Suplementy","item":"https:\/\/dev.hempking.eu\/pl\/suplementy\/"},{"@type":"ListItem","position":4,"name":"Adaptogeny","item":"https:\/\/dev.hempking.eu\/pl\/adaptogeny\/"},{"@type":"ListItem","position":5,"name":"Gotu Kola (W\u0105krotka azjatycka) 330 mg - 20% triterpen\u00f3w - kapsu\u0142ki"}]},{"@type":"WebSite","@id":"https:\/\/dev.hempking.eu\/pl\/#website","url":"https:\/\/dev.hempking.eu\/pl\/","name":"Hemp King","description":"","publisher":{"@id":"https:\/\/dev.hempking.eu\/pl\/#organization"},"potentialAction":[{"@type":"SearchAction","target":{"@type":"EntryPoint","urlTemplate":"https:\/\/dev.hempking.eu\/pl\/?s={search_term_string}"},"query-input":{"@type":"PropertyValueSpecification","valueRequired":true,"valueName":"search_term_string"}}],"inLanguage":"pl-PL"},{"@type":"Organization","@id":"https:\/\/dev.hempking.eu\/pl\/#organization","name":"Hemp King","url":"https:\/\/dev.hempking.eu\/pl\/","logo":{"@type":"ImageObject","inLanguage":"pl-PL","@id":"https:\/\/dev.hempking.eu\/pl\/#\/schema\/logo\/image\/","url":"https:\/\/dev.hempking.eu\/pl\/wp-content\/uploads\/sites\/2\/2020\/05\/hempking.png","contentUrl":"https:\/\/dev.hempking.eu\/pl\/wp-content\/uploads\/sites\/2\/2020\/05\/hempking.png","width":148,"height":91,"caption":"Hemp King"},"image":{"@id":"https:\/\/dev.hempking.eu\/pl\/#\/schema\/logo\/image\/"},"sameAs":["https:\/\/www.facebook.com\/hempkingpoland","https:\/\/x.com\/hempkingeu","https:\/\/www.instagram.com\/hempkingeu\/","https:\/\/www.linkedin.com\/company\/hempking-eu\/mycompany\/","https:\/\/pl.pinterest.com\/hempkingeu\/","https:\/\/www.youtube.com\/channel\/UCUkeZA1fj4hSZfoYm0WpZ7w"]}]},"product_price_amount":"48.98","product_price_currency":"PLN","og_availability":"instock","product_availability":"instock","product_retailer_item_id":"5904806120212","product_condition":"new"},"_links":{"self":[{"href":"https:\/\/dev.hempking.eu\/pl\/wp-json\/wp\/v2\/product\/97191","targetHints":{"allow":["GET"]}}],"collection":[{"href":"https:\/\/dev.hempking.eu\/pl\/wp-json\/wp\/v2\/product"}],"about":[{"href":"https:\/\/dev.hempking.eu\/pl\/wp-json\/wp\/v2\/types\/product"}],"wp:featuredmedia":[{"embeddable":true,"href":"https:\/\/dev.hempking.eu\/pl\/wp-json\/wp\/v2\/media\/97182"}],"wp:attachment":[{"href":"https:\/\/dev.hempking.eu\/pl\/wp-json\/wp\/v2\/media?parent=97191"}],"wp:term":[{"taxonomy":"product_cat","embeddable":true,"href":"https:\/\/dev.hempking.eu\/pl\/wp-json\/wp\/v2\/product_cat?post=97191"},{"taxonomy":"product_tag","embeddable":true,"href":"https:\/\/dev.hempking.eu\/pl\/wp-json\/wp\/v2\/product_tag?post=97191"}],"curies":[{"name":"wp","href":"https:\/\/api.w.org\/{rel}","templated":true}]}}