{"id":99089,"date":"2022-05-31T11:09:10","date_gmt":"2022-05-31T09:09:10","guid":{"rendered":"https:\/\/hempking.eu\/pl\/?post_type=product&#038;p=99089"},"modified":"2023-02-28T11:57:28","modified_gmt":"2023-02-28T10:57:28","slug":"olej-konopny-raw-250ml-last-minute","status":"publish","type":"product","link":"https:\/\/dev.hempking.eu\/pl\/olej-konopny-raw-250ml-last-minute\/","title":{"rendered":"Olej Konopny RAW - 250ml - Kr\u00f3tki termin - Powiadom o dost\u0119pno\u015bci"},"content":{"rendered":"<h2><strong>Olej konopny 250ml RAW &#8211; nierafinowany olej z konopi<\/strong><\/h2>\n<p>Olej konopny 250 ml RAW to wysokiej jako\u015bci produkt o szerokim zastosowaniu. Doskonale sprawdzi si\u0119 jako uzupe\u0142nienie zdrowego stylu \u017cycia. Osoby, dla kt\u00f3rych wa\u017cne jest dbanie o sw\u00f3j organizm, z pewno\u015bci\u0105 doceni\u0105 olej konopny nie tylko za jego ciekawe w\u0142a\u015bciwo\u015bci, ale te\u017c szerokie mo\u017cliwo\u015bci korzystania z niego na co dzie\u0144.<\/p>\n<p>&nbsp;<\/p>\n<h2><strong>Olej konopny 250 ml \u2013 sprawdzone uprawy konopi<\/strong><\/h2>\n<p>Ka\u017cdy z naszych produkt\u00f3w tworzony jest na bazie konopi siewnej, pochodz\u0105cej ze sprawdzonych upraw. Nadaje si\u0119 dla ka\u017cdego \u2013 dla os\u00f3b w ka\u017cdym wieku. Jest odpowiedni dla wegan i wegetarian \u2013 nie posiada sk\u0142adnik\u00f3w pochodzenia zwierz\u0119cego.<\/p>\n<p>&nbsp;<\/p>\n<h2><strong>Dla smaku i dla urody \u2013 szerokie zastosowanie oleju konopnego<\/strong><\/h2>\n<p>Zastanawiasz si\u0119, w jaki spos\u00f3b mo\u017cesz wykorzysta\u0107 olej konopny? Przede wszystkim warto mie\u0107 go w swojej kuchni. <strong>Mo\u017cesz dodawa\u0107 go do wielu potraw, poprawiaj\u0105c ich warto\u015b\u0107 od\u017cywcz\u0105 i walory smakowe.\u00a0<\/strong>Olej Raw dodasz do:<\/p>\n<ul>\n<li>zdrowych, pe\u0142nych \u015bwie\u017cych warzyw kanapek,<\/li>\n<li>pysznych, kolorowych, warzywnych i owocowych sa\u0142atek,<\/li>\n<li>domowych deser\u00f3w, owsianek, ciastek,<\/li>\n<li>da\u0144 makaronowych \u2013 na s\u0142odko i na s\u0142ono,<\/li>\n<li>smakowitych koktajli i zdrowych smoothie,<\/li>\n<li>zup,<\/li>\n<li>a tak\u017ce do tworzenia w\u0142asnych past kanapkowych lub domowego hummusu.<\/li>\n<\/ul>\n<p>Pami\u0119taj, \u017ce olej konopny nie nadaje si\u0119 do sma\u017cenia, poniewa\u017c w bardzo wysokiej temperaturze traci swoje cenne w\u0142a\u015bciwo\u015bci.<br \/>\nOpr\u00f3cz tego mo\u017cesz wykorzysta\u0107 olej do produkcji domowych kosmetyk\u00f3w. Je\u015bli lubisz wzbogaca\u0107 formu\u0142\u0119 drogeryjnych balsam\u00f3w lub uwielbiasz eksperymentowa\u0107, tworz\u0105c w\u0142asne kosmetyki, z pewno\u015bci\u0105 szybko pokochasz ten produkt.<\/p>\n<p><strong>Olej konopny RAW mo\u017cesz dodawa\u0107 do takich kosmetyk\u00f3w, jak:<\/strong><\/p>\n<ul>\n<li>balsamy do cia\u0142a \u2013 fitosk\u0142adniki, zawarte w oleju, pomog\u0105 od\u017cywi\u0107 sk\u00f3r\u0119 i zapewni\u0107 jej optymalne nawil\u017cenie,<\/li>\n<li>kremy \u2013 przy codziennej piel\u0119gnacji sk\u00f3ra odzyska m\u0142odzie\u0144czy blask,<\/li>\n<li>peelingi,<\/li>\n<li>balsamy do ust,<\/li>\n<li>od\u017cywki i maski do w\u0142os\u00f3w,<\/li>\n<li>od\u017cywki do paznokci,<\/li>\n<li>kremy do r\u0105k i st\u00f3p.<\/li>\n<\/ul>\n<p>Olej ma tak szerokie zastosowanie, \u017ce mo\u017cesz dodawa\u0107 go do dowolnych kosmetyk\u00f3w. Regularna piel\u0119gnacja cia\u0142a to spos\u00f3b nie tylko na pi\u0119kny wygl\u0105d, ale te\u017c na doskona\u0142e samopoczucie.<\/p>\n<p>W naszej ofercie mamy r\u00f3wnie\u017c <a href=\"https:\/\/dev.hempking.eu\/pl\/olej-konopny-z-ostropestem-250ml\/\">olej konopny z ostropestem<\/a>.<\/p>\n<p>&nbsp;<\/p>\n<h2><strong>Sk\u0142adniki:<\/strong><\/h2>\n<p>100% olej konopny z nasion konopi siewnych ( Cannabis sativa L.)<br \/>\nPojemno\u015b\u0107: 250 ml<\/p>\n<p>&nbsp;<\/p>\n<p style=\"text-align: center\"><a href=\"https:\/\/dev.hempking.eu\/pl\/wp-content\/uploads\/sites\/2\/2020\/07\/olej_raw_tabelka.jpg\"><img loading=\"lazy\" decoding=\"async\" class=\"alignnone size-medium wp-image-68640\" src=\"https:\/\/dev.hempking.eu\/pl\/wp-content\/uploads\/sites\/2\/2020\/07\/olej_raw_tabelka-274x300.jpg\" alt=\"olej raw tabelka\" width=\"274\" height=\"300\" \/><\/a><\/p>\n<p>&nbsp;<\/p>\n<h2><strong>Spos\u00f3b u\u017cycia:<\/strong><\/h2>\n<p>Olej Konopny RAW mo\u017cna stosowa\u0107 z powodzeniem w kuchni na zimno, dodaj\u0105c go do sa\u0142atek, sur\u00f3wek, sos\u00f3w czy dressing\u00f3w. \u015awietnym pomys\u0142em jest u\u017cywanie go zamiast mas\u0142a na pieczywo czy dodanie go do hummusu.<\/p>\n<p>Olej RAW mo\u017cna u\u017cywa\u0107 r\u00f3wnie\u017c do piel\u0119gnacji cia\u0142a, jako nawil\u017cenie dla sk\u00f3ry, sk\u0142adnik peeling\u00f3w, dodatek do kosmetyk\u00f3w. Nadaje si\u0119 do olejowania w\u0142os\u00f3w czy te\u017c tworzenia w\u0142asnych kosmetyk\u00f3w.<\/p>\n<p><strong>Olej konopny nale\u017cy przechowywa\u0107 z dala od \u015bwiat\u0142a, najlepiej w lod\u00f3wce.<\/strong><\/p>\n","protected":false},"excerpt":{"rendered":"<h2><strong>Olej konopny 250ml RAW to:<\/strong><\/h2>\n<ul>\n<li>zawarto\u015b\u0107 r\u00f3\u017cnych fitosk\u0142adnik\u00f3w,<\/li>\n<li>nierafinowany olej t\u0142oczony na zimno,<\/li>\n<li>idealna czysto\u015b\u0107 \u2013 jest pozbawiony pestycyd\u00f3w, herbicyd\u00f3w, metali ci\u0119\u017ckich i innych zanieczyszcze\u0144,<\/li>\n<li>szerokie zastosowanie.<\/li>\n<\/ul>\n<p><strong>Pojemno\u015b\u0107: 250 ml<\/strong><\/p>\n","protected":false},"featured_media":87486,"template":"","meta":{"_acf_changed":false},"product_cat":[153],"product_tag":[],"class_list":{"0":"post-99089","1":"product","2":"type-product","3":"status-publish","4":"has-post-thumbnail","6":"product_cat-powiadom-o-dostepnosci","8":"first","9":"outofstock","10":"sale","11":"shipping-taxable","12":"purchasable","13":"product-type-simple"},"acf":[],"yoast_head":"<!-- This site is optimized with the Yoast SEO Premium plugin v23.4 (Yoast SEO v24.0) - https:\/\/yoast.com\/wordpress\/plugins\/seo\/ -->\n<title>Olej konopny 250ml RAW - nierafinowany olej z konopi od HempKing<\/title>\n<meta name=\"description\" content=\"Olej konopny 250ml RAW. To wysokiej jako\u015bci produkt o szerokim zastosowaniu. Sprawdzi si\u0119 jako uzupe\u0142nienie zdrowego stylu \u017cycia. Kup teraz!\" \/>\n<link rel=\"canonical\" href=\"https:\/\/dev.hempking.eu\/pl\/olej-konopny-raw-250ml\/\" \/>\n<meta property=\"og:locale\" content=\"pl_PL\" \/>\n<meta property=\"og:type\" content=\"article\" \/>\n<meta property=\"og:title\" content=\"Olej Konopny RAW - 250ml - Kr\u00f3tki termin - Powiadom o dost\u0119pno\u015bci\" \/>\n<meta property=\"og:description\" content=\"Olej konopny 250ml RAW. To wysokiej jako\u015bci produkt o szerokim zastosowaniu. Sprawdzi si\u0119 jako uzupe\u0142nienie zdrowego stylu \u017cycia. Kup teraz!\" \/>\n<meta property=\"og:url\" content=\"https:\/\/dev.hempking.eu\/pl\/olej-konopny-raw-250ml\/\" \/>\n<meta property=\"og:site_name\" content=\"Hemp King\" \/>\n<meta property=\"article:publisher\" content=\"https:\/\/www.facebook.com\/hempkingpoland\" \/>\n<meta property=\"article:modified_time\" content=\"2023-02-28T10:57:28+00:00\" \/>\n<meta property=\"og:image\" content=\"https:\/\/dev.hempking.eu\/pl\/wp-content\/uploads\/sites\/2\/2022\/01\/olej_naturalny.jpg\" \/>\n\t<meta property=\"og:image:width\" content=\"1000\" \/>\n\t<meta property=\"og:image:height\" content=\"1000\" \/>\n\t<meta property=\"og:image:type\" content=\"image\/jpeg\" \/>\n<meta name=\"twitter:card\" content=\"summary_large_image\" \/>\n<meta name=\"twitter:site\" content=\"@hempkingeu\" \/>\n<meta name=\"twitter:label1\" content=\"Price\" \/>\n\t<meta name=\"twitter:data1\" content=\"20.20&nbsp;&#122;&#322;\" \/>\n\t<meta name=\"twitter:label2\" content=\"Availability\" \/>\n\t<meta name=\"twitter:data2\" content=\"Out of stock\" \/>\n<script type=\"application\/ld+json\" class=\"yoast-schema-graph\">{\"@context\":\"https:\/\/schema.org\",\"@graph\":[{\"@type\":\"WebPage\",\"@id\":\"https:\/\/dev.hempking.eu\/pl\/olej-konopny-raw-250ml-last-minute\/\",\"url\":\"https:\/\/dev.hempking.eu\/pl\/olej-konopny-raw-250ml\/\",\"name\":\"Olej konopny 250ml RAW - nierafinowany olej z konopi od HempKing\",\"isPartOf\":{\"@id\":\"https:\/\/dev.hempking.eu\/pl\/#website\"},\"primaryImageOfPage\":{\"@id\":\"https:\/\/dev.hempking.eu\/pl\/olej-konopny-raw-250ml\/#primaryimage\"},\"image\":{\"@id\":\"https:\/\/dev.hempking.eu\/pl\/olej-konopny-raw-250ml\/#primaryimage\"},\"thumbnailUrl\":\"https:\/\/dev.hempking.eu\/pl\/wp-content\/uploads\/sites\/2\/2022\/01\/olej_naturalny.jpg\",\"datePublished\":\"2022-05-31T09:09:10+00:00\",\"dateModified\":\"2023-02-28T10:57:28+00:00\",\"description\":\"Olej konopny 250ml RAW. To wysokiej jako\u015bci produkt o szerokim zastosowaniu. Sprawdzi si\u0119 jako uzupe\u0142nienie zdrowego stylu \u017cycia. Kup teraz!\",\"breadcrumb\":{\"@id\":\"https:\/\/dev.hempking.eu\/pl\/olej-konopny-raw-250ml\/#breadcrumb\"},\"inLanguage\":\"pl-PL\",\"potentialAction\":[{\"@type\":\"ReadAction\",\"target\":[\"https:\/\/dev.hempking.eu\/pl\/olej-konopny-raw-250ml\/\"]}]},{\"@type\":\"ImageObject\",\"inLanguage\":\"pl-PL\",\"@id\":\"https:\/\/dev.hempking.eu\/pl\/olej-konopny-raw-250ml\/#primaryimage\",\"url\":\"https:\/\/dev.hempking.eu\/pl\/wp-content\/uploads\/sites\/2\/2022\/01\/olej_naturalny.jpg\",\"contentUrl\":\"https:\/\/dev.hempking.eu\/pl\/wp-content\/uploads\/sites\/2\/2022\/01\/olej_naturalny.jpg\",\"width\":1000,\"height\":1000,\"caption\":\"Olej konopny spo\u017cywczy RAW 250 ml HempKing\"},{\"@type\":\"BreadcrumbList\",\"@id\":\"https:\/\/dev.hempking.eu\/pl\/olej-konopny-raw-250ml\/#breadcrumb\",\"itemListElement\":[{\"@type\":\"ListItem\",\"position\":1,\"name\":\"Home\",\"item\":\"https:\/\/dev.hempking.eu\/pl\/\"},{\"@type\":\"ListItem\",\"position\":2,\"name\":\"Sklep\",\"item\":\"https:\/\/dev.hempking.eu\/pl\/shop\/\"},{\"@type\":\"ListItem\",\"position\":3,\"name\":\"Powiadom o dost\u0119pno\u015bci\",\"item\":\"https:\/\/dev.hempking.eu\/pl\/powiadom-o-dostepnosci\/\"},{\"@type\":\"ListItem\",\"position\":4,\"name\":\"Olej Konopny RAW - 250ml - Kr\u00f3tki termin - Powiadom o dost\u0119pno\u015bci\"}]},{\"@type\":\"WebSite\",\"@id\":\"https:\/\/dev.hempking.eu\/pl\/#website\",\"url\":\"https:\/\/dev.hempking.eu\/pl\/\",\"name\":\"Hemp King\",\"description\":\"\",\"publisher\":{\"@id\":\"https:\/\/dev.hempking.eu\/pl\/#organization\"},\"potentialAction\":[{\"@type\":\"SearchAction\",\"target\":{\"@type\":\"EntryPoint\",\"urlTemplate\":\"https:\/\/dev.hempking.eu\/pl\/?s={search_term_string}\"},\"query-input\":{\"@type\":\"PropertyValueSpecification\",\"valueRequired\":true,\"valueName\":\"search_term_string\"}}],\"inLanguage\":\"pl-PL\"},{\"@type\":\"Organization\",\"@id\":\"https:\/\/dev.hempking.eu\/pl\/#organization\",\"name\":\"Hemp King\",\"url\":\"https:\/\/dev.hempking.eu\/pl\/\",\"logo\":{\"@type\":\"ImageObject\",\"inLanguage\":\"pl-PL\",\"@id\":\"https:\/\/dev.hempking.eu\/pl\/#\/schema\/logo\/image\/\",\"url\":\"https:\/\/dev.hempking.eu\/pl\/wp-content\/uploads\/sites\/2\/2020\/05\/hempking.png\",\"contentUrl\":\"https:\/\/dev.hempking.eu\/pl\/wp-content\/uploads\/sites\/2\/2020\/05\/hempking.png\",\"width\":148,\"height\":91,\"caption\":\"Hemp King\"},\"image\":{\"@id\":\"https:\/\/dev.hempking.eu\/pl\/#\/schema\/logo\/image\/\"},\"sameAs\":[\"https:\/\/www.facebook.com\/hempkingpoland\",\"https:\/\/x.com\/hempkingeu\",\"https:\/\/www.instagram.com\/hempkingeu\/\",\"https:\/\/www.linkedin.com\/company\/hempking-eu\/mycompany\/\",\"https:\/\/pl.pinterest.com\/hempkingeu\/\",\"https:\/\/www.youtube.com\/channel\/UCUkeZA1fj4hSZfoYm0WpZ7w\"]}]}<\/script>\n<meta property=\"product:price:amount\" content=\"20.20\" \/>\n<meta property=\"product:price:currency\" content=\"PLN\" \/>\n<meta property=\"og:availability\" content=\"out of stock\" \/>\n<meta property=\"product:availability\" content=\"out of stock\" \/>\n<meta property=\"product:condition\" content=\"new\" \/>\n<!-- \/ Yoast SEO Premium plugin. -->","yoast_head_json":{"title":"Olej konopny 250ml RAW - nierafinowany olej z konopi od HempKing","description":"Olej konopny 250ml RAW. To wysokiej jako\u015bci produkt o szerokim zastosowaniu. Sprawdzi si\u0119 jako uzupe\u0142nienie zdrowego stylu \u017cycia. Kup teraz!","canonical":"https:\/\/dev.hempking.eu\/pl\/olej-konopny-raw-250ml\/","og_locale":"pl_PL","og_type":"article","og_title":"Olej Konopny RAW - 250ml - Kr\u00f3tki termin - Powiadom o dost\u0119pno\u015bci","og_description":"Olej konopny 250ml RAW. To wysokiej jako\u015bci produkt o szerokim zastosowaniu. Sprawdzi si\u0119 jako uzupe\u0142nienie zdrowego stylu \u017cycia. Kup teraz!","og_url":"https:\/\/dev.hempking.eu\/pl\/olej-konopny-raw-250ml\/","og_site_name":"Hemp King","article_publisher":"https:\/\/www.facebook.com\/hempkingpoland","article_modified_time":"2023-02-28T10:57:28+00:00","og_image":[{"width":1000,"height":1000,"url":"https:\/\/dev.hempking.eu\/pl\/wp-content\/uploads\/sites\/2\/2022\/01\/olej_naturalny.jpg","type":"image\/jpeg"}],"twitter_card":"summary_large_image","twitter_site":"@hempkingeu","twitter_misc":{"Price":"20.20&nbsp;&#122;&#322;","Availability":"Out of stock"},"schema":{"@context":"https:\/\/schema.org","@graph":[{"@type":"WebPage","@id":"https:\/\/dev.hempking.eu\/pl\/olej-konopny-raw-250ml-last-minute\/","url":"https:\/\/dev.hempking.eu\/pl\/olej-konopny-raw-250ml\/","name":"Olej konopny 250ml RAW - nierafinowany olej z konopi od HempKing","isPartOf":{"@id":"https:\/\/dev.hempking.eu\/pl\/#website"},"primaryImageOfPage":{"@id":"https:\/\/dev.hempking.eu\/pl\/olej-konopny-raw-250ml\/#primaryimage"},"image":{"@id":"https:\/\/dev.hempking.eu\/pl\/olej-konopny-raw-250ml\/#primaryimage"},"thumbnailUrl":"https:\/\/dev.hempking.eu\/pl\/wp-content\/uploads\/sites\/2\/2022\/01\/olej_naturalny.jpg","datePublished":"2022-05-31T09:09:10+00:00","dateModified":"2023-02-28T10:57:28+00:00","description":"Olej konopny 250ml RAW. To wysokiej jako\u015bci produkt o szerokim zastosowaniu. Sprawdzi si\u0119 jako uzupe\u0142nienie zdrowego stylu \u017cycia. Kup teraz!","breadcrumb":{"@id":"https:\/\/dev.hempking.eu\/pl\/olej-konopny-raw-250ml\/#breadcrumb"},"inLanguage":"pl-PL","potentialAction":[{"@type":"ReadAction","target":["https:\/\/dev.hempking.eu\/pl\/olej-konopny-raw-250ml\/"]}]},{"@type":"ImageObject","inLanguage":"pl-PL","@id":"https:\/\/dev.hempking.eu\/pl\/olej-konopny-raw-250ml\/#primaryimage","url":"https:\/\/dev.hempking.eu\/pl\/wp-content\/uploads\/sites\/2\/2022\/01\/olej_naturalny.jpg","contentUrl":"https:\/\/dev.hempking.eu\/pl\/wp-content\/uploads\/sites\/2\/2022\/01\/olej_naturalny.jpg","width":1000,"height":1000,"caption":"Olej konopny spo\u017cywczy RAW 250 ml HempKing"},{"@type":"BreadcrumbList","@id":"https:\/\/dev.hempking.eu\/pl\/olej-konopny-raw-250ml\/#breadcrumb","itemListElement":[{"@type":"ListItem","position":1,"name":"Home","item":"https:\/\/dev.hempking.eu\/pl\/"},{"@type":"ListItem","position":2,"name":"Sklep","item":"https:\/\/dev.hempking.eu\/pl\/shop\/"},{"@type":"ListItem","position":3,"name":"Powiadom o dost\u0119pno\u015bci","item":"https:\/\/dev.hempking.eu\/pl\/powiadom-o-dostepnosci\/"},{"@type":"ListItem","position":4,"name":"Olej Konopny RAW - 250ml - Kr\u00f3tki termin - Powiadom o dost\u0119pno\u015bci"}]},{"@type":"WebSite","@id":"https:\/\/dev.hempking.eu\/pl\/#website","url":"https:\/\/dev.hempking.eu\/pl\/","name":"Hemp King","description":"","publisher":{"@id":"https:\/\/dev.hempking.eu\/pl\/#organization"},"potentialAction":[{"@type":"SearchAction","target":{"@type":"EntryPoint","urlTemplate":"https:\/\/dev.hempking.eu\/pl\/?s={search_term_string}"},"query-input":{"@type":"PropertyValueSpecification","valueRequired":true,"valueName":"search_term_string"}}],"inLanguage":"pl-PL"},{"@type":"Organization","@id":"https:\/\/dev.hempking.eu\/pl\/#organization","name":"Hemp King","url":"https:\/\/dev.hempking.eu\/pl\/","logo":{"@type":"ImageObject","inLanguage":"pl-PL","@id":"https:\/\/dev.hempking.eu\/pl\/#\/schema\/logo\/image\/","url":"https:\/\/dev.hempking.eu\/pl\/wp-content\/uploads\/sites\/2\/2020\/05\/hempking.png","contentUrl":"https:\/\/dev.hempking.eu\/pl\/wp-content\/uploads\/sites\/2\/2020\/05\/hempking.png","width":148,"height":91,"caption":"Hemp King"},"image":{"@id":"https:\/\/dev.hempking.eu\/pl\/#\/schema\/logo\/image\/"},"sameAs":["https:\/\/www.facebook.com\/hempkingpoland","https:\/\/x.com\/hempkingeu","https:\/\/www.instagram.com\/hempkingeu\/","https:\/\/www.linkedin.com\/company\/hempking-eu\/mycompany\/","https:\/\/pl.pinterest.com\/hempkingeu\/","https:\/\/www.youtube.com\/channel\/UCUkeZA1fj4hSZfoYm0WpZ7w"]}]},"product_price_amount":"20.20","product_price_currency":"PLN","og_availability":"out of stock","product_availability":"out of stock","product_condition":"new"},"_links":{"self":[{"href":"https:\/\/dev.hempking.eu\/pl\/wp-json\/wp\/v2\/product\/99089","targetHints":{"allow":["GET"]}}],"collection":[{"href":"https:\/\/dev.hempking.eu\/pl\/wp-json\/wp\/v2\/product"}],"about":[{"href":"https:\/\/dev.hempking.eu\/pl\/wp-json\/wp\/v2\/types\/product"}],"wp:featuredmedia":[{"embeddable":true,"href":"https:\/\/dev.hempking.eu\/pl\/wp-json\/wp\/v2\/media\/87486"}],"wp:attachment":[{"href":"https:\/\/dev.hempking.eu\/pl\/wp-json\/wp\/v2\/media?parent=99089"}],"wp:term":[{"taxonomy":"product_cat","embeddable":true,"href":"https:\/\/dev.hempking.eu\/pl\/wp-json\/wp\/v2\/product_cat?post=99089"},{"taxonomy":"product_tag","embeddable":true,"href":"https:\/\/dev.hempking.eu\/pl\/wp-json\/wp\/v2\/product_tag?post=99089"}],"curies":[{"name":"wp","href":"https:\/\/api.w.org\/{rel}","templated":true}]}}